{"id":184790,"date":"2022-02-21T13:44:34","date_gmt":"2022-02-21T12:44:34","guid":{"rendered":"https:\/\/www.elche.es\/ecovid-2021\/"},"modified":"2022-02-21T13:45:42","modified_gmt":"2022-02-21T12:45:42","slug":"ecovid-2021","status":"publish","type":"page","link":"https:\/\/www.elche.es\/va\/ecovid-2021\/","title":{"rendered":"ECOVID 2021"},"content":{"rendered":"<div class=\"wpb-content-wrapper\"><p>[vc_row][vc_column][vc_column_text]<strong><img loading=\"lazy\" decoding=\"async\" class=\"alignnone size-full wp-image-176392\" src=\"https:\/\/www.elche.es\/wp-content\/uploads\/2021\/12\/ECOVID-2021.png\" alt=\"\" width=\"1290\" height=\"907\" srcset=\"https:\/\/www.elche.es\/wp-content\/uploads\/2021\/12\/ECOVID-2021.png 1290w, https:\/\/www.elche.es\/wp-content\/uploads\/2021\/12\/ECOVID-2021-800x562.png 800w, https:\/\/www.elche.es\/wp-content\/uploads\/2021\/12\/ECOVID-2021-768x540.png 768w\" sizes=\"auto, (max-width: 1290px) 100vw, 1290px\" \/><\/strong><\/p>\n<p>&nbsp;<\/p>\n<p><strong>ECOVID 2021 &#8211; PROGRAMA D&#8217;INCENTIUS A LA CONTRACTACI\u00d3 DE PERSONES ATURADES D&#8217;ALMENYS 30 ANYS D&#8217;EDAT PER ENTITATS LOCALS DE LA COMUNITAT VALENCIANA, EN EL MARC DEL PROGRAMA OPERATIU DEL FONS SOCIAL EUROPEU 2014-2020 DE LA COMUNITAT VALENCIANA (AVALEM EXPERI\u00c8NCIA PLUS).<\/strong><\/p>\n<p>ORDRE 7\/2019, de 25 d&#8217;abril, de la Conselleria d&#8217;Economia Sostenible, Sectors Productius, Comer\u00e7 i Treball, per la qual s&#8217;aproven les bases reguladores del Programa d&#8217;incentius a la contractaci\u00f3 de persones desocupades per entitats locals de la Comunitat Valenciana, en el marc del Programa Operatiu del Fons Social Europeu 2014-2020 de la Comunitat Valenciana (Avalem Experi\u00e8ncia Plus).<\/p>\n<p>L&#8217;import de la subvenci\u00f3 concedida a l&#8217;Ajuntament d&#8217;Elx ascendeix a 662.389,68\u20ac.<\/p>\n<p>Aquest projecte, cofinan\u00e7at per la Uni\u00f3 Europea a trav\u00e9s del Programa Operatiu del Fons Social Europeu (FSE) de la Comunitat Valenciana 2014-2020 i per l&#8217;Ajuntament d&#8217;Elx, t\u00e9 com a objecte la concessi\u00f3 d&#8217;incentius a la contractaci\u00f3 de persones d&#8217;almenys 30 anys d&#8217;edat, que figuren inscrites com a aturades en els Espais Labora de la Generalitat.<\/p>\n<p><strong>Subvenci\u00f3 Obtinguda:<\/strong> 662.389,68\u20ac.<\/p>\n<p><strong>Nombre de contractacions:<\/strong> 29<\/p>\n<p><strong>Duraci\u00f3 del contracte:<\/strong> 12 meses.<\/p>\n<p><strong>Ocupacions contractades:<\/strong><\/p>\n<p>\u2022 1 Enginyer\/a T\u00e8cnic\/a Agr\u00edcola<br \/>\n\u2022 1 T\u00e8cnic\/a Superior de Medi Ambient<br \/>\n\u2022 1 Enginyer\/a en Construcci\u00f3 i Obra Civil<br \/>\n\u2022 1 Graduat\/da Social \/ Relacions Laborals<br \/>\n\u2022 1 Educador\/a Social<br \/>\n\u2022 4 Auxiliars d&#8217;Informaci\u00f3<br \/>\n\u2022 2 T\u00e8cnics\/es Mitjans\/es d&#8217;Arxiu<br \/>\n\u2022 1 T\u00e8cnic\/a Superior d&#8217;Inform\u00e0tica<br \/>\n\u2022 1 T\u00e8cnic\/a Superior de Serveis al Consumidor<br \/>\n\u2022 4 Palmerers\/es<br \/>\n\u2022 1 Traductor\/a de Valenci\u00e0<br \/>\n\u2022 1 Dissenyador\/a Gr\u00e0fic\/a i multim\u00e8dia<br \/>\n\u2022 10 Administratius\/ves<\/p>\n<p>M\u00e9s informaci\u00f3:<\/p>\n<p><a href=\"https:\/\/ec.europa.eu\/social\/home.jsp?langId=es\"> Direcci\u00f3 General d&#8217;Ocupaci\u00f3, Assumptes Socials i Igualtat d&#8217;Oportunitats de la Comissi\u00f3 Europea.<\/a><\/p>\n<p><a href=\"https:\/\/www.mites.gob.es\/uafse\/\">Unitat Administradora del FSE (Ministeri d&#8217;Ocupaci\u00f3 i Seguretat Social)<\/a><\/p>\n<p>&nbsp;<\/p>\n<p>&nbsp;<\/p>\n<p>&nbsp;[\/vc_column_text][\/vc_column][\/vc_row]<\/p>\n<\/div>","protected":false},"excerpt":{"rendered":"<p>[vc_row][vc_column][vc_column_text] &nbsp; ECOVID 2021 &#8211; PROGRAMA D&#8217;INCENTIUS A LA CONTRACTACI\u00d3 DE PERSONES ATURADES D&#8217;ALMENYS 30 ANYS D&#8217;EDAT PER ENTITATS LOCALS DE LA COMUNITAT VALENCIANA, EN EL MARC DEL PROGRAMA OPERATIU [&hellip;]<\/p>\n","protected":false},"author":97,"featured_media":0,"parent":0,"menu_order":0,"comment_status":"closed","ping_status":"closed","template":"","meta":{"footnotes":""},"class_list":["post-184790","page","type-page","status-publish","hentry"],"_links":{"self":[{"href":"https:\/\/www.elche.es\/va\/wp-json\/wp\/v2\/pages\/184790","targetHints":{"allow":["GET"]}}],"collection":[{"href":"https:\/\/www.elche.es\/va\/wp-json\/wp\/v2\/pages"}],"about":[{"href":"https:\/\/www.elche.es\/va\/wp-json\/wp\/v2\/types\/page"}],"author":[{"embeddable":true,"href":"https:\/\/www.elche.es\/va\/wp-json\/wp\/v2\/users\/97"}],"replies":[{"embeddable":true,"href":"https:\/\/www.elche.es\/va\/wp-json\/wp\/v2\/comments?post=184790"}],"version-history":[{"count":0,"href":"https:\/\/www.elche.es\/va\/wp-json\/wp\/v2\/pages\/184790\/revisions"}],"wp:attachment":[{"href":"https:\/\/www.elche.es\/va\/wp-json\/wp\/v2\/media?parent=184790"}],"curies":[{"name":"wp","href":"https:\/\/api.w.org\/{rel}","templated":true}]}}