{"id":184949,"date":"2022-02-22T09:58:51","date_gmt":"2022-02-22T08:58:51","guid":{"rendered":"https:\/\/www.elche.es\/emergencies\/organitzacio\/"},"modified":"2022-02-22T10:01:39","modified_gmt":"2022-02-22T09:01:39","slug":"organitzacio","status":"publish","type":"page","link":"https:\/\/www.elche.es\/va\/emergencies\/organitzacio\/","title":{"rendered":"Organitzaci\u00f3"},"content":{"rendered":"<div class=\"wpb-content-wrapper\"><p>[vc_row][vc_column][vc_column_text]&nbsp;[\/vc_column_text][\/vc_column][\/vc_row][vc_row full_width=&#8221;stretch_row&#8221; css=&#8221;.vc_custom_1589532020845{padding-top: 120px !important;padding-right: 120px !important;padding-bottom: 270px !important;padding-left: 120px !important;background-image: url(https:\/\/www.elche.es\/wp-content\/uploads\/2017\/11\/cabecera_Emergencias-1-e1511355905663.jpg?id=41234) !important;background-position: center !important;background-repeat: no-repeat !important;background-size: cover !important;}&#8221;][vc_column][vc_custom_heading text=&#8221;Organitzaci\u00f3 i Estructura&#8221; font_container=&#8221;tag:h1|text_align:center|color:%23ffffff&#8221; google_fonts=&#8221;font_family:Istok%20Web%3Aregular%2Citalic%2C700%2C700italic|font_style:700%20bold%20regular%3A700%3Anormal&#8221; css=&#8221;.vc_custom_1589784909101{padding-top: 80px !important;}&#8221;][\/vc_column][\/vc_row][vc_row full_width=&#8221;stretch_row&#8221; css=&#8221;.vc_custom_1589529635007{padding-bottom: 30px !important;background-color: rgba(255,255,255,0.8) !important;*background-color: rgb(255,255,255) !important;}&#8221;][vc_column][vc_column_text]<nav aria-label=\"breadcrumbs\">\n            <div class=\"breadcrumb-container theme1\">\n                <ol>\n                                    <\/ol>\n            <\/div>\n        <\/nav>    <script type=\"application\/ld+json\">\n        {\n            \"@context\": \"http:\/\/schema.org\",\n            \"@type\": \"BreadcrumbList\",\n            \"itemListElement\": [\n                            ]\n        }\n    <\/script>\n    <style type=\"text\/css\">\n        .breadcrumb-container {\n            font-size: 13px;\n        }\n\n        .breadcrumb-container ul {\n            margin: 0;\n            padding: 0;\n        }\n\n        .breadcrumb-container li {\n            box-sizing: unset;\n            display: inline-block;\n            margin: 0;\n            padding: 0;\n        }\n\n        .breadcrumb-container li a {\n            box-sizing: unset;\n            padding: 0 10px;\n        }\n\n        .breadcrumb-container {\n            font-size: 3 !important;\n                    }\n\n        .breadcrumb-container li a {\n            color: #0a0a0a !important;\n            font-size: 3 !important;\n            line-height: 3 !important;\n                    }\n\n        .breadcrumb-container li .separator {\n            font-size: 3 !important;\n                    }\n\n        .breadcrumb-container li:last-child .separator {\n            display: none;\n        }\n    <\/style>\n    <style type=\"text\/css\">\n        .breadcrumb-container.theme1 li {\n            margin: 0;\n            padding: 0;\n        }\n        .breadcrumb-container.theme1 a {\n            background: ;\n            display: inline-block;\n            margin: 0 5px;\n            padding: 5px 10px;\n            text-decoration: none;\n        }\n    <\/style>\n        <style type=\"text\/css\">\n            <\/style>\n    <script>\n            <\/script>\n[\/vc_column_text]<h2 class=\"sc_title sc_title_regular\">FUNCIONS<\/h2>[vc_column_text]<\/p>\n<ul>\n<li>Elaborar el Pla Territorial Municipal enfront d&#8217;Emerg\u00e8ncies i els plans d&#8217;actuaci\u00f3 municipal enfront de riscos concrets, aix\u00ed com, en el seu cas, qualsevol altre instrument de planificaci\u00f3 de protecci\u00f3 civil d&#8217;\u00e0mbit municipal.<\/li>\n<li>Col\u00b7laborar en l&#8217;obtenci\u00f3 i la transmissi\u00f3 al Centre de Coordinaci\u00f3 d&#8217;Emerg\u00e8ncies de dades i informaci\u00f3 rellevants per a la protecci\u00f3 civil i la gesti\u00f3 d&#8217;emerg\u00e8ncies.<\/li>\n<li>Elaborar el mapa de riscos i el cat\u00e0leg de recursos municipals en situacions d&#8217;emerg\u00e8ncia.<\/li>\n<li>En compliment del Pla Territorial Municipal, estimar les activitats i les infraestructures que pogueren veure&#8217;s afectades en ra\u00f3 de les situacions de preemerg\u00e8ncia o emerg\u00e8ncia declarades.<\/li>\n<li>Posar a la disposici\u00f3 del Comandament \u00danic de l&#8217;emerg\u00e8ncia els mitjans i els recursos disponibles de titularitat municipal.<\/li>\n<li>Realitzar les gestions derivades del Consorci Provincial per al Servei de prevenci\u00f3, d&#8217;extinci\u00f3 d&#8217;incendis i de salvament.<\/li>\n<li>Proposar la constituci\u00f3 dels centres de coordinaci\u00f3 municipals (CECOPAL) en aquelles emerg\u00e8ncies que, per la seua envergadura, s&#8217;estime necessari, d&#8217;acord amb els plans d&#8217;emerg\u00e8ncies activats.<\/li>\n<li>Coordinar les actuacions de l&#8217;Agrupaci\u00f3 de Voluntaris de Protecci\u00f3 Civil.<\/li>\n<li>Fomentar el voluntariat de Protecci\u00f3 Civil.<\/li>\n<li>Realitzar cursos de formaci\u00f3, d&#8217;actualitzaci\u00f3 i d&#8217;especialitzaci\u00f3 en mat\u00e8ria de protecci\u00f3 civil i gesti\u00f3 d&#8217;emerg\u00e8ncies<\/li>\n<li>Coordinar amb les diferents \u00e0rees municipals el calendari anual d&#8217;esdeveniments de risc previsible.<\/li>\n<\/ul>\n<p>&nbsp;[\/vc_column_text][\/vc_column][\/vc_row][vc_row][vc_column]<h3 class=\"sc_title sc_title_regular\">EMERG\u00c8NCIA<\/h3>[\/vc_column][\/vc_row][vc_row][vc_column]\r\n          <div class=\"vc_row wpb_row vc_row-fluid ubicaciones\" style=\"margin-top: 20px !important; margin-bottom: 20px !important;\">\r\n           <div class=\"wpb_column vc_column_container vc_col-sm-9 vc_col-has-fill\" style=\"background-color: white\">\r\n              <div class=\"vc_column-inner vc_custom_1469779605339\" style=\"min-height: 252px;\">\r\n                 <div class=\"wpb_wrapper\">\r\n                    <div class=\"wpb_text_column wpb_content_element \">\r\n                       <div class=\"wpb_wrapper\">\r\n                          <div class=\"page\">\r\n                             <div class=\"section\">\r\n                                <div class=\"layoutArea\">\r\n                                   <div class=\"column\">\r\n                                      <p><img loading=\"lazy\" decoding=\"async\" class=\"size-full wp-image-1163 alignleft\" style=\"margin-top: -35px; margin-left: -16px;\" src=\" https:\/\/www.elche.es\/wp-content\/uploads\/2020\/05\/SIMBOLO-EMERGENCIAS.png \" width=\"254\" height=\"252\"><\/p>\r\n                                      <div class=\"page\">\r\n                                         <div class=\"section\">\r\n                                            <div class=\"layoutArea\">\r\n                                               <div class=\"column\"><span style=\"font-size: 29px; font-weight: bold; margin-bottom: 26px;\">EMERG\u00c8NCIA 112 <\/span><\/div>\r\n                                            <\/div>\r\n                                         <\/div>\r\n                                      <\/div>\r\n                                   <\/div>\r\n                                <\/div>\r\n                             <\/div>\r\n                          <\/div>\r\n                          <div class=\"page\">\r\n                             <div class=\"section\">\r\n                                <div class=\"layoutArea\">\r\n                                   <div class=\"column\">\r\n                                      <div class=\"page\">\r\n                                         <div class=\"section\">\r\n                                            <div class=\"layoutArea\">\r\n                                               <div class=\"column\" style=\"margin-top: 10px;\">GENERALITAT VALENCIANA<\/div>\r\n                                            <\/div>\r\n                                         <\/div>\r\n                                      <\/div>\r\n                                   <\/div>\r\n                                <\/div>\r\n                             <\/div>\r\n                          <\/div>\r\n                       <\/div>\r\n                    <\/div>\r\n                 <\/div>\r\n              <\/div>\r\n           <\/div>\r\n           <div style=\"background-color: #00a997;\" class=\"direccionUbicacion wpb_column vc_column_container vc_col-sm-3 vc_col-has-fill\">\r\n              <div class=\"vc_column-inner vc_custom_1473175165551\" >\r\n                 <div class=\"wpb_wrapper\">\r\n                    <div class=\"wpb_text_column wpb_content_element  direcciones\">\r\n                       <div class=\"wpb_wrapper\">\r\n                          <div class=\"page\">\r\n                             <div class=\"section\">\r\n                                <div class=\"layoutArea\">\r\n                                   <div class=\"column\"><p><span class='dirUbicacion' style='color: #ffffff; line-height: 0px;'>Avd Camp del T\u00faria , 66, 46183 L'Eliana- Valencia <\/span><\/p><p><span style='color: #ffffff;'>Tel\u00e8fon: 112 <\/span><\/p><\/div><\/div><\/div><\/div><p>&nbsp;<\/p><p><a class='masInfoUbicacion' href='http:\/\/www.112cv.gva.es\/va\/que-es-el-112'><span style='color: #ffffff;'><strong>M\u00e9s informaci\u00f3 &gt;<\/strong><\/span><\/a><\/p><\/div><\/div><\/div><\/div><\/div><\/div>\r\n          <div class=\"vc_row wpb_row vc_row-fluid ubicaciones\" style=\"margin-top: 20px !important; margin-bottom: 20px !important;\">\r\n           <div class=\"wpb_column vc_column_container vc_col-sm-9 vc_col-has-fill\" style=\"background-color: white\">\r\n              <div class=\"vc_column-inner vc_custom_1469779605339\" style=\"min-height: 252px;\">\r\n                 <div class=\"wpb_wrapper\">\r\n                    <div class=\"wpb_text_column wpb_content_element \">\r\n                       <div class=\"wpb_wrapper\">\r\n                          <div class=\"page\">\r\n                             <div class=\"section\">\r\n                                <div class=\"layoutArea\">\r\n                                   <div class=\"column\">\r\n                                      <p><img loading=\"lazy\" decoding=\"async\" class=\"size-full wp-image-1163 alignleft\" style=\"margin-top: -35px; margin-left: -16px;\" src=\" https:\/\/www.elche.es\/wp-content\/uploads\/2020\/04\/ayuntamiento-elche-alcaldia.jpg \" width=\"254\" height=\"252\"><\/p>\r\n                                      <div class=\"page\">\r\n                                         <div class=\"section\">\r\n                                            <div class=\"layoutArea\">\r\n                                               <div class=\"column\"><span style=\"font-size: 29px; font-weight: bold; margin-bottom: 26px;\">DELEGACI\u00d3 DE SEGURETAT <\/span><\/div>\r\n                                            <\/div>\r\n                                         <\/div>\r\n                                      <\/div>\r\n                                   <\/div>\r\n                                <\/div>\r\n                             <\/div>\r\n                          <\/div>\r\n                          <div class=\"page\">\r\n                             <div class=\"section\">\r\n                                <div class=\"layoutArea\">\r\n                                   <div class=\"column\">\r\n                                      <div class=\"page\">\r\n                                         <div class=\"section\">\r\n                                            <div class=\"layoutArea\">\r\n                                               <div class=\"column\" style=\"margin-top: 10px;\">AJUNTAMENT D'ELX<\/div>\r\n                                            <\/div>\r\n                                         <\/div>\r\n                                      <\/div>\r\n                                   <\/div>\r\n                                <\/div>\r\n                             <\/div>\r\n                          <\/div>\r\n                       <\/div>\r\n                    <\/div>\r\n                 <\/div>\r\n              <\/div>\r\n           <\/div>\r\n           <div style=\"background-color: #00a997;\" class=\"direccionUbicacion wpb_column vc_column_container vc_col-sm-3 vc_col-has-fill\">\r\n              <div class=\"vc_column-inner vc_custom_1473175165551\" >\r\n                 <div class=\"wpb_wrapper\">\r\n                    <div class=\"wpb_text_column wpb_content_element  direcciones\">\r\n                       <div class=\"wpb_wrapper\">\r\n                          <div class=\"page\">\r\n                             <div class=\"section\">\r\n                                <div class=\"layoutArea\">\r\n                                   <div class=\"column\"><p><span class='dirUbicacion' style='color: #ffffff; line-height: 0px;'>Placa de Baix 1 03202 <\/span><\/p><p><span style='color: #ffffff;'>Tel\u00e8fon: 966 658 000 <\/span><\/p><\/div><\/div><\/div><\/div><p>&nbsp;<\/p><\/div><\/div><\/div><\/div><\/div><\/div>\r\n          <div class=\"vc_row wpb_row vc_row-fluid ubicaciones\" style=\"margin-top: 20px !important; margin-bottom: 20px !important;\">\r\n           <div class=\"wpb_column vc_column_container vc_col-sm-9 vc_col-has-fill\" style=\"background-color: white\">\r\n              <div class=\"vc_column-inner vc_custom_1469779605339\" style=\"min-height: 252px;\">\r\n                 <div class=\"wpb_wrapper\">\r\n                    <div class=\"wpb_text_column wpb_content_element \">\r\n                       <div class=\"wpb_wrapper\">\r\n                          <div class=\"page\">\r\n                             <div class=\"section\">\r\n                                <div class=\"layoutArea\">\r\n                                   <div class=\"column\">\r\n                                      <p><img loading=\"lazy\" decoding=\"async\" class=\"size-full wp-image-1163 alignleft\" style=\"margin-top: -35px; margin-left: -16px;\" src=\" https:\/\/www.elche.es\/wp-content\/uploads\/2022\/01\/La-Policia-Local-detiene-a-un-hombre-acusado-de-agredir-con-arma-blanca-a-su-cunado-tras-una-discusion-scaled.jpg \" width=\"254\" height=\"252\"><\/p>\r\n                                      <div class=\"page\">\r\n                                         <div class=\"section\">\r\n                                            <div class=\"layoutArea\">\r\n                                               <div class=\"column\"><span style=\"font-size: 29px; font-weight: bold; margin-bottom: 26px;\">EMERG\u00c8NCIES <\/span><\/div>\r\n                                            <\/div>\r\n                                         <\/div>\r\n                                      <\/div>\r\n                                   <\/div>\r\n                                <\/div>\r\n                             <\/div>\r\n                          <\/div>\r\n                          <div class=\"page\">\r\n                             <div class=\"section\">\r\n                                <div class=\"layoutArea\">\r\n                                   <div class=\"column\">\r\n                                      <div class=\"page\">\r\n                                         <div class=\"section\">\r\n                                            <div class=\"layoutArea\">\r\n                                               <div class=\"column\" style=\"margin-top: 10px;\">REGIDORIA D'EMERG\u00c8NCIES<\/div>\r\n                                            <\/div>\r\n                                         <\/div>\r\n                                      <\/div>\r\n                                   <\/div>\r\n                                <\/div>\r\n                             <\/div>\r\n                          <\/div>\r\n                       <\/div>\r\n                    <\/div>\r\n                 <\/div>\r\n              <\/div>\r\n           <\/div>\r\n           <div style=\"background-color: #00a997;\" class=\"direccionUbicacion wpb_column vc_column_container vc_col-sm-3 vc_col-has-fill\">\r\n              <div class=\"vc_column-inner vc_custom_1473175165551\" >\r\n                 <div class=\"wpb_wrapper\">\r\n                    <div class=\"wpb_text_column wpb_content_element  direcciones\">\r\n                       <div class=\"wpb_wrapper\">\r\n                          <div class=\"page\">\r\n                             <div class=\"section\">\r\n                                <div class=\"layoutArea\">\r\n                                   <div class=\"column\"><p><span class='dirUbicacion' style='color: #ffffff; line-height: 0px;'>Carrer Mesalina, 13 <\/span><\/p><p><span style='color: #ffffff;'>Tel\u00e8fon: 966 658 092 <\/span><\/p><\/div><\/div><\/div><\/div><p>&nbsp;<\/p><\/div><\/div><\/div><\/div><\/div><\/div>\r\n          <div class=\"vc_row wpb_row vc_row-fluid ubicaciones\" style=\"margin-top: 20px !important; margin-bottom: 20px !important;\">\r\n           <div class=\"wpb_column vc_column_container vc_col-sm-9 vc_col-has-fill\" style=\"background-color: white\">\r\n              <div class=\"vc_column-inner vc_custom_1469779605339\" style=\"min-height: 252px;\">\r\n                 <div class=\"wpb_wrapper\">\r\n                    <div class=\"wpb_text_column wpb_content_element \">\r\n                       <div class=\"wpb_wrapper\">\r\n                          <div class=\"page\">\r\n                             <div class=\"section\">\r\n                                <div class=\"layoutArea\">\r\n                                   <div class=\"column\">\r\n                                      <p><img loading=\"lazy\" decoding=\"async\" class=\"size-full wp-image-1163 alignleft\" style=\"margin-top: -35px; margin-left: -16px;\" src=\" https:\/\/www.elche.es\/wp-content\/uploads\/2020\/05\/logoprotecci\u00f3n-1-2.png \" width=\"254\" height=\"252\"><\/p>\r\n                                      <div class=\"page\">\r\n                                         <div class=\"section\">\r\n                                            <div class=\"layoutArea\">\r\n                                               <div class=\"column\"><span style=\"font-size: 29px; font-weight: bold; margin-bottom: 26px;\">PROTECCI\u00d3 CIVIL <\/span><\/div>\r\n                                            <\/div>\r\n                                         <\/div>\r\n                                      <\/div>\r\n                                   <\/div>\r\n                                <\/div>\r\n                             <\/div>\r\n                          <\/div>\r\n                          <div class=\"page\">\r\n                             <div class=\"section\">\r\n                                <div class=\"layoutArea\">\r\n                                   <div class=\"column\">\r\n                                      <div class=\"page\">\r\n                                         <div class=\"section\">\r\n                                            <div class=\"layoutArea\">\r\n                                               <div class=\"column\" style=\"margin-top: 10px;\">PROTECCI\u00d3 CIVIL D'ELX<\/div>\r\n                                            <\/div>\r\n                                         <\/div>\r\n                                      <\/div>\r\n                                   <\/div>\r\n                                <\/div>\r\n                             <\/div>\r\n                          <\/div>\r\n                       <\/div>\r\n                    <\/div>\r\n                 <\/div>\r\n              <\/div>\r\n           <\/div>\r\n           <div style=\"background-color: #00a997;\" class=\"direccionUbicacion wpb_column vc_column_container vc_col-sm-3 vc_col-has-fill\">\r\n              <div class=\"vc_column-inner vc_custom_1473175165551\" >\r\n                 <div class=\"wpb_wrapper\">\r\n                    <div class=\"wpb_text_column wpb_content_element  direcciones\">\r\n                       <div class=\"wpb_wrapper\">\r\n                          <div class=\"page\">\r\n                             <div class=\"section\">\r\n                                <div class=\"layoutArea\">\r\n                                   <div class=\"column\"><p><span class='dirUbicacion' style='color: #ffffff; line-height: 0px;'>Carrer Mesalina ,12 <\/span><\/p><p><span style='color: #ffffff;'>Tel\u00e8fon: 966 658 185 <\/span><\/p><\/div><\/div><\/div><\/div><p>&nbsp;<\/p><p><a class='masInfoUbicacion' href='https:\/\/www.elche.es\/emergencias\/proteccion-civil\/'><span style='color: #ffffff;'><strong>M\u00e9s informaci\u00f3 &gt;<\/strong><\/span><\/a><\/p><\/div><\/div><\/div><\/div><\/div><\/div>[\/vc_column][\/vc_row]<\/p>\n<\/div>","protected":false},"excerpt":{"rendered":"<p>[vc_row][vc_column][vc_column_text]&nbsp;[\/vc_column_text][\/vc_column][\/vc_row][vc_row full_width=&#8221;stretch_row&#8221; css=&#8221;.vc_custom_1589532020845{padding-top: 120px !important;padding-right: 120px !important;padding-bottom: 270px !important;padding-left: 120px !important;background-image: url(https:\/\/www.elche.es\/wp-content\/uploads\/2017\/11\/cabecera_Emergencias-1-e1511355905663.jpg?id=41234) !important;background-position: center !important;background-repeat: no-repeat !important;background-size: cover !important;}&#8221;][vc_column][vc_custom_heading text=&#8221;Organitzaci\u00f3 i Estructura&#8221; font_container=&#8221;tag:h1|text_align:center|color:%23ffffff&#8221; google_fonts=&#8221;font_family:Istok%20Web%3Aregular%2Citalic%2C700%2C700italic|font_style:700%20bold%20regular%3A700%3Anormal&#8221; css=&#8221;.vc_custom_1589784909101{padding-top: 80px !important;}&#8221;][\/vc_column][\/vc_row][vc_row full_width=&#8221;stretch_row&#8221; css=&#8221;.vc_custom_1589529635007{padding-bottom: 30px [&hellip;]<\/p>\n","protected":false},"author":131,"featured_media":0,"parent":117760,"menu_order":0,"comment_status":"closed","ping_status":"closed","template":"","meta":{"footnotes":""},"class_list":["post-184949","page","type-page","status-publish","hentry"],"_links":{"self":[{"href":"https:\/\/www.elche.es\/va\/wp-json\/wp\/v2\/pages\/184949","targetHints":{"allow":["GET"]}}],"collection":[{"href":"https:\/\/www.elche.es\/va\/wp-json\/wp\/v2\/pages"}],"about":[{"href":"https:\/\/www.elche.es\/va\/wp-json\/wp\/v2\/types\/page"}],"author":[{"embeddable":true,"href":"https:\/\/www.elche.es\/va\/wp-json\/wp\/v2\/users\/131"}],"replies":[{"embeddable":true,"href":"https:\/\/www.elche.es\/va\/wp-json\/wp\/v2\/comments?post=184949"}],"version-history":[{"count":0,"href":"https:\/\/www.elche.es\/va\/wp-json\/wp\/v2\/pages\/184949\/revisions"}],"up":[{"embeddable":true,"href":"https:\/\/www.elche.es\/va\/wp-json\/wp\/v2\/pages\/117760"}],"wp:attachment":[{"href":"https:\/\/www.elche.es\/va\/wp-json\/wp\/v2\/media?parent=184949"}],"curies":[{"name":"wp","href":"https:\/\/api.w.org\/{rel}","templated":true}]}}