{"id":184963,"date":"2022-02-22T10:19:22","date_gmt":"2022-02-22T09:19:22","guid":{"rendered":"https:\/\/www.elche.es\/emergencies\/proteccio-civil\/"},"modified":"2022-02-22T10:20:45","modified_gmt":"2022-02-22T09:20:45","slug":"proteccio-civil","status":"publish","type":"page","link":"https:\/\/www.elche.es\/va\/emergencies\/proteccio-civil\/","title":{"rendered":"Protecci\u00f3 civil"},"content":{"rendered":"<div class=\"wpb-content-wrapper\"><p>[vc_row][vc_column][vc_column_text]&nbsp;[\/vc_column_text][\/vc_column][\/vc_row][vc_row el_class=&#8221;tituloArea&#8221; css=&#8221;.vc_custom_1589781663354{background-image: url(https:\/\/www.elche.es\/wp-content\/uploads\/2020\/05\/nuevos-aires.jpg?id=116653) !important;background-position: center !important;background-repeat: no-repeat !important;background-size: cover !important;}&#8221;][vc_column el_class=&#8221;tituloArea&#8221;]<h1 class=\"sc_title sc_title_iconed sc_align_left titulo1 margin_top_null\" style=\"titulo1text-align:left;\"><span class=\"sc_title_icon sc_title_icon_left  sc_title_icon_medium\"><img decoding=\"async\" src=\"https:\/\/www.elche.es\/wp-content\/uploads\/2020\/05\/logoprotecci\u00f3n-1.png\" alt=\"\" \/><\/span><\/p>\n<h3 style=\"text-align: center;\"><span style=\"color: #ffffff;\">SERVEIS<\/span><\/h3>\n<p><\/h1>[vc_empty_space height=&#8221;100px&#8221; el_class=&#8221;space1&#8243;][\/vc_column][\/vc_row][vc_row css=&#8221;.vc_custom_1590140523970{margin-bottom: 65px !important;background-color: #cccccc !important;}&#8221; el_id=&#8221;breadcrumb&#8221;][vc_column][vc_column_text]<nav aria-label=\"breadcrumbs\">\n            <div class=\"breadcrumb-container theme1\">\n                <ol>\n                                    <\/ol>\n            <\/div>\n        <\/nav>    <script type=\"application\/ld+json\">\n        {\n            \"@context\": \"http:\/\/schema.org\",\n            \"@type\": \"BreadcrumbList\",\n            \"itemListElement\": [\n                            ]\n        }\n    <\/script>\n    <style type=\"text\/css\">\n        .breadcrumb-container {\n            font-size: 13px;\n        }\n\n        .breadcrumb-container ul {\n            margin: 0;\n            padding: 0;\n        }\n\n        .breadcrumb-container li {\n            box-sizing: unset;\n            display: inline-block;\n            margin: 0;\n            padding: 0;\n        }\n\n        .breadcrumb-container li a {\n            box-sizing: unset;\n            padding: 0 10px;\n        }\n\n        .breadcrumb-container {\n            font-size: 3 !important;\n                    }\n\n        .breadcrumb-container li a {\n            color: #0a0a0a !important;\n            font-size: 3 !important;\n            line-height: 3 !important;\n                    }\n\n        .breadcrumb-container li .separator {\n            font-size: 3 !important;\n                    }\n\n        .breadcrumb-container li:last-child .separator {\n            display: none;\n        }\n    <\/style>\n    <style type=\"text\/css\">\n        .breadcrumb-container.theme1 li {\n            margin: 0;\n            padding: 0;\n        }\n        .breadcrumb-container.theme1 a {\n            background: ;\n            display: inline-block;\n            margin: 0 5px;\n            padding: 5px 10px;\n            text-decoration: none;\n        }\n    <\/style>\n        <style type=\"text\/css\">\n            <\/style>\n    <script>\n            <\/script>\n[\/vc_column_text][\/vc_column][\/vc_row][vc_row content_placement=&#8221;middle&#8221; el_class=&#8221;bloque_todas_areas&#8221;][vc_column width=&#8221;1\/4&#8243; el_class=&#8221;columnaServicio&#8221;][vc_row_inner el_class=&#8221;columnasAreas&#8221;][vc_column_inner css=&#8221;.vc_custom_1476703109290{padding-bottom: 30px !important;background-color: #ffffff !important;}&#8221;][vc_icon icon_fontawesome=&#8221;fa fa-info&#8221; color=&#8221;black&#8221; size=&#8221;lg&#8221; align=&#8221;center&#8221; link=&#8221;url:%20http%3A%2F%2Felche.es%2Fbienestar-social-nueva%2Fprograma-informacion%2F|||&#8221;][vc_custom_heading text=&#8221;ORGANITZACI\u00d3&#8221; font_container=&#8221;tag:h5|text_align:center&#8221; use_theme_fonts=&#8221;yes&#8221; link=&#8221;url:http%3A%2F%2Felche.es%2Fwp-content%2Fuploads%2F2020%2F05%2FORGANIGRAMA-FEBRERO-2020-1.pdf|&#8221;][vc_column_text el_class=&#8221;descripcion_area&#8221;]<a href=\"http:\/\/www.proteccioncivil.es\">Butllet\u00ed Oficial de l&#8217;Organitzaci\u00f3<\/a>[\/vc_column_text][\/vc_column_inner][\/vc_row_inner][\/vc_column][vc_column width=&#8221;1\/4&#8243;][vc_row_inner el_class=&#8221;columnasAreas&#8221;][vc_column_inner css=&#8221;.vc_custom_1476703109290{padding-bottom: 30px !important;background-color: #ffffff !important;}&#8221;][vc_icon icon_fontawesome=&#8221;fa fa-bullhorn&#8221; color=&#8221;black&#8221; size=&#8221;lg&#8221; align=&#8221;center&#8221; link=&#8221;url:%20http%3A%2F%2Felche.es%2Fbienestar-social-nueva%2Ffamilia-y-emergencia%2F|||&#8221;][vc_custom_heading text=&#8221;PREVENCI\u00d3&#8221; font_container=&#8221;tag:h5|text_align:center&#8221; use_theme_fonts=&#8221;yes&#8221; link=&#8221;|||&#8221;][vc_column_text el_class=&#8221;descripcion_area&#8221;]<\/p>\n<p style=\"text-align: center;\"><a href=\"https:\/\/arcg.is\/0HqLLW\">Formulari d&#8217;Assist\u00e8ncia<\/a><\/p>\n<p>&nbsp;[\/vc_column_text][\/vc_column_inner][\/vc_row_inner][vc_empty_space height=&#8221;15px&#8221;][\/vc_column][vc_column width=&#8221;1\/4&#8243;][vc_row_inner el_class=&#8221;columnasAreas&#8221;][vc_column_inner css=&#8221;.vc_custom_1476703109290{padding-bottom: 30px !important;background-color: #ffffff !important;}&#8221;][vc_icon icon_fontawesome=&#8221;fa fa-cogs&#8221; color=&#8221;black&#8221; size=&#8221;lg&#8221; align=&#8221;center&#8221; link=&#8221;url:%20http%3A%2F%2Felche.es%2Fbienestar-social-nueva%2Fdinamizacion-comunitaria%2F|||&#8221;][vc_custom_heading text=&#8221;FORMACI\u00d3&#8221; font_container=&#8221;tag:h5|text_align:center&#8221; use_theme_fonts=&#8221;yes&#8221; link=&#8221;|||&#8221;][vc_column_text el_class=&#8221;descripcion_area&#8221;]<\/p>\n<p style=\"text-align: center;\"><a href=\"https:\/\/www.elche.es\/wp-content\/uploads\/2020\/05\/NUEVA-FICHA.pdf\">NOVA FITXA<\/a><\/p>\n<p>&nbsp;[\/vc_column_text][\/vc_column_inner][\/vc_row_inner][\/vc_column][vc_column width=&#8221;1\/4&#8243;][vc_row_inner el_class=&#8221;columnasAreas&#8221;][vc_column_inner css=&#8221;.vc_custom_1476703109290{padding-bottom: 30px !important;background-color: #ffffff !important;}&#8221;][vc_icon icon_fontawesome=&#8221;fa fa-television&#8221; color=&#8221;black&#8221; size=&#8221;lg&#8221; align=&#8221;center&#8221; link=&#8221;url:%20http%3A%2F%2Felche.es%2Fbienestar-social-nueva%2Fdinamizacion-comunitaria%2F|||&#8221;][vc_custom_heading text=&#8221;CONSELLS&#8221; font_container=&#8221;tag:h5|text_align:center&#8221; use_theme_fonts=&#8221;yes&#8221; link=&#8221;|||&#8221;][vc_column_text el_class=&#8221;descripcion_area&#8221;]<\/p>\n<p style=\"text-align: center;\"><a href=\"https:\/\/www.elche.es\/va\/emergencies\/consells-a-la-poblacio\/\" target=\"_blank\" rel=\"noopener\">Consells a la poblaci\u00f3<\/a><\/p>\n<p>&nbsp;[\/vc_column_text][\/vc_column_inner][\/vc_row_inner][\/vc_column][\/vc_row][vc_row][vc_column][vc_column_text]L&#8217;Agrupaci\u00f3 de Voluntaris de Protecci\u00f3 Civil de l&#8217;Ajuntament d&#8217;Elx dep\u00e9n de l&#8217;Ajuntament d&#8217;Elx. S&#8217;integra en la Regidoria d&#8217;Emerg\u00e8ncies i en la Regidoria de Seguretat.<br \/>\nL&#8217;actuaci\u00f3 de l&#8217;Agrupaci\u00f3 de Voluntaris de Protecci\u00f3 Civil de l&#8217;Ajuntament d&#8217;Elx es regir\u00e0 pel que es disposa en aquest Reglament i en la normativa que es refereix a continuaci\u00f3: en la Llei 7\/1985, de 2 d&#8217;abril, Reguladora de les Bases del R\u00e8gim Local, en el Reglament Auton\u00f2mic dels Serveis de Voluntariat de Protecci\u00f3 Civil i Estatut del Voluntariat de Protecci\u00f3 Civil i altra normativa sobre r\u00e8gim local.<br \/>\nL&#8217;Agrupaci\u00f3 de Voluntaris de Protecci\u00f3 Civil de l&#8217;Ajuntament d&#8217;Elx \u00e9s una organitzaci\u00f3 de car\u00e0cter humanitari i altruista que actua de manera desinteressada i solid\u00e0ria en benefici de les persones, els b\u00e9ns i el medi ambient de la Comunitat Valenciana i desenvolupa les labors pr\u00f2pies de la protecci\u00f3 civil.[\/vc_column_text][vc_custom_heading text=&#8221;EL SISTEMA DE PROTECCI\u00d3 CIVIL S&#8217;INTEGRA MITJAN\u00c7ANT LES SEG\u00dcENTS ACTUACIONS EN ELS \u00c0MBITS<br \/>\nNacional, Auton\u00f2mic i Local.&#8221; font_container=&#8221;tag:h3|text_align:center&#8221; use_theme_fonts=&#8221;yes&#8221;][\/vc_column][\/vc_row][vc_row][vc_column][vc_column_text]<\/p>\n<div class=\"flex_column av_one_half flex_column_div av-zero-column-padding first avia-builder-el-16 el_after_av_hr el_before_av_one_half \">\n<div class=\"avia-icon-list-container avia-builder-el-17 avia-builder-el-no-sibling \">\n<blockquote>\n<h5 class=\"iconlist_icon avia-font-entypo-fontello\"><span style=\"color: #ff6600;\">PREVENCI\u00d3<\/span><\/h5>\n<article class=\"article-icon-entry \">\n<div class=\"iconlist_content_wrap\">\n<div class=\"iconlist_content \">\n<p style=\"text-align: justify;\">Preveure els riscos col\u00b7lectius mitjan\u00e7ant accions dirigides a con\u00e9ixer-los anticipadament i a evitar que es produ\u00efsquen o, en el seu cas, reduir els danys que puguen derivar-se d&#8217;ells, aix\u00ed podem definir una acci\u00f3 preventiva.<\/p>\n<\/div>\n<\/div>\n<footer class=\"entry-footer\"><\/footer>\n<\/article>\n<h5 class=\"iconlist-timeline\"><span style=\"color: #ff6600;\">PLANIFICACI\u00d3<\/span><\/h5>\n<article class=\"article-icon-entry \">\n<div class=\"iconlist_content_wrap\">\n<div class=\"iconlist_content \">\n<p style=\"text-align: justify;\">Planificar els mitjans i les mesures necess\u00e0ries per a afrontar les situacions de risc i minimitzar el resultat d&#8217;aquests.<\/p>\n<\/div>\n<\/div>\n<footer class=\"entry-footer\"><\/footer>\n<\/article>\n<h5 class=\"iconlist-timeline\"><span style=\"color: #ff6600;\">FORMACI\u00d3<\/span><\/h5>\n<article class=\"article-icon-entry \">\n<div class=\"iconlist_content_wrap\">\n<div class=\"iconlist_content \">\n<p style=\"text-align: justify;\">La formaci\u00f3 \u00e9s un dels pilars claus del bon funcionament del sistema de Protecci\u00f3 Civil, per a aix\u00f2 tots els intervinents han d&#8217;estar subjectes a formaci\u00f3 cont\u00ednua.<\/p>\n<\/div>\n<\/div>\n<footer class=\"entry-footer\"><\/footer>\n<\/article>\n<h5 class=\"iconlist_icon avia-font-entypo-fontello\"><span style=\"color: #ff6600;\">COORDINACI\u00d3<\/span><\/h5>\n<article class=\"article-icon-entry \">\n<div class=\"iconlist_content_wrap\">\n<div class=\"iconlist_content \">\n<p style=\"text-align: justify;\">Efectuar una coordinaci\u00f3, seguiment i avaluaci\u00f3 del Sistema per a garantir un funcionament efica\u00e7 i harm\u00f2nic d&#8217;aquest forma un dels eixos centrals del sistema en tots els seus \u00e0mbits.<\/p>\n<\/div>\n<\/div>\n<footer class=\"entry-footer\"><\/footer>\n<\/article>\n<h5 class=\"iconlist-timeline\"><span style=\"color: #ff6600;\">\u00a0INTERVENCI\u00d3<\/span><\/h5>\n<article class=\"article-icon-entry \">\n<div class=\"iconlist_content_wrap\">\n<div class=\"iconlist_content \">\n<p style=\"text-align: justify;\">Dur a terme la intervenci\u00f3 operativa de resposta immediata en cas d&#8217;emerg\u00e8ncia, amb tots els recursos disponibles.<\/p>\n<\/div>\n<\/div>\n<footer class=\"entry-footer\"><\/footer>\n<\/article>\n<h5 class=\"iconlist-timeline\"><span style=\"color: #ff6600;\">REHABILITACI\u00d3<\/span><\/h5>\n<div class=\"iconlist_content_wrap\">\n<div class=\"iconlist_content \">\n<p style=\"text-align: justify;\">Adoptar mesures de recuperaci\u00f3 per a restablir les infraestructures i els serveis essencials i pal\u00b7liar els danys derivats d&#8217;emerg\u00e8ncies.<\/p>\n<\/div>\n<\/div>\n<\/blockquote>\n<\/div>\n<\/div>\n<div class=\"flex_column av_one_half flex_column_div av-zero-column-padding avia-builder-el-18 el_after_av_one_half avia-builder-el-last \">\n<div class=\"avia-icon-list-container avia-builder-el-19 avia-builder-el-no-sibling \"><\/div>\n<\/div>\n<p>&nbsp;[\/vc_column_text][\/vc_column][\/vc_row][vc_row][vc_column][vc_column_text]&nbsp;[\/vc_column_text][\/vc_column][\/vc_row]<\/p>\n<\/div>","protected":false},"excerpt":{"rendered":"<p>[vc_row][vc_column][vc_column_text]&nbsp;[\/vc_column_text][\/vc_column][\/vc_row][vc_row el_class=&#8221;tituloArea&#8221; css=&#8221;.vc_custom_1589781663354{background-image: url(https:\/\/www.elche.es\/wp-content\/uploads\/2020\/05\/nuevos-aires.jpg?id=116653) !important;background-position: center !important;background-repeat: no-repeat !important;background-size: cover !important;}&#8221;][vc_column el_class=&#8221;tituloArea&#8221;][vc_empty_space height=&#8221;100px&#8221; el_class=&#8221;space1&#8243;][\/vc_column][\/vc_row][vc_row css=&#8221;.vc_custom_1590140523970{margin-bottom: 65px !important;background-color: #cccccc !important;}&#8221; el_id=&#8221;breadcrumb&#8221;][vc_column][vc_column_text][\/vc_column_text][\/vc_column][\/vc_row][vc_row content_placement=&#8221;middle&#8221; el_class=&#8221;bloque_todas_areas&#8221;][vc_column width=&#8221;1\/4&#8243; el_class=&#8221;columnaServicio&#8221;][vc_row_inner el_class=&#8221;columnasAreas&#8221;][vc_column_inner css=&#8221;.vc_custom_1476703109290{padding-bottom: 30px !important;background-color: #ffffff !important;}&#8221;][vc_icon [&hellip;]<\/p>\n","protected":false},"author":131,"featured_media":0,"parent":117760,"menu_order":0,"comment_status":"closed","ping_status":"closed","template":"","meta":{"footnotes":""},"class_list":["post-184963","page","type-page","status-publish","hentry"],"_links":{"self":[{"href":"https:\/\/www.elche.es\/va\/wp-json\/wp\/v2\/pages\/184963","targetHints":{"allow":["GET"]}}],"collection":[{"href":"https:\/\/www.elche.es\/va\/wp-json\/wp\/v2\/pages"}],"about":[{"href":"https:\/\/www.elche.es\/va\/wp-json\/wp\/v2\/types\/page"}],"author":[{"embeddable":true,"href":"https:\/\/www.elche.es\/va\/wp-json\/wp\/v2\/users\/131"}],"replies":[{"embeddable":true,"href":"https:\/\/www.elche.es\/va\/wp-json\/wp\/v2\/comments?post=184963"}],"version-history":[{"count":0,"href":"https:\/\/www.elche.es\/va\/wp-json\/wp\/v2\/pages\/184963\/revisions"}],"up":[{"embeddable":true,"href":"https:\/\/www.elche.es\/va\/wp-json\/wp\/v2\/pages\/117760"}],"wp:attachment":[{"href":"https:\/\/www.elche.es\/va\/wp-json\/wp\/v2\/media?parent=184963"}],"curies":[{"name":"wp","href":"https:\/\/api.w.org\/{rel}","templated":true}]}}