{"id":184968,"date":"2022-02-22T10:27:29","date_gmt":"2022-02-22T09:27:29","guid":{"rendered":"https:\/\/www.elche.es\/empuju-2021\/"},"modified":"2022-02-22T10:28:13","modified_gmt":"2022-02-22T09:28:13","slug":"empuju-2021","status":"publish","type":"page","link":"https:\/\/www.elche.es\/va\/empuju-2021\/","title":{"rendered":"EMPUJU 2021"},"content":{"rendered":"<div class=\"wpb-content-wrapper\"><p>[vc_row][vc_column][vc_column_text]<img loading=\"lazy\" decoding=\"async\" class=\"alignnone size-full wp-image-176402\" src=\"https:\/\/www.elche.es\/wp-content\/uploads\/2021\/12\/EMPUJU-2021.png\" alt=\"\" width=\"1287\" height=\"871\" srcset=\"https:\/\/www.elche.es\/wp-content\/uploads\/2021\/12\/EMPUJU-2021.png 1287w, https:\/\/www.elche.es\/wp-content\/uploads\/2021\/12\/EMPUJU-2021-800x541.png 800w, https:\/\/www.elche.es\/wp-content\/uploads\/2021\/12\/EMPUJU-2021-768x520.png 768w\" sizes=\"auto, (max-width: 1287px) 100vw, 1287px\" \/><\/p>\n<p>&nbsp;<\/p>\n<p><strong>EMPUJU 2021 &#8211; PROGRAMA D&#8217;INCENTIUS A LA CONTRACTACI\u00d3 DE PERSONES ATURADES MENORS DE 30 ANYS D&#8217;EDAT PER ENTITATS LOCALS DE LA COMUNITAT VALENCIANA, EN EL MARC DEL PROGRAMA OPERATIU DEL FONS SOCIAL EUROPEU 2014-2020.<\/strong><\/p>\n<p>ORDRE 7\/2019, de 25 d&#8217;abril, de la Conselleria d&#8217;Economia Sostenible, Sectors Productius, Comer\u00e7 i Treball, per la qual s&#8217;aproven les bases reguladores del Programa d&#8217;incentius a la contractaci\u00f3 de persones desocupades per entitats locals de la Comunitat Valenciana, en el marc del Programa operatiu del Fons Social Europeu 2014-2020 de la Comunitat Valenciana (Avalem Experi\u00e8ncia Plus).<\/p>\n<p>L&#8217;import de la subvenci\u00f3 concedida a l&#8217;Ajuntament d&#8217;Elx ascendeix a 631.318,44\u20ac.<\/p>\n<p>Aquest projecte, cofinan\u00e7at per la Uni\u00f3 Europea a trav\u00e9s del Programa Operatiu del Fons Social Europeu (FSE) de la Comunitat Valenciana 2014-2020 i per l&#8217;Ajuntament d&#8217;Elx, t\u00e9 com a objecte la concessi\u00f3 d&#8217;incentius a la contractaci\u00f3 de persones menors de 30 anys d&#8217;edat, que figuren inscrites com a aturades en els Espais Labora de la Generalitat.<\/p>\n<p><strong>Subvenci\u00f3 obtinguda:<\/strong> 631.318,44\u20ac.<\/p>\n<p><strong>Nombre de contractacions<\/strong>: 33<\/p>\n<p><strong>Duraci\u00f3 del contracte:<\/strong> 12 mesos.<\/p>\n<p><strong>Ocupacions contractades:<\/strong><\/p>\n<p>\u2022 1 T\u00e8cnic\/a Superior d&#8217;Inform\u00e0tica<br \/>\n\u2022 6 T\u00e8cnics\/es en Integraci\u00f3 Social<br \/>\n\u2022 2 Psic\u00f2legs\/es<br \/>\n\u2022 3 Socorristes<br \/>\n\u2022 20 Peons de manteniments d&#8217;instal\u00b7lacions esportives<br \/>\n\u2022 1 T\u00e8cnic\/a Mitj\u00e0 par al Departament de Contractaci\u00f3<\/p>\n<p><strong>M\u00e9s informaci\u00f3<\/strong>:<\/p>\n<p>\u2022 <a href=\"https:\/\/ec.europa.eu\/social\/home.jsp?langId=es\">Direcci\u00f3 General d&#8217;Ocupaci\u00f3, Assumptes Socials i Igualtat d&#8217;Oportunitats de la Comissi\u00f3 Europea.<\/a><\/p>\n<p>\u2022 <a href=\"https:\/\/www.mites.gob.es\/uafse\/\">Unitat Administradora del FSE (Ministeri d&#8217;Ocupaci\u00f3 i Seguretat Social)<\/a><\/p>\n<p>&nbsp;<\/p>\n<p>&nbsp;<\/p>\n<p>&nbsp;[\/vc_column_text][\/vc_column][\/vc_row]<\/p>\n<\/div>","protected":false},"excerpt":{"rendered":"<p>[vc_row][vc_column][vc_column_text] &nbsp; EMPUJU 2021 &#8211; PROGRAMA D&#8217;INCENTIUS A LA CONTRACTACI\u00d3 DE PERSONES ATURADES MENORS DE 30 ANYS D&#8217;EDAT PER ENTITATS LOCALS DE LA COMUNITAT VALENCIANA, EN EL MARC DEL PROGRAMA [&hellip;]<\/p>\n","protected":false},"author":97,"featured_media":0,"parent":0,"menu_order":0,"comment_status":"closed","ping_status":"closed","template":"","meta":{"footnotes":""},"class_list":["post-184968","page","type-page","status-publish","hentry"],"_links":{"self":[{"href":"https:\/\/www.elche.es\/va\/wp-json\/wp\/v2\/pages\/184968","targetHints":{"allow":["GET"]}}],"collection":[{"href":"https:\/\/www.elche.es\/va\/wp-json\/wp\/v2\/pages"}],"about":[{"href":"https:\/\/www.elche.es\/va\/wp-json\/wp\/v2\/types\/page"}],"author":[{"embeddable":true,"href":"https:\/\/www.elche.es\/va\/wp-json\/wp\/v2\/users\/97"}],"replies":[{"embeddable":true,"href":"https:\/\/www.elche.es\/va\/wp-json\/wp\/v2\/comments?post=184968"}],"version-history":[{"count":0,"href":"https:\/\/www.elche.es\/va\/wp-json\/wp\/v2\/pages\/184968\/revisions"}],"wp:attachment":[{"href":"https:\/\/www.elche.es\/va\/wp-json\/wp\/v2\/media?parent=184968"}],"curies":[{"name":"wp","href":"https:\/\/api.w.org\/{rel}","templated":true}]}}