{"id":184984,"date":"2022-02-22T10:46:22","date_gmt":"2022-02-22T09:46:22","guid":{"rendered":"https:\/\/www.elche.es\/edusi\/gestio-i-seguiment\/"},"modified":"2022-02-22T10:50:54","modified_gmt":"2022-02-22T09:50:54","slug":"gestio-i-seguiment","status":"publish","type":"page","link":"https:\/\/www.elche.es\/va\/edusi\/gestio-i-seguiment\/","title":{"rendered":"Gesti\u00f3 i seguiment"},"content":{"rendered":"<div class=\"wpb-content-wrapper\"><p>[vc_row full_width=&#8221;stretch_row&#8221; css=&#8221;.vc_custom_1475488224066{background-color: #dddde0 !important;}&#8221;][vc_column][vc_column_text]<nav aria-label=\"breadcrumbs\">\n            <div class=\"breadcrumb-container theme1\">\n                <ol>\n                                    <\/ol>\n            <\/div>\n        <\/nav>    <script type=\"application\/ld+json\">\n        {\n            \"@context\": \"http:\/\/schema.org\",\n            \"@type\": \"BreadcrumbList\",\n            \"itemListElement\": [\n                            ]\n        }\n    <\/script>\n    <style type=\"text\/css\">\n        .breadcrumb-container {\n            font-size: 13px;\n        }\n\n        .breadcrumb-container ul {\n            margin: 0;\n            padding: 0;\n        }\n\n        .breadcrumb-container li {\n            box-sizing: unset;\n            display: inline-block;\n            margin: 0;\n            padding: 0;\n        }\n\n        .breadcrumb-container li a {\n            box-sizing: unset;\n            padding: 0 10px;\n        }\n\n        .breadcrumb-container {\n            font-size: 3 !important;\n                    }\n\n        .breadcrumb-container li a {\n            color: #0a0a0a !important;\n            font-size: 3 !important;\n            line-height: 3 !important;\n                    }\n\n        .breadcrumb-container li .separator {\n            font-size: 3 !important;\n                    }\n\n        .breadcrumb-container li:last-child .separator {\n            display: none;\n        }\n    <\/style>\n    <style type=\"text\/css\">\n        .breadcrumb-container.theme1 li {\n            margin: 0;\n            padding: 0;\n        }\n        .breadcrumb-container.theme1 a {\n            background: ;\n            display: inline-block;\n            margin: 0 5px;\n            padding: 5px 10px;\n            text-decoration: none;\n        }\n    <\/style>\n        <style type=\"text\/css\">\n            <\/style>\n    <script>\n            <\/script>\n[\/vc_column_text][\/vc_column][\/vc_row][vc_row css=&#8221;.vc_custom_1475488264405{padding-bottom: 40px !important;}&#8221; el_id=&#8221;bloque_basica&#8221;][vc_column]<h3 class=\"sc_title sc_title_regular margin_top_tiny\">Programaci\u00f3 EDUSI Elx<\/h3>[\/vc_column][\/vc_row][vc_row][vc_column]<div id=\"sc_tabs_562547988\" class=\"sc_tabs sc_tabs_style_1\" data-active=\"0\"><ul class=\"sc_tabs_titles\"><li class=\"sc_tabs_title first\"><a href=\"#informacion-edusi\" class=\"theme_button\" id=\"informacion-edusi_tab\">Informaci\u00f3<\/a><\/li><li class=\"sc_tabs_title last\"><a href=\"#sc_tab_1506594218_2_11\" class=\"theme_button\" id=\"sc_tab_1506594218_2_11_tab\">L\u00ednies d'actuaci\u00f3<\/a><\/li><\/ul><div id=\"informacion-edusi\" class=\"sc_tabs_content odd first\">[vc_column_text]Elx compta des de 2017 amb 15 milions d&#8217;euros dels fons europeus EDUSI, per a posar en marxa un total d&#8217;11 l\u00ednies d&#8217;actuaci\u00f3 dirigides a millorar les condicions i la qualitat de vida d&#8217;Elx i de les il\u00b7licitanes i els il\u00b7licitans, prestant especial atenci\u00f3 als barris m\u00e9s vulnerables des del punt de vista demogr\u00e0fic, socioecon\u00f2mic, mediambiental i residencial.<\/p>\n<p>Accions orientades a millorar l&#8217;acc\u00e9s, l&#8217;\u00fas i la qualitat de les tecnologies de la informaci\u00f3 i la comunicaci\u00f3; afavorir el canvi a una economia de baix nivell d&#8217;emissi\u00f3 de carboni; conservar i de protegir el medi ambient i fomentar l&#8217;efici\u00e8ncia dels recursos; i, impulsar la inclusi\u00f3 social i lluitar contra la pobresa i la discriminaci\u00f3.<\/p>\n<p>L&#8217;Estrat\u00e8gia forma part d&#8217;un proc\u00e9s de planificaci\u00f3 integrada que es proposa conciliar les necessitats a curt termini amb els resultats desitjats a llarg termini, d&#8217;una economia competitiva, una qualitat de vida elevada i la sostenibilitat del medi ambient.<\/p>\n<p>Els objectius plantejats s\u00f3n els seg\u00fcents:<\/p>\n<ul class=\"list\">\n<li><strong>OT2: Millorar l&#8217;acc\u00e9s, l&#8217;\u00fas i la qualitat de les tecnologies de la informaci\u00f3 i la comunicaci\u00f3.<\/strong><\/li>\n<li><strong>OT4: Afavorir el canvi a una economia de baix nivell d&#8217;emissi\u00f3 de carboni en tots els sectors.<\/strong><\/li>\n<li><strong>OT6: Conservar i protegir el medi ambient i promoure l&#8217;efici\u00e8ncia dels recursos.<\/strong><\/li>\n<li><strong>OT9: Promoure la inclusi\u00f3 social i lluitar contra la pobresa.<\/strong><\/li>\n<\/ul>\n<p>A m\u00e9s s&#8217;han considerat dos objectius tem\u00e0tics addicionals:<\/p>\n<ul class=\"list\">\n<li><strong>OT9: Millorar la competitivitat de les PIMES.<\/strong><\/li>\n<li><strong>OT9: Promoure la sostenibilitat i la qualitat en l&#8217;ocupaci\u00f3 i afavorir la mobilitat laboral.<\/strong><\/li>\n<\/ul>\n<p>El pressupost total del Pla d&#8217;Implementaci\u00f3 de l&#8217;Estrat\u00e8gia ascendeix a 30 milions d&#8217;euros per al per\u00edode 2017-2023 i l&#8217;Ajuntament d\u2019Elx ha d&#8217;assumir el 50% del finan\u00e7ament i l&#8217;altre 50% els fons FEDER.[\/vc_column_text]<\/div><div id=\"sc_tab_1506594218_2_11\" class=\"sc_tabs_content even\"><h3 class=\"sc_title sc_title_regular margin_top_tiny margin_bottom_tiny\" style=\"font-size:20;\">L\u00ednies d&#8217;actuaci\u00f3 EDUSI Elx<\/h3>[vc_column_text]L&#8217;EDUSI d&#8217;Elx compta amb 11 l\u00ednies d&#8217;actuaci\u00f3 per a 4 objectius tem\u00e0tics principals de l&#8217;Eix 12 del Programa Operatiu Creixement Sostenible 2014-2020 i 2 objectius tem\u00e0tics addicionals.[\/vc_column_text][vc_column_text]<\/p>\n<h4><span style=\"font-size: 28px;\"><strong>Objectius tem\u00e0tics principals de l&#8217;Eix 12 POCS:<\/strong><\/span><\/h4>\n<p>[\/vc_column_text][vc_empty_space height=&#8221;20px&#8221;][vc_tta_tabs][vc_tta_section title=&#8221;OT02&#8243; tab_id=&#8221;ot02&#8243;][vc_column_text]<\/p>\n<h4><span style=\"font-size: 19px;\"><strong>OT2: Millorar l&#8217;acc\u00e9s, l&#8217;\u00fas i la qualitat de les tecnologies de la informaci\u00f3 i la comunicaci\u00f3<\/strong><\/span><\/h4>\n<p>[\/vc_column_text][vc_row_inner][vc_column_inner]\r\n        <p>\r\n        <span class=\"enlaces-titulo\"> L\u00ednia d'actuaci\u00f3 01 <\/span> <span><a class=\"enlaces-link\" target='_blank'href=\"https:\/\/www.elche.es\/edusi\/la01\/ \">Veure enlla\u00e7<\/a><\/span>\r\n        <br>\r\n        <span class=\"enlaces-descripcion\">Accesibilitat i millora de l'Administraci\u00f3 Electr\u00f2nica<\/span>\r\n        <\/p>\r\n        <hr class=\"enlaces-separador\">\r\n        \r\n        <p>\r\n        <span class=\"enlaces-titulo\"> L\u00ednia d'actuaci\u00f3 02 <\/span> <span><a class=\"enlaces-link\" target='_blank'href=\"https:\/\/www.elche.es\/edusi\/la02\/ \">Veure enlla\u00e7<\/a><\/span>\r\n        <br>\r\n        <span class=\"enlaces-descripcion\">Desenvolupament de la Plataforma Elx Smart City<\/span>\r\n        <\/p>\r\n        <hr class=\"enlaces-separador\">\r\n        [\/vc_column_inner][\/vc_row_inner][\/vc_tta_section][vc_tta_section title=&#8221;OT04&#8243; tab_id=&#8221;ot04&#8243;][vc_column_text]<\/p>\n<h4><span style=\"font-size: 19px;\"><strong>OT4: Afavorir el canvi a una economia de baix nivell d&#8217;emissi\u00f3 de carboni en tots els sectors<\/strong><\/span><\/h4>\n<p>[\/vc_column_text][vc_row_inner][vc_column_inner]\r\n        <p>\r\n        <span class=\"enlaces-titulo\"> L\u00ednia d'actuaci\u00f3 03 <\/span> <span><a class=\"enlaces-link\" target='_blank'href=\"https:\/\/www.elche.es\/edusi\/la03\/ \">Veure enlla\u00e7<\/a><\/span>\r\n        <br>\r\n        <span class=\"enlaces-descripcion\">Foment de la mobilitat urbana sostenible<\/span>\r\n        <\/p>\r\n        <hr class=\"enlaces-separador\">\r\n        \r\n        <p>\r\n        <span class=\"enlaces-titulo\"> L\u00ednia d'actuaci\u00f3 04 <\/span> <span><a class=\"enlaces-link\" target='_blank'href=\"https:\/\/www.elche.es\/edusi\/la04\/ \">Veure enlla\u00e7<\/a><\/span>\r\n        <br>\r\n        <span class=\"enlaces-descripcion\">Pla Municipal d'Efici\u00e8ncia Energ\u00e8tica<\/span>\r\n        <\/p>\r\n        <hr class=\"enlaces-separador\">\r\n        [\/vc_column_inner][\/vc_row_inner][\/vc_tta_section][vc_tta_section title=&#8221;OT06&#8243; tab_id=&#8221;ot06&#8243;][vc_column_text]<\/p>\n<h4><span style=\"font-size: 19px;\"><strong>OT6: Conservar i protegir el medi ambient i promoure l&#8217;efici\u00e8ncia dels recursos<\/strong><\/span><\/h4>\n<p>[\/vc_column_text][vc_row_inner][vc_column_inner]\r\n        <p>\r\n        <span class=\"enlaces-titulo\"> L\u00ednia d'actuaci\u00f3 05 <\/span> <span><a class=\"enlaces-link\" target='_blank'href=\"https:\/\/www.elche.es\/edusi\/la05\/ \">Veure enlla\u00e7<\/a><\/span>\r\n        <br>\r\n        <span class=\"enlaces-descripcion\">Protecci\u00f3 i millora del patrimoni cultural i natural<\/span>\r\n        <\/p>\r\n        <hr class=\"enlaces-separador\">\r\n        \r\n        <p>\r\n        <span class=\"enlaces-titulo\"> L\u00ednia d'actuaci\u00f3 06 <\/span> <span><a class=\"enlaces-link\" target='_blank'href=\"https:\/\/www.elche.es\/edusi\/la06\/ \">Veure enlla\u00e7<\/a><\/span>\r\n        <br>\r\n        <span class=\"enlaces-descripcion\">Rehabilitaci\u00f3 i recuperaci\u00f3 de sols urbans i espais p\u00fablics en barris vulnerables<\/span>\r\n        <\/p>\r\n        <hr class=\"enlaces-separador\">\r\n        [\/vc_column_inner][\/vc_row_inner][\/vc_tta_section][vc_tta_section title=&#8221;OT09&#8243; tab_id=&#8221;ot09&#8243;][vc_column_text]<\/p>\n<h4><span style=\"font-size: 19px;\"><strong>OT9: Promoure la inclusi\u00f3 social i lluitar contra la pobresa<\/strong><\/span><\/h4>\n<p>[\/vc_column_text][vc_row_inner][vc_column_inner]\r\n        <p>\r\n        <span class=\"enlaces-titulo\"> L\u00ednia d'actuaci\u00f3 07 <\/span> <span><a class=\"enlaces-link\" target='_blank'href=\"https:\/\/www.elche.es\/edusi\/la07\/ \">Veure enlla\u00e7<\/a><\/span>\r\n        <br>\r\n        <span class=\"enlaces-descripcion\">Regeneraci\u00f3 f\u00edsica i social d'habitatges i equipaments p\u00fablics en barris vulnerables<\/span>\r\n        <\/p>\r\n        <hr class=\"enlaces-separador\">\r\n        \r\n        <p>\r\n        <span class=\"enlaces-titulo\"> L\u00ednia d'actuaci\u00f3 08 <\/span> <span><a class=\"enlaces-link\" target='_blank'href=\"https:\/\/www.elche.es\/edusi\/la08\/ \">Veure enlla\u00e7<\/a><\/span>\r\n        <br>\r\n        <span class=\"enlaces-descripcion\">Dinamitzaci\u00f3 comunit\u00e0ria i integraci\u00f3 social de col\u00b7lectius desfavorits<\/span>\r\n        <\/p>\r\n        <hr class=\"enlaces-separador\">\r\n        \r\n        <p>\r\n        <span class=\"enlaces-titulo\"> L\u00ednia d'actuaci\u00f3 09 <\/span> <span><a class=\"enlaces-link\" target='_blank'href=\"https:\/\/www.elche.es\/edusi\/la09\/ \">Veure enlla\u00e7<\/a><\/span>\r\n        <br>\r\n        <span class=\"enlaces-descripcion\">Revitalitzaci\u00f3 d'espais p\u00fablics en barris vulnerables<\/span>\r\n        <\/p>\r\n        <hr class=\"enlaces-separador\">\r\n        [\/vc_column_inner][\/vc_row_inner][\/vc_tta_section][\/vc_tta_tabs][vc_column_text]<\/p>\n<h4><span style=\"font-size: 28px;\"><strong>Objectius tem\u00e0tics addicionals:<\/strong><\/span><\/h4>\n<p>[\/vc_column_text][vc_empty_space height=&#8221;20px&#8221;][vc_tta_tabs][vc_tta_section title=&#8221;OT03&#8243; tab_id=&#8221;ot03&#8243;][vc_column_text]<\/p>\n<h4><span style=\"font-size: 19px;\"><strong>OT3: Millorar la competitivitat de les PIMES<\/strong><\/span><\/h4>\n<p>[\/vc_column_text][vc_row_inner][vc_column_inner]\r\n        <p>\r\n        <span class=\"enlaces-titulo\"> L\u00ednia d'actuaci\u00f3 10 <\/span> <span><a class=\"enlaces-link\" target='_blank'href=\"https:\/\/www.elche.es\/edusi\/la10\/ \">Veure enlla\u00e7<\/a><\/span>\r\n        <br>\r\n        <span class=\"enlaces-descripcion\">Impuls de les iniciatives emprenedores i la competitivitat de les PIMES<\/span>\r\n        <\/p>\r\n        <hr class=\"enlaces-separador\">\r\n        [\/vc_column_inner][\/vc_row_inner][\/vc_tta_section][vc_tta_section title=&#8221;OT08&#8243; tab_id=&#8221;1506679675784-44f116de-b513&#8243;][vc_column_text]<\/p>\n<h4><span style=\"font-size: 19px;\"><strong>OT8: Promoure la sostenibilitat i la qualitat en l&#8217;ocupaci\u00f3 i afavorir la mobilitat laboral<\/strong><\/span><\/h4>\n<p>[\/vc_column_text][vc_row_inner][vc_column_inner]\r\n        <p>\r\n        <span class=\"enlaces-titulo\"> L\u00ednia d'actuaci\u00f3 11 <\/span> <span><a class=\"enlaces-link\" target='_blank'href=\"https:\/\/www.elche.es\/edusi\/la11\/ \">Veure enlla\u00e7<\/a><\/span>\r\n        <br>\r\n        <span class=\"enlaces-descripcion\">Foment de la reindustrialitzaci\u00f3 i la creaci\u00f3 d'ocupaci\u00f3 de qualitat<\/span>\r\n        <\/p>\r\n        <hr class=\"enlaces-separador\">\r\n        [\/vc_column_inner][\/vc_row_inner][\/vc_tta_section][\/vc_tta_tabs]<\/div><\/div>[vc_empty_space][\/vc_column][\/vc_row][vc_row css=&#8221;.vc_custom_1475488264405{padding-bottom: 40px !important;}&#8221;][vc_column]<h4 class=\"sc_title sc_title_regular margin_top_tiny\">DOCUMENTS D&#8217;INTER\u00c9S SOBRE LA PROGRAMACI\u00d3 EDUSI_ELX<\/h4>\r\n        <p>\r\n        <span class=\"enlaces-titulo\"> MANUAL DE PROCEDIMENTS EDUSI_ELX <\/span> <span><a class=\"enlaces-link\" target='_blank'href=\"https:\/\/www.elche.es\/download\/manual-de-procedimientos-edusi_elx-v-02-0\/?wpdmdl=124830&amp;masterkey=5f5f212362563 \">Veure enlla\u00e7<\/a><\/span>\r\n        <br>\r\n        <span class=\"enlaces-descripcion\">Document complet aprovat `{`versi\u00f3 02.0`}`<\/span>\r\n        <\/p>\r\n        <hr class=\"enlaces-separador\">\r\n        \r\n        <p>\r\n        <span class=\"enlaces-titulo\"> ESTRAT\u00c8GIA EDUSI_ELX <\/span> <span><a class=\"enlaces-link\" target='_blank'href=\"https:\/\/www.amazon.es\/clouddrive\/share\/fwjQ6e84I8ZdVRKxsOvKeyvfEG5NTnO4lUSfVsfzkPa\/OigEvK9TTKWWq63op33ilg?_encoding=UTF8&amp;*Version*=1&amp;*entries*=0&amp;mgh=1 \">Veure enlla\u00e7<\/a><\/span>\r\n        <br>\r\n        <span class=\"enlaces-descripcion\">Document complet de l'estrat\u00e8gia desenvolupada per a l'EDUSI_Elx<\/span>\r\n        <\/p>\r\n        <hr class=\"enlaces-separador\">\r\n        [\/vc_column][\/vc_row]<\/p>\n<\/div>","protected":false},"excerpt":{"rendered":"<p>[vc_row full_width=&#8221;stretch_row&#8221; css=&#8221;.vc_custom_1475488224066{background-color: #dddde0 !important;}&#8221;][vc_column][vc_column_text][\/vc_column_text][\/vc_column][\/vc_row][vc_row css=&#8221;.vc_custom_1475488264405{padding-bottom: 40px !important;}&#8221; el_id=&#8221;bloque_basica&#8221;][vc_column][\/vc_column][\/vc_row][vc_row][vc_column][vc_empty_space][\/vc_column][\/vc_row][vc_row css=&#8221;.vc_custom_1475488264405{padding-bottom: 40px !important;}&#8221;][vc_column][\/vc_column][\/vc_row]<\/p>\n","protected":false},"author":131,"featured_media":0,"parent":10263,"menu_order":0,"comment_status":"closed","ping_status":"closed","template":"","meta":{"footnotes":""},"class_list":["post-184984","page","type-page","status-publish","hentry"],"_links":{"self":[{"href":"https:\/\/www.elche.es\/va\/wp-json\/wp\/v2\/pages\/184984","targetHints":{"allow":["GET"]}}],"collection":[{"href":"https:\/\/www.elche.es\/va\/wp-json\/wp\/v2\/pages"}],"about":[{"href":"https:\/\/www.elche.es\/va\/wp-json\/wp\/v2\/types\/page"}],"author":[{"embeddable":true,"href":"https:\/\/www.elche.es\/va\/wp-json\/wp\/v2\/users\/131"}],"replies":[{"embeddable":true,"href":"https:\/\/www.elche.es\/va\/wp-json\/wp\/v2\/comments?post=184984"}],"version-history":[{"count":0,"href":"https:\/\/www.elche.es\/va\/wp-json\/wp\/v2\/pages\/184984\/revisions"}],"up":[{"embeddable":true,"href":"https:\/\/www.elche.es\/va\/wp-json\/wp\/v2\/pages\/10263"}],"wp:attachment":[{"href":"https:\/\/www.elche.es\/va\/wp-json\/wp\/v2\/media?parent=184984"}],"curies":[{"name":"wp","href":"https:\/\/api.w.org\/{rel}","templated":true}]}}