{"id":185004,"date":"2022-02-22T11:19:02","date_gmt":"2022-02-22T10:19:02","guid":{"rendered":"https:\/\/www.elche.es\/recursos-humans\/programes-de-promocio-docupacio\/"},"modified":"2022-02-22T11:21:19","modified_gmt":"2022-02-22T10:21:19","slug":"programes-de-promocio-docupacio","status":"publish","type":"page","link":"https:\/\/www.elche.es\/va\/recursos-humans\/programes-de-promocio-docupacio\/","title":{"rendered":"Programes de promoci\u00f3 d&#8217;ocupaci\u00f3"},"content":{"rendered":"<div class=\"wpb-content-wrapper\"><p>[vc_row full_width=&#8221;stretch_row&#8221; css=&#8221;.vc_custom_1475488224066{background-color: #dddde0 !important;}&#8221;][vc_column][vc_column_text]<nav aria-label=\"breadcrumbs\">\n            <div class=\"breadcrumb-container theme1\">\n                <ol>\n                                    <\/ol>\n            <\/div>\n        <\/nav>    <script type=\"application\/ld+json\">\n        {\n            \"@context\": \"http:\/\/schema.org\",\n            \"@type\": \"BreadcrumbList\",\n            \"itemListElement\": [\n                            ]\n        }\n    <\/script>\n    <style type=\"text\/css\">\n        .breadcrumb-container {\n            font-size: 13px;\n        }\n\n        .breadcrumb-container ul {\n            margin: 0;\n            padding: 0;\n        }\n\n        .breadcrumb-container li {\n            box-sizing: unset;\n            display: inline-block;\n            margin: 0;\n            padding: 0;\n        }\n\n        .breadcrumb-container li a {\n            box-sizing: unset;\n            padding: 0 10px;\n        }\n\n        .breadcrumb-container {\n            font-size: 3 !important;\n                    }\n\n        .breadcrumb-container li a {\n            color: #0a0a0a !important;\n            font-size: 3 !important;\n            line-height: 3 !important;\n                    }\n\n        .breadcrumb-container li .separator {\n            font-size: 3 !important;\n                    }\n\n        .breadcrumb-container li:last-child .separator {\n            display: none;\n        }\n    <\/style>\n    <style type=\"text\/css\">\n        .breadcrumb-container.theme1 li {\n            margin: 0;\n            padding: 0;\n        }\n        .breadcrumb-container.theme1 a {\n            background: ;\n            display: inline-block;\n            margin: 0 5px;\n            padding: 5px 10px;\n            text-decoration: none;\n        }\n    <\/style>\n        <style type=\"text\/css\">\n            <\/style>\n    <script>\n            <\/script>\n[\/vc_column_text][\/vc_column][\/vc_row][vc_row css=&#8221;.vc_custom_1475488264405{padding-bottom: 40px !important;}&#8221; el_id=&#8221;bloque_basica&#8221;][\/vc_row][vc_column][\/vc_column]<h3 class=\"sc_title sc_title_regular margin_top_tiny\">PROGRAMES DE PROMOCI\u00d3 D&#8217;OCUPACI\u00d3<\/h3>[vc_column_text]CONCEPTE:<\/p>\n<p>Projectes de promoci\u00f3 d&#8217;ocupaci\u00f3 temporal generats per les Institucions p\u00fabliques i dirigits a persones en situacions sociolaborals espec\u00edfiques.<\/p>\n<p>TEMPORALITAT:<\/p>\n<p>No existeixen calendaris fixos anuals per als diferents programes de promoci\u00f3 d&#8217;ocupaci\u00f3. Una vegada s\u00f3n aprovats pels \u00d2rgans competents, es fan p\u00fablics en els taulers d&#8217;anuncis Municipals, en els mitjans de comunicaci\u00f3, aix\u00ed com en la p\u00e0gina web municipal. Per tant, \u00e9s necessari estar pendent de les publicacions en aquests mitjans i consultar les bases de cada convocat\u00f2ria.<\/p>\n<p>DIRIGITS A:<\/p>\n<p>En les bases de cada convocat\u00f2ria s&#8217;especifica el col\u00b7lectiu de persones a qui va dirigit cadascun dels programes de promoci\u00f3 d&#8217;ocupaci\u00f3.[\/vc_column_text][vc_raw_html]PGVtYmVkIHNyYz0iaHR0cHM6Ly9hcGxpY2FjaW9uZXMuZWxjaGUuZXMvY29udm9jYXRvcmlhc0VtcGxlbz9pZElkaW9tYT0wJmlkTW9kYWxpZGFkPTUiIHdpZHRoPTEwMCUgaGVpZ2h0PSI1NTAiIHdtb2RlPSJ0cmFuc3BhcmVudCIgPjwvZW1iZWQ+[\/vc_raw_html]<\/p>\n<\/div>","protected":false},"excerpt":{"rendered":"<p>[vc_row full_width=&#8221;stretch_row&#8221; css=&#8221;.vc_custom_1475488224066{background-color: #dddde0 !important;}&#8221;][vc_column][vc_column_text][\/vc_column_text][\/vc_column][\/vc_row][vc_row css=&#8221;.vc_custom_1475488264405{padding-bottom: 40px !important;}&#8221; el_id=&#8221;bloque_basica&#8221;][\/vc_row][vc_column][\/vc_column][vc_column_text]CONCEPTE: Projectes de promoci\u00f3 d&#8217;ocupaci\u00f3 temporal generats per les Institucions p\u00fabliques i dirigits a persones en situacions sociolaborals espec\u00edfiques. TEMPORALITAT: No existeixen [&hellip;]<\/p>\n","protected":false},"author":131,"featured_media":0,"parent":6954,"menu_order":0,"comment_status":"closed","ping_status":"closed","template":"","meta":{"footnotes":""},"class_list":["post-185004","page","type-page","status-publish","hentry"],"_links":{"self":[{"href":"https:\/\/www.elche.es\/va\/wp-json\/wp\/v2\/pages\/185004","targetHints":{"allow":["GET"]}}],"collection":[{"href":"https:\/\/www.elche.es\/va\/wp-json\/wp\/v2\/pages"}],"about":[{"href":"https:\/\/www.elche.es\/va\/wp-json\/wp\/v2\/types\/page"}],"author":[{"embeddable":true,"href":"https:\/\/www.elche.es\/va\/wp-json\/wp\/v2\/users\/131"}],"replies":[{"embeddable":true,"href":"https:\/\/www.elche.es\/va\/wp-json\/wp\/v2\/comments?post=185004"}],"version-history":[{"count":0,"href":"https:\/\/www.elche.es\/va\/wp-json\/wp\/v2\/pages\/185004\/revisions"}],"up":[{"embeddable":true,"href":"https:\/\/www.elche.es\/va\/wp-json\/wp\/v2\/pages\/6954"}],"wp:attachment":[{"href":"https:\/\/www.elche.es\/va\/wp-json\/wp\/v2\/media?parent=185004"}],"curies":[{"name":"wp","href":"https:\/\/api.w.org\/{rel}","templated":true}]}}