{"id":185102,"date":"2022-02-22T13:30:15","date_gmt":"2022-02-22T12:30:15","guid":{"rendered":"https:\/\/www.elche.es\/impulse\/"},"modified":"2022-10-27T09:05:48","modified_gmt":"2022-10-27T08:05:48","slug":"impulse","status":"publish","type":"page","link":"https:\/\/www.elche.es\/va\/impulse\/","title":{"rendered":"IMPULSE"},"content":{"rendered":"<div class=\"wpb-content-wrapper\"><p>[vc_row full_width=&#8221;stretch_row&#8221; css=&#8221;.vc_custom_1562929230328{padding-top: 120px !important;padding-right: 120px !important;padding-bottom: 270px !important;padding-left: 120px !important;background-image: url(https:\/\/www.elche.es\/wp-content\/uploads\/2019\/07\/LOGO_ERDF_IMPULSE.jpg?id=96060) !important;background-position: center !important;background-repeat: no-repeat !important;background-size: cover !important;}&#8221; el_id=&#8221;bloque_titulo&#8221;][vc_column][\/vc_column][\/vc_row][vc_row full_width=&#8221;stretch_row&#8221; css=&#8221;.vc_custom_1475484188729{background-color: #dddde0 !important;}&#8221;][vc_column][vc_column_text]<nav aria-label=\"breadcrumbs\">\n            <div class=\"breadcrumb-container theme1\">\n                <ol>\n                                    <\/ol>\n            <\/div>\n        <\/nav>    <script type=\"application\/ld+json\">\n        {\n            \"@context\": \"http:\/\/schema.org\",\n            \"@type\": \"BreadcrumbList\",\n            \"itemListElement\": [\n                            ]\n        }\n    <\/script>\n    <style type=\"text\/css\">\n        .breadcrumb-container {\n            font-size: 13px;\n        }\n\n        .breadcrumb-container ul {\n            margin: 0;\n            padding: 0;\n        }\n\n        .breadcrumb-container li {\n            box-sizing: unset;\n            display: inline-block;\n            margin: 0;\n            padding: 0;\n        }\n\n        .breadcrumb-container li a {\n            box-sizing: unset;\n            padding: 0 10px;\n        }\n\n        .breadcrumb-container {\n            font-size: 3 !important;\n                    }\n\n        .breadcrumb-container li a {\n            color: #0a0a0a !important;\n            font-size: 3 !important;\n            line-height: 3 !important;\n                    }\n\n        .breadcrumb-container li .separator {\n            font-size: 3 !important;\n                    }\n\n        .breadcrumb-container li:last-child .separator {\n            display: none;\n        }\n    <\/style>\n    <style type=\"text\/css\">\n        .breadcrumb-container.theme1 li {\n            margin: 0;\n            padding: 0;\n        }\n        .breadcrumb-container.theme1 a {\n            background: ;\n            display: inline-block;\n            margin: 0 5px;\n            padding: 5px 10px;\n            text-decoration: none;\n        }\n    <\/style>\n        <style type=\"text\/css\">\n            <\/style>\n    <script>\n            <\/script>\n[\/vc_column_text][\/vc_column][\/vc_row][vc_row full_width=&#8221;stretch_row&#8221; css=&#8221;.vc_custom_1561723247104{padding-top: 10px !important;padding-bottom: 40px !important;}&#8221;][vc_column][vc_custom_heading text=&#8221;IMPULSE&#8221; font_container=&#8221;tag:h2|text_align:center|color:%23d8d8d8&#8243; google_fonts=&#8221;font_family:Ubuntu%3A300%2C300italic%2Cregular%2Citalic%2C500%2C500italic%2C700%2C700italic|font_style:700%20bold%20regular%3A700%3Anormal&#8221; css=&#8221;.vc_custom_1561723262496{padding-top: 15px !important;}&#8221; el_class=&#8221;sombraTitulo&#8221;]<div class=\"columns_wrap sc_columns columns_nofluid sc_columns_count_5\"><div class=\"column-1_5 sc_column_item sc_column_item_1 odd first\"><a href=\"https:\/\/www.elche.es\/impulse\/impulse-gis\/\" class=\"sc_button sc_button_round sc_button_style_filled style_original sc_button_size_large aligncenter\" style=\"padding-top: 63px; padding-right: 20px; padding-bottom: 10px; padding-left: 20px; font-size: 18px;height:125px;\">SIG-LOCALITZACI\u00d3 DELS PROJECTES<\/a><\/div><div class=\"column-1_5 sc_column_item sc_column_item_2 even\"><a href=\"https:\/\/www.elche.es\/impulse\/documentacion-impulse\/\" class=\"sc_button sc_button_round sc_button_style_filled style_original sc_button_size_large aligncenter\" style=\"padding-top: 90px; padding-right: 20px; padding-bottom: 10px; padding-left: 20px; font-size: 18px;height:100px;\">DOCUMENTACI\u00d3<\/a><\/div><div class=\"column-1_5 sc_column_item sc_column_item_3 odd\"><a href=\"https:\/\/www.elche.es\/impulse\/contacto-impulse\/\" class=\"sc_button sc_button_round sc_button_style_filled style_original sc_button_size_large aligncenter\" style=\"padding-top: 72px; padding-right: 20px; padding-bottom: 10px; padding-left: 20px; font-size: 18px;height:116px;\">REBRE INFORMACI\u00d3<\/a><\/div><div class=\"column-1_5 sc_column_item sc_column_item_4 even\"><a href=\"https:\/\/www.elche.es\/impulse\/ponencias-jornada-impulse\/\" class=\"sc_button sc_button_round sc_button_style_filled style_original sc_button_size_large aligncenter\" style=\"padding-top: 71px; padding-right: 20px; padding-bottom: 10px; padding-left: 20px; font-size: 18px;height:117px;\">PON\u00c8NCIES DE LA JORNADA. 4 DE JULIOL<\/a><\/div><div class=\"column-1_5 sc_column_item sc_column_item_5 odd\"><a href=\"https:\/\/www.five.es\/tienda-ive\/cursoeficiencia-energetica-en-edificios-publicos-proyecto-impulse-2019\/\" class=\"sc_button sc_button_round sc_button_style_filled style_original sc_button_size_large aligncenter\" style=\"padding-top: 37px; padding-right: 20px; padding-bottom: 10px; padding-left: 20px; font-size: 18px;height:153px;\">CURS: EFICI\u00c8NCIA ENERG\u00c8TICA EN EDIFICIS P\u00daBLICS 2019<\/a><\/div><\/div>[vc_empty_space][vc_column_text]Elx participa en un projecte internacional de cooperaci\u00f3 per a promoure l&#8217;efici\u00e8ncia energ\u00e8tica als edificis p\u00fablics.<\/p>\n<p>El projecte inicial, <a href=\"https:\/\/impulse.interreg-med.eu\" target=\"_blank\" rel=\"noopener\">IMPULSE<\/a>, va permetre dissenyar una eina web per a l&#8217;inventari i l&#8217;auditoria energ\u00e8tica d&#8217;edificis p\u00fablics municipals. Sobre la base d&#8217;aquesta eina, els municipis poden elaborar plans de millora de l&#8217;efici\u00e8ncia energ\u00e8tica dels seus edificis d&#8217;una forma senzilla i econ\u00f2mica. Aquest projecte va estar liderat pel <strong>Centre de Fonts d&#8217;Energies Renovables i Estalvi de Gr\u00e8cia<\/strong>, i va comptar amb un pressupost global de 2.222.863 euros, cofinan\u00e7at al 85% per la Comissi\u00f3 Europea, a trav\u00e9s del Programa de Cooperaci\u00f3 Transnacional \u2013 MED.<\/p>\n<p>Elx va ser l&#8217;\u00fanic municipi espanyol que va participar en el projecte europeu <strong>IMPULSE<\/strong>, juntament amb l&#8217;<strong>Institut Valenci\u00e0 de l&#8217;Edificaci\u00f3 (IVE), la ciutat d&#8217;Heraklion<\/strong> i el <strong>Centre de Fonts d&#8217;Energies Renovables i Estalvi de Gr\u00e8cia<\/strong>, l&#8217;<strong>Envirobat BDM i l&#8217;Ag\u00e8ncia de Desenvolupament Regional de Proven\u00e7a de Fran\u00e7a<\/strong>; el <strong>municipi de Ravenna a It\u00e0lia; l&#8217;Institut d&#8217;Energia Hrvoje Pozar i la ciutat d&#8217;Osijek de Cro\u00e0cia, i la ciutat de Mostar de B\u00f2snia i Hercegovina<\/strong>.<\/p>\n<p><a href=\"https:\/\/impulse.interreg-med.eu\/\" target=\"_blank\" rel=\"noopener\">IMPULSE PLUS<\/a> \u00e9s un nou projecte, en el qual participa l&#8217;<strong>Ajuntament d&#8217;Elx<\/strong>, que permetr\u00e0 transferir a noves regions i ciutats els principals resultats desenvolupats durant l&#8217;anterior projecte <strong>MED IMPULSE<\/strong>. Aix\u00f2 inclou les eines per a la revisi\u00f3 i el desenvolupament automatitzat de plans de renovaci\u00f3 energ\u00e8tica i la seua an\u00e0lisi financera associada per al parc d&#8217;edificis p\u00fablics.<\/p>\n<p>Aquestes eines seran revisades i adaptades, de manera transnacional i cooperativa, als objectius establits per la UE en el Pacte Verd Europeu i l&#8217;estrat\u00e8gia Renovation Wave, que pretenen duplicar les taxes anuals de renovaci\u00f3 energ\u00e8tica en els pr\u00f2xims deu anys a trav\u00e9s de la necess\u00e0ria renovaci\u00f3 profunda d&#8217;edificis a escala massiva.<\/p>\n<p>El proc\u00e9s de transfer\u00e8ncia permetr\u00e0, d&#8217;una banda, ampliar l&#8217;\u00e0mbit d&#8217;aplicaci\u00f3 de les eines pr\u00e8viament testades en municipis petits i mitjans, a ciutats m\u00e9s grans com<strong> Val\u00e8ncia<\/strong> (Espanya), per\u00f2 tamb\u00e9 estendre la seua funcionalitat de l&#8217;escala local a la regional, amb la participaci\u00f3 de les <strong>regions d&#8217;Emilia Romagna a It\u00e0lia i Gr\u00e8cia Occidental<\/strong>. D&#8217;altra banda, els resultats es transferiran al municipi de Koper a Eslov\u00e8nia, pa\u00eds no involucrat en la fase pr\u00e8via, la qual cosa permetr\u00e0 a altres municipis i regions d&#8217;aquest pa\u00eds fer \u00fas de les eines prenent com a refer\u00e8ncia el municipi de Koper. Finalment, <strong>IMPULSE PLUS<\/strong> permetr\u00e0 millorar i adaptar les eines als requisits establits en el nou per\u00edode de programaci\u00f3 de la UE.[\/vc_column_text][vc_column_text]<strong>Coordinador\/es \u2013\u00a0Coordinator<\/strong><\/p>\n<p><a href=\"http:\/\/www.five.es\/\" target=\"_blank\" rel=\"noopener\">Institut Valenci\u00e0 de l&#8217;Edificaci\u00f3 \/ Valencia Institute of Building \u2013 IVE (Spain)<\/a><\/p>\n<p><strong>Socis \u2013 Partners<\/strong><\/p>\n<ul>\n<li><a href=\"https:\/\/en.art-er.it\/\" target=\"_blank\" rel=\"noopener\">ART-ER \u2013 S. CONS P.A<\/a>(Italy)<\/li>\n<li><a href=\"https:\/\/www.pde.gov.gr\/gr\/index.php\" target=\"_blank\" rel=\"noopener\">Region of Western Greece<\/a>(Greece)<\/li>\n<li><a href=\"https:\/\/canviclimatic.org\/es\/\" target=\"_blank\" rel=\"noopener\">Val\u00e8ncia Clima i Energia \/ Valencia Climate and Energy Foundation<\/a>(Spain)<\/li>\n<li><a href=\"https:\/\/www.rrc-kp.si\/en\/\" target=\"_blank\" rel=\"noopener\">Regional Development Centre Koper<\/a>(Slovenia)<\/li>\n<li><a href=\"https:\/\/www.elche.es\/va\/\" target=\"_blank\" rel=\"noopener\">Elche City Council<\/a>(Spain)<\/li>\n<\/ul>\n<p><strong>Col\u00b7laboradors \u2013 Associated partners<\/strong><\/p>\n<ul>\n<li><a href=\"https:\/\/www.valencia.es\/\" target=\"_blank\" rel=\"noopener\">Valencia City Council<\/a>(Spain)<\/li>\n<li><a href=\"https:\/\/energy-cities.eu\/\" target=\"_blank\" rel=\"noopener\">Energy Cities<\/a><\/li>\n<li><a href=\"https:\/\/habitatge.gva.es\/es\/\" target=\"_blank\" rel=\"noopener\">Vicepresidencia Segunda y Conselleria de Vivienda y Arquitectura Bioclim\u00e1tica<\/a>(Spain)<\/li>\n<li><a href=\"https:\/\/build.clust-er.it\/en\/\" target=\"_blank\" rel=\"noopener\">CLUST-ER BUILD<\/a>(Italy)<\/li>\n<li><a href=\"https:\/\/www.regione.emilia-romagna.it\/en\" target=\"_blank\" rel=\"noopener\">Emilia-Romagna Region<\/a>(Italy)<\/li>\n<li><a href=\"http:\/\/www.e-patras.gr\/\" target=\"_blank\" rel=\"noopener\">Municipality of Patras<\/a>(Greece)<\/li>\n<li><a href=\"https:\/\/www.koper.si\/\" target=\"_blank\" rel=\"noopener\">Municipality of Koper<\/a>(Slovenia)<\/li>\n<\/ul>\n<p><a href=\"https:\/\/cpmr.org\/\" target=\"_blank\" rel=\"noopener\">Conference of Peripheral Maritime Regions<\/a><\/p>\n<p><img loading=\"lazy\" decoding=\"async\" class=\"alignnone size-full wp-image-164903\" src=\"https:\/\/www.elche.es\/wp-content\/uploads\/2021\/10\/logo-impulse.jpg\" alt=\"\" width=\"180\" height=\"66\" \/><\/p>\n<p><strong>Call<\/strong><br \/>\nInterreg MED<\/p>\n<p><strong>Type<\/strong><br \/>\nTransnational Cooperation Projects<\/p>\n<p><strong>Duration<\/strong><br \/>\nIMPULSE PLUS: 03\/2021 \u2013 06\/2022<br \/>\nIMPULSE: 11\/2016 \u2013 07\/2019<\/p>\n<p><strong>Overall Budget<\/strong><br \/>\nIMPULSE PLUS: 499.971 \u20ac<br \/>\nIMPULSE: 2.222.863 \u20ac<\/p>\n<p><strong>Web<\/strong><br \/>\n<a href=\"https:\/\/impulse.interreg-med.eu\/\" target=\"_blank\" rel=\"noopener\">https:\/\/impulse.interreg-med.eu\/<\/a>[\/vc_column_text][vc_empty_space][\/vc_column][\/vc_row][vc_row full_width=&#8221;stretch_row&#8221; css=&#8221;.vc_custom_1475764105820{background-color: #ffffff !important;}&#8221;][vc_column]<div class=\"sc_section\"><div class=\"sc_section_inner\"><\/div><\/div><div class=\"sc_content content_wrap\">[vc_empty_space]<div class=\"columns_wrap sc_columns columns_nofluid sc_columns_count_2 history \"><div class=\"column-1_2 sc_column_item sc_column_item_1 odd first\"><video class=\"sc_video\" src=\"https:\/\/youtube.com\/embed\/KZ26Fi33FHs\" width=\"100%\" height=\"\" data-width=\"100%\" data-height=\"\" data-ratio=\"16:9\" poster=\"https:\/\/i1.ytimg.com\/vi\/KZ26Fi33FHs\/0.jpg\" data-image=\"https:\/\/i1.ytimg.com\/vi\/KZ26Fi33FHs\/0.jpg\" style=\"width:100%;\" autoplay=\"autoplay\" controls=\"controls\" loop=\"loop\"><\/video><\/div><div class=\"column-1_2 sc_column_item sc_column_item_2 even\"><video class=\"sc_video\" src=\"https:\/\/youtube.com\/embed\/KUqxgMJke1s\" width=\"100%\" height=\"\" data-width=\"100%\" data-height=\"\" data-ratio=\"16:9\" poster=\"https:\/\/i1.ytimg.com\/vi\/KUqxgMJke1s\/0.jpg\" data-image=\"https:\/\/i1.ytimg.com\/vi\/KUqxgMJke1s\/0.jpg\" style=\"width:100%;\" autoplay=\"autoplay\" controls=\"controls\" loop=\"loop\"><\/video><\/div><\/div>[vc_empty_space]<\/div>[\/vc_column][\/vc_row]<\/p>\n<\/div>","protected":false},"excerpt":{"rendered":"<p>[vc_row full_width=&#8221;stretch_row&#8221; css=&#8221;.vc_custom_1562929230328{padding-top: 120px !important;padding-right: 120px !important;padding-bottom: 270px !important;padding-left: 120px !important;background-image: url(https:\/\/www.elche.es\/wp-content\/uploads\/2019\/07\/LOGO_ERDF_IMPULSE.jpg?id=96060) !important;background-position: center !important;background-repeat: no-repeat !important;background-size: cover !important;}&#8221; el_id=&#8221;bloque_titulo&#8221;][vc_column][\/vc_column][\/vc_row][vc_row full_width=&#8221;stretch_row&#8221; css=&#8221;.vc_custom_1475484188729{background-color: #dddde0 !important;}&#8221;][vc_column][vc_column_text][\/vc_column_text][\/vc_column][\/vc_row][vc_row full_width=&#8221;stretch_row&#8221; css=&#8221;.vc_custom_1561723247104{padding-top: 10px !important;padding-bottom: 40px !important;}&#8221;][vc_column][vc_custom_heading [&hellip;]<\/p>\n","protected":false},"author":9,"featured_media":0,"parent":0,"menu_order":0,"comment_status":"closed","ping_status":"closed","template":"","meta":{"footnotes":""},"class_list":["post-185102","page","type-page","status-publish","hentry"],"_links":{"self":[{"href":"https:\/\/www.elche.es\/va\/wp-json\/wp\/v2\/pages\/185102","targetHints":{"allow":["GET"]}}],"collection":[{"href":"https:\/\/www.elche.es\/va\/wp-json\/wp\/v2\/pages"}],"about":[{"href":"https:\/\/www.elche.es\/va\/wp-json\/wp\/v2\/types\/page"}],"author":[{"embeddable":true,"href":"https:\/\/www.elche.es\/va\/wp-json\/wp\/v2\/users\/9"}],"replies":[{"embeddable":true,"href":"https:\/\/www.elche.es\/va\/wp-json\/wp\/v2\/comments?post=185102"}],"version-history":[{"count":0,"href":"https:\/\/www.elche.es\/va\/wp-json\/wp\/v2\/pages\/185102\/revisions"}],"wp:attachment":[{"href":"https:\/\/www.elche.es\/va\/wp-json\/wp\/v2\/media?parent=185102"}],"curies":[{"name":"wp","href":"https:\/\/api.w.org\/{rel}","templated":true}]}}