{"id":185116,"date":"2022-02-22T13:34:53","date_gmt":"2022-02-22T12:34:53","guid":{"rendered":"https:\/\/www.elche.es\/impulse\/contacte-impulse\/"},"modified":"2022-02-22T13:52:10","modified_gmt":"2022-02-22T12:52:10","slug":"contacte-impulse","status":"publish","type":"page","link":"https:\/\/www.elche.es\/va\/impulse\/contacte-impulse\/","title":{"rendered":"Contacte Impulse"},"content":{"rendered":"<div class=\"wpb-content-wrapper\"><p>[vc_row full_width=&#8221;stretch_row&#8221; css=&#8221;.vc_custom_1475484188729{background-color: #dddde0 !important;}&#8221;][vc_column][vc_column_text]<nav aria-label=\"breadcrumbs\">\n            <div class=\"breadcrumb-container theme1\">\n                <ol>\n                                    <\/ol>\n            <\/div>\n        <\/nav>    <script type=\"application\/ld+json\">\n        {\n            \"@context\": \"http:\/\/schema.org\",\n            \"@type\": \"BreadcrumbList\",\n            \"itemListElement\": [\n                            ]\n        }\n    <\/script>\n    <style type=\"text\/css\">\n        .breadcrumb-container {\n            font-size: 13px;\n        }\n\n        .breadcrumb-container ul {\n            margin: 0;\n            padding: 0;\n        }\n\n        .breadcrumb-container li {\n            box-sizing: unset;\n            display: inline-block;\n            margin: 0;\n            padding: 0;\n        }\n\n        .breadcrumb-container li a {\n            box-sizing: unset;\n            padding: 0 10px;\n        }\n\n        .breadcrumb-container {\n            font-size: 3 !important;\n                    }\n\n        .breadcrumb-container li a {\n            color: #0a0a0a !important;\n            font-size: 3 !important;\n            line-height: 3 !important;\n                    }\n\n        .breadcrumb-container li .separator {\n            font-size: 3 !important;\n                    }\n\n        .breadcrumb-container li:last-child .separator {\n            display: none;\n        }\n    <\/style>\n    <style type=\"text\/css\">\n        .breadcrumb-container.theme1 li {\n            margin: 0;\n            padding: 0;\n        }\n        .breadcrumb-container.theme1 a {\n            background: ;\n            display: inline-block;\n            margin: 0 5px;\n            padding: 5px 10px;\n            text-decoration: none;\n        }\n    <\/style>\n        <style type=\"text\/css\">\n            <\/style>\n    <script>\n            <\/script>\n[\/vc_column_text][\/vc_column][\/vc_row][vc_row full_width=&#8221;stretch_row&#8221; css=&#8221;.vc_custom_1561723307814{padding-top: 10px !important;padding-bottom: 40px !important;}&#8221;][vc_column][vc_custom_heading text=&#8221;IMPULSE&#8221; font_container=&#8221;tag:h2|text_align:center|color:%23d8d8d8&#8243; google_fonts=&#8221;font_family:Ubuntu%3A300%2C300italic%2Cregular%2Citalic%2C500%2C500italic%2C700%2C700italic|font_style:700%20bold%20regular%3A700%3Anormal&#8221; css=&#8221;.vc_custom_1561723324784{padding-top: 15px !important;}&#8221; el_class=&#8221;sombraTitulo&#8221;]<div class=\"columns_wrap sc_columns columns_nofluid sc_columns_count_4\"><div class=\"column-1_4 sc_column_item sc_column_item_1 odd first\"><a href=\"https:\/\/www.elche.es\/impulse\/impulse-gis\/\" class=\"sc_button sc_button_round sc_button_style_filled style_original sc_button_size_large aligncenter\" style=\"padding-top: 90px; padding-right: 20px; padding-bottom: 10px; padding-left: 20px; font-size: 18px;height:100px;\">SIG-LOCALITZACI\u00d3 DELS PROJECTES<\/a><\/div><div class=\"column-1_4 sc_column_item sc_column_item_2 even\"><a href=\"https:\/\/www.elche.es\/impulse\/documentacion-impulse\/\" class=\"sc_button sc_button_round sc_button_style_filled style_original sc_button_size_large aligncenter\" style=\"padding-top: 90px; padding-right: 20px; padding-bottom: 10px; padding-left: 20px; font-size: 18px;height:100px;\">DOCUMENTACI\u00d3<\/a><\/div><div class=\"column-1_4 sc_column_item sc_column_item_3 odd\"><a href=\"https:\/\/www.elche.es\/impulse\/contacto-impulse\/\" class=\"sc_button sc_button_round sc_button_style_filled style_original sc_button_size_large aligncenter\" style=\"padding-top: 90px; padding-right: 20px; padding-bottom: 10px; padding-left: 20px; font-size: 18px;height:100px;\">REBRE INFORMACI\u00d3<\/a><\/div><div class=\"column-1_4 sc_column_item sc_column_item_4 even\"><a href=\"https:\/\/www.elche.es\/impulse\/ponencias-jornada-impulse\/\" class=\"sc_button sc_button_round sc_button_style_filled style_original sc_button_size_large aligncenter\" style=\"padding-top: 90px; padding-right: 20px; padding-bottom: 10px; padding-left: 20px; font-size: 18px;height:100px;\">PON\u00c8NCIES DE LA JORNADA. 4 DE JULIOL<\/a><\/div><\/div>[vc_empty_space][vc_column_text]\n<div class=\"wpcf7 no-js\" id=\"wpcf7-f95104-o1\" lang=\"es-ES\" dir=\"ltr\" data-wpcf7-id=\"95104\">\n<div class=\"screen-reader-response\"><p role=\"status\" aria-live=\"polite\" aria-atomic=\"true\"><\/p> <ul><\/ul><\/div>\n<form action=\"\/va\/wp-json\/wp\/v2\/pages\/185116#wpcf7-f95104-o1\" method=\"post\" class=\"wpcf7-form init\" aria-label=\"Formulario de contacto\" novalidate=\"novalidate\" data-status=\"init\">\n<div style=\"display: none;\">\n<input type=\"hidden\" name=\"_wpcf7\" value=\"95104\" \/>\n<input type=\"hidden\" name=\"_wpcf7_version\" value=\"6.0.6\" \/>\n<input type=\"hidden\" name=\"_wpcf7_locale\" value=\"es_ES\" \/>\n<input type=\"hidden\" name=\"_wpcf7_unit_tag\" value=\"wpcf7-f95104-o1\" \/>\n<input type=\"hidden\" name=\"_wpcf7_container_post\" value=\"0\" \/>\n<input type=\"hidden\" name=\"_wpcf7_posted_data_hash\" value=\"\" \/>\n<\/div>\n<p><label> Nombre y apellidos (requerido)\/Nom i cognoms (requerit)<br \/>\n<span class=\"wpcf7-form-control-wrap\" data-name=\"your-name\"><input size=\"40\" maxlength=\"400\" class=\"wpcf7-form-control wpcf7-text wpcf7-validates-as-required\" aria-required=\"true\" aria-invalid=\"false\" value=\"\" type=\"text\" name=\"your-name\" \/><\/span> <\/label>\n<\/p>\n<p><label> Correo electr\u00f3nico\/Correu electr\u00f2nic (requerido)<br \/>\n<span class=\"wpcf7-form-control-wrap\" data-name=\"your-email\"><input size=\"40\" maxlength=\"400\" class=\"wpcf7-form-control wpcf7-email wpcf7-validates-as-required wpcf7-text wpcf7-validates-as-email\" aria-required=\"true\" aria-invalid=\"false\" value=\"\" type=\"email\" name=\"your-email\" \/><\/span> <\/label>\n<\/p>\n<p><label> Pa\u00eds<br \/>\n<span class=\"wpcf7-form-control-wrap\" data-name=\"pais\"><input size=\"40\" maxlength=\"400\" class=\"wpcf7-form-control wpcf7-text\" aria-invalid=\"false\" value=\"\" type=\"text\" name=\"pais\" \/><\/span> <\/label>\n<\/p>\n<p><label> Provincia<br \/>\n<span class=\"wpcf7-form-control-wrap\" data-name=\"provincia\"><input size=\"40\" maxlength=\"400\" class=\"wpcf7-form-control wpcf7-text\" aria-invalid=\"false\" value=\"\" type=\"text\" name=\"provincia\" \/><\/span> <\/label>\n<\/p>\n<p><label> Ciudad\/Ciutat<br \/>\n<span class=\"wpcf7-form-control-wrap\" data-name=\"ciudad\"><input size=\"40\" maxlength=\"400\" class=\"wpcf7-form-control wpcf7-text\" aria-invalid=\"false\" value=\"\" type=\"text\" name=\"ciudad\" \/><\/span> <\/label>\n<\/p>\n<p><span class=\"wpcf7-form-control-wrap\" data-name=\"Tipodeparticipacin\"><select class=\"wpcf7-form-control wpcf7-select wpcf7-validates-as-required\" aria-required=\"true\" aria-invalid=\"false\" name=\"Tipodeparticipacin\"><option value=\"Experto externo\/Expert extern\">Experto externo\/Expert extern<\/option><option value=\"Beneficiario final del proyecto\/Beneficiari del projecte\">Beneficiario final del proyecto\/Beneficiari del projecte<\/option><option value=\"Responsable\/Responsable\">Responsable\/Responsable<\/option><option value=\"Otro\/Un altre\">Otro\/Un altre<\/option><\/select><\/span>\n<\/p>\n<p><label> Si ha indicado \"otro\", precisar\/Si ha indicat \"un altre\", especifique<br \/>\n<span class=\"wpcf7-form-control-wrap\" data-name=\"precisar\"><input size=\"40\" maxlength=\"400\" class=\"wpcf7-form-control wpcf7-text\" aria-invalid=\"false\" value=\"\" type=\"text\" name=\"precisar\" \/><\/span> <\/label>\n<\/p>\n<p><label> De conformidad con la ley Org\u00e1nica 15\/1999, de 13 de diciembre, de protecci\u00f3n de datos de car\u00e1cter personal (LOPD), y su reglamento de desarrollo, aprobado por Real Decreto 1720\/2007, de 21 de diciembre, te informamos que tus datos de car\u00e1cter personal que facilitas en este formulario se incorporar\u00e1n a un fichero debidamente inscrito el responsable del cual es el Ajuntament d'Elx, con la finalidad de gestionar la informaci\u00f3n requerida. Podr\u00e1s ejercer en cualquier momento tus derechos de acceso, rectificaci\u00f3n, cancelaci\u00f3n y oposici\u00f3ndirigi\u00e9ndote por escrito a la direcci\u00f3n electr\u00f3nica mediambient@elche.es.<br \/>\nDe conformitat amb la llei Org\u00e0nica 15\/1999, de 13 de desembre, de protecci\u00f3 de dades de car\u00e0cter personal (LOPD), i el seu reglament de desenvolupament, aprovat per Reial Decret 1720\/2007, de 21 de desembre, t'informem que les teues dades de car\u00e0cter personal que facilites en aquest formulari s'incorporaran a un fitxer degudament inscrit, el responsable del qual \u00e9s l'Ajuntament d'Elx, amb la finaltiat de gestionar la informaci\u00f3 requerida. Podr\u00e0s exercir en qualsevol moment els teus drets d'acc\u00e9s, rectificaci\u00f3, cancel\u00b7laci\u00f3 i oposici\u00f3 dirigint-te per escrit a la l'adre\u00e7a electr\u00f2nica mediambient@elche.es <\/label>\n<\/p>\n<p><span class=\"wpcf7-form-control-wrap\" data-name=\"Conozcoyaceptolasnormasdelaconsulta\"><span class=\"wpcf7-form-control wpcf7-acceptance\"><span class=\"wpcf7-list-item\"><input type=\"checkbox\" name=\"Conozcoyaceptolasnormasdelaconsulta\" value=\"1\" aria-invalid=\"false\" \/><\/span><\/span><\/span><label> Conozco y acepto las normas de la consulta (requerido)\/Conec i accepte les normes de la consulta (requerit)<br \/>\n<\/label>\n<\/p>\n<p><input class=\"wpcf7-form-control wpcf7-submit has-spinner\" type=\"submit\" value=\"Enviar\" \/>\n<\/p><div class=\"wpcf7-response-output\" aria-hidden=\"true\"><\/div>\n<\/form>\n<\/div>\n[\/vc_column_text][vc_empty_space][\/vc_column][\/vc_row][vc_row full_width=&#8221;stretch_row&#8221; css=&#8221;.vc_custom_1469617963813{padding-bottom: 40px !important;background-color: #fffcfc !important;}&#8221;][vc_column][\/vc_column][\/vc_row]<\/p>\n<\/div>","protected":false},"excerpt":{"rendered":"<p>[vc_row full_width=&#8221;stretch_row&#8221; css=&#8221;.vc_custom_1475484188729{background-color: #dddde0 !important;}&#8221;][vc_column][vc_column_text][\/vc_column_text][\/vc_column][\/vc_row][vc_row full_width=&#8221;stretch_row&#8221; css=&#8221;.vc_custom_1561723307814{padding-top: 10px !important;padding-bottom: 40px !important;}&#8221;][vc_column][vc_custom_heading text=&#8221;IMPULSE&#8221; font_container=&#8221;tag:h2|text_align:center|color:%23d8d8d8&#8243; google_fonts=&#8221;font_family:Ubuntu%3A300%2C300italic%2Cregular%2Citalic%2C500%2C500italic%2C700%2C700italic|font_style:700%20bold%20regular%3A700%3Anormal&#8221; css=&#8221;.vc_custom_1561723324784{padding-top: 15px !important;}&#8221; el_class=&#8221;sombraTitulo&#8221;][vc_empty_space][vc_column_text][\/vc_column_text][vc_empty_space][\/vc_column][\/vc_row][vc_row full_width=&#8221;stretch_row&#8221; css=&#8221;.vc_custom_1469617963813{padding-bottom: 40px !important;background-color: #fffcfc !important;}&#8221;][vc_column][\/vc_column][\/vc_row]<\/p>\n","protected":false},"author":9,"featured_media":0,"parent":185102,"menu_order":0,"comment_status":"closed","ping_status":"closed","template":"","meta":{"footnotes":""},"class_list":["post-185116","page","type-page","status-publish","hentry"],"_links":{"self":[{"href":"https:\/\/www.elche.es\/va\/wp-json\/wp\/v2\/pages\/185116","targetHints":{"allow":["GET"]}}],"collection":[{"href":"https:\/\/www.elche.es\/va\/wp-json\/wp\/v2\/pages"}],"about":[{"href":"https:\/\/www.elche.es\/va\/wp-json\/wp\/v2\/types\/page"}],"author":[{"embeddable":true,"href":"https:\/\/www.elche.es\/va\/wp-json\/wp\/v2\/users\/9"}],"replies":[{"embeddable":true,"href":"https:\/\/www.elche.es\/va\/wp-json\/wp\/v2\/comments?post=185116"}],"version-history":[{"count":0,"href":"https:\/\/www.elche.es\/va\/wp-json\/wp\/v2\/pages\/185116\/revisions"}],"up":[{"embeddable":true,"href":"https:\/\/www.elche.es\/va\/wp-json\/wp\/v2\/pages\/185102"}],"wp:attachment":[{"href":"https:\/\/www.elche.es\/va\/wp-json\/wp\/v2\/media?parent=185116"}],"curies":[{"name":"wp","href":"https:\/\/api.w.org\/{rel}","templated":true}]}}