{"id":185165,"date":"2022-02-22T14:28:36","date_gmt":"2022-02-22T13:28:36","guid":{"rendered":"https:\/\/www.elche.es\/impulse\/ponencies-jornada-impulse\/"},"modified":"2022-02-22T14:39:31","modified_gmt":"2022-02-22T13:39:31","slug":"ponencies-jornada-impulse","status":"publish","type":"page","link":"https:\/\/www.elche.es\/va\/impulse\/ponencies-jornada-impulse\/","title":{"rendered":"Pon\u00e8ncies jornada IMPULSE"},"content":{"rendered":"<div class=\"wpb-content-wrapper\"><p>[vc_row full_width=&#8221;stretch_row&#8221; css=&#8221;.vc_custom_1475484188729{background-color: #dddde0 !important;}&#8221;][vc_column][vc_column_text]<nav aria-label=\"breadcrumbs\">\n            <div class=\"breadcrumb-container theme1\">\n                <ol>\n                                    <\/ol>\n            <\/div>\n        <\/nav>    <script type=\"application\/ld+json\">\n        {\n            \"@context\": \"http:\/\/schema.org\",\n            \"@type\": \"BreadcrumbList\",\n            \"itemListElement\": [\n                            ]\n        }\n    <\/script>\n    <style type=\"text\/css\">\n        .breadcrumb-container {\n            font-size: 13px;\n        }\n\n        .breadcrumb-container ul {\n            margin: 0;\n            padding: 0;\n        }\n\n        .breadcrumb-container li {\n            box-sizing: unset;\n            display: inline-block;\n            margin: 0;\n            padding: 0;\n        }\n\n        .breadcrumb-container li a {\n            box-sizing: unset;\n            padding: 0 10px;\n        }\n\n        .breadcrumb-container {\n            font-size: 3 !important;\n                    }\n\n        .breadcrumb-container li a {\n            color: #0a0a0a !important;\n            font-size: 3 !important;\n            line-height: 3 !important;\n                    }\n\n        .breadcrumb-container li .separator {\n            font-size: 3 !important;\n                    }\n\n        .breadcrumb-container li:last-child .separator {\n            display: none;\n        }\n    <\/style>\n    <style type=\"text\/css\">\n        .breadcrumb-container.theme1 li {\n            margin: 0;\n            padding: 0;\n        }\n        .breadcrumb-container.theme1 a {\n            background: ;\n            display: inline-block;\n            margin: 0 5px;\n            padding: 5px 10px;\n            text-decoration: none;\n        }\n    <\/style>\n        <style type=\"text\/css\">\n            <\/style>\n    <script>\n            <\/script>\n[\/vc_column_text][\/vc_column][\/vc_row][vc_row full_width=&#8221;stretch_row&#8221; css=&#8221;.vc_custom_1561723307814{padding-top: 10px !important;padding-bottom: 40px !important;}&#8221;][vc_column][vc_custom_heading text=&#8221;Pon\u00e8ncies de la jornada. 4 de juliol&#8221; font_container=&#8221;tag:h2|text_align:center|color:%23d8d8d8&#8243; google_fonts=&#8221;font_family:Ubuntu%3A300%2C300italic%2Cregular%2Citalic%2C500%2C500italic%2C700%2C700italic|font_style:700%20bold%20regular%3A700%3Anormal&#8221; css=&#8221;.vc_custom_1562323729490{padding-top: 15px !important;}&#8221; el_class=&#8221;sombraTitulo&#8221;]<div class=\"columns_wrap sc_columns columns_nofluid sc_columns_count_4\"><div class=\"column-1_4 sc_column_item sc_column_item_1 odd first\"><a href=\"https:\/\/www.elche.es\/impulse\/impulse-gis\/\" class=\"sc_button sc_button_round sc_button_style_filled style_original sc_button_size_large aligncenter\" style=\"padding-top: 90px; padding-right: 20px; padding-bottom: 10px; padding-left: 20px; font-size: 18px;height:100px;\">SIG-LOCALITZACI\u00d3 DELS PROJECTES<\/a><\/div><div class=\"column-1_4 sc_column_item sc_column_item_2 even\"><a href=\"https:\/\/www.elche.es\/impulse\/documentacion-impulse\/\" class=\"sc_button sc_button_round sc_button_style_filled style_original sc_button_size_large aligncenter\" style=\"padding-top: 90px; padding-right: 20px; padding-bottom: 10px; padding-left: 20px; font-size: 18px;height:100px;\">DOCUMENTACI\u00d3<\/a><\/div><div class=\"column-1_4 sc_column_item sc_column_item_3 odd\"><a href=\"https:\/\/www.elche.es\/impulse\/contacto-impulse\/\" class=\"sc_button sc_button_round sc_button_style_filled style_original sc_button_size_large aligncenter\" style=\"padding-top: 90px; padding-right: 20px; padding-bottom: 10px; padding-left: 20px; font-size: 18px;height:100px;\">REBRE INFORMACI\u00d3<\/a><\/div><div class=\"column-1_4 sc_column_item sc_column_item_4 even\"><a href=\"https:\/\/www.elche.es\/impulse\/ponencias-jornada-impulse\/\" class=\"sc_button sc_button_round sc_button_style_filled style_original sc_button_size_large aligncenter\" style=\"padding-top: 90px; padding-right: 20px; padding-bottom: 10px; padding-left: 20px; font-size: 18px;height:100px;\">PON\u00c8NCIES DE LA JORNADA. 4 DE JULIOL<\/a><\/div><\/div>[vc_empty_space][vc_empty_space]\r\n        <p>\r\n        <span class=\"enlaces-titulo\"> 1. Beneficis de les eines IMPULSE per als ajuntaments. L'exemple d'Elx <\/span> <span><a class=\"enlaces-link\" href=\"https:\/\/www.elche.es\/wp-content\/uploads\/2019\/07\/01_CON_1.pdf \">Veure enlla\u00e7<\/a><\/span>\r\n        <br>\r\n        <span class=\"enlaces-descripcion\">Juan Carlos Aranda. Coordinador de l'\u00c0rea de Sostenibilitat. Ajuntament d'Elx<\/span>\r\n        <\/p>\r\n        <hr class=\"enlaces-separador\">\r\n        \r\n        <p>\r\n        <span class=\"enlaces-titulo\"> 2. Projecte IMPULSE: Com abordar la planificaci\u00f3 de la rehabilitaci\u00f3 energ\u00e8tica d'edificis p\u00fablics mitjan\u00e7ant la metodologia IMPULSE <\/span> <span><a class=\"enlaces-link\" href=\"https:\/\/www.elche.es\/wp-content\/uploads\/2019\/07\/02_CON_1.pdf \">Veure enlla\u00e7<\/a><\/span>\r\n        <br>\r\n        <span class=\"enlaces-descripcion\">Miriam Navarro Escudero. Coordinadora \u00c0rea I+D+i internacional. Institut Valenci\u00e0 de l'Edificaci\u00f3<\/span>\r\n        <\/p>\r\n        <hr class=\"enlaces-separador\">\r\n        \r\n        <p>\r\n        <span class=\"enlaces-titulo\"> 3. Lluita contra el canvi clim\u00e0tic. Efici\u00e8ncia energ\u00e8tica en edificis p\u00fablics. Plans de millora: elaboraci\u00f3, implementaci\u00f3 i monitoratge <\/span> <span><a class=\"enlaces-link\" href=\"https:\/\/www.elche.es\/wp-content\/uploads\/2019\/07\/03_CON_1.pdf \">Veure enlla\u00e7<\/a><\/span>\r\n        <br>\r\n        <span class=\"enlaces-descripcion\">Vera Valero. Institut Valenci\u00e0 de l'Edificaci\u00f3<\/span>\r\n        <\/p>\r\n        <hr class=\"enlaces-separador\">\r\n        \r\n        <p>\r\n        <span class=\"enlaces-titulo\"> 4. Projecte MEDNICE: Efici\u00e8ncia Energ\u00e8tica d'edificis p\u00fablics al Mediterrani <\/span> <span><a class=\"enlaces-link\" href=\"https:\/\/www.elche.es\/wp-content\/uploads\/2019\/07\/04_CON_1.pdf \">Veure enlla\u00e7<\/a><\/span>\r\n        <br>\r\n        <span class=\"enlaces-descripcion\">Ram\u00f3n Pascual. Institut Recerca en Energ\u00eda de Catalunya (IREC)<\/span>\r\n        <\/p>\r\n        <hr class=\"enlaces-separador\">\r\n        \r\n        <p>\r\n        <span class=\"enlaces-titulo\"> 5. Efici\u00e8ncia energ\u00e8tica en edificis p\u00fablics. Plans de millora: Elaboraci\u00f3, Implementaci\u00f3 i Monitoratge <\/span> <span><a class=\"enlaces-link\" href=\"https:\/\/www.elche.es\/wp-content\/uploads\/2019\/07\/05_CON_1.pdf \">Veure enlla\u00e7<\/a><\/span>\r\n        <br>\r\n        <span class=\"enlaces-descripcion\">Pedro G. Vicente Quiles. Vicerrector d'Infraestructuras de la UMH<\/span>\r\n        <\/p>\r\n        <hr class=\"enlaces-separador\">\r\n        \r\n        <p>\r\n        <span class=\"enlaces-titulo\"> 6. Confer\u00e8ncia IMPULSE: El pacte dels alcaldes a la prov\u00edncia d'Alacant <\/span> <span><a class=\"enlaces-link\" href=\"https:\/\/www.elche.es\/wp-content\/uploads\/2019\/07\/06_Conferencia-IMPULSE_Inma-Serrano_El-Pacto-de-los-alcaldes-en-la-provincia-de-Alicante.pdf \">Veure enlla\u00e7<\/a><\/span>\r\n        <br>\r\n        <span class=\"enlaces-descripcion\">Inma Serrano Ant\u00f3n. Arquitecta de l'Ag\u00e8ncia Provincial de l'Energia d'Alacant<\/span>\r\n        <\/p>\r\n        <hr class=\"enlaces-separador\">\r\n        \r\n        <p>\r\n        <span class=\"enlaces-titulo\"> 7. Ciutats pel clima. Reptes imminents <\/span> <span><a class=\"enlaces-link\" href=\"https:\/\/www.elche.es\/wp-content\/uploads\/2019\/07\/07_Conferencia-IMPULSE_Roberto-Bermell_Ciuidades-por-el-Clima_Retos-inminentes.pdf \">Veure enlla\u00e7<\/a><\/span>\r\n        <br>\r\n        <span class=\"enlaces-descripcion\">Roberto Bermell Meli\u00e1. Federaci\u00f3 Valenciana de Municipis i Prov\u00edncies<\/span>\r\n        <\/p>\r\n        <hr class=\"enlaces-separador\">\r\n        \r\n        <p>\r\n        <span class=\"enlaces-titulo\"> 8. Possibilitats d'Elx en energies renovables <\/span> <span><a class=\"enlaces-link\" href=\"https:\/\/www.elche.es\/wp-content\/uploads\/2019\/07\/08_CON_1.pdf \">Veure enlla\u00e7<\/a><\/span>\r\n        <br>\r\n        <span class=\"enlaces-descripcion\">Cayetano Hern\u00e1ndez Gonz\u00e1lez. Consultor en energies renovables<\/span>\r\n        <\/p>\r\n        <hr class=\"enlaces-separador\">\r\n        [\/vc_column][\/vc_row][vc_row full_width=&#8221;stretch_row&#8221; css=&#8221;.vc_custom_1469617963813{padding-bottom: 40px !important;background-color: #fffcfc !important;}&#8221;][vc_column][\/vc_column][\/vc_row]<\/p>\n<\/div>","protected":false},"excerpt":{"rendered":"<p>[vc_row full_width=&#8221;stretch_row&#8221; css=&#8221;.vc_custom_1475484188729{background-color: #dddde0 !important;}&#8221;][vc_column][vc_column_text][\/vc_column_text][\/vc_column][\/vc_row][vc_row full_width=&#8221;stretch_row&#8221; css=&#8221;.vc_custom_1561723307814{padding-top: 10px !important;padding-bottom: 40px !important;}&#8221;][vc_column][vc_custom_heading text=&#8221;Pon\u00e8ncies de la jornada. 4 de juliol&#8221; font_container=&#8221;tag:h2|text_align:center|color:%23d8d8d8&#8243; google_fonts=&#8221;font_family:Ubuntu%3A300%2C300italic%2Cregular%2Citalic%2C500%2C500italic%2C700%2C700italic|font_style:700%20bold%20regular%3A700%3Anormal&#8221; css=&#8221;.vc_custom_1562323729490{padding-top: 15px !important;}&#8221; el_class=&#8221;sombraTitulo&#8221;][vc_empty_space][vc_empty_space][\/vc_column][\/vc_row][vc_row full_width=&#8221;stretch_row&#8221; css=&#8221;.vc_custom_1469617963813{padding-bottom: 40px !important;background-color: #fffcfc !important;}&#8221;][vc_column][\/vc_column][\/vc_row]<\/p>\n","protected":false},"author":9,"featured_media":0,"parent":185102,"menu_order":0,"comment_status":"closed","ping_status":"closed","template":"","meta":{"footnotes":""},"class_list":["post-185165","page","type-page","status-publish","hentry"],"_links":{"self":[{"href":"https:\/\/www.elche.es\/va\/wp-json\/wp\/v2\/pages\/185165","targetHints":{"allow":["GET"]}}],"collection":[{"href":"https:\/\/www.elche.es\/va\/wp-json\/wp\/v2\/pages"}],"about":[{"href":"https:\/\/www.elche.es\/va\/wp-json\/wp\/v2\/types\/page"}],"author":[{"embeddable":true,"href":"https:\/\/www.elche.es\/va\/wp-json\/wp\/v2\/users\/9"}],"replies":[{"embeddable":true,"href":"https:\/\/www.elche.es\/va\/wp-json\/wp\/v2\/comments?post=185165"}],"version-history":[{"count":0,"href":"https:\/\/www.elche.es\/va\/wp-json\/wp\/v2\/pages\/185165\/revisions"}],"up":[{"embeddable":true,"href":"https:\/\/www.elche.es\/va\/wp-json\/wp\/v2\/pages\/185102"}],"wp:attachment":[{"href":"https:\/\/www.elche.es\/va\/wp-json\/wp\/v2\/media?parent=185165"}],"curies":[{"name":"wp","href":"https:\/\/api.w.org\/{rel}","templated":true}]}}