{"id":185250,"date":"2022-02-23T09:49:31","date_gmt":"2022-02-23T08:49:31","guid":{"rendered":"https:\/\/www.elche.es\/politica-de-cookies\/"},"modified":"2023-02-14T12:59:54","modified_gmt":"2023-02-14T11:59:54","slug":"politica-de-cookies","status":"publish","type":"page","link":"https:\/\/www.elche.es\/va\/politica-de-cookies\/","title":{"rendered":"Pol\u00edtica de Cookies"},"content":{"rendered":"<div class=\"wpb-content-wrapper\"><p>[vc_row][vc_column][vc_column_text]<\/p>\n<p><b>Pol\u00edtica de <em>Cookies<\/em><\/b><\/p>\n<section class=\"page-content page-cms page-cms-7\">En compliment de l&#8217;article 22 de la Llei 34\/2002, d&#8217;11 de juliol, de serveis de la societat de la informaci\u00f3 i de comer\u00e7 electr\u00f2nic (d&#8217;ara en avant, LSSI), en relaci\u00f3 amb el Reglament (UE) 2016\/679 del Parlament Europeu i del Consell, de 27 d&#8217;abril de 2016, General de Protecci\u00f3 de Dades (RGPD) i la Llei org\u00e0nica 3\/2018, de 5 de desembre, de Protecci\u00f3 de Dades i garantia dels drets digitals (LOPDGDD) a continuaci\u00f3 t&#8217;informem quines <em>cookies<\/em> utilitzem i com eliminar-les.<br \/>\n<strong>Qu\u00e8 s\u00f3n les <em>cookies<\/em>?<\/strong><br \/>\nSegons l&#8217;art. 22.2 de la LSSI els prestadors de serveis podran utilitzar dispositius d&#8217;emmagatzematge i de recuperaci\u00f3 de dades en equips terminals dels destinataris, a condici\u00f3 que aquests hagen donat el seu consentiment despr\u00e9s que se&#8217;ls haja facilitat informaci\u00f3 clara i completa sobre la seua utilitzaci\u00f3. Tot aix\u00f2 es refereix a la utilitzaci\u00f3 de <em>cookies<\/em> i de tecnologies similars utilitzades (com ara local <em>shared objects<\/em> o flaix <em>cookies,<\/em> web <em>beacons<\/em> o <em>bugs<\/em>, etc.) per a emmagatzemar i recuperar dades d&#8217;un equip terminal (per exemple, un ordinador, un tel\u00e8fon m\u00f2bil o una tauleta) d&#8217;una persona f\u00edsica o jur\u00eddica que utilitza, siga o no per motius professionals, un servei de la societat de la informaci\u00f3. El considerant 30 del RGPD indica que les persones f\u00edsiques poden ser associades a identificadors en l\u00ednia facilitats pels seus dispositius, aplicacions, eines i protocols, com ara adreces dels protocols d&#8217;internet, identificadors de sessi\u00f3 en forma de \u00abcookies\u00bb o d&#8217;altres identificadors, com a etiquetes d&#8217;identificaci\u00f3 per radiofreq\u00fc\u00e8ncia. Aix\u00f2 pot deixar petjades que, en particular, en ser combinades amb identificadors \u00fanics i amb altres dades rebudes pels servidors, poden ser utilitzades per a elaborar perfils de les persones f\u00edsiques i identificar-les. S&#8217;esmenten aquestes tecnologies i el seu impacte en la protecci\u00f3 de dades.<br \/>\nAquest lloc web utilitza<em> cookies<\/em> i\/o tecnologies similars que emmagatzemen i recuperen informaci\u00f3 quan navegues. En general, aquestes tecnologies poden servir per a finalitats molt diverses, com, per exemple, recon\u00e9ixer-te com a usuari, obtindre informaci\u00f3 sobre els teus h\u00e0bits de navegaci\u00f3, o personalitzar la forma en qu\u00e8 es mostra el contingut. Els usos concrets que fem d&#8217;aquestes tecnologies es descriuen a continuaci\u00f3.<br \/>\n<strong>En principi t&#8217;expliquem quines s\u00f3n les <em>cookies<\/em> segons la seua funci\u00f3:<\/strong><\/section>\n<section class=\"page-content page-cms page-cms-7\">\n<table style=\"width: 100%;\" border=\"1\" width=\"100%\" cellspacing=\"0\" cellpadding=\"0\">\n<tbody>\n<tr>\n<td style=\"width: 99.855%;\" colspan=\"2\" valign=\"top\"><strong><em>COOKIES<\/em> SEGONS EL TERMINI DE TEMPS<\/strong><\/td>\n<\/tr>\n<tr>\n<td style=\"width: 22.8426%;\" valign=\"top\" width=\"151\"><em>COOKIES<\/em> DE SESSI\u00d3<\/td>\n<td style=\"width: 77.0123%;\" valign=\"top\" width=\"539\">S\u00f3n <em>cookies<\/em> dissenyades per a recaptar i emmagatzemar dades mentre l&#8217;usuari accedeix a una p\u00e0gina web. Se solen emprar per a emmagatzemar informaci\u00f3 que nom\u00e9s interessa conservar per a la prestaci\u00f3 del servei sol\u00b7licitat per l&#8217;usuari en una sola ocasi\u00f3.<\/td>\n<\/tr>\n<tr>\n<td style=\"width: 22.8426%;\" valign=\"top\" width=\"151\"><em>COOKIES<\/em> PERSISTENTS<\/td>\n<td style=\"width: 77.0123%;\" valign=\"top\">S\u00f3n un tipus de<em> cookies<\/em> en les quals les dades segueixen emmagatzemades al terminal i a les quals es pot accedir i tractar durant un per\u00edode definit pel responsable de la <em>cookie<\/em>, i que pot anar d&#8217;uns minuts a diversos anys.<\/td>\n<\/tr>\n<tr>\n<td style=\"width: 99.855%;\" colspan=\"2\" valign=\"top\"><strong><em>COOKIES<\/em> SEGONS L&#8217;ENTITAT QUE LES GESTIONE<\/strong><\/td>\n<\/tr>\n<tr>\n<td style=\"width: 22.8426%;\" valign=\"top\" width=\"151\"><em>COOKIES<\/em> PR\u00d2PIES<\/td>\n<td style=\"width: 77.0123%;\" valign=\"top\">S\u00f3n aquelles que s&#8217;envien a l&#8217;equip terminal de l&#8217;usuari des d&#8217;un equip o domini gestionat pel propi editor i des del qual es presta el servei sol\u00b7licitat per l&#8217;usuari.<\/td>\n<\/tr>\n<tr>\n<td style=\"width: 22.8426%;\" valign=\"top\" width=\"151\"><em>COOKIES<\/em> DE TERCERS<\/td>\n<td style=\"width: 77.0123%;\" valign=\"top\">S\u00f3n aquelles que s&#8217;envien a l&#8217;equip terminal de l&#8217;usuari des d&#8217;un equip o domini que no \u00e9s gestionat per l&#8217;editor, sin\u00f3 per una altra entitat que tracta les dades obtingudes trav\u00e9s de les <em>cookies<\/em>.<\/td>\n<\/tr>\n<tr>\n<td style=\"width: 99.855%;\" colspan=\"2\" valign=\"top\"><strong><em>COOKIES<\/em> SEGONS FINALITAT<\/strong><\/td>\n<\/tr>\n<tr>\n<td style=\"width: 22.8426%;\" valign=\"top\" width=\"151\"><em>COOKIES<\/em> T\u00c8CNIQUES<\/td>\n<td style=\"width: 77.0123%;\" valign=\"top\">S\u00f3n aquelles que permeten a l&#8217;usuari la navegaci\u00f3 a trav\u00e9s d&#8217;una p\u00e0gina web, plataforma o aplicaci\u00f3 i la utilitzaci\u00f3 de les diferents opcions o serveis que en aquesta existisquen, incloent-hi aquelles que l&#8217;editor utilitza per a permetre la gesti\u00f3 i operativa de la p\u00e0gina web i habilitar les seues funcions i serveis, com, per exemple, controlar el tr\u00e0nsit i la comunicaci\u00f3 de dades, identificar la sessi\u00f3, accedir a parts d&#8217;acc\u00e9s restringit, recordar els elements que integren una comanda, realitzar el proc\u00e9s de compra d&#8217;una comanda, gestionar el pagament, controlar el frau vinculat a la seguretat del servei, realitzar la sol\u00b7licitud d&#8217;inscripci\u00f3 o de participaci\u00f3 en un esdeveniment, comptar visites a l&#8217;efecte de la facturaci\u00f3 de llic\u00e8ncies del programari amb el qual funciona el servei (lloc web, plataforma o aplicaci\u00f3), utilitzar elements de seguretat durant la navegaci\u00f3, emmagatzemar continguts per a la difusi\u00f3 de v\u00eddeos o de so, habilitar continguts din\u00e0mics (per exemple, animaci\u00f3 de c\u00e0rrega d&#8217;un text o imatge) o compartir continguts a trav\u00e9s de xarxes socials. Tamb\u00e9 pertanyen a aquesta categoria, per la seua naturalesa t\u00e8cnica, aquelles <em>cookies<\/em> que permeten la gesti\u00f3, de la forma m\u00e9s efica\u00e7 possible, dels espais publicitaris que, com un element m\u00e9s de disseny o \u201cmaquetaci\u00f3\u201d del servei oferit a l&#8217;usuari, l&#8217;editor haja incl\u00f2s en una p\u00e0gina web, aplicaci\u00f3 o plataforma sobre la base de criteris com el contingut editat, sense que es recopile informaci\u00f3 dels usuaris amb finalitats diferents, com pot ser personalitzar eixe contingut publicitari o altres continguts.<\/td>\n<\/tr>\n<tr>\n<td style=\"width: 22.8426%;\" valign=\"top\" width=\"151\"><em>COOKIES<\/em> DE PREFER\u00c8NCIES O PERSONALITZACI\u00d3<\/td>\n<td style=\"width: 77.0123%;\" valign=\"top\">S\u00f3n aquelles que permeten recordar informaci\u00f3 perqu\u00e8 l&#8217;usuari accedisca al servei amb determinades caracter\u00edstiques que poden diferenciar la seua experi\u00e8ncia de la d&#8217;altres usuaris, com, per exemple, l&#8217;idioma, el nombre de resultats a mostrar quan l&#8217;usuari realitza una cerca, l&#8217;aspecte o contingut del servei en funci\u00f3 de la mena de navegador a trav\u00e9s del qual l&#8217;usuari accedeix al servei o de la regi\u00f3 des de la qual accedeix al servei, etc. Si \u00e9s el mateix usuari qui tria eixes caracter\u00edstiques (per exemple, si selecciona l&#8217;idioma d&#8217;un lloc web clicant a la icona de la bandera del pa\u00eds corresponent), les <em>cookies<\/em> estaran exceptuades de les obligacions de l&#8217;article 22.2 de la LSSI per considerar-se un servei expressament sol\u00b7licitat per l&#8217;usuari, i aix\u00f2 sempre que les <em>cookies<\/em> obe\u00efsquen exclusivament a la finalitat seleccionada.<\/td>\n<\/tr>\n<tr>\n<td style=\"width: 22.8426%;\" valign=\"top\" width=\"151\"><em>COOKIES<\/em> D&#8217;AN\u00c0LISI O MESURAMENT<\/td>\n<td style=\"width: 77.0123%;\" valign=\"top\">S\u00f3n aquelles que permeten al responsable d&#8217;aquestes el seguiment i l&#8217;an\u00e0lisi del comportament dels usuaris dels llocs web als quals estan vinculades, inclosa la quantificaci\u00f3 dels impactes dels anuncis. La informaci\u00f3 recollida mitjan\u00e7ant aquesta mena de <em>cookies<\/em> s&#8217;utilitza en el mesurament de l&#8217;activitat dels llocs web, aplicaci\u00f3 o plataforma, amb la finalitat d&#8217;introduir millores en funci\u00f3 de l&#8217;an\u00e0lisi de les dades d&#8217;\u00fas que fan els usuaris del servei.<\/td>\n<\/tr>\n<tr>\n<td style=\"width: 22.8426%;\" valign=\"top\" width=\"151\">COOKIES DE PUBLICITAT COMPORTAMENTAL<\/td>\n<td style=\"width: 77.0123%;\" valign=\"top\">S\u00f3n aquelles que emmagatzemen informaci\u00f3 del comportament dels usuaris obtinguda a trav\u00e9s de l&#8217;observaci\u00f3 continuada dels seus h\u00e0bits de navegaci\u00f3, la qual cosa permet desenvolupar un perfil espec\u00edfic per a mostrar publicitat en funci\u00f3 d&#8217;aquest.<\/td>\n<\/tr>\n<tr>\n<td style=\"width: 22.8426%;\" valign=\"top\" width=\"151\"><em>COOKIES<\/em> EXCEPTUADES DE CONSENTIMENT<\/td>\n<td style=\"width: 77.0123%;\" valign=\"top\">-Aquelles que permeten \u00fanicament la comunicaci\u00f3 entre l&#8217;equip de l&#8217;usuari i la xarxa.<br \/>\n-Aquelles que estrictament preseten un servei expressament sol\u00b7licitat per l&#8217;usuari:<br \/>\n<em>Cookies<\/em> d&#8217;entrada d&#8217;usuari<br \/>\n<em>Cookies<\/em> d&#8217;autenticaci\u00f3 o d&#8217;identificaci\u00f3 d&#8217;usuari (\u00fanicament de sessi\u00f3)<br \/>\n<em>Cookies<\/em> de seguretat de l&#8217;usuari<br \/>\n<em>Cookies<\/em> de sessi\u00f3 de reproductor multim\u00e8dia<br \/>\n<em>Cookies<\/em> de sessi\u00f3 per a equilibrar la c\u00e0rrega<br \/>\n<em>Cookies<\/em> de personalitzaci\u00f3 de la interf\u00edcie d&#8217;usuari<br \/>\nDeterminades <em>cookies<\/em> de complement (<em>plug-in<\/em>) per a intercanviar continguts socials<\/td>\n<\/tr>\n<\/tbody>\n<\/table>\n<p><strong>A continuaci\u00f3, et definim les funcions i el tipus de <em>cookies<\/em> que utilitzem i la seua finalitat:<\/strong><\/p>\n<p><strong><em>Cookies<\/em> t\u00e8cniques i de personalitzaci\u00f3<\/strong> que s\u00f3n imprescindibles perqu\u00e8 el lloc web funcione correctament, aquestes <em>cookies<\/em> no han de ser deshabilitades ja que seria impossible la navegaci\u00f3 funcional.<br \/>\n<strong><em>Cookies<\/em> d&#8217;an\u00e0lisi<\/strong> que s\u00f3n aquelles que, tractades per nosaltres o per tercers, ens permeten quantificar el nombre d&#8217;usuaris i aix\u00ed realitzar el mesurament i l&#8217;an\u00e0lisi estad\u00edstica de la utilitzaci\u00f3 que fan els usuaris del servei oferit. Per a aix\u00f2 s&#8217;analitza la seua navegaci\u00f3 en la nostra p\u00e0gina web amb la finalitat de millorar l&#8217;oferta de productes o de serveis que li oferim. Nosaltres no realitzem transfer\u00e8ncies internacionals de dades. Pots informar-te de les transfer\u00e8ncies a tercers pa\u00efsos que en el seu cas realitzen els tercers identificats en aquesta pol\u00edtica de <em>cookies<\/em> en les seus corresponents pol\u00edtiques, a continuaci\u00f3, tens els enlla\u00e7os:<\/p>\n<p>Els serveis es presten a trav\u00e9s de: Google Analytics. Pots obtindre m\u00e9s informaci\u00f3 en els seg\u00fcents enlla\u00e7os <a href=\"https:\/\/www.google.es\/intl\/es\/policies\/technologies\/types\/\">1<\/a>\u00a0,\u00a0<a href=\"https:\/\/developers.google.com\/analytics\/devguides\/collection\/analyticsjs\/cookie-usage\">2<\/a>\u00a0,\u00a0<a href=\"https:\/\/support.google.com\/analytics\/answer\/2700409?hl=es&amp;topic=2611283\">3<\/a><\/p>\n<p><strong>Metricool (Metricool Software SL.)<\/strong><\/p>\n<p>Metricool, \u00e9s un servei anal\u00edtic de web prestat per Metricool Software SL. amb domicili en Carrer T\u00e9llez 12, Madrid (Espanya). Per a la prestaci\u00f3 d&#8217;aquests serveis, utilitzen <em>cookies<\/em> que recopilen informaci\u00f3, inclosa l&#8217;adre\u00e7a IP de l&#8217;usuari, que ser\u00e0 transmesa, tractada i emmagatzemada per Metricool en els termes fixats en la Web <a href=\"https:\/\/metricool.com\/es\/terminos-legales\/\" target=\"_blank\" rel=\"noopener\">Metricool.com<\/a>. S&#8217;hi inclou la possible transmissi\u00f3 d&#8217;aquesta informaci\u00f3 a tercers per raons d&#8217;exig\u00e8ncia legal o quan aquests tercers processen la informaci\u00f3 per compte de Metricool.<\/p>\n<p>El seu lloc inclou altres funcionalitats proporcionades per tercers, com ara compartir el contingut en xarxes socials com Facebook, Twitter, Pinterest, Youtube o Google +, amb els botons que inclouen a aquest efecte.<\/p>\n<p>Aquesta mena de serveis permeten interactuar amb xarxes socials o altres plataformes externes directament des de les p\u00e0gines d&#8217;aquesta P\u00e0gina Web.<br \/>\nLes interaccions i la informaci\u00f3 obtinguda per aquesta P\u00e0gina Web sempre estaran sotmeses a la configuraci\u00f3 de privacitat de l&#8217;Usuari en cada xarxa social.<br \/>\nEn cas que s&#8217;instal\u00b7le un servei que permeta interactuar amb xarxes socials, \u00e9s possible que encara que els usuaris no utilitzen el servei, aquest arreplegue dades de tr\u00e0nsit web relatives a les p\u00e0gines en les quals estiguen instal\u00b7lats.<\/p>\n<p>No utilitzem cap mena de <em>cookie<\/em> o de rastrejador ni similar que elabore perfils amb efectes jur\u00eddics per als nostres usuaris.<br \/>\nInformaci\u00f3 sobre els per\u00edodes de conservaci\u00f3 de les dades:<br \/>\n1. Les <em>cookies<\/em> de sessi\u00f3 s&#8217;eliminen en acabar la navegaci\u00f3<br \/>\n2. Les <em>cookies<\/em> persistents es mantenen instal\u00b7lades per a recordar-te en successius accessos i la seua duraci\u00f3 ve determinada pel tercer i oscil\u00b7len entre els 30 dies i els dos anys.<br \/>\n3. Les <em>cookies<\/em> que s&#8217;instal\u00b7len per a recordar que disposem del teu consentiment solen tindre una caducitat m\u00e0xima de 24 mesos<br \/>\n4. Sobre les <em>cookies<\/em> recollides per tercers no tenim cap intervenci\u00f3 pel que ser\u00e0 el tercer qui determine el per\u00edode de la seua conservaci\u00f3.<br \/>\nPodr\u00e0s exercir els teus drets davant el responsable del tractament segons es detalla en la \u201cpol\u00edtica de privacitat\u201d d&#8217;aquesta p\u00e0gina web.<br \/>\nEl consentiment prestat per a la instal\u00b7laci\u00f3 de les <em>cookies<\/em> podr\u00e0 ser revocat en qualsevol moment i per a aix\u00f2 bastar\u00e0 entrar en configuraci\u00f3 personalitzada de les <em>cookies<\/em> i canviar la teua selecci\u00f3.<br \/>\nTamb\u00e9 podr\u00e0 establir la revocaci\u00f3 del consentiment al mateix navegador.<\/p>\n<p><strong>DESACTIVACI\u00d3 DE LES COOKIES EN SISTEMES OPERATIUS MICROSOFT O APPLE<\/strong><br \/>\nA continuaci\u00f3, et facilitem els enlla\u00e7os amb la informaci\u00f3 necess\u00e0ria per a desactivar les <em>cookies<\/em> dels navegadors m\u00e9s utilitzats:<\/p>\n<div>\n<table border=\"1\" width=\"100%\" cellspacing=\"0\" cellpadding=\"0\">\n<tbody>\n<tr>\n<td valign=\"top\" width=\"246\"><strong>Internet Explorer<\/strong><\/td>\n<td valign=\"top\" width=\"692\"><a href=\"https:\/\/support.microsoft.com\/es-es\/help\/17442\/windows-internet-explorer-delete-manage-cookies\">M\u00e9s informaci\u00f3<\/a><\/td>\n<\/tr>\n<tr>\n<td valign=\"top\" width=\"246\"><strong>Firefox<\/strong><\/td>\n<td valign=\"top\" width=\"692\"><a href=\"http:\/\/support.mozilla.org\/es\/kb\/habilitar-y-deshabilitar-cookies-que-los-sitios-we\">M\u00e9s Informaci\u00f3<\/a><\/td>\n<\/tr>\n<tr>\n<td valign=\"top\" width=\"246\"><strong>Chrome<\/strong><\/td>\n<td valign=\"top\" width=\"692\"><a href=\"https:\/\/support.google.com\/accounts\/answer\/61416?hl=es\">M\u00e1s informaci\u00f3<\/a><\/td>\n<\/tr>\n<tr>\n<td valign=\"top\" width=\"246\"><strong>Opera<\/strong><\/td>\n<td valign=\"top\" width=\"692\"><a href=\"http:\/\/help.opera.com\/Linux\/10.60\/es-ES\/cookies.html\">M\u00e9s informaci\u00f3<\/a><\/td>\n<\/tr>\n<tr>\n<td valign=\"top\" width=\"246\"><strong>Safari<\/strong><\/td>\n<td valign=\"top\" width=\"692\"><a href=\"https:\/\/support.apple.com\/es-es\/HT201265\">M\u00e9s Informaci\u00f3<\/a><\/td>\n<\/tr>\n<\/tbody>\n<\/table>\n<\/div>\n<p><strong>Desactivaci\u00f3 de les cookies en sistemes operatius Android i IOS\u00a0\u00a0<\/strong><br \/>\nA continuaci\u00f3, et facilitem els enlla\u00e7os amb la informaci\u00f3 necess\u00e0ria per a desactivar les <em>cookies<\/em> dels navegadors m\u00e9s utilitzats:<\/p>\n<table border=\"1\" width=\"100%\" cellspacing=\"0\" cellpadding=\"0\" align=\"left\">\n<tbody>\n<tr>\n<td valign=\"top\" width=\"123\"><\/td>\n<td valign=\"top\" width=\"170\">\u00a0\u00a0\u00a0\u00a0\u00a0\u00a0\u00a0\u00a0\u00a0\u00a0\u00a0\u00a0 ANDROID<\/td>\n<td valign=\"top\" width=\"180\">IPHONE Y IPAD<\/td>\n<\/tr>\n<tr>\n<td valign=\"top\" width=\"123\">Firefox<\/td>\n<td valign=\"top\" width=\"170\"><strong><a href=\"https:\/\/support.mozilla.org\/es\/kb\/habilitar-o-deshabilitar-cookies-en-firefox-para-android\">M\u00e9s informaci\u00f3<\/a><\/strong><\/td>\n<td valign=\"top\" width=\"180\"><a href=\"https:\/\/support.mozilla.org\/es\/kb\/limpia-historial-de-navegacion-web-en-firefox-para-ios\">M\u00e9s Informaci\u00f3<\/a><\/td>\n<\/tr>\n<tr>\n<td valign=\"top\" width=\"123\">Chrome<\/td>\n<td valign=\"top\" width=\"170\"><strong><a href=\"https:\/\/support.google.com\/chrome\/answer\/95647?co=GENIE.Platform%3DAndroid&amp;hl=es-419&amp;oco=0\">M\u00e9s informaci\u00f3<\/a><\/strong><\/td>\n<td valign=\"top\" width=\"180\"><a href=\"https:\/\/support.google.com\/chrome\/answer\/95647?co=GENIE.Platform%3DiOS&amp;hl=es-419&amp;oco=0\">M\u00e9s Informaci\u00f3<\/a><\/td>\n<\/tr>\n<tr>\n<td valign=\"top\" width=\"123\">Opera<\/td>\n<td valign=\"top\" width=\"170\"><strong><a href=\"http:\/\/help.opera.com\/Linux\/10.60\/es-ES\/cookies.html\">M\u00e9s informaci\u00f3<\/a><\/strong><\/td>\n<td valign=\"top\" width=\"180\"><a href=\"http:\/\/help.opera.com\/Windows\/11.50\/es-ES\/cookies.html\">M\u00e9s Informaci\u00f3<\/a><\/td>\n<\/tr>\n<tr>\n<td valign=\"top\" width=\"123\">Safari<\/td>\n<td valign=\"top\" width=\"170\"><\/td>\n<td valign=\"top\" width=\"180\"><a href=\"https:\/\/support.apple.com\/es-es\/HT201265\">M\u00e9s Informaci\u00f3<\/a><\/td>\n<\/tr>\n<\/tbody>\n<\/table>\n<p><strong>INHABILITACI\u00d3 <em>COOKIES<\/em> DE GOOGLE ANALYTICS<\/strong><br \/>\nPerqu\u00e8 els visitants del nostre lloc web tinguen la possibilitat d&#8217;evitar que Google Analytics utilitze les seues dades, pots instal\u00b7lar el Complement d&#8217;Inhabilitaci\u00f3 per a Navegadors de Google Analytics. Ac\u00ed pots trobar m\u00e9s informaci\u00f3 sobre la instal\u00b7laci\u00f3 i la desinstal\u00b7laci\u00f3 de l&#8217;esmentat complement en el seg\u00fcent <a href=\"https:\/\/tools.google.com\/dlpage\/gaoptout\">enlla\u00e7<\/a><\/p>\n<p>Tamb\u00e9 existeix l&#8217;alternativa a la navegaci\u00f3 en manera Privada. Aquesta manera permet navegar a trav\u00e9s de les p\u00e0gines de manera an\u00f2nima. A continuaci\u00f3, t&#8217;indiquem els enlla\u00e7os per a activar la manera inc\u00f2gnit dels principals navegadors:<\/p>\n<table border=\"1\" width=\"100%\" cellspacing=\"0\" cellpadding=\"0\">\n<tbody>\n<tr>\n<td valign=\"top\" width=\"189\"><strong>Explorador<\/strong><\/td>\n<td valign=\"top\" width=\"189\"><strong>Mode<\/strong><\/td>\n<td valign=\"top\" width=\"189\"><strong>Enlla\u00e7<\/strong><\/td>\n<\/tr>\n<tr>\n<td valign=\"top\" width=\"189\">Explorer<\/td>\n<td valign=\"top\" width=\"189\">In\u00e9rvate<\/td>\n<td valign=\"top\" width=\"189\"><a href=\"https:\/\/support.microsoft.com\/es-es\/help\/17479\/windows-internet-explorer-11-change-security-privacy-settings\">M\u00e9s Informaci\u00f3<\/a><\/td>\n<\/tr>\n<tr>\n<td valign=\"top\" width=\"189\">Firefox<\/td>\n<td valign=\"top\" width=\"189\">Navegaci\u00f3 Privada<\/td>\n<td valign=\"top\" width=\"189\"><a href=\"https:\/\/support.mozilla.org\/es\/kb\/navegacion-privada-Firefox-no-guardar-historial-navegacion?redirectlocale=en-US&amp;as=u&amp;redirectslug=Private+Browsing&amp;utm_source=inproduct\">M\u00e9s Informaci\u00f3<\/a><\/td>\n<\/tr>\n<tr>\n<td valign=\"top\" width=\"189\">Chrome<\/td>\n<td valign=\"top\" width=\"189\">Mode Inc\u00f2gnit<\/td>\n<td valign=\"top\" width=\"189\"><a href=\"https:\/\/support.google.com\/chrome\/answer\/95464?hl=es\">M\u00e9s Informaci\u00f3\u00a0<\/a><\/td>\n<\/tr>\n<tr>\n<td valign=\"top\" width=\"189\">Safari<\/td>\n<td valign=\"top\" width=\"189\">Navegaci\u00f3 Privada<\/td>\n<td valign=\"top\" width=\"189\"><a href=\"https:\/\/support.apple.com\/kb\/PH17168?locale=en_US&amp;viewlocale=es_ES\">M\u00e9s Informaci\u00f3<\/a><\/td>\n<\/tr>\n<tr>\n<td valign=\"top\" width=\"189\">Opera<\/td>\n<td valign=\"top\" width=\"189\">Navegaci\u00f3 Privada<\/td>\n<td valign=\"top\" width=\"189\"><a href=\"http:\/\/help.opera.com\/Windows\/12.00\/es-ES\/private.html\">M\u00e9s Informaci\u00f3<\/a><\/td>\n<\/tr>\n<\/tbody>\n<\/table>\n<p><strong>Enlla\u00e7os:<\/strong> Quan enllaces amb not\u00edcies o v\u00eddeos externs a la nostra web, la p\u00e0gina enlla\u00e7ada pot contindre altres <em>cookies<\/em> i haur\u00e0s de visitar la seua pr\u00f2pia pol\u00edtica de <em>cookies<\/em> per a ajustar la configuraci\u00f3, ja que s\u00f3n completament alienes a nosaltres.<br \/>\nSi vols eliminar la publicitat originada per les <em>cookies<\/em> de tercera part, tamb\u00e9 tens l&#8217;opci\u00f3 d&#8217;instal\u00b7lar en el teu navegador un <em>plugin<\/em> com ara\u00a0<a title=\"Adblock\" href=\"http:\/\/adblockplus.org\/es\/\" target=\"_blank\" rel=\"noreferrer noopener\">Adblock<\/a>, que bloquege els anuncis.<\/p>\n<p>Tamb\u00e9 pots aplicar les extensions \u201c<a href=\"https:\/\/www.ghostery.com\/\">Ghostery<\/a>\u201d o \u201c<a href=\"https:\/\/baycloud.com\/bouncer\">Baycloud Bounceer<\/a>\u201d al teu navegador i bloquejar individualment aquelles <em>cookies, plugins i widgets<\/em> que no t&#8217;interessen.<\/p>\n<p>Pots obtindre m\u00e9s informaci\u00f3 sobre <em>cookies<\/em> en els seg\u00fcents enlla\u00e7os: <a href=\"http:\/\/www.youronlinechoices.com\/es\/\">Enlla\u00e7 1<\/a>,\u00a0<a href=\"http:\/\/www.allaboutcookies.org\/es\/\">Enlla\u00e7 2<\/a><\/p>\n<\/section>\n<p>[\/vc_column_text][\/vc_column][\/vc_row]<\/p>\n<\/div>","protected":false},"excerpt":{"rendered":"<p>[vc_row][vc_column][vc_column_text] Pol\u00edtica de Cookies En compliment de l&#8217;article 22 de la Llei 34\/2002, d&#8217;11 de juliol, de serveis de la societat de la informaci\u00f3 i de comer\u00e7 electr\u00f2nic (d&#8217;ara en [&hellip;]<\/p>\n","protected":false},"author":139,"featured_media":0,"parent":0,"menu_order":0,"comment_status":"closed","ping_status":"closed","template":"","meta":{"footnotes":""},"class_list":["post-185250","page","type-page","status-publish","hentry"],"_links":{"self":[{"href":"https:\/\/www.elche.es\/va\/wp-json\/wp\/v2\/pages\/185250","targetHints":{"allow":["GET"]}}],"collection":[{"href":"https:\/\/www.elche.es\/va\/wp-json\/wp\/v2\/pages"}],"about":[{"href":"https:\/\/www.elche.es\/va\/wp-json\/wp\/v2\/types\/page"}],"author":[{"embeddable":true,"href":"https:\/\/www.elche.es\/va\/wp-json\/wp\/v2\/users\/139"}],"replies":[{"embeddable":true,"href":"https:\/\/www.elche.es\/va\/wp-json\/wp\/v2\/comments?post=185250"}],"version-history":[{"count":0,"href":"https:\/\/www.elche.es\/va\/wp-json\/wp\/v2\/pages\/185250\/revisions"}],"wp:attachment":[{"href":"https:\/\/www.elche.es\/va\/wp-json\/wp\/v2\/media?parent=185250"}],"curies":[{"name":"wp","href":"https:\/\/api.w.org\/{rel}","templated":true}]}}