{"id":18625,"date":"2017-04-05T13:28:29","date_gmt":"2017-04-05T12:28:29","guid":{"rendered":"http:\/\/www.elche.es\/va\/benestar-social\/cartera-de-servicios\/"},"modified":"2024-07-10T11:25:39","modified_gmt":"2024-07-10T09:25:39","slug":"cartera-de-serveis","status":"publish","type":"page","link":"https:\/\/www.elche.es\/va\/derechos-sociales\/cartera-de-serveis\/","title":{"rendered":"Cartera de Serveis"},"content":{"rendered":"<div class=\"wpb-content-wrapper\"><p>[vc_row][vc_column]<div class=\"templatera_shortcode\"><div id=\"bloque_titulo\" data-vc-full-width=\"true\" data-vc-full-width-init=\"false\" class=\"vc_row wpb_row vc_row-fluid slidersecciones vc_custom_1720431405844 vc_row-has-fill\"><div class=\"wpb_column vc_column_container vc_col-sm-12\"><div class=\"vc_column-inner\"><div class=\"wpb_wrapper\"><h2 style=\"color: #ffffff;text-align: center;font-family:Ubuntu;font-weight:700;font-style:normal\" class=\"vc_custom_heading vc_do_custom_heading sombraTitulo cabeceramovil\" >Acci\u00f3 Social<\/h2><\/div><\/div><\/div><\/div><div class=\"vc_row-full-width vc_clearfix\"><\/div><div id=\"bloque_menu_enlaces\" data-vc-full-width=\"true\" data-vc-full-width-init=\"false\" data-vc-stretch-content=\"true\" class=\"vc_row wpb_row vc_row-fluid vc_custom_1475765564344 vc_row-has-fill vc_row-no-padding\"><div class=\"wpb_column vc_column_container vc_col-sm-12\"><div class=\"vc_column-inner\"><div class=\"wpb_wrapper\">\r\n        \r\n        <a class=\"menuVC\"  href=\"https:\/\/www.elche.es\/va\/derechos-sociales\/cartera-de-serveis\/\"> <span> Cartera de servicis <\/span><\/a>\r\n        \r\n        <a class=\"menuVC\"  href=\"https:\/\/www.elche.es\/va\/derechos-sociales\/directorio-de-centros\/\"> <span> Directori de Centres <\/span><\/a>\r\n        \r\n        <a class=\"menuVC\"  href=\"https:\/\/www.elche.es\/va\/derechos-sociales\/documents-i-normativa\/\"> <span> Documents i Normativa <\/span><\/a>\r\n        \r\n        <a class=\"menuVC\"  href=\"https:\/\/www.elche.es\/va\/team\/celia-maria-lastra-diaz\/\"> <span> La Regidora <\/span><\/a>\r\n        \r\n        <a class=\"menuVC\"  href=\"https:\/\/aplicaciones.elche.es\/buscadorcs\"> <span> Localitze el seu centre <\/span><\/a><\/div><\/div><\/div><\/div><div class=\"vc_row-full-width vc_clearfix\"><\/div><\/div>[\/vc_column][\/vc_row][vc_row full_width=&#8221;stretch_row&#8221; css=&#8221;.vc_custom_1479113884588{margin-bottom: 65px !important;background-color: #dddde0 !important;}&#8221; el_id=&#8221;breadcrumb&#8221;][vc_column][vc_column_text]<nav aria-label=\"breadcrumbs\">\n            <div class=\"breadcrumb-container theme1\">\n                <ol>\n                                    <\/ol>\n            <\/div>\n        <\/nav>    <script type=\"application\/ld+json\">\n        {\n            \"@context\": \"http:\/\/schema.org\",\n            \"@type\": \"BreadcrumbList\",\n            \"itemListElement\": [\n                            ]\n        }\n    <\/script>\n    <style type=\"text\/css\">\n        .breadcrumb-container {\n            font-size: 13px;\n        }\n\n        .breadcrumb-container ul {\n            margin: 0;\n            padding: 0;\n        }\n\n        .breadcrumb-container li {\n            box-sizing: unset;\n            display: inline-block;\n            margin: 0;\n            padding: 0;\n        }\n\n        .breadcrumb-container li a {\n            box-sizing: unset;\n            padding: 0 10px;\n        }\n\n        .breadcrumb-container {\n            font-size: 3 !important;\n                    }\n\n        .breadcrumb-container li a {\n            color: #0a0a0a !important;\n            font-size: 3 !important;\n            line-height: 3 !important;\n                    }\n\n        .breadcrumb-container li .separator {\n            font-size: 3 !important;\n                    }\n\n        .breadcrumb-container li:last-child .separator {\n            display: none;\n        }\n    <\/style>\n    <style type=\"text\/css\">\n        .breadcrumb-container.theme1 li {\n            margin: 0;\n            padding: 0;\n        }\n        .breadcrumb-container.theme1 a {\n            background: ;\n            display: inline-block;\n            margin: 0 5px;\n            padding: 5px 10px;\n            text-decoration: none;\n        }\n    <\/style>\n        <style type=\"text\/css\">\n            <\/style>\n    <script>\n            <\/script>\n[\/vc_column_text][\/vc_column][\/vc_row][vc_row el_class=&#8221;tituloArea&#8221;][vc_column el_class=&#8221;tituloArea&#8221;]<h3 class=\"sc_title sc_title_regular sc_align_center titulo1 margin_top_null\" style=\"titulo1text-align:center;\"><\/p>\n<p style=\"text-align: center;\">SERVEIS SOCIALS D&#8217;ATENCI\u00d3 PRIM\u00c0RIA B\u00c0SICA<\/p>\n<p><\/h3>[vc_empty_space el_class=&#8221;space1&#8243;][\/vc_column][\/vc_row][vc_row content_placement=&#8221;middle&#8221; el_class=&#8221;bloque_todas_areas&#8221;][vc_column width=&#8221;1\/4&#8243; el_class=&#8221;columnaServicio&#8221;][vc_row_inner el_class=&#8221;columnasAreas&#8221;][vc_column_inner css=&#8221;.vc_custom_1615364215127{border-top-width: 1px !important;border-right-width: 1px !important;border-bottom-width: 1px !important;border-left-width: 1px !important;padding-bottom: 30px !important;background-color: #ffffff !important;border-left-color: #ffffff !important;border-left-style: solid !important;border-right-color: #ffffff !important;border-right-style: solid !important;border-top-color: #ffffff !important;border-top-style: solid !important;border-bottom-color: #ffffff !important;border-bottom-style: solid !important;}&#8221;][vc_icon icon_fontawesome=&#8221;fas fa-info-circle&#8221; color=&#8221;black&#8221; size=&#8221;lg&#8221; align=&#8221;center&#8221; link=&#8221;url:https%3A%2F%2Fwww.elche.es%2Fva%2Fderechos-sociales%2Fcartera-de-serveis%2Fservei-dacolliment-i-atencio-davant-situacions-de-necessitat-social%2F&#8221;][vc_custom_heading text=&#8221;Acolliment i atenci\u00f3 davant situacions de necessitat social&#8221; font_container=&#8221;tag:h5|text_align:center&#8221; use_theme_fonts=&#8221;yes&#8221; link=&#8221;url:https%3A%2F%2Fwww.elche.es%2Fva%2Fderechos-sociales%2Fcartera-de-serveis%2Fservei-dacolliment-i-atencio-davant-situacions-de-necessitat-social%2F&#8221;][\/vc_column_inner][\/vc_row_inner][\/vc_column][vc_column width=&#8221;1\/4&#8243;][vc_row_inner el_class=&#8221;columnasAreas&#8221;][vc_column_inner css=&#8221;.vc_custom_1476703109290{padding-bottom: 30px !important;background-color: #ffffff !important;}&#8221;][vc_icon icon_fontawesome=&#8221;fab fa-accessible-icon&#8221; color=&#8221;black&#8221; size=&#8221;lg&#8221; align=&#8221;center&#8221; link=&#8221;url:https%3A%2F%2Fwww.elche.es%2Fva%2Fderechos-sociales%2Fcartera-de-serveis%2Fserveis-de-promocio-de-lautonomia%2F&#8221;][vc_custom_heading text=&#8221;Servei de Promoci\u00f3 de l&#8217;Autonomia&#8221; font_container=&#8221;tag:h5|text_align:center&#8221; use_theme_fonts=&#8221;yes&#8221; link=&#8221;url:https%3A%2F%2Fwww.elche.es%2Fva%2Fderechos-sociales%2Fcartera-de-serveis%2Fserveis-de-promocio-de-lautonomia%2F&#8221;][\/vc_column_inner][\/vc_row_inner][\/vc_column][vc_column width=&#8221;1\/4&#8243;][vc_row_inner el_class=&#8221;columnasAreas&#8221;][vc_column_inner css=&#8221;.vc_custom_1476703109290{padding-bottom: 30px !important;background-color: #ffffff !important;}&#8221;][vc_icon icon_fontawesome=&#8221;fas fa-building&#8221; color=&#8221;black&#8221; size=&#8221;lg&#8221; align=&#8221;center&#8221; link=&#8221;url:https%3A%2F%2Fwww.elche.es%2Fva%2Fderechos-sociales%2Fcartera-de-serveis%2Fservei-dinclusio-social%2F&#8221;][vc_custom_heading text=&#8221;Servei d&#8217;Inclusi\u00f3 Social&#8221; font_container=&#8221;tag:h5|text_align:center&#8221; use_theme_fonts=&#8221;yes&#8221; link=&#8221;url:https%3A%2F%2Fwww.elche.es%2Fva%2Fderechos-sociales%2Fcartera-de-serveis%2Fservei-dinclusio-social%2F&#8221;][\/vc_column_inner][\/vc_row_inner][\/vc_column][vc_column width=&#8221;1\/4&#8243;][vc_row_inner el_class=&#8221;columnasAreas&#8221;][vc_column_inner css=&#8221;.vc_custom_1476703109290{padding-bottom: 30px !important;background-color: #ffffff !important;}&#8221;][vc_icon icon_fontawesome=&#8221;fas fa-bell&#8221; color=&#8221;black&#8221; size=&#8221;lg&#8221; align=&#8221;center&#8221; link=&#8221;url:https%3A%2F%2Fwww.elche.es%2Fva%2Fderechos-sociales%2Fcartera-de-serveis%2Fservei-de-prevencio-i-intervencio-amb-families%2F&#8221;][vc_custom_heading text=&#8221;Prevenci\u00f3 i Intervenci\u00f3 amb Fam\u00edlies&#8221; font_container=&#8221;tag:h5|text_align:center&#8221; use_theme_fonts=&#8221;yes&#8221; link=&#8221;url:https%3A%2F%2Fwww.elche.es%2Fva%2Fderechos-sociales%2Fcartera-de-serveis%2Fservei-de-prevencio-i-intervencio-amb-families%2F&#8221;][\/vc_column_inner][\/vc_row_inner][\/vc_column][\/vc_row][vc_row el_class=&#8221;bloque_todas_areas&#8221; css=&#8221;.vc_custom_1476704063858{margin-bottom: 35px !important;}&#8221;][vc_column width=&#8221;1\/4&#8243;][vc_row_inner el_class=&#8221;columnasAreas&#8221;][vc_column_inner css=&#8221;.vc_custom_1476703109290{padding-bottom: 30px !important;background-color: #ffffff !important;}&#8221;][vc_icon icon_fontawesome=&#8221;fas fa-users&#8221; color=&#8221;black&#8221; size=&#8221;lg&#8221; align=&#8221;center&#8221; link=&#8221;url:https%3A%2F%2Fwww.elche.es%2Fva%2Fderechos-sociales%2Fcartera-de-serveis%2Fservei-daccio-comunitaria%2F&#8221;][vc_custom_heading text=&#8221;Servei d&#8217;Acci\u00f3 Comunit\u00e0ria&#8221; font_container=&#8221;tag:h5|text_align:center&#8221; use_theme_fonts=&#8221;yes&#8221; link=&#8221;url:https%3A%2F%2Fwww.elche.es%2Fva%2Fderechos-sociales%2Fcartera-de-serveis%2Fservei-daccio-comunitaria%2F&#8221;][\/vc_column_inner][\/vc_row_inner][\/vc_column][\/vc_row][vc_row][vc_column]<h3 class=\"sc_title sc_title_regular sc_align_center titulo1 margin_top_null\" style=\"titulo1text-align:center;\"><\/p>\n<p style=\"text-align: center;\">SERVEIS SOCIALS D&#8217;ATENCI\u00d3 PRIM\u00c0RIA ESPEC\u00cdFICA<\/p>\n<p><\/h3>[vc_empty_space][\/vc_column][\/vc_row][vc_row el_class=&#8221;bloque_todas_areas&#8221; css=&#8221;.vc_custom_1476704063858{margin-bottom: 35px !important;}&#8221;][vc_column width=&#8221;1\/4&#8243;][vc_row_inner el_class=&#8221;columnasAreas&#8221;][vc_column_inner css=&#8221;.vc_custom_1476703109290{padding-bottom: 30px !important;background-color: #ffffff !important;}&#8221;][vc_icon icon_fontawesome=&#8221;fas fa-cubes&#8221; color=&#8221;black&#8221; size=&#8221;lg&#8221; align=&#8221;center&#8221; link=&#8221;url:https%3A%2F%2Fwww.elche.es%2Fva%2Fderechos-sociales%2Fcartera-de-serveis%2Fserveis-dinfancia-i-adolescencia%2F&#8221;][vc_custom_heading text=&#8221;Servei d&#8217;Inf\u00e0ncia i Adolesc\u00e8ncia&#8221; font_container=&#8221;tag:h5|text_align:center&#8221; use_theme_fonts=&#8221;yes&#8221; link=&#8221;url:https%3A%2F%2Fwww.elche.es%2Fva%2Fderechos-sociales%2Fcartera-de-serveis%2Fserveis-dinfancia-i-adolescencia%2F&#8221;][\/vc_column_inner][\/vc_row_inner][\/vc_column][vc_column width=&#8221;1\/4&#8243;][vc_row_inner el_class=&#8221;columnasAreas&#8221;][vc_column_inner css=&#8221;.vc_custom_1476703109290{padding-bottom: 30px !important;background-color: #ffffff !important;}&#8221;][vc_icon icon_fontawesome=&#8221;fas fa-cogs&#8221; color=&#8221;black&#8221; size=&#8221;lg&#8221; align=&#8221;center&#8221; link=&#8221;url:https%3A%2F%2Fwww.elche.es%2Fva%2Fderechos-sociales%2Fcartera-de-serveis%2Fdiversitat-funcional%2F&#8221;][vc_custom_heading text=&#8221;Diversidad Funcional, Discapacidad&#8221; font_container=&#8221;tag:h5|text_align:center&#8221; use_theme_fonts=&#8221;yes&#8221; link=&#8221;url:https%3A%2F%2Fwww.elche.es%2Fva%2Fderechos-sociales%2Fcartera-de-serveis%2Fdiversitat-funcional%2F|&#8221;][\/vc_column_inner][\/vc_row_inner][\/vc_column][\/vc_row][vc_row][vc_column][vc_empty_space height=&#8221;50px&#8221;]<div class=\"columns_wrap sc_columns columns_nofluid sc_columns_count_1 columnasClass \" style=\"columnasClass\"><div class=\"column-1_1 sc_column_item sc_column_item_1 iconoClass odd first\" style=\"iconoClasstext-align:center;\"><div class=\"vc_icon_element vc_icon_element-outer vc_do_icon &#8221;iconoClass&#8221; vc_icon_element-align-&#8221;center&#8221;\"><div class=\"vc_icon_element-inner vc_icon_element-color-&#8221;black&#8221; vc_icon_element-size-&#8221;xl&#8221; vc_icon_element-style- vc_icon_element-background-color-grey\" ><span class=\"vc_icon_element-icon &#8221;fa\" ><\/span><\/div><\/div><h2 style=\"color: #000000;line-height: 100%&#8243;;text-align: center;&#8221;tag: h5;font-family:Abril Fatface;font-weight:400;font-style:normal\" class=\"vc_custom_heading vc_do_custom_heading\" ><a href=\"\" title=\"Localitze el seu Centre Social\">&#8221;Localitze<\/a><\/h2><\/div><\/div>[vc_empty_space height=&#8221;50px&#8221;][vc_empty_space height=&#8221;50px&#8221;][\/vc_column][\/vc_row]<\/p>\n<\/div>","protected":false},"excerpt":{"rendered":"Acci\u00f3 Social Cartera de servicis Directori de Centres Documents i Normativa La Regidora Localitze el seu centre SERVEIS SOCIALS D'ATENCI\u00d3 PRIM\u00c0RIA B\u00c0SICA Acolliment i atenci\u00f3 davant situacions de necessitat socialServei [...]","protected":false},"author":46,"featured_media":0,"parent":27955,"menu_order":5,"comment_status":"closed","ping_status":"closed","template":"","meta":{"footnotes":""},"class_list":["post-18625","page","type-page","status-publish","hentry"],"_links":{"self":[{"href":"https:\/\/www.elche.es\/va\/wp-json\/wp\/v2\/pages\/18625","targetHints":{"allow":["GET"]}}],"collection":[{"href":"https:\/\/www.elche.es\/va\/wp-json\/wp\/v2\/pages"}],"about":[{"href":"https:\/\/www.elche.es\/va\/wp-json\/wp\/v2\/types\/page"}],"author":[{"embeddable":true,"href":"https:\/\/www.elche.es\/va\/wp-json\/wp\/v2\/users\/46"}],"replies":[{"embeddable":true,"href":"https:\/\/www.elche.es\/va\/wp-json\/wp\/v2\/comments?post=18625"}],"version-history":[{"count":5,"href":"https:\/\/www.elche.es\/va\/wp-json\/wp\/v2\/pages\/18625\/revisions"}],"predecessor-version":[{"id":305999,"href":"https:\/\/www.elche.es\/va\/wp-json\/wp\/v2\/pages\/18625\/revisions\/305999"}],"up":[{"embeddable":true,"href":"https:\/\/www.elche.es\/va\/wp-json\/wp\/v2\/pages\/27955"}],"wp:attachment":[{"href":"https:\/\/www.elche.es\/va\/wp-json\/wp\/v2\/media?parent=18625"}],"curies":[{"name":"wp","href":"https:\/\/api.w.org\/{rel}","templated":true}]}}