{"id":187396,"date":"2022-03-07T11:33:18","date_gmt":"2022-03-07T10:33:18","guid":{"rendered":"https:\/\/www.elche.es\/derechos-sociales\/cartera-de-serveis\/cooperacion-al-desarrollo-2\/que-hacemos\/que-fem-educacio-per-al-desenvolupament\/"},"modified":"2023-03-29T10:03:42","modified_gmt":"2023-03-29T09:03:42","slug":"que-fem-educacio-per-al-desenvolupament","status":"publish","type":"page","link":"https:\/\/www.elche.es\/va\/derechos-sociales\/cartera-de-serveis\/cooperacion-al-desarrollo-2\/que-hacemos\/que-fem-educacio-per-al-desenvolupament\/","title":{"rendered":"Qu\u00e8 fem- educaci\u00f3 per al desenvolupament"},"content":{"rendered":"<div class=\"wpb-content-wrapper\"><p>[vc_row][vc_column][\/vc_column][vc_column_text]<\/p>\n<p>I am text block. Click edit button to change this text. Lorem ipsum dolor sit amet, consectetur adipiscing elit. Ut elit tellus, luctus nec ullamcorper mattis, pulvinar dapibus leo.<\/p>\n<p>[\/vc_column_text][vc_row full_width=&#8221;stretch_row&#8221; css=&#8221;.vc_custom_1626695442272{background: #2abab5 url(https:\/\/www.elche.es\/wp-content\/uploads\/2021\/07\/african-beautiful-black-1108822-scaled.jpg?id=154646) !important;background-position: center !important;background-repeat: no-repeat !important;background-size: cover !important;}&#8221; el_id=&#8221;bloque_titulo&#8221; el_class=&#8221;slidersecciones&#8221;][\/vc_row][\/vc_row][vc_column][\/vc_column][vc_custom_heading text=&#8221;Cooperaci\u00f3 al desenvolupament&#8221; font_container=&#8221;tag:h2|text_align:center|color:%23ffffff&#8221; google_fonts=&#8221;font_family:Ubuntu%3A300%2C300italic%2Cregular%2Citalic%2C500%2C500italic%2C700%2C700italic|font_style:700%20bold%20regular%3A700%3Anormal&#8221; el_class=&#8221;sombraTitulo cabeceramovil&#8221;][vc_row][vc_column][\/vc_column][\/vc_row][vc_row full_width=&#8221;stretch_row&#8221; css=&#8221;.vc_custom_1475484188729{background-color: #dddde0 !important;}&#8221;][vc_column][vc_column_text]<nav aria-label=\"breadcrumbs\">\n            <div class=\"breadcrumb-container theme1\">\n                <ol>\n                                    <\/ol>\n            <\/div>\n        <\/nav>    <script type=\"application\/ld+json\">\n        {\n            \"@context\": \"http:\/\/schema.org\",\n            \"@type\": \"BreadcrumbList\",\n            \"itemListElement\": [\n                            ]\n        }\n    <\/script>\n    <style type=\"text\/css\">\n        .breadcrumb-container {\n            font-size: 13px;\n        }\n\n        .breadcrumb-container ul {\n            margin: 0;\n            padding: 0;\n        }\n\n        .breadcrumb-container li {\n            box-sizing: unset;\n            display: inline-block;\n            margin: 0;\n            padding: 0;\n        }\n\n        .breadcrumb-container li a {\n            box-sizing: unset;\n            padding: 0 10px;\n        }\n\n        .breadcrumb-container {\n            font-size: 3 !important;\n                    }\n\n        .breadcrumb-container li a {\n            color: #0a0a0a !important;\n            font-size: 3 !important;\n            line-height: 3 !important;\n                    }\n\n        .breadcrumb-container li .separator {\n            font-size: 3 !important;\n                    }\n\n        .breadcrumb-container li:last-child .separator {\n            display: none;\n        }\n    <\/style>\n    <style type=\"text\/css\">\n        .breadcrumb-container.theme1 li {\n            margin: 0;\n            padding: 0;\n        }\n        .breadcrumb-container.theme1 a {\n            background: ;\n            display: inline-block;\n            margin: 0 5px;\n            padding: 5px 10px;\n            text-decoration: none;\n        }\n    <\/style>\n        <style type=\"text\/css\">\n            <\/style>\n    <script>\n            <\/script>\n[\/vc_column_text][\/vc_column][\/vc_row][vc_row full_width=&#8221;stretch_row&#8221; css=&#8221;.vc_custom_1478090960522{padding-bottom: 30px !important;background-color: #ffffff !important;}&#8221;][vc_column][vc_column_text]<\/p>\n<h3 style=\"text-align: center;\"><strong>Educaci\u00f3 per al Desenvolupament i la Ciutadania Global<\/strong><\/h3>\n<p>[\/vc_column_text][vc_empty_space height=&#8221;15px&#8221;][vc_column_text]<\/p>\n<p style=\"text-align: left;\"><strong>Qu\u00e8 \u00e9s i quins objectius t\u00e9?<\/strong><\/p>\n<p style=\"text-align: left;\">L&#8217;educaci\u00f3 per al desenvolupament i la ciutadania global \u00e9s un proc\u00e9s educatiu constant, encaminat, a trav\u00e9s de coneixements, actituds i valors, a promoure una ciutadania generadora d&#8217;una cultura de solidaritat, compromesa en la lluita contra la pobresa i l&#8217;exclusi\u00f3, aix\u00ed com la promoci\u00f3 del desenvolupament hum\u00e0 i sostenible. Inclou com un dels seus elements metodol\u00f2gics, les activitats de sensibilitzaci\u00f3, accions desenvolupades a curt termini, amb la finalitat de generar un cert grau d&#8217;inquietud que force a canviar la manera d&#8217;entendre la realitat i a modificar les conductes de relaci\u00f3 amb el m\u00f3n en el qual vivim. L&#8217;activitat del departament de Cooperaci\u00f3 al Desenvolupament de l&#8217;Ajuntament d&#8217;Elx en aquesta mat\u00e8ria, s&#8217;ha concretat en 2020 en tres apartats:<\/p>\n<p style=\"text-align: left;\"><span style=\"color: #00a997;\"><strong>Producci\u00f3 pr\u00f2pia<\/strong><\/span><\/p>\n<p style=\"text-align: left;\"><span style=\"color: #00a997;\"><strong>Suport i log\u00edstica a tercers<\/strong><\/span><\/p>\n<p style=\"text-align: left;\"><span style=\"color: #00a997;\"><strong>Divulgaci\u00f3 a trav\u00e9s de xarxes socials<\/strong><\/span><\/p>\n<p style=\"text-align: left;\">Les activitats de sensibilitzaci\u00f3 i d&#8217;educaci\u00f3 per al desenvolupament parlen de tots els Objectius de Desenvolupament Sostenible, b\u00e9 en general, b\u00e9 d&#8217;algun particularment, per\u00f2 no constitueixen accions dirigides al compliment de cap d&#8217;aquests, sin\u00f3 a la generaci\u00f3 de consci\u00e8ncies i mobilitzaci\u00f3 de recursos per a l&#8217;assoliment de tots ells. Per tant, totes aquestes activitats contribueixen, en tot cas, al compliment de l&#8217;ODS n\u00famero 17: Revitalitzar l&#8217;alian\u00e7a mundial per al Desenvolupament Sostenible.<\/p>\n<p style=\"text-align: left;\"><strong>Com s&#8217;implementa des de l&#8217;Ajuntament?<\/strong><\/p>\n<p style=\"text-align: left;\">La Regidoria de Cooperaci\u00f3 subvenciona projectes d&#8217;educaci\u00f3 per al desenvolupament i la ciutadania global amb actuacions dirigides a generar consci\u00e8ncies cr\u00edtiques sobre les causes de la pobresa, la desigualtat, la vulneraci\u00f3 dels Drets Humans o la degradaci\u00f3 ambiental, i fer cada persona responsable i activa, a fi de construir una societat civil participativa i compromesa amb el desenvolupament hum\u00e0.<\/p>\n<p>[\/vc_column_text][\/vc_column][\/vc_row][vc_row full_width=&#8221;stretch_row&#8221; css=&#8221;.vc_custom_1475148968456{padding-bottom: 40px !important;background-color: #dedde0 !important;}&#8221; el_id=&#8221;bloque_noticias&#8221;][vc_column]<div class=\"sc_section aligncenter\"><div class=\"sc_section_inner\"><div class=\"sc_content content_wrap scheme_original\"><h3 class=\"sc_title sc_title_regular sc_align_left\" style=\"text-align:left;\">Not\u00edcies<\/h3><div id=\"noticias\" class=\"sc_blogger layout_masonry_3 template_masonry  sc_blogger_horizontal sc_scroll_controls sc_scroll_controls_type_side sc_scroll_controls_horizontal\" style=\"p { font-size: 0.81em; }\"><div id=\"noticias_scroll\" class=\"sc_scroll sc_scroll_horizontal sc_slider_noresize swiper-slider-container scroll-container\" style=\"width:100%;\"><div class=\"sc_scroll_wrapper swiper-wrapper\"><div class=\"sc_scroll_slide swiper-slide\"><div class=\"isotope_wrap\" data-columns=\"3\">\t\t<div class=\"classicnoticias isotope_item isotope_item_masonry isotope_item_masonry_3 isotope_column_3\t\t\t\t\t\">\n\t\t\t<div class=\"post_item post_item_masonry post_item_masonry_3\t\t\t\t  post_format_standard odd\">\n\t\t\t\t\n\t\t\t\t\t\t\t\t\t<div class=\"post_featured\">\n\t\t\t\t\t\t\t<div class=\"post_thumb\" data-image=\"https:\/\/www.elche.es\/wp-content\/uploads\/2025\/07\/El-Ayuntamiento-recibe-a-30-ninos-saharauis-del-programa-Vacaciones-en-Paz-y-a-sus-familias-de-acogida.png\" data-title=\"L\u2019Ajuntament rep 30 xiquets sahrau\u00eds del programa Vacances en Pau i a les seues fam\u00edlies d\u2019acollida\">\n\t<a class=\"hover_icon hover_icon_link\" href=\"https:\/\/www.elche.es\/va\/2025\/07\/lajuntament-rep-30-xiquets-sahrauis-del-programa-vacances-en-pau-i-a-les-seues-families-dacollida\/\"><img loading=\"lazy\" decoding=\"async\" class=\"wp-post-image\" width=\"370\" height=\"190\" alt=\"L\u2019Ajuntament rep 30 xiquets sahrau\u00eds del programa Vacances en Pau i a les seues fam\u00edlies d\u2019acollida\" src=\"https:\/\/www.elche.es\/wp-content\/uploads\/2025\/07\/El-Ayuntamiento-recibe-a-30-ninos-saharauis-del-programa-Vacaciones-en-Paz-y-a-sus-familias-de-acogida-370x190.png\"><\/a>\t<\/div>\n\t\t\t\t\t\t<\/div>\n\t\t\t\t\n\t\t\t\t<div class=\"post_content isotope_item_content\">\n\t\t\t\t\t\n\t\t\t\t\t    <div class=\"post_info\">\n            <span\n            class=\"post_info_item post_info_posted\">            <a href=\"https:\/\/www.elche.es\/va\/2025\/07\/lajuntament-rep-30-xiquets-sahrauis-del-programa-vacances-en-pau-i-a-les-seues-families-dacollida\/\"\n               class=\"post_info_date\">23 Juliol, 2025<\/a><\/span>\n            \n           \n        <\/div>\n\t\t\t\t\t\t\t\n\t\t\t\t\t\t\t<h5 class=\"post_title\"><a href=\"https:\/\/www.elche.es\/va\/2025\/07\/lajuntament-rep-30-xiquets-sahrauis-del-programa-vacances-en-pau-i-a-les-seues-families-dacollida\/\">L\u2019Ajuntament rep 30 xiquets sahrau\u00eds del programa Vacances en Pau i a les seues fam\u00edli ... <\/a><\/h5>\n\t\t\t\t\t\t\t\n\t\t\t\t\t<div class=\"post_descr\">\n\t\t\t\t\t\tEls menuts romandran a la ciutat d\u2019Elx fins a la primera setmana de setembre El Sal\u00f3 de Plens de l\u2019Ajuntament ha rebut un any m\u00e9s els xiquets sahrau\u00eds del programa[...]<a href=\"https:\/\/www.elche.es\/va\/2025\/07\/lajuntament-rep-30-xiquets-sahrauis-del-programa-vacances-en-pau-i-a-les-seues-families-dacollida\/\" class=\"post_readmore\"><span class=\"post_readmore_label\">Llegir m\u00e9s<\/span><\/a>\t\t\t\t\t<\/div>\n\n\t\t\t\t<\/div>\t\t\t\t<!-- \/.post_content -->\n\t\t\t<\/div>\t<!-- \/.post_item -->\n\t\t<\/div>\t\t\t\t\t\t<!-- \/.isotope_item -->\n\t\t\t\t<div class=\"classicnoticias isotope_item isotope_item_masonry isotope_item_masonry_3 isotope_column_3\t\t\t\t\t\">\n\t\t\t<div class=\"post_item post_item_masonry post_item_masonry_3\t\t\t\t  post_format_standard even\">\n\t\t\t\t\n\t\t\t\t\t\t\t\t\t<div class=\"post_featured\">\n\t\t\t\t\t\t\t<div class=\"post_thumb\" data-image=\"https:\/\/www.elche.es\/wp-content\/uploads\/2025\/03\/\u2018Un-mundo-en-Elche-llega-para-dar-a-conocer-la-labor-de-las-asociaciones-en-la-integracion-cultural.jpg\" data-title=\"\u2018Un m\u00f3n a Elx\u2019 arriba per a donar a con\u00e9ixer la labor de les associacions en la integraci\u00f3 cultural\">\n\t<a class=\"hover_icon hover_icon_link\" href=\"https:\/\/www.elche.es\/va\/2025\/03\/un-mon-a-elx-arriba-per-a-donar-a-coneixer-la-labor-de-les-associacions-en-la-integracio-cultural\/\"><img loading=\"lazy\" decoding=\"async\" class=\"wp-post-image\" width=\"370\" height=\"190\" alt=\"\u2018Un m\u00f3n a Elx\u2019 arriba per a donar a con\u00e9ixer la labor de les associacions en la integraci\u00f3 cultural\" src=\"https:\/\/www.elche.es\/wp-content\/uploads\/2025\/03\/\u2018Un-mundo-en-Elche-llega-para-dar-a-conocer-la-labor-de-las-asociaciones-en-la-integracion-cultural-370x190.jpg\"><\/a>\t<\/div>\n\t\t\t\t\t\t<\/div>\n\t\t\t\t\n\t\t\t\t<div class=\"post_content isotope_item_content\">\n\t\t\t\t\t\n\t\t\t\t\t    <div class=\"post_info\">\n            <span\n            class=\"post_info_item post_info_posted\">            <a href=\"https:\/\/www.elche.es\/va\/2025\/03\/un-mon-a-elx-arriba-per-a-donar-a-coneixer-la-labor-de-les-associacions-en-la-integracio-cultural\/\"\n               class=\"post_info_date\">26 Mar\u00e7, 2025<\/a><\/span>\n            \n           \n        <\/div>\n\t\t\t\t\t\t\t\n\t\t\t\t\t\t\t<h5 class=\"post_title\"><a href=\"https:\/\/www.elche.es\/va\/2025\/03\/un-mon-a-elx-arriba-per-a-donar-a-coneixer-la-labor-de-les-associacions-en-la-integracio-cultural\/\">\u2018Un m\u00f3n a Elx\u2019 arriba per a donar a con\u00e9ixer la labor de les associacions en la inte ... <\/a><\/h5>\n\t\t\t\t\t\t\t\n\t\t\t\t\t<div class=\"post_descr\">\n\t\t\t\t\t\tLa jornada tindr\u00e0 lloc el diumenge, 30 de mar\u00e7, de 10.00 a 16.00 hores, al Centre de Congressos La Regidoria de Cooperaci\u00f3 ha presentat la jornada \u2018Un M\u00f3n a Elx\u2019,[...]<a href=\"https:\/\/www.elche.es\/va\/2025\/03\/un-mon-a-elx-arriba-per-a-donar-a-coneixer-la-labor-de-les-associacions-en-la-integracio-cultural\/\" class=\"post_readmore\"><span class=\"post_readmore_label\">Llegir m\u00e9s<\/span><\/a>\t\t\t\t\t<\/div>\n\n\t\t\t\t<\/div>\t\t\t\t<!-- \/.post_content -->\n\t\t\t<\/div>\t<!-- \/.post_item -->\n\t\t<\/div>\t\t\t\t\t\t<!-- \/.isotope_item -->\n\t\t\t\t<div class=\"classicnoticias isotope_item isotope_item_masonry isotope_item_masonry_3 isotope_column_3\t\t\t\t\t\">\n\t\t\t<div class=\"post_item post_item_masonry post_item_masonry_3\t\t\t\t  post_format_standard odd\">\n\t\t\t\t\n\t\t\t\t\t\t\t\t\t<div class=\"post_featured\">\n\t\t\t\t\t\t\t<div class=\"post_thumb\" data-image=\"https:\/\/www.elche.es\/wp-content\/uploads\/2025\/03\/Llega-la-II-Jornada-Elche-Coopera-para-visibilizar-el-trabajo-de-las-ONGD-ilicitanas.jpg\" data-title=\"Arriba la II Jornada Elx Coopera per a visibilitzar el treball de les ONGD il\u00b7licitanes\">\n\t<a class=\"hover_icon hover_icon_link\" href=\"https:\/\/www.elche.es\/va\/2025\/03\/arriba-la-ii-jornada-elx-coopera-per-a-visibilitzar-el-treball-de-les-ongd-il%c2%b7licitanes\/\"><img loading=\"lazy\" decoding=\"async\" class=\"wp-post-image\" width=\"370\" height=\"190\" alt=\"Arriba la II Jornada Elx Coopera per a visibilitzar el treball de les ONGD il\u00b7licitanes\" src=\"https:\/\/www.elche.es\/wp-content\/uploads\/2025\/03\/Llega-la-II-Jornada-Elche-Coopera-para-visibilizar-el-trabajo-de-las-ONGD-ilicitanas-370x190.jpg\"><\/a>\t<\/div>\n\t\t\t\t\t\t<\/div>\n\t\t\t\t\n\t\t\t\t<div class=\"post_content isotope_item_content\">\n\t\t\t\t\t\n\t\t\t\t\t    <div class=\"post_info\">\n            <span\n            class=\"post_info_item post_info_posted\">            <a href=\"https:\/\/www.elche.es\/va\/2025\/03\/arriba-la-ii-jornada-elx-coopera-per-a-visibilitzar-el-treball-de-les-ongd-il%c2%b7licitanes\/\"\n               class=\"post_info_date\">25 Mar\u00e7, 2025<\/a><\/span>\n            \n           \n        <\/div>\n\t\t\t\t\t\t\t\n\t\t\t\t\t\t\t<h5 class=\"post_title\"><a href=\"https:\/\/www.elche.es\/va\/2025\/03\/arriba-la-ii-jornada-elx-coopera-per-a-visibilitzar-el-treball-de-les-ongd-il%c2%b7licitanes\/\">Arriba la II Jornada Elx Coopera per a visibilitzar el treball de les ONGD il\u00b7licitanes <\/a><\/h5>\n\t\t\t\t\t\t\t\n\t\t\t\t\t<div class=\"post_descr\">\n\t\t\t\t\t\tL'esdeveniment, dirigit a un p\u00fablic infantil i familiar, se celebrar\u00e0 dissabte que ve 29 de mar\u00e7 de 10.00 a 16.00 hores a la Pla\u00e7a de Castella L'Ajuntament d'Elx, a trav\u00e9s[...]<a href=\"https:\/\/www.elche.es\/va\/2025\/03\/arriba-la-ii-jornada-elx-coopera-per-a-visibilitzar-el-treball-de-les-ongd-il%c2%b7licitanes\/\" class=\"post_readmore\"><span class=\"post_readmore_label\">Llegir m\u00e9s<\/span><\/a>\t\t\t\t\t<\/div>\n\n\t\t\t\t<\/div>\t\t\t\t<!-- \/.post_content -->\n\t\t\t<\/div>\t<!-- \/.post_item -->\n\t\t<\/div>\t\t\t\t\t\t<!-- \/.isotope_item -->\n\t\t\t\t<div class=\"classicnoticias isotope_item isotope_item_masonry isotope_item_masonry_3 isotope_column_3\t\t\t\t\t\">\n\t\t\t<div class=\"post_item post_item_masonry post_item_masonry_3\t\t\t\t  post_format_standard even\">\n\t\t\t\t\n\t\t\t\t\t\t\t\t\t<div class=\"post_featured\">\n\t\t\t\t\t\t\t<div class=\"post_thumb\" data-image=\"https:\/\/www.elche.es\/wp-content\/uploads\/2025\/01\/El-Parque-1-de-Mayo-acogera-el-Mercadillo-solidario-del-Ano-Nuevo-Chino.jpg\" data-title=\"El Parc 1 de Maig acollir\u00e0 el Mercat ambulant solidari de l&#8217;Any Nou Xin\u00e9s\">\n\t<a class=\"hover_icon hover_icon_link\" href=\"https:\/\/www.elche.es\/va\/2025\/01\/el-parc-1-de-maig-acollira-el-mercat-ambulant-solidari-de-lany-nou-xines\/\"><img loading=\"lazy\" decoding=\"async\" class=\"wp-post-image\" width=\"370\" height=\"190\" alt=\"El Parc 1 de Maig acollir\u00e0 el Mercat ambulant solidari de l&#8217;Any Nou Xin\u00e9s\" src=\"https:\/\/www.elche.es\/wp-content\/uploads\/2025\/01\/El-Parque-1-de-Mayo-acogera-el-Mercadillo-solidario-del-Ano-Nuevo-Chino-370x190.jpg\"><\/a>\t<\/div>\n\t\t\t\t\t\t<\/div>\n\t\t\t\t\n\t\t\t\t<div class=\"post_content isotope_item_content\">\n\t\t\t\t\t\n\t\t\t\t\t    <div class=\"post_info\">\n            <span\n            class=\"post_info_item post_info_posted\">            <a href=\"https:\/\/www.elche.es\/va\/2025\/01\/el-parc-1-de-maig-acollira-el-mercat-ambulant-solidari-de-lany-nou-xines\/\"\n               class=\"post_info_date\">30 Gener, 2025<\/a><\/span>\n            \n           \n        <\/div>\n\t\t\t\t\t\t\t\n\t\t\t\t\t\t\t<h5 class=\"post_title\"><a href=\"https:\/\/www.elche.es\/va\/2025\/01\/el-parc-1-de-maig-acollira-el-mercat-ambulant-solidari-de-lany-nou-xines\/\">El Parc 1 de Maig acollir\u00e0 el Mercat ambulant solidari de l&#8217;Any Nou Xin\u00e9s <\/a><\/h5>\n\t\t\t\t\t\t\t\n\t\t\t\t\t<div class=\"post_descr\">\n\t\t\t\t\t\tL'esdeveniment comptar\u00e0 amb la venda de productes elaborats principalment per fam\u00edlies i xiquets de la comunitat xinesa, amb preus simb\u00f2lics Consulta ac\u00ed la programaci\u00f3El dia 1 de febrer se celebrar\u00e0[...]<a href=\"https:\/\/www.elche.es\/va\/2025\/01\/el-parc-1-de-maig-acollira-el-mercat-ambulant-solidari-de-lany-nou-xines\/\" class=\"post_readmore\"><span class=\"post_readmore_label\">Llegir m\u00e9s<\/span><\/a>\t\t\t\t\t<\/div>\n\n\t\t\t\t<\/div>\t\t\t\t<!-- \/.post_content -->\n\t\t\t<\/div>\t<!-- \/.post_item -->\n\t\t<\/div>\t\t\t\t\t\t<!-- \/.isotope_item -->\n\t\t\t\t<div class=\"classicnoticias isotope_item isotope_item_masonry isotope_item_masonry_3 isotope_column_3\t\t\t\t\t\">\n\t\t\t<div class=\"post_item post_item_masonry post_item_masonry_3\t\t\t\t  post_format_standard odd\">\n\t\t\t\t\n\t\t\t\t\t\t\t\t\t<div class=\"post_featured\">\n\t\t\t\t\t\t\t<div class=\"post_thumb\" data-image=\"https:\/\/www.elche.es\/wp-content\/uploads\/2025\/01\/Elche-cuenta-con-dispositivo-especial-por-bajas-temperaturas-para-atender-a-personas-sin-hoga-2.jpg\" data-title=\"Elx compta amb dispositiu especial per baixes temperatures per a atendre persones sense llar\">\n\t<a class=\"hover_icon hover_icon_link\" href=\"https:\/\/www.elche.es\/va\/2025\/01\/elx-compta-amb-dispositiu-especial-per-baixes-temperatures-per-a-atendre-persones-sense-llar\/\"><img loading=\"lazy\" decoding=\"async\" class=\"wp-post-image\" width=\"370\" height=\"190\" alt=\"Elx compta amb dispositiu especial per baixes temperatures per a atendre persones sense llar\" src=\"https:\/\/www.elche.es\/wp-content\/uploads\/2025\/01\/Elche-cuenta-con-dispositivo-especial-por-bajas-temperaturas-para-atender-a-personas-sin-hoga-2-370x190.jpg\"><\/a>\t<\/div>\n\t\t\t\t\t\t<\/div>\n\t\t\t\t\n\t\t\t\t<div class=\"post_content isotope_item_content\">\n\t\t\t\t\t\n\t\t\t\t\t    <div class=\"post_info\">\n            <span\n            class=\"post_info_item post_info_posted\">            <a href=\"https:\/\/www.elche.es\/va\/2025\/01\/elx-compta-amb-dispositiu-especial-per-baixes-temperatures-per-a-atendre-persones-sense-llar\/\"\n               class=\"post_info_date\">15 Gener, 2025<\/a><\/span>\n            \n           \n        <\/div>\n\t\t\t\t\t\t\t\n\t\t\t\t\t\t\t<h5 class=\"post_title\"><a href=\"https:\/\/www.elche.es\/va\/2025\/01\/elx-compta-amb-dispositiu-especial-per-baixes-temperatures-per-a-atendre-persones-sense-llar\/\">Elx compta amb dispositiu especial per baixes temperatures per a atendre persones sense ll ... <\/a><\/h5>\n\t\t\t\t\t\t\t\n\t\t\t\t\t<div class=\"post_descr\">\n\t\t\t\t\t\tDes de diumenge passat, 12 de gener, acudixen di\u00e0riament al voltant de 60 persones al Centre de Pernocta de la Fundaci\u00f3 Conci\u00e9nciate, una vintena de les quals s\u00f3n noves L'Ajuntament[...]<a href=\"https:\/\/www.elche.es\/va\/2025\/01\/elx-compta-amb-dispositiu-especial-per-baixes-temperatures-per-a-atendre-persones-sense-llar\/\" class=\"post_readmore\"><span class=\"post_readmore_label\">Llegir m\u00e9s<\/span><\/a>\t\t\t\t\t<\/div>\n\n\t\t\t\t<\/div>\t\t\t\t<!-- \/.post_content -->\n\t\t\t<\/div>\t<!-- \/.post_item -->\n\t\t<\/div>\t\t\t\t\t\t<!-- \/.isotope_item -->\n\t\t\t\t<div class=\"classicnoticias isotope_item isotope_item_masonry isotope_item_masonry_3 isotope_column_3\t\t\t\t\t\">\n\t\t\t<div class=\"post_item post_item_masonry post_item_masonry_3\t\t\t\t  post_format_standard even last\">\n\t\t\t\t\n\t\t\t\t\t\t\t\t\t<div class=\"post_featured\">\n\t\t\t\t\t\t\t<div class=\"post_thumb\" data-image=\"https:\/\/www.elche.es\/wp-content\/uploads\/2024\/10\/Presentacion-banco-reciclado.png\" data-title=\"Elx acull unes jornades per a reflexionar sobre el context, causes i conseq\u00fc\u00e8ncies de conflictes armats en el m\u00f3n\">\n\t<a class=\"hover_icon hover_icon_link\" href=\"https:\/\/www.elche.es\/va\/2024\/10\/elx-acull-unes-jornades-per-a-reflexionar-sobre-el-context-causes-i-consequencies-de-conflictes-armats-en-el-mon\/\"><img loading=\"lazy\" decoding=\"async\" class=\"wp-post-image\" width=\"370\" height=\"190\" alt=\"Elx acull unes jornades per a reflexionar sobre el context, causes i conseq\u00fc\u00e8ncies de conflictes armats en el m\u00f3n\" src=\"https:\/\/www.elche.es\/wp-content\/uploads\/2024\/10\/Presentacion-banco-reciclado-370x190.png\"><\/a>\t<\/div>\n\t\t\t\t\t\t<\/div>\n\t\t\t\t\n\t\t\t\t<div class=\"post_content isotope_item_content\">\n\t\t\t\t\t\n\t\t\t\t\t    <div class=\"post_info\">\n            <span\n            class=\"post_info_item post_info_posted\">            <a href=\"https:\/\/www.elche.es\/va\/2024\/10\/elx-acull-unes-jornades-per-a-reflexionar-sobre-el-context-causes-i-consequencies-de-conflictes-armats-en-el-mon\/\"\n               class=\"post_info_date\">18 Octubre, 2024<\/a><\/span>\n            \n           \n        <\/div>\n\t\t\t\t\t\t\t\n\t\t\t\t\t\t\t<h5 class=\"post_title\"><a href=\"https:\/\/www.elche.es\/va\/2024\/10\/elx-acull-unes-jornades-per-a-reflexionar-sobre-el-context-causes-i-consequencies-de-conflictes-armats-en-el-mon\/\">Elx acull unes jornades per a reflexionar sobre el context, causes i conseq\u00fc\u00e8ncies de co ... <\/a><\/h5>\n\t\t\t\t\t\t\t\n\t\t\t\t\t<div class=\"post_descr\">\n\t\t\t\t\t\tSegons la regidora de Cooperaci\u00f3, Celia Lastra, es tracta d'obrir un espai de di\u00e0leg sobre l'impacte d'estos conflictes en els Drets Humans i l'exercici de les llibertats L'Ajuntament d'Elx, en[...]<a href=\"https:\/\/www.elche.es\/va\/2024\/10\/elx-acull-unes-jornades-per-a-reflexionar-sobre-el-context-causes-i-consequencies-de-conflictes-armats-en-el-mon\/\" class=\"post_readmore\"><span class=\"post_readmore_label\">Llegir m\u00e9s<\/span><\/a>\t\t\t\t\t<\/div>\n\n\t\t\t\t<\/div>\t\t\t\t<!-- \/.post_content -->\n\t\t\t<\/div>\t<!-- \/.post_item -->\n\t\t<\/div>\t\t\t\t\t\t<!-- \/.isotope_item -->\n\t\t<\/div><\/div><\/div><div id=\"noticias_scroll_bar\" class=\"sc_scroll_bar sc_scroll_bar_horizontal noticias_scroll_bar\"><\/div><\/div><div class=\"sc_scroll_controls_wrap\"><a class=\"sc_scroll_prev\" href=\"#\"><\/a><a class=\"sc_scroll_next\" href=\"#\"><\/a><\/div><\/div><a href=\"https:\/\/www.elche.es\/categoria\/cooperacion\/\" class=\"sc_button sc_button_square sc_button_style_filled style_original sc_button_size_small boton3d margin_top_medium\">M\u00e9s not\u00edcies<\/a><\/div><\/div><\/div>[\/vc_column][\/vc_row][vc_row full_width=&#8221;stretch_row&#8221; css=&#8221;.vc_custom_1469617963813{padding-bottom: 40px !important;background-color: #fffcfc !important;}&#8221;][vc_column]<div class=\"sc_section aligncenter\"><div class=\"sc_section_inner\"><div class=\"sc_content content_wrap scheme_original\"><h3 class=\"sc_title sc_title_regular sc_align_left\" style=\"text-align:left;\">Pr\u00f2xims esdeveniments<\/h3><div id=\"sc_blogger_718778124\" class=\"sc_blogger layout_classic_4 template_classic  sc_blogger_horizontal sc_scroll_controls sc_scroll_controls_type_top sc_scroll_controls_horizontal no_description\"><div id=\"sc_blogger_718778124_scroll\" class=\"sc_scroll sc_scroll_horizontal sc_slider_noresize swiper-slider-container scroll-container\" style=\"width:100%;\"><div class=\"sc_scroll_wrapper swiper-wrapper\"><div class=\"sc_scroll_slide swiper-slide\"><div class=\"isotope_wrap\" data-columns=\"4\"><\/div><\/div><\/div><div id=\"sc_blogger_718778124_scroll_bar\" class=\"sc_scroll_bar sc_scroll_bar_horizontal sc_blogger_718778124_scroll_bar\"><\/div><\/div><div class=\"sc_scroll_controls_wrap\"><a class=\"sc_scroll_prev\" href=\"#\"><\/a><a class=\"sc_scroll_next\" href=\"#\"><\/a><\/div><\/div><a href=\"https:\/\/www.elche.es\/calendario-eventos\/categoria\/cooperacion\/\" class=\"sc_button sc_button_square sc_button_style_filled style_original sc_button_size_small boton3d \">M\u00e9s esdeveniments<\/a><\/div><\/div><\/div>[\/vc_column][\/vc_row][vc_row][vc_column][vc_icon el_class=&#8221;ocultar&#8221;][\/vc_column][\/vc_row][vc_row][vc_column][vc_column_text]\u00a0[\/vc_column_text][\/vc_column][\/vc_row]<\/p>\n<\/div>","protected":false},"excerpt":{"rendered":"<p>[\/vc_row]<\/p>\n","protected":false},"author":131,"featured_media":0,"parent":161255,"menu_order":0,"comment_status":"closed","ping_status":"closed","template":"","meta":{"footnotes":""},"class_list":["post-187396","page","type-page","status-publish","hentry"],"_links":{"self":[{"href":"https:\/\/www.elche.es\/va\/wp-json\/wp\/v2\/pages\/187396","targetHints":{"allow":["GET"]}}],"collection":[{"href":"https:\/\/www.elche.es\/va\/wp-json\/wp\/v2\/pages"}],"about":[{"href":"https:\/\/www.elche.es\/va\/wp-json\/wp\/v2\/types\/page"}],"author":[{"embeddable":true,"href":"https:\/\/www.elche.es\/va\/wp-json\/wp\/v2\/users\/131"}],"replies":[{"embeddable":true,"href":"https:\/\/www.elche.es\/va\/wp-json\/wp\/v2\/comments?post=187396"}],"version-history":[{"count":0,"href":"https:\/\/www.elche.es\/va\/wp-json\/wp\/v2\/pages\/187396\/revisions"}],"up":[{"embeddable":true,"href":"https:\/\/www.elche.es\/va\/wp-json\/wp\/v2\/pages\/161255"}],"wp:attachment":[{"href":"https:\/\/www.elche.es\/va\/wp-json\/wp\/v2\/media?parent=187396"}],"curies":[{"name":"wp","href":"https:\/\/api.w.org\/{rel}","templated":true}]}}