{"id":189253,"date":"2022-03-22T10:44:14","date_gmt":"2022-03-22T09:44:14","guid":{"rendered":"https:\/\/www.elche.es\/?page_id=189253"},"modified":"2022-04-04T12:36:47","modified_gmt":"2022-04-04T11:36:47","slug":"contacte","status":"publish","type":"page","link":"https:\/\/www.elche.es\/va\/derechos-sociales\/cartera-de-serveis\/cooperacion-al-desarrollo-2\/contacte\/","title":{"rendered":"Contacte"},"content":{"rendered":"<div class=\"wpb-content-wrapper\"><p>[vc_row][vc_column]<div class=\"templatera_shortcode\"><div id=\"bloque_titulo\" data-vc-full-width=\"true\" data-vc-full-width-init=\"false\" class=\"vc_row wpb_row vc_row-fluid slidersecciones vc_custom_1649069850316 vc_row-has-fill\"><div class=\"wpb_column vc_column_container vc_col-sm-12\"><div class=\"vc_column-inner\"><div class=\"wpb_wrapper\"><h2 style=\"color: #ffffff;text-align: center;font-family:Ubuntu;font-weight:700;font-style:normal\" class=\"vc_custom_heading vc_do_custom_heading sombraTitulo cabeceramovil novisible\" >SOLIDARITAT AMB UCRA\u00cfNA<\/h2><\/div><\/div><\/div><\/div><div class=\"vc_row-full-width vc_clearfix\"><\/div><div id=\"bloque_menu_enlaces\" data-vc-full-width=\"true\" data-vc-full-width-init=\"false\" data-vc-stretch-content=\"true\" class=\"vc_row wpb_row vc_row-fluid bloque_menu_paginas bloquemnuestop bloquemnuestopbajo vc_custom_1647931421664 vc_row-has-fill vc_row-no-padding\"><div class=\"wpb_column vc_column_container vc_col-sm-12\"><div class=\"vc_column-inner\"><div class=\"wpb_wrapper\">\r\n        \r\n        <a class=\"menuVC\"  href=\"https:\/\/www.elche.es\/va\/derechos-sociales\/cartera-de-serveis\/cooperacion-al-desarrollo-2\/solidaritat-amb-ucraina\/\"> <span> Informaci\u00f3 general <\/span><\/a>\r\n        \r\n        <a class=\"menuVC\"  href=\"https:\/\/www.elche.es\/va\/derechos-sociales\/cartera-de-serveis\/cooperacion-al-desarrollo-2\/com-puc-ajudar\/\"> <span> Com puc ajudar? <\/span><\/a>\r\n        \r\n        <a class=\"menuVC\"  href=\"https:\/\/www.elche.es\/va\/derechos-sociales\/cartera-de-serveis\/cooperacion-al-desarrollo-2\/recomanacions\/\"> <span> Recomanacions <\/span><\/a>\r\n        \r\n        <a class=\"menuVC\"  href=\"https:\/\/www.elche.es\/va\/derechos-sociales\/cartera-de-serveis\/cooperacion-al-desarrollo-2\/contacte\/\"> <span> Contacte <\/span><\/a><\/div><\/div><\/div><\/div><div class=\"vc_row-full-width vc_clearfix\"><\/div>\r\n<\/div>[\/vc_column][\/vc_row][vc_row full_width=&#8221;stretch_row&#8221; css=&#8221;.vc_custom_1475484188729{background-color: #dddde0 !important;}&#8221;][vc_column][vc_column_text]<nav aria-label=\"breadcrumbs\">\n            <div class=\"breadcrumb-container theme1\">\n                <ol>\n                                    <\/ol>\n            <\/div>\n        <\/nav>    <script type=\"application\/ld+json\">\n        {\n            \"@context\": \"http:\/\/schema.org\",\n            \"@type\": \"BreadcrumbList\",\n            \"itemListElement\": [\n                            ]\n        }\n    <\/script>\n    <style type=\"text\/css\">\n        .breadcrumb-container {\n            font-size: 13px;\n        }\n\n        .breadcrumb-container ul {\n            margin: 0;\n            padding: 0;\n        }\n\n        .breadcrumb-container li {\n            box-sizing: unset;\n            display: inline-block;\n            margin: 0;\n            padding: 0;\n        }\n\n        .breadcrumb-container li a {\n            box-sizing: unset;\n            padding: 0 10px;\n        }\n\n        .breadcrumb-container {\n            font-size: 3 !important;\n                    }\n\n        .breadcrumb-container li a {\n            color: #0a0a0a !important;\n            font-size: 3 !important;\n            line-height: 3 !important;\n                    }\n\n        .breadcrumb-container li .separator {\n            font-size: 3 !important;\n                    }\n\n        .breadcrumb-container li:last-child .separator {\n            display: none;\n        }\n    <\/style>\n    <style type=\"text\/css\">\n        .breadcrumb-container.theme1 li {\n            margin: 0;\n            padding: 0;\n        }\n        .breadcrumb-container.theme1 a {\n            background: ;\n            display: inline-block;\n            margin: 0 5px;\n            padding: 5px 10px;\n            text-decoration: none;\n        }\n    <\/style>\n        <style type=\"text\/css\">\n            <\/style>\n    <script>\n            <\/script>\n[\/vc_column_text][\/vc_column][\/vc_row][vc_row full_width=&#8221;stretch_row&#8221; css=&#8221;.vc_custom_1478090960522{padding-bottom: 30px !important;background-color: #ffffff !important;}&#8221;][vc_column]<h5 class=\"sc_title sc_title_regular\"><strong>Contacte<\/strong><\/h5>[\/vc_column][\/vc_row][vc_row full_width=&#8221;stretch_row&#8221; css=&#8221;.vc_custom_1469617963813{padding-bottom: 40px !important;background-color: #fffcfc !important;}&#8221;][vc_column][vc_column_text]<strong>REGIDORIA DE COOPERACI\u00d3 AL DESENVOLUPAMENT. \u00c9s necessari demanar cita pr\u00e8via.<br \/>\n<\/strong><\/p>\n<p>Av. Novelda,1 (Edifici Ximeneres)<\/p>\n<p>966 658 062<\/p>\n<p>Correu de contacte: <a href=\"mailto:cooperacion@elche.es\">cooperacion@elche.es<\/a><\/p>\n<p>&nbsp;<\/p>\n<p><strong>REGIDORIA DE DRETS SOCIALS. \u00c9s necessari demanar cita pr\u00e8via.<br \/>\n<\/strong><\/p>\n<p>C\/ Mario Pastor Sempere, 43 PANGEA<\/p>\n<p>966 659 225<\/p>\n<p>Correu de contacte: <a href=\"mailto:elchepangea@elche.es\">elchepangea@elche.es<\/a>[\/vc_column_text][\/vc_column][\/vc_row][vc_row][vc_column][\/vc_column][\/vc_row]<\/p>\n<\/div>","protected":false},"excerpt":{"rendered":"SOLIDARITAT AMB UCRA\u00cfNA Informaci\u00f3 general Com puc ajudar? Recomanacions Contacte Contacte REGIDORIA DE COOPERACI\u00d3 AL DESENVOLUPAMENT. \u00c9s necessari demanar cita pr\u00e8via. Av. Novelda,1 (Edifici Ximeneres) 966 658 062 Correu de [...]","protected":false},"author":131,"featured_media":0,"parent":161066,"menu_order":0,"comment_status":"closed","ping_status":"closed","template":"","meta":{"footnotes":""},"class_list":["post-189253","page","type-page","status-publish","hentry"],"_links":{"self":[{"href":"https:\/\/www.elche.es\/va\/wp-json\/wp\/v2\/pages\/189253","targetHints":{"allow":["GET"]}}],"collection":[{"href":"https:\/\/www.elche.es\/va\/wp-json\/wp\/v2\/pages"}],"about":[{"href":"https:\/\/www.elche.es\/va\/wp-json\/wp\/v2\/types\/page"}],"author":[{"embeddable":true,"href":"https:\/\/www.elche.es\/va\/wp-json\/wp\/v2\/users\/131"}],"replies":[{"embeddable":true,"href":"https:\/\/www.elche.es\/va\/wp-json\/wp\/v2\/comments?post=189253"}],"version-history":[{"count":0,"href":"https:\/\/www.elche.es\/va\/wp-json\/wp\/v2\/pages\/189253\/revisions"}],"up":[{"embeddable":true,"href":"https:\/\/www.elche.es\/va\/wp-json\/wp\/v2\/pages\/161066"}],"wp:attachment":[{"href":"https:\/\/www.elche.es\/va\/wp-json\/wp\/v2\/media?parent=189253"}],"curies":[{"name":"wp","href":"https:\/\/api.w.org\/{rel}","templated":true}]}}