{"id":189260,"date":"2022-03-22T10:42:57","date_gmt":"2022-03-22T09:42:57","guid":{"rendered":"https:\/\/www.elche.es\/?page_id=189260"},"modified":"2022-03-22T13:14:14","modified_gmt":"2022-03-22T12:14:14","slug":"recomanacions","status":"publish","type":"page","link":"https:\/\/www.elche.es\/va\/derechos-sociales\/cartera-de-serveis\/cooperacion-al-desarrollo-2\/recomanacions\/","title":{"rendered":"Recomanacions"},"content":{"rendered":"<div class=\"wpb-content-wrapper\"><p>[vc_row][vc_column]<div class=\"templatera_shortcode\"><div id=\"bloque_titulo\" data-vc-full-width=\"true\" data-vc-full-width-init=\"false\" class=\"vc_row wpb_row vc_row-fluid slidersecciones vc_custom_1649069850316 vc_row-has-fill\"><div class=\"wpb_column vc_column_container vc_col-sm-12\"><div class=\"vc_column-inner\"><div class=\"wpb_wrapper\"><h2 style=\"color: #ffffff;text-align: center;font-family:Ubuntu;font-weight:700;font-style:normal\" class=\"vc_custom_heading vc_do_custom_heading sombraTitulo cabeceramovil novisible\" >SOLIDARITAT AMB UCRA\u00cfNA<\/h2><\/div><\/div><\/div><\/div><div class=\"vc_row-full-width vc_clearfix\"><\/div><div id=\"bloque_menu_enlaces\" data-vc-full-width=\"true\" data-vc-full-width-init=\"false\" data-vc-stretch-content=\"true\" class=\"vc_row wpb_row vc_row-fluid bloque_menu_paginas bloquemnuestop bloquemnuestopbajo vc_custom_1647931421664 vc_row-has-fill vc_row-no-padding\"><div class=\"wpb_column vc_column_container vc_col-sm-12\"><div class=\"vc_column-inner\"><div class=\"wpb_wrapper\">\r\n        \r\n        <a class=\"menuVC\"  href=\"https:\/\/www.elche.es\/va\/derechos-sociales\/cartera-de-serveis\/cooperacion-al-desarrollo-2\/solidaritat-amb-ucraina\/\"> <span> Informaci\u00f3 general <\/span><\/a>\r\n        \r\n        <a class=\"menuVC\"  href=\"https:\/\/www.elche.es\/va\/derechos-sociales\/cartera-de-serveis\/cooperacion-al-desarrollo-2\/com-puc-ajudar\/\"> <span> Com puc ajudar? <\/span><\/a>\r\n        \r\n        <a class=\"menuVC\"  href=\"https:\/\/www.elche.es\/va\/derechos-sociales\/cartera-de-serveis\/cooperacion-al-desarrollo-2\/recomanacions\/\"> <span> Recomanacions <\/span><\/a>\r\n        \r\n        <a class=\"menuVC\"  href=\"https:\/\/www.elche.es\/va\/derechos-sociales\/cartera-de-serveis\/cooperacion-al-desarrollo-2\/contacte\/\"> <span> Contacte <\/span><\/a><\/div><\/div><\/div><\/div><div class=\"vc_row-full-width vc_clearfix\"><\/div>\r\n<\/div>[\/vc_column][\/vc_row][vc_row full_width=&#8221;stretch_row&#8221; css=&#8221;.vc_custom_1475484188729{background-color: #dddde0 !important;}&#8221;][vc_column][vc_column_text]<nav aria-label=\"breadcrumbs\">\n            <div class=\"breadcrumb-container theme1\">\n                <ol>\n                                    <\/ol>\n            <\/div>\n        <\/nav>    <script type=\"application\/ld+json\">\n        {\n            \"@context\": \"http:\/\/schema.org\",\n            \"@type\": \"BreadcrumbList\",\n            \"itemListElement\": [\n                            ]\n        }\n    <\/script>\n    <style type=\"text\/css\">\n        .breadcrumb-container {\n            font-size: 13px;\n        }\n\n        .breadcrumb-container ul {\n            margin: 0;\n            padding: 0;\n        }\n\n        .breadcrumb-container li {\n            box-sizing: unset;\n            display: inline-block;\n            margin: 0;\n            padding: 0;\n        }\n\n        .breadcrumb-container li a {\n            box-sizing: unset;\n            padding: 0 10px;\n        }\n\n        .breadcrumb-container {\n            font-size: 3 !important;\n                    }\n\n        .breadcrumb-container li a {\n            color: #0a0a0a !important;\n            font-size: 3 !important;\n            line-height: 3 !important;\n                    }\n\n        .breadcrumb-container li .separator {\n            font-size: 3 !important;\n                    }\n\n        .breadcrumb-container li:last-child .separator {\n            display: none;\n        }\n    <\/style>\n    <style type=\"text\/css\">\n        .breadcrumb-container.theme1 li {\n            margin: 0;\n            padding: 0;\n        }\n        .breadcrumb-container.theme1 a {\n            background: ;\n            display: inline-block;\n            margin: 0 5px;\n            padding: 5px 10px;\n            text-decoration: none;\n        }\n    <\/style>\n        <style type=\"text\/css\">\n            <\/style>\n    <script>\n            <\/script>\n[\/vc_column_text][\/vc_column][\/vc_row][vc_row full_width=&#8221;stretch_row&#8221; css=&#8221;.vc_custom_1478090960522{padding-bottom: 30px !important;background-color: #ffffff !important;}&#8221;][vc_column]<h5 class=\"sc_title sc_title_regular\"><strong>Recomanacions<\/strong><\/h5>[\/vc_column][\/vc_row][vc_row full_width=&#8221;stretch_row&#8221; css=&#8221;.vc_custom_1469617963813{padding-bottom: 40px !important;background-color: #fffcfc !important;}&#8221;][vc_column][vc_column_text]Recomanacions per a col\u00b7laborar en una situaci\u00f3 d&#8217;emerg\u00e8ncia humanit\u00e0ria<\/p>\n<ul>\n<li>La bona voluntat no \u00e9s suficient. Si vols secundar, cerciora&#8217;t que optes per l&#8217;opci\u00f3 m\u00e9s adequada.<\/li>\n<li>Tingues en compte que, en una situaci\u00f3 de crisi humanit\u00e0ria, els problemes es mantindran per molt de temps. La teua ajuda no \u00e9s urgent; ser\u00e0 v\u00e0lida durant molt de temps, per aix\u00f2 no et precipites en la teua decisi\u00f3.<\/li>\n<li>Contacta amb la comunitat ucra\u00efnesa a Elx, i coneix les seues necessitats.<\/li>\n<li>Abans de res, per favor, informa&#8217;t sobre les possibilitats de suport que se t&#8217;ofereixen. El cas de voler col\u00b7laborar amb una ONG de Desenvolupament, consulta el treball que realitza, a quina poblaci\u00f3 es dirigeix, quins canals de col\u00b7laboraci\u00f3 ofereix, etc. De nou, no et precipites en la teua decisi\u00f3, contrasta i tria una vegada tingues diferents opcions.<\/li>\n<li>Per qu\u00e8 es prefereixen les donacions econ\u00f2miques? Perqu\u00e8 s\u00f3n molt m\u00e9s efectives i coherents amb els nostres valors:<\/li>\n<\/ul>\n<p style=\"padding-left: 40px;\">&#8211; Els b\u00e9ns donats en esp\u00e8cie a Espanya poden no ser adequats a les necessitats de la poblaci\u00f3 i a la situaci\u00f3 humanit\u00e0ria i log\u00edstica al terreny, que pot variar r\u00e0pidament en situacions de crisi i ha de ser avaluada constantment pels equips de resposta humanit\u00e0ria al terreny.<\/p>\n<p style=\"padding-left: 40px;\">&#8211; Els b\u00e9ns donats individualment poden suposar costos i dificultats administratives log\u00edstiques addicionals \u2013 necessitat d&#8217;embalatge, tr\u00e0mits duaners suplementaris, data caducitat en aliments i medicaments, etc. \u2013 per a les ONG i les administracions p\u00fabliques que els gestionen, per aix\u00f2 resulta m\u00e9s pr\u00e0ctic i efectiu l&#8217;\u00fas de kits de resposta humanitaris estandarditzats, en cas que els productes necessitats no estiguen disponibles localment o en pa\u00efsos ve\u00efns.<\/p>\n<p style=\"padding-left: 40px;\">&#8211; En una situaci\u00f3 de conflicte, totes les persones i les comunitats posseeixen capacitats de resposta malgrat la seua vulnerabilitat. De fet, la poblaci\u00f3 local \u00e9s la que sempre ofereix una resposta immediata que \u00e9s la que garanteix que moltes vides siguen salvades. Per aix\u00f2, les ONG i l&#8217;administraci\u00f3 intentaran enfortir eixos mitjans i capacitats mitjan\u00e7ant l\u2019ajuda del personal local, la compra de materials sobre el terreny que activen l&#8217;economia i l\u2019ocupaci\u00f3 locals i la negociaci\u00f3 amb empreses nacionals.<\/p>\n<ul>\n<li>El personal d&#8217;una ONG que treballa en un conflicte armat segueix un proc\u00e9s de selecci\u00f3 rigor\u00f3s, basat en l&#8217;experi\u00e8ncia i LA formaci\u00f3. No sols es requereix coneixement t\u00e8cnic sin\u00f3, entre d\u2019altres, tamb\u00e9 de l&#8217;\u00e0mbit de la cooperaci\u00f3 i del context espec\u00edfic en el qual es produeix l&#8217;emerg\u00e8ncia.<\/li>\n<li>En moments de conflictes i de crisis humanit\u00e0ries l&#8217;adopci\u00f3 de xiquets i xiquetes no \u00e9s una opci\u00f3. \u00c9s molt dif\u00edcil determinar en quina situaci\u00f3 familiar es troben i, per tant, els esfor\u00e7os se centren en\u00a0 atendre&#8217;ls al mateix terreny i a reagrupar-los amb la seua fam\u00edlia.<\/li>\n<li>La situaci\u00f3 que es viu a Ucra\u00efna genera una leg\u00edtima preocupaci\u00f3 en la ciutadania; per\u00f2 no podem oblidar moltes altres poblacions que en diferents llocs del m\u00f3n pateixen situacions similars. \u00c9s necessari exigir el comprom\u00eds pol\u00edtic amb totes aquestes; fer-ho \u00e9s crucial per a salvar vides, per a garantir els seus drets i per a promoure la resoluci\u00f3 dels conflictes.<\/li>\n<\/ul>\n<p><em>I, PER FAVOR, ASSEGURA&#8217;T QUE LES FONTS D&#8217;INFORMACI\u00d3 QUE UTILITZES S\u00d3N SERIOSES I HONESTES. NO COMPARTISQUES FAULES O INFORMACIONS QUE ALIMENTEN ELS DISCURSOS D&#8217;ODI O LES NOT\u00cdCIES FALSES<\/em>[\/vc_column_text][\/vc_column][\/vc_row][vc_row][vc_column][\/vc_column][\/vc_row]<\/p>\n<\/div>","protected":false},"excerpt":{"rendered":"SOLIDARITAT AMB UCRA\u00cfNA Informaci\u00f3 general Com puc ajudar? Recomanacions Contacte Recomanacions Recomanacions per a col\u00b7laborar en una situaci\u00f3 d'emerg\u00e8ncia humanit\u00e0ria La bona voluntat no \u00e9s suficient. Si vols secundar, cerciora't [...]","protected":false},"author":131,"featured_media":0,"parent":161066,"menu_order":0,"comment_status":"closed","ping_status":"closed","template":"","meta":{"footnotes":""},"class_list":["post-189260","page","type-page","status-publish","hentry"],"_links":{"self":[{"href":"https:\/\/www.elche.es\/va\/wp-json\/wp\/v2\/pages\/189260","targetHints":{"allow":["GET"]}}],"collection":[{"href":"https:\/\/www.elche.es\/va\/wp-json\/wp\/v2\/pages"}],"about":[{"href":"https:\/\/www.elche.es\/va\/wp-json\/wp\/v2\/types\/page"}],"author":[{"embeddable":true,"href":"https:\/\/www.elche.es\/va\/wp-json\/wp\/v2\/users\/131"}],"replies":[{"embeddable":true,"href":"https:\/\/www.elche.es\/va\/wp-json\/wp\/v2\/comments?post=189260"}],"version-history":[{"count":0,"href":"https:\/\/www.elche.es\/va\/wp-json\/wp\/v2\/pages\/189260\/revisions"}],"up":[{"embeddable":true,"href":"https:\/\/www.elche.es\/va\/wp-json\/wp\/v2\/pages\/161066"}],"wp:attachment":[{"href":"https:\/\/www.elche.es\/va\/wp-json\/wp\/v2\/media?parent=189260"}],"curies":[{"name":"wp","href":"https:\/\/api.w.org\/{rel}","templated":true}]}}