{"id":189268,"date":"2022-03-22T10:42:00","date_gmt":"2022-03-22T09:42:00","guid":{"rendered":"https:\/\/www.elche.es\/?page_id=189268"},"modified":"2022-04-04T12:43:56","modified_gmt":"2022-04-04T11:43:56","slug":"com-puc-ajudar","status":"publish","type":"page","link":"https:\/\/www.elche.es\/va\/derechos-sociales\/cartera-de-serveis\/cooperacion-al-desarrollo-2\/com-puc-ajudar\/","title":{"rendered":"Com puc ajudar?"},"content":{"rendered":"<div class=\"wpb-content-wrapper\"><p>[vc_row][vc_column]<div class=\"templatera_shortcode\"><div id=\"bloque_titulo\" data-vc-full-width=\"true\" data-vc-full-width-init=\"false\" class=\"vc_row wpb_row vc_row-fluid slidersecciones vc_custom_1649069850316 vc_row-has-fill\"><div class=\"wpb_column vc_column_container vc_col-sm-12\"><div class=\"vc_column-inner\"><div class=\"wpb_wrapper\"><h2 style=\"color: #ffffff;text-align: center;font-family:Ubuntu;font-weight:700;font-style:normal\" class=\"vc_custom_heading vc_do_custom_heading sombraTitulo cabeceramovil novisible\" >SOLIDARITAT AMB UCRA\u00cfNA<\/h2><\/div><\/div><\/div><\/div><div class=\"vc_row-full-width vc_clearfix\"><\/div><div id=\"bloque_menu_enlaces\" data-vc-full-width=\"true\" data-vc-full-width-init=\"false\" data-vc-stretch-content=\"true\" class=\"vc_row wpb_row vc_row-fluid bloque_menu_paginas bloquemnuestop bloquemnuestopbajo vc_custom_1647931421664 vc_row-has-fill vc_row-no-padding\"><div class=\"wpb_column vc_column_container vc_col-sm-12\"><div class=\"vc_column-inner\"><div class=\"wpb_wrapper\">\r\n        \r\n        <a class=\"menuVC\"  href=\"https:\/\/www.elche.es\/va\/derechos-sociales\/cartera-de-serveis\/cooperacion-al-desarrollo-2\/solidaritat-amb-ucraina\/\"> <span> Informaci\u00f3 general <\/span><\/a>\r\n        \r\n        <a class=\"menuVC\"  href=\"https:\/\/www.elche.es\/va\/derechos-sociales\/cartera-de-serveis\/cooperacion-al-desarrollo-2\/com-puc-ajudar\/\"> <span> Com puc ajudar? <\/span><\/a>\r\n        \r\n        <a class=\"menuVC\"  href=\"https:\/\/www.elche.es\/va\/derechos-sociales\/cartera-de-serveis\/cooperacion-al-desarrollo-2\/recomanacions\/\"> <span> Recomanacions <\/span><\/a>\r\n        \r\n        <a class=\"menuVC\"  href=\"https:\/\/www.elche.es\/va\/derechos-sociales\/cartera-de-serveis\/cooperacion-al-desarrollo-2\/contacte\/\"> <span> Contacte <\/span><\/a><\/div><\/div><\/div><\/div><div class=\"vc_row-full-width vc_clearfix\"><\/div>\r\n<\/div>[\/vc_column][\/vc_row][vc_row full_width=&#8221;stretch_row&#8221; css=&#8221;.vc_custom_1475484188729{background-color: #dddde0 !important;}&#8221;][vc_column][vc_column_text]<nav aria-label=\"breadcrumbs\">\n            <div class=\"breadcrumb-container theme1\">\n                <ol>\n                                    <\/ol>\n            <\/div>\n        <\/nav>    <script type=\"application\/ld+json\">\n        {\n            \"@context\": \"http:\/\/schema.org\",\n            \"@type\": \"BreadcrumbList\",\n            \"itemListElement\": [\n                            ]\n        }\n    <\/script>\n    <style type=\"text\/css\">\n        .breadcrumb-container {\n            font-size: 13px;\n        }\n\n        .breadcrumb-container ul {\n            margin: 0;\n            padding: 0;\n        }\n\n        .breadcrumb-container li {\n            box-sizing: unset;\n            display: inline-block;\n            margin: 0;\n            padding: 0;\n        }\n\n        .breadcrumb-container li a {\n            box-sizing: unset;\n            padding: 0 10px;\n        }\n\n        .breadcrumb-container {\n            font-size: 3 !important;\n                    }\n\n        .breadcrumb-container li a {\n            color: #0a0a0a !important;\n            font-size: 3 !important;\n            line-height: 3 !important;\n                    }\n\n        .breadcrumb-container li .separator {\n            font-size: 3 !important;\n                    }\n\n        .breadcrumb-container li:last-child .separator {\n            display: none;\n        }\n    <\/style>\n    <style type=\"text\/css\">\n        .breadcrumb-container.theme1 li {\n            margin: 0;\n            padding: 0;\n        }\n        .breadcrumb-container.theme1 a {\n            background: ;\n            display: inline-block;\n            margin: 0 5px;\n            padding: 5px 10px;\n            text-decoration: none;\n        }\n    <\/style>\n        <style type=\"text\/css\">\n            <\/style>\n    <script>\n            <\/script>\n[\/vc_column_text][\/vc_column][\/vc_row][vc_row full_width=&#8221;stretch_row&#8221; css=&#8221;.vc_custom_1478090960522{padding-bottom: 30px !important;background-color: #ffffff !important;}&#8221;][vc_column]<h5 class=\"sc_title sc_title_regular\"><strong>Com puc ajudar?<\/strong><\/h5>[\/vc_column][\/vc_row][vc_row][vc_column]<div id=\"sc_tabs_303206962\" class=\"sc_tabs sc_tabs_style_1\" data-active=\"0\"><ul class=\"sc_tabs_titles\"><li class=\"sc_tabs_title first\"><a href=\"#sc_tab_1647933230270_4\" class=\"theme_button\" id=\"sc_tab_1647933230270_4_tab\">Arribada de persones de manera particular<\/a><\/li><li class=\"sc_tabs_title\"><a href=\"#sc_tab_1647933494416_8\" class=\"theme_button\" id=\"sc_tab_1647933494416_8_tab\">Donar material<\/a><\/li><li class=\"sc_tabs_title last\"><a href=\"#sc_tab_1647933522911_10\" class=\"theme_button\" id=\"sc_tab_1647933522911_10_tab\">Acolliments i donacions<\/a><\/li><\/ul><div id=\"sc_tab_1647933230270_4\" class=\"sc_tabs_content odd first\">\n\t<div class=\"wpb_text_column wpb_content_element\" >\n\t\t<div class=\"wpb_wrapper\">\n\t\t\t<p><strong>Qualsevol persona que puga entrar en contacte amb persones o fam\u00edlies ucra\u00efneses acabades d&#8217;arribar pels seus mitjans i que no s\u00e0pien on dirigir-se pot comunicar-ho a les autoritats locals perqu\u00e8 els assistisquen i ho comuniquen a l&#8217;administraci\u00f3 auton\u00f2mica<\/strong>.<\/p>\n<p>Des de l&#8217;Ajuntament d&#8217;Elx, a trav\u00e9s de la Regidoria de Drets Socials, la recepci\u00f3 de persones arribades de manera particular ser\u00e0 organitzada per l&#8217;Oficina PANGEA de manera telef\u00f2nica i\/o presencial.<\/p>\n<p>Pots dirigir-te a:<\/p>\n<p>Oficina d&#8217;Atenci\u00f3 a Persones Migrades. <strong>\u00c9s necessari demanar cita pr\u00e8via.<\/strong><\/p>\n<p>C\/ Mario Pastor Sempere, 43 PANGEA &#8211; 966 659 225<\/p>\n<p>Correu de Contacte: <a href=\"mailto:elchepangea@elche.es\">elchepangea@elche.es<\/a><\/p>\n<p>Informaci\u00f3 dirigida a les persones despla\u00e7ades d&#8217;Ucra\u00efna, amb respostes a preguntes freq\u00fcents sobre protecci\u00f3 temporal i acolliment. Ministeri d&#8217;Inclusi\u00f3, Seguretat Social i Migracions (<a href=\"https:\/\/www.inclusion.gob.es\/es\/ucrania\/index.htm\" target=\"_blank\" rel=\"noopener\">castell\u00e0<\/a>) (<a href=\"https:\/\/www.inclusion.gob.es\/uk\/ucrania\/index.htm\" target=\"_blank\" rel=\"noopener\">ucra\u00efn\u00e9s<\/a>)<\/p>\n<p><a href=\"https:\/\/ceice.gva.es\/documents\/161863132\/355860434\/Acollida+ling\u00fc\u00edstica+Ucra\u00efna+(v.+17.03.2022).pdf\/2b0c1d6e-5dcf-75e4-148e-c1d662d81da6?t=1647505265184\" target=\"_blank\" rel=\"noopener\"><em>MATERIAL LING\u00dc\u00cdSTIC D&#8217;UTILITAT PER A L\u2019ACOLLIMENT AL POBLE UCRA\u00cfN\u00c9S<\/em><\/a><\/p>\n\n\t\t<\/div>\n\t<\/div>\n<\/div><div id=\"sc_tab_1647933494416_8\" class=\"sc_tabs_content even\">\n\t<div class=\"wpb_text_column wpb_content_element\" >\n\t\t<div class=\"wpb_wrapper\">\n\t\t\t<p>Actualitzat: 14\/03\/2022: les autoritats responsables i les organitzacions que coordinen l&#8217;emerg\u00e8ncia a la zona afectada sol\u00b7liciten:<\/p>\n<p style=\"text-align: left; padding-left: 80px;\"><strong>NO FER M\u00c9S DONACIONS<\/strong><\/p>\n<p>S&#8217;agraeix tota la solidaritat mostrada i es prega mantindre el mateix comprom\u00eds per a les noves necessitats que es vagen traslladant a la ciutadania en el transcurs d&#8217;aquest conflicte.<\/p>\n<p>M\u00e9s informaci\u00f3:<\/p>\n<p>Departament de Cooperaci\u00f3 al Desenvolupament:<\/p>\n<ul>\n<li>Tel\u00e8fon 966 658 062<\/li>\n<li>Correu electr\u00f2nic: <a href=\"mailto:cooperacion@elche.es\">cooperacion@elche.es<\/a><\/li>\n<\/ul>\n\n\t\t<\/div>\n\t<\/div>\n<\/div><div id=\"sc_tab_1647933522911_10\" class=\"sc_tabs_content odd\">\n\t<div class=\"wpb_text_column wpb_content_element\" >\n\t\t<div class=\"wpb_wrapper\">\n\t\t\t<p>L&#8217;Ajuntament d&#8217;Elx, en col\u00b7laboraci\u00f3 amb la Generalitat Valenciana i amb el Govern d&#8217;Espanya, i a trav\u00e9s d&#8217;ONG, d&#8217;empreses, d&#8217;institucions i de particulars ha establit canals oficials d&#8217;informaci\u00f3 i d&#8217;ajudes, als quals es pot accedir des del seg\u00fcent enlla\u00e7:<\/p>\n\n\t\t<\/div>\n\t<\/div>\n<a href=\"https:\/\/gvaoberta.gva.es\/va\/ucrania\" class=\"sc_button sc_button_square sc_button_style_filled style_original sc_button_size_small\">SOLIDARITAT AMB UCRA\u00cfNA<\/a><\/div><\/div>[\/vc_column][\/vc_row]<\/p>\n<\/div>","protected":false},"excerpt":{"rendered":"SOLIDARITAT AMB UCRA\u00cfNA Informaci\u00f3 general Com puc ajudar? Recomanacions Contacte Com puc ajudar?Arribada de persones de manera particularDonar materialAcolliments i donacions Qualsevol persona que puga entrar en contacte amb persones [...]","protected":false},"author":131,"featured_media":0,"parent":161066,"menu_order":0,"comment_status":"closed","ping_status":"closed","template":"","meta":{"footnotes":""},"class_list":["post-189268","page","type-page","status-publish","hentry"],"_links":{"self":[{"href":"https:\/\/www.elche.es\/va\/wp-json\/wp\/v2\/pages\/189268","targetHints":{"allow":["GET"]}}],"collection":[{"href":"https:\/\/www.elche.es\/va\/wp-json\/wp\/v2\/pages"}],"about":[{"href":"https:\/\/www.elche.es\/va\/wp-json\/wp\/v2\/types\/page"}],"author":[{"embeddable":true,"href":"https:\/\/www.elche.es\/va\/wp-json\/wp\/v2\/users\/131"}],"replies":[{"embeddable":true,"href":"https:\/\/www.elche.es\/va\/wp-json\/wp\/v2\/comments?post=189268"}],"version-history":[{"count":0,"href":"https:\/\/www.elche.es\/va\/wp-json\/wp\/v2\/pages\/189268\/revisions"}],"up":[{"embeddable":true,"href":"https:\/\/www.elche.es\/va\/wp-json\/wp\/v2\/pages\/161066"}],"wp:attachment":[{"href":"https:\/\/www.elche.es\/va\/wp-json\/wp\/v2\/media?parent=189268"}],"curies":[{"name":"wp","href":"https:\/\/api.w.org\/{rel}","templated":true}]}}