{"id":189271,"date":"2022-03-22T10:40:52","date_gmt":"2022-03-22T09:40:52","guid":{"rendered":"https:\/\/www.elche.es\/?page_id=189271"},"modified":"2022-03-22T11:33:22","modified_gmt":"2022-03-22T10:33:22","slug":"solidaritat-amb-ucraina","status":"publish","type":"page","link":"https:\/\/www.elche.es\/va\/derechos-sociales\/cartera-de-serveis\/cooperacion-al-desarrollo-2\/solidaritat-amb-ucraina\/","title":{"rendered":"Solidaritat amb Ucra\u00efna"},"content":{"rendered":"<div class=\"wpb-content-wrapper\"><p>[vc_row][vc_column]<div class=\"templatera_shortcode\"><div id=\"bloque_titulo\" data-vc-full-width=\"true\" data-vc-full-width-init=\"false\" class=\"vc_row wpb_row vc_row-fluid slidersecciones vc_custom_1649069850316 vc_row-has-fill\"><div class=\"wpb_column vc_column_container vc_col-sm-12\"><div class=\"vc_column-inner\"><div class=\"wpb_wrapper\"><h2 style=\"color: #ffffff;text-align: center;font-family:Ubuntu;font-weight:700;font-style:normal\" class=\"vc_custom_heading vc_do_custom_heading sombraTitulo cabeceramovil novisible\" >SOLIDARITAT AMB UCRA\u00cfNA<\/h2><\/div><\/div><\/div><\/div><div class=\"vc_row-full-width vc_clearfix\"><\/div><div id=\"bloque_menu_enlaces\" data-vc-full-width=\"true\" data-vc-full-width-init=\"false\" data-vc-stretch-content=\"true\" class=\"vc_row wpb_row vc_row-fluid bloque_menu_paginas bloquemnuestop bloquemnuestopbajo vc_custom_1647931421664 vc_row-has-fill vc_row-no-padding\"><div class=\"wpb_column vc_column_container vc_col-sm-12\"><div class=\"vc_column-inner\"><div class=\"wpb_wrapper\">\r\n        \r\n        <a class=\"menuVC\"  href=\"https:\/\/www.elche.es\/va\/derechos-sociales\/cartera-de-serveis\/cooperacion-al-desarrollo-2\/solidaritat-amb-ucraina\/\"> <span> Informaci\u00f3 general <\/span><\/a>\r\n        \r\n        <a class=\"menuVC\"  href=\"https:\/\/www.elche.es\/va\/derechos-sociales\/cartera-de-serveis\/cooperacion-al-desarrollo-2\/com-puc-ajudar\/\"> <span> Com puc ajudar? <\/span><\/a>\r\n        \r\n        <a class=\"menuVC\"  href=\"https:\/\/www.elche.es\/va\/derechos-sociales\/cartera-de-serveis\/cooperacion-al-desarrollo-2\/recomanacions\/\"> <span> Recomanacions <\/span><\/a>\r\n        \r\n        <a class=\"menuVC\"  href=\"https:\/\/www.elche.es\/va\/derechos-sociales\/cartera-de-serveis\/cooperacion-al-desarrollo-2\/contacte\/\"> <span> Contacte <\/span><\/a><\/div><\/div><\/div><\/div><div class=\"vc_row-full-width vc_clearfix\"><\/div>\r\n<\/div>[\/vc_column][\/vc_row][vc_row full_width=&#8221;stretch_row&#8221; css=&#8221;.vc_custom_1475484188729{background-color: #dddde0 !important;}&#8221;][vc_column][vc_column_text]<nav aria-label=\"breadcrumbs\">\n            <div class=\"breadcrumb-container theme1\">\n                <ol>\n                                    <\/ol>\n            <\/div>\n        <\/nav>    <script type=\"application\/ld+json\">\n        {\n            \"@context\": \"http:\/\/schema.org\",\n            \"@type\": \"BreadcrumbList\",\n            \"itemListElement\": [\n                            ]\n        }\n    <\/script>\n    <style type=\"text\/css\">\n        .breadcrumb-container {\n            font-size: 13px;\n        }\n\n        .breadcrumb-container ul {\n            margin: 0;\n            padding: 0;\n        }\n\n        .breadcrumb-container li {\n            box-sizing: unset;\n            display: inline-block;\n            margin: 0;\n            padding: 0;\n        }\n\n        .breadcrumb-container li a {\n            box-sizing: unset;\n            padding: 0 10px;\n        }\n\n        .breadcrumb-container {\n            font-size: 3 !important;\n                    }\n\n        .breadcrumb-container li a {\n            color: #0a0a0a !important;\n            font-size: 3 !important;\n            line-height: 3 !important;\n                    }\n\n        .breadcrumb-container li .separator {\n            font-size: 3 !important;\n                    }\n\n        .breadcrumb-container li:last-child .separator {\n            display: none;\n        }\n    <\/style>\n    <style type=\"text\/css\">\n        .breadcrumb-container.theme1 li {\n            margin: 0;\n            padding: 0;\n        }\n        .breadcrumb-container.theme1 a {\n            background: ;\n            display: inline-block;\n            margin: 0 5px;\n            padding: 5px 10px;\n            text-decoration: none;\n        }\n    <\/style>\n        <style type=\"text\/css\">\n            <\/style>\n    <script>\n            <\/script>\n[\/vc_column_text][\/vc_column][\/vc_row][vc_row full_width=&#8221;stretch_row&#8221; css=&#8221;.vc_custom_1478090960522{padding-bottom: 30px !important;background-color: #ffffff !important;}&#8221;][vc_column]<h5 class=\"sc_title sc_title_regular\"><strong>Informaci\u00f3 general <\/strong><\/h5>[\/vc_column][\/vc_row][vc_row full_width=&#8221;stretch_row&#8221; css=&#8221;.vc_custom_1469617963813{padding-bottom: 40px !important;background-color: #fffcfc !important;}&#8221;][vc_column][vc_column_text]La \u00a0situaci\u00f3 que viu actualment Ucra\u00efna despr\u00e9s de la invasi\u00f3 de R\u00fassia ha provocat la reacci\u00f3 immediata de societat espanyola, commocionada davant dels fets d&#8217;extrema gravetat que s&#8217;estan produint al pa\u00eds. Les mostres de solidaritat dels espanyols i les espanyoles no s&#8217;han fet esperar i moltes persones i organitzacions busquen en aquests dies la millor manera de contribuir a pal\u00b7liar les conseq\u00fc\u00e8ncies d&#8217;aquesta crisi humanit\u00e0ria. Des de l&#8217;Ajuntament d&#8217;Elx, volem canalitzar la informaci\u00f3 a la ciutadania i que aquesta estiga informada de les accions que s&#8217;estan realitzant des de la nostra ciutat.<\/p>\n<p><strong>Vies d&#8217;Informaci\u00f3<\/strong><\/p>\n<ul>\n<li>\u00c9s important que <strong>l&#8217;opini\u00f3 p\u00fablica s&#8217;informe de les vies d&#8217;ajuda a trav\u00e9s dels canals<\/strong> (p\u00e0gines web, perfils en xarxes socials, etc.) <strong>de fonts oficials<\/strong> (Govern d&#8217;Espanya, Generalitat, diputacions, ajuntaments\u2026) <strong>o d&#8217;ONGD<\/strong> (associacions, fundacions&#8230;) de reconegut prestigi.<\/li>\n<li>Fonts no oficials, o canals poc segurs (com ara Whatsapp) que poden usar-se per a suplantar fonts oficials, poden proporcionar informaci\u00f3 err\u00f2nia o falsa, que pot ser contraproduent o perillosa, i que pot provocar fraus o estafes.<\/li>\n<\/ul>\n<p>FONTS OFICIALS:<\/p>\n<ol>\n<li style=\"list-style-type: none;\">\n<ol>\n<li><a href=\"https:\/\/ec.europa.eu\/echo\/index_es\" target=\"_blank\" rel=\"noopener\">European Civil Protection and Humanitarian Aid Operations (ECHO) ( Ing)<\/a><\/li>\n<li><a href=\"https:\/\/www.ifrc.org\/es\/el-movimiento-internacional-de-la-cruz-roja-y-de-la-media-luna-roja\" target=\"_blank\" rel=\"noopener\">Moviment Internacional de la Creu Roja i de la Mitja Lluna Roja<\/a><\/li>\n<li><a href=\"https:\/\/www.unocha.org\/\" target=\"_blank\" rel=\"noopener\">Oficina de Nacions Unides per a la Coordinaci\u00f3 d&#8217;Assumptes Humanitaris (OCHA)<\/a><\/li>\n<li><a href=\"https:\/\/www.unicef.es\/ayuda-ucrania\" target=\"_blank\" rel=\"noopener\">Fons de les Nacions Unides per a la Inf\u00e0ncia UNICEF<\/a> i resta d&#8217;actors humanitaris de les Nacions Unides<\/li>\n<li><a href=\"https:\/\/www.aecid.es\/ES\" target=\"_blank\" rel=\"noopener\">Ag\u00e8ncia Espanyola de Cooperaci\u00f3 Internacional al Desenvolupament (AECID)<\/a><\/li>\n<li><a href=\"https:\/\/gvaoberta.gva.es\/va\/ucrania\" target=\"_blank\" rel=\"noopener\">P\u00e0gina dedicada a la Solidaritat Valenciana a Ucra\u00efna<\/a> de la Generalitat Valenciana.<\/li>\n<li><a href=\"https:\/\/www.cvongd.org\/es\/noticias\/noticias-de-la-cooperacion\/informacion-para-apoyar-a-las-ongd-y-agencias-humanitarias-que-trabajan-en-ucrania\/\" target=\"_blank\" rel=\"noopener\">P\u00e0gina de la Coordinadora Valenciana d&#8217;ONGD<\/a>.<\/li>\n<\/ol>\n<\/li>\n<\/ol>\n<p>[\/vc_column_text][\/vc_column][\/vc_row][vc_row][vc_column][\/vc_column][\/vc_row]<\/p>\n<\/div>","protected":false},"excerpt":{"rendered":"SOLIDARITAT AMB UCRA\u00cfNA Informaci\u00f3 general Com puc ajudar? Recomanacions Contacte Informaci\u00f3 general La \u00a0situaci\u00f3 que viu actualment Ucra\u00efna despr\u00e9s de la invasi\u00f3 de R\u00fassia ha provocat la reacci\u00f3 immediata de [...]","protected":false},"author":131,"featured_media":0,"parent":161066,"menu_order":0,"comment_status":"closed","ping_status":"closed","template":"","meta":{"footnotes":""},"class_list":["post-189271","page","type-page","status-publish","hentry"],"_links":{"self":[{"href":"https:\/\/www.elche.es\/va\/wp-json\/wp\/v2\/pages\/189271","targetHints":{"allow":["GET"]}}],"collection":[{"href":"https:\/\/www.elche.es\/va\/wp-json\/wp\/v2\/pages"}],"about":[{"href":"https:\/\/www.elche.es\/va\/wp-json\/wp\/v2\/types\/page"}],"author":[{"embeddable":true,"href":"https:\/\/www.elche.es\/va\/wp-json\/wp\/v2\/users\/131"}],"replies":[{"embeddable":true,"href":"https:\/\/www.elche.es\/va\/wp-json\/wp\/v2\/comments?post=189271"}],"version-history":[{"count":0,"href":"https:\/\/www.elche.es\/va\/wp-json\/wp\/v2\/pages\/189271\/revisions"}],"up":[{"embeddable":true,"href":"https:\/\/www.elche.es\/va\/wp-json\/wp\/v2\/pages\/161066"}],"wp:attachment":[{"href":"https:\/\/www.elche.es\/va\/wp-json\/wp\/v2\/media?parent=189271"}],"curies":[{"name":"wp","href":"https:\/\/api.w.org\/{rel}","templated":true}]}}