{"id":189604,"date":"2022-03-23T11:12:34","date_gmt":"2022-03-23T10:12:34","guid":{"rendered":"https:\/\/www.elche.es\/derechos-sociales\/cartera-de-serveis\/servei-dinclusio-social\/omvs-2\/"},"modified":"2022-06-14T09:12:20","modified_gmt":"2022-06-14T08:12:20","slug":"omvs-2","status":"publish","type":"page","link":"https:\/\/www.elche.es\/va\/derechos-sociales\/cartera-de-serveis\/servei-dinclusio-social\/omvs-2\/","title":{"rendered":"OMVS"},"content":{"rendered":"<div class=\"wpb-content-wrapper\"><p>[vc_row full_width=&#8221;stretch_row&#8221; css=&#8221;.vc_custom_1475484188729{background-color: #dddde0 !important;}&#8221;][vc_column][vc_column_text]<nav aria-label=\"breadcrumbs\">\n            <div class=\"breadcrumb-container theme1\">\n                <ol>\n                                    <\/ol>\n            <\/div>\n        <\/nav>    <script type=\"application\/ld+json\">\n        {\n            \"@context\": \"http:\/\/schema.org\",\n            \"@type\": \"BreadcrumbList\",\n            \"itemListElement\": [\n                            ]\n        }\n    <\/script>\n    <style type=\"text\/css\">\n        .breadcrumb-container {\n            font-size: 13px;\n        }\n\n        .breadcrumb-container ul {\n            margin: 0;\n            padding: 0;\n        }\n\n        .breadcrumb-container li {\n            box-sizing: unset;\n            display: inline-block;\n            margin: 0;\n            padding: 0;\n        }\n\n        .breadcrumb-container li a {\n            box-sizing: unset;\n            padding: 0 10px;\n        }\n\n        .breadcrumb-container {\n            font-size: 3 !important;\n                    }\n\n        .breadcrumb-container li a {\n            color: #0a0a0a !important;\n            font-size: 3 !important;\n            line-height: 3 !important;\n                    }\n\n        .breadcrumb-container li .separator {\n            font-size: 3 !important;\n                    }\n\n        .breadcrumb-container li:last-child .separator {\n            display: none;\n        }\n    <\/style>\n    <style type=\"text\/css\">\n        .breadcrumb-container.theme1 li {\n            margin: 0;\n            padding: 0;\n        }\n        .breadcrumb-container.theme1 a {\n            background: ;\n            display: inline-block;\n            margin: 0 5px;\n            padding: 5px 10px;\n            text-decoration: none;\n        }\n    <\/style>\n        <style type=\"text\/css\">\n            <\/style>\n    <script>\n            <\/script>\n[\/vc_column_text][\/vc_column][\/vc_row][vc_row full_width=&#8221;stretch_row&#8221; css=&#8221;.vc_custom_1475764105820{background-color: #ffffff !important;}&#8221;][vc_column]<h3 class=\"sc_title sc_title_regular margin_top_small\" style=\"margin-top: 4.05em;margin-bottom: 1.35em;\"><\/p>\n<h4>Oficina Municipal d&#8217;Habitatge Social<\/h4>\n<p><\/h3>[vc_column_text]<strong>L&#8217;Oficina Municipal d&#8217;Habitatge Social <\/strong>\u00e9s un servei dirigit a aquelles persones i fam\u00edlies que, a causa de les seues dificultats econ\u00f2miques, socials i familiars, no poden fer-se c\u00e0rrec de les necessitats b\u00e0siques, entre elles, la impossibilitat del pagament de les quotes hipotec\u00e0ries o de lloguer de la seua llar, i que s&#8217;enfronten a situacions de greu vulnerabilitat, precarietat extrema, pobresa i exclusi\u00f3 social, econ\u00f2mica i residencial.<\/p>\n<p>Davant aquestes situacions, la Regidoria d&#8217;Igualtat, Drets Socials i Pol\u00edtiques Inclusives, a trav\u00e9s de l&#8217;Oficina Municipal d&#8217;Habitatge Social, ofereix un servei d&#8217;informaci\u00f3, assessorament i mediaci\u00f3 per a ajudar aquestes fam\u00edlies a mantindre el seu habitatge o trobar una alternativa residencial, i aix\u00ed tractar d&#8217;evitar la p\u00e8rdua de l&#8217;habitatge i la conseg\u00fcent situaci\u00f3 d&#8217;exclusi\u00f3.[\/vc_column_text][vc_empty_space][vc_column_text]<\/p>\n<h4><strong>SERVEIS<\/strong><\/h4>\n<h6>SERVEI DE MEDIACI\u00d3.<\/h6>\n<p>Un servei gratu\u00eft d&#8217;assessorament, mediaci\u00f3 i intermediaci\u00f3 per a persones o unitats de conviv\u00e8ncia en risc de perdre el seu habitatge habitual i \u00fanic, per impagaments d&#8217;hipoteca o de lloguer.<\/p>\n<h6>SERVEI D&#8217;INFORMACI\u00d3 I ASSESSORAMENT.<\/h6>\n<p>Des de l&#8217;OMVS s&#8217;ofereix informaci\u00f3 sobre les ajudes gen\u00e8riques de lloguer de Conselleria, Covid-19, per a joves i ciutadans en general. En aquests casos, tamb\u00e9 s&#8217;aconsella la sol\u00b7licitud d&#8217;habitatge p\u00fablic a EVHA, el registre com a demandant d&#8217;habitatge social, requisit a m\u00e9s necessari per a accedir a les ajudes, o a qualsevol habitatge d&#8217;EVHA, ja que l&#8217;Ajuntament d&#8217;Elx no disposa d&#8217;habitatges per a oferir en r\u00e8gim de lloguer social.<\/p>\n<h6>SERVEI DE CAPTACI\u00d3 D&#8217;HABITATGES DE LLOGUER DE RENDA LLIURE.<\/h6>\n<p>Les persones propiet\u00e0ries que volen oferir el seu habitatge en lloguer, poden contactar amb la nostra oficina, per tel\u00e8fon o correu electr\u00f2nic. Agra\u00efm la seua solidaritat i suport per fer possible el dret a l&#8217;habitatge, com a necessitat b\u00e0sica.<\/p>\n<h6>SERVEI DE PISOS D&#8217;EMERG\u00c8NCIA<\/h6>\n<p>Es disposa de pisos per a situacions d&#8217;emerg\u00e8ncia, que es detecten per l&#8217;Oficina per a oferir una alternativa residencial TEMPORAL per circumst\u00e0ncies extremes, com ara incendi de l&#8217;habitatge, a fam\u00edlies en situaci\u00f3 de vulnerabilitat.<\/p>\n<h6>SERVEI DE PISOS D&#8217;EMANCIPACI\u00d3.<\/h6>\n<p>Es disposen de dos pisos Municipals Esperanza Pertusa, per a joves de 18 a 23 anys\u00a0 procedents del sistema de protecci\u00f3 puguen emancipar-se per a desenvolupar el seu projecte de vida, i aconseguir un nivell de compet\u00e8ncia personal i professional adequats a les seues caracter\u00edstiques persones i a les necessitats que la societat demanda actualment, la qual cosa permetr\u00e0 generar un proc\u00e9s de maduresa psicol\u00f2gica, social i laboral que permeta l&#8217;emancipaci\u00f3 dels i de les participants i la seua integraci\u00f3 social i laboral a la nostra ciutat. Fruit del conveni entre la Fundaci\u00f3 ESPERANZA PERTUSA i L&#8217;OBRA NATZARET amb aquest Ajuntament.[\/vc_column_text][vc_empty_space][vc_column_text]<\/p>\n<h4>SITUACIONS D&#8217;IMPAGAMENT O LLAN\u00c7AMENT QU\u00c8 FER I A ON DIRIGIR-ME?<\/h4>\n<h4>1. No podr\u00e9 pagar el lloguer, o tinc deute de diversos mesos de lloguer, i vull evitar arribar a un llan\u00e7ament.<\/h4>\n<p>&#8211; Ha de dirigir-se al Centre Social de la seua zona, i sol\u00b7licitar cita amb Treballador Social perqu\u00e8 es valore la seua situaci\u00f3 i se li facilite informaci\u00f3 sobre les ajudes per a lloguer.<\/p>\n<p>&#8211; Accedir a la web de la GVA\u00a0 per a sol\u00b7licitar les ajudes de lloguer, que convoca anualment, al voltant del primer semestre de l&#8217;any. <a href=\"https:\/\/habitatge.gva.es\/va\/conselleria\">https:\/\/habitatge.gva.es\/va\/conselleria<\/a><\/p>\n<h4>2. He rebut requeriment notificant llan\u00e7ament per falta de pagament de la renda de lloguer qu\u00e8 he de fer?<\/h4>\n<p>Dins dels 3 dies seg\u00fcents des que se li practique el requeriment, ha de sol\u00b7licitar just\u00edcia gratu\u00efta, per a aix\u00f2 ha d&#8217;acudir immediatament al jutjat, concretament al Servei d&#8217;Orientaci\u00f3 Jur\u00eddica per a sol\u00b7licitar advocat d&#8217;ofici, i seguidament, pujar a la primera planta del jutjat, a Deganat, a portar la documentaci\u00f3 que se&#8217;ls haja proporcionat des d&#8217;aquest servei i comunicar que l&#8217;han sol\u00b7licitat. Rebr\u00e0 SMS amb el\/la advocat\/da que se li assigne, que procedir\u00e0 a contactar amb Serveis Socials a trav\u00e9s de la seu electr\u00f2nica si precisa Informe de vulnerabilitat i\/o d&#8217;exclusi\u00f3 social.<\/p>\n<p><strong>3. Tinc contracte de lloguer social en un habitatge propietat d&#8217;una entitat banc\u00e0ria o un Fons i em comuniquen que a finalitzaci\u00f3 de contracte he d&#8217;abandonar l&#8217;habitatge.<\/strong><\/p>\n<p>Si normalment acudeix a Serveis Socials del centre de zona que li correspon, ha de comunicar-lo al seu treballador\/a social perqu\u00e8 realitze derivaci\u00f3 formal a l&#8217;Oficina Municipal de l&#8217;Habitatge Social. Si es tracta d&#8217;una consulta breu i gen\u00e8rica, t\u00e9 a la seua disposici\u00f3 el tel\u00e8fon de l&#8217;Oficina Municipal de l&#8217;Habitatge, que podr\u00e0 resoldre els seus dubtes.[\/vc_column_text][vc_empty_space][vc_column_text]<\/p>\n<h4>INFORMACI\u00d3 DE RECURSOS PER A AJUDA AL LLOGUER<\/h4>\n<p>[\/vc_column_text][vc_column_text]<\/p>\n<h5>Ajudes de pagament de lloguer de la Generalitat<\/h5>\n<p>[\/vc_column_text][vc_empty_space]\r\n        <p>\r\n        <span class=\"enlaces-titulo\"> Ajudes de lloguer Covid-19. Convocat\u00f2ria 2021 <\/span> <span><a class=\"enlaces-link\" target='_blank'href=\"http:\/\/habitatge.gva.es\/es\/web\/vivienda-y-calidad-en-la-edificacion\/ajudes-al-lloguer-covid-19 \">Veure enlla\u00e7<\/a><\/span>\r\n        <br>\r\n        <span class=\"enlaces-descripcion\"><\/span>\r\n        <\/p>\r\n        <hr class=\"enlaces-separador\">\r\n        \r\n        <p>\r\n        <span class=\"enlaces-titulo\"> Ajudes lloguer generals. <\/span> <span><a class=\"enlaces-link\" target='_blank'href=\"https:\/\/habitatge.gva.es\/es\/web\/vivienda-y-calidad-en-la-edificacion\/ajudes-al-lloguer-de-vivenda-2021 \">Veure enlla\u00e7<\/a><\/span>\r\n        <br>\r\n        <span class=\"enlaces-descripcion\"><\/span>\r\n        <\/p>\r\n        <hr class=\"enlaces-separador\">\r\n        \r\n        <p>\r\n        <span class=\"enlaces-titulo\"> Ajudes de lloguer per a joves. <\/span> <span><a class=\"enlaces-link\" target='_blank'href=\"https:\/\/habitatge.gva.es\/va\/web\/vivienda-y-calidad-en-la-edificacion\/ajudes-al-lloguer-per-a-joves-2021 \">Veure enlla\u00e7<\/a><\/span>\r\n        <br>\r\n        <span class=\"enlaces-descripcion\"><\/span>\r\n        <\/p>\r\n        <hr class=\"enlaces-separador\">\r\n        \r\n        <p>\r\n        <span class=\"enlaces-titulo\"> Llistat provisional de sol\u00b7licituds d'ajudes de lloguer admeses. <\/span> <span><a class=\"enlaces-link\" target='_blank'href=\"https:\/\/habitatge.gva.es\/es\/web\/vivienda-y-calidad-en-la-edificacion\/seguiment-sol-licituds-presentades1 \">Veure enlla\u00e7<\/a><\/span>\r\n        <br>\r\n        <span class=\"enlaces-descripcion\"><\/span>\r\n        <\/p>\r\n        <hr class=\"enlaces-separador\">\r\n        [vc_column_text]<\/p>\n<h5>Guia Informativa de les preguntes m\u00e9s freq\u00fcents davant el lloguer d&#8217;un habitatge.<\/h5>\n<p>[\/vc_column_text][vc_empty_space][vc_column_text]Ac\u00ed trobares respostes a les seg\u00fcents preguntes:<\/p>\n<ul>\n<li>Quina informaci\u00f3 he d&#8217;exigir abans de llogar un habitatge?<\/li>\n<li>\u00c9s necessari inscriure el contracte de lloguer en el Registre de la Propietat?<\/li>\n<li>\u00c9s necess\u00e0ria la constituci\u00f3 de fian\u00e7a?<\/li>\n<li>Quines dades han de constar en el contracte d&#8217;arrendament?<\/li>\n<li>Quina duraci\u00f3 t\u00e9 l&#8217;arrendament si no s&#8217;especifica termini en el contracte?<\/li>\n<li>Pot exigir-me l&#8217;arrendador que pague una mensualitat per endavant?<\/li>\n<li>Qu\u00e8 \u00e9s i per qu\u00e8 es produeix un DESNONAMENT?<\/li>\n<li>Qu\u00e8 \u00e9s un llan\u00e7ament?<\/li>\n<li>Quin \u00e9s el procediment en un judici per falta de pagament de la renda?<\/li>\n<\/ul>\n<p>[\/vc_column_text][vc_empty_space]\r\n        <p>\r\n        <span class=\"enlaces-titulo\"> Guia Informativa <\/span> <span><a class=\"enlaces-link\" target='_blank'href=\"http:\/\/habitatge.gva.es\/documents\/20558636\/164100085\/Gu%C3%ADa+Alquiler+InfoHabitatge\/49641fde-8bb2-41eb-a560-3fc873a94c37 \">Veure enlla\u00e7<\/a><\/span>\r\n        <br>\r\n        <span class=\"enlaces-descripcion\"><\/span>\r\n        <\/p>\r\n        <hr class=\"enlaces-separador\">\r\n        \r\n        <p>\r\n        <span class=\"enlaces-titulo\"> Compensaci\u00f3 a arrendadors <\/span> <span><a class=\"enlaces-link\" href=\"https:\/\/habitatge.gva.es\/va\/web\/vivienda-y-calidad-en-la-edificacion\/compensacio-a-arrendadors \">Veure enlla\u00e7<\/a><\/span>\r\n        <br>\r\n        <span class=\"enlaces-descripcion\"><\/span>\r\n        <\/p>\r\n        <hr class=\"enlaces-separador\">\r\n        [vc_empty_space][vc_column_text]<\/p>\n<h4>INFORMACI\u00d3 I RECURSOS DAVANT DESNONAMENTS I LLAN\u00c7AMENTS.<\/h4>\n<h6><a href=\"http:\/\/habitatge.gva.es\/es\/web\/vivienda-y-calidad-en-la-edificacion\/unitat-ajuda-davant-desnonaments\"><strong>UNITAT D&#8217;AJUDA DAVANT DESNONAMENTS DE LA GENERALITAT VALENCIANA.<\/strong><\/a><\/h6>\n<p>Es tracta d&#8217;un equip multidisciplinari per a donar resposta immediata a situacions d&#8217;emerg\u00e8ncia residencial.<\/p>\n<p>Des d&#8217;aquesta unitat es presta un servei d&#8217;atenci\u00f3 preco\u00e7 per Whatsapp per a les persones afectades en el tel\u00e8fon 722 846 606. A trav\u00e9s d&#8217;aquest mitj\u00e0 es para atenci\u00f3 di\u00e0ria de car\u00e0cter assistencial i legal entre les 10.00 hores i les 20.00 hores en dies laborables.<\/p>\n<p>El registre amb sistema d&#8217;enregistrament telef\u00f2nic dels missatges de Whatsapp permet oferir un contacte personal telef\u00f2nic dins de les 24 hores seg\u00fcents, aix\u00ed com el posterior seguiment dels casos atesos i la derivaci\u00f3 d&#8217;aquests als serveis corresponents.<\/p>\n<p>Es para atenci\u00f3 en castell\u00e0 o valenci\u00e0, segons l&#8217;elecci\u00f3 del\/de la sol\u00b7licitant.[\/vc_column_text][vc_empty_space][vc_column_text]<\/p>\n<h4><strong>OFICINA XALOC<\/strong><\/h4>\n<p style=\"text-align: justify;\">Aquest Ajuntament va signar el passat 9 d&#8217;agost de 2021 un conveni amb la Vicepresid\u00e8ncia Segona i Conselleria d&#8217;Habitatge i Arquitectura Bioclim\u00e0tica, de la Generalitat Valenciana per a fer possible la posada en marxa de l&#8217;Oficina XALOC a Elx,\u00a0 que presta un servei integral de finestreta \u00fanica, de gesti\u00f3, informaci\u00f3, mediaci\u00f3 social i assessorament en mat\u00e8ria d&#8217;habitatge, rehabilitaci\u00f3 d&#8217;edificis i regeneraci\u00f3 urbana.<\/p>\n<p>[\/vc_column_text][vc_empty_space][vc_column_text]<\/p>\n<h4><strong>HABITATGE SOCIAL <\/strong><\/h4>\n<p><span style=\"color: #ff0000;\"><strong>AV\u00cdS IMPORTANT<\/strong><\/span><\/p>\n<p><strong>Des de l&#8217;1 d&#8217;octubre de 2021, la Generalitat disposa d&#8217;un \u00daNIC REGISTRE DE SOL\u00b7LICITANTS D&#8217;HABITATGE (Decret 106\/2021).<\/strong><\/p>\n<p><strong>Les persones que ja havien sol\u00b7licitat habitatge de patrimoni p\u00fablic de la Generalitat hauran de renovar la inscripci\u00f3 abans del 31 de mar\u00e7 de 2022 per a mantindre la m\u00e0xima antiguitat.<\/strong><\/p>\n<p>La sol\u00b7licitud pot realitzar-se:<\/p>\n<ul>\n<li>a trav\u00e9s de mitjans electr\u00f2nics amb certificat electr\u00f2nic o cl@ve permanent. L&#8217;enlla\u00e7 per a accedir a aquest registre \u00e9s <a href=\"https:\/\/www.gva.es\/es\/inicio\/procedimientos?id_proc=19201\">https:\/\/www.gva.es\/va\/inicio\/procedimientos?id_proc=19201<\/a><\/li>\n<li>a trav\u00e9s de representant, per a aix\u00f2 haur\u00e0 d&#8217;emplenar i signar l&#8217;impr\u00e9s d&#8217;autoritzaci\u00f3 per a la representaci\u00f3 i, una vegada signat, escanejar-lo i adjuntar-lo al tr\u00e0mit <a href=\"https:\/\/www.gva.es\/va\/inicio\/procedimientos?id_proc=19201\">https:\/\/www.gva.es\/va\/inicio\/procedimientos?id_proc=19201<\/a><\/li>\n<li>de manera presencial a l&#8217;Entitat Valenciana d&#8217;Habitatge i s\u00f2l (Evha) situada a C\/Girona, 4 d&#8217;Alacant, per a aix\u00f2 hauran d&#8217;acudir a les seues oficines, en les quals el personal de l&#8217;entitat els facilitar\u00e0 la realitzaci\u00f3 del tr\u00e0mit. L&#8217;horari d&#8217;atenci\u00f3 \u00e9s de 9.00 a 14.00 hores.<\/li>\n<\/ul>\n<p>Per a sol\u00b7licitar cita pr\u00e8via poden telefonar al 96 593 82 55 o a trav\u00e9s de l&#8217;enlla\u00e7 <a href=\"http:\/\/www.evha.es\/portal\/castellano\/citaprevia\/\">http:\/\/www.evha.es\/portal\/castellano\/citaprevia\/<\/a><\/p>\n<p>Si tenen alguna incid\u00e8ncia amb el tr\u00e0mit telem\u00e0tic, poden escriure a: generalitat_en_red@gva.es o a saudep@gva.es, telefonar a CAU TIC 963985300 o a SAU a. c. s. 963866010.[\/vc_column_text][vc_empty_space]<div id='modulo_datos_contacto'> <p class='titulo_datos_contacto'>Dades de contacte <\/p> <hr><p class=\"contactoArea\"><i class=\"fa fa-phone\" aria-hidden=\"true\"><\/i>966658248<\/p><p class=\"contactoArea\"><i class=\"fa fa-envelope\" aria-hidden=\"true\"><\/i><a href=\"mailto:viviendasocial@elche.es\"> viviendasocial@elche.es<\/a><\/p><div id='contacto-rrss'><\/div><\/div>[vc_empty_space][\/vc_column][\/vc_row]<\/p>\n<\/div>","protected":false},"excerpt":{"rendered":"<p>[vc_row full_width=&#8221;stretch_row&#8221; css=&#8221;.vc_custom_1475484188729{background-color: #dddde0 !important;}&#8221;][vc_column][vc_column_text][\/vc_column_text][\/vc_column][\/vc_row][vc_row full_width=&#8221;stretch_row&#8221; css=&#8221;.vc_custom_1475764105820{background-color: #ffffff !important;}&#8221;][vc_column][vc_column_text]L&#8217;Oficina Municipal d&#8217;Habitatge Social \u00e9s un servei dirigit a aquelles persones i fam\u00edlies que, a causa de les seues dificultats econ\u00f2miques, socials [&hellip;]<\/p>\n","protected":false},"author":46,"featured_media":0,"parent":183800,"menu_order":0,"comment_status":"closed","ping_status":"closed","template":"","meta":{"footnotes":""},"class_list":["post-189604","page","type-page","status-publish","hentry"],"_links":{"self":[{"href":"https:\/\/www.elche.es\/va\/wp-json\/wp\/v2\/pages\/189604","targetHints":{"allow":["GET"]}}],"collection":[{"href":"https:\/\/www.elche.es\/va\/wp-json\/wp\/v2\/pages"}],"about":[{"href":"https:\/\/www.elche.es\/va\/wp-json\/wp\/v2\/types\/page"}],"author":[{"embeddable":true,"href":"https:\/\/www.elche.es\/va\/wp-json\/wp\/v2\/users\/46"}],"replies":[{"embeddable":true,"href":"https:\/\/www.elche.es\/va\/wp-json\/wp\/v2\/comments?post=189604"}],"version-history":[{"count":0,"href":"https:\/\/www.elche.es\/va\/wp-json\/wp\/v2\/pages\/189604\/revisions"}],"up":[{"embeddable":true,"href":"https:\/\/www.elche.es\/va\/wp-json\/wp\/v2\/pages\/183800"}],"wp:attachment":[{"href":"https:\/\/www.elche.es\/va\/wp-json\/wp\/v2\/media?parent=189604"}],"curies":[{"name":"wp","href":"https:\/\/api.w.org\/{rel}","templated":true}]}}