{"id":189873,"date":"2022-03-22T11:14:56","date_gmt":"2022-03-22T10:14:56","guid":{"rendered":"https:\/\/www.elche.es\/?page_id=189873"},"modified":"2025-03-25T15:52:57","modified_gmt":"2025-03-25T13:52:57","slug":"programa-concilia","status":"publish","type":"page","link":"https:\/\/www.elche.es\/va\/regidoria-de-familia-e-infancia\/programa-concilia\/","title":{"rendered":"PROGRAMA CONCILIA"},"content":{"rendered":"<div class=\"wpb-content-wrapper\"><p>[vc_row full_width=&#8221;stretch_row_content_no_spaces&#8221; css=&#8221;.vc_custom_1663588492163{background-position: center !important;background-repeat: no-repeat !important;background-size: cover !important;}&#8221; el_class=&#8221;cuadrocabecerafoto&#8221;][vc_column][vc_single_image image=&#8221;189748&#8243; img_size=&#8221;full&#8221; alignment=&#8221;center&#8221; el_class=&#8221;cabecerasolofoto&#8221;][\/vc_column][\/vc_row][vc_row full_width=&#8221;stretch_row&#8221; css=&#8221;.vc_custom_1475484188729{background-color: #dddde0 !important;}&#8221;][vc_column][vc_column_text]<nav aria-label=\"breadcrumbs\">\n            <div class=\"breadcrumb-container theme1\">\n                <ol>\n                                    <\/ol>\n            <\/div>\n        <\/nav>    <script type=\"application\/ld+json\">\n        {\n            \"@context\": \"http:\/\/schema.org\",\n            \"@type\": \"BreadcrumbList\",\n            \"itemListElement\": [\n                            ]\n        }\n    <\/script>\n    <style type=\"text\/css\">\n        .breadcrumb-container {\n            font-size: 13px;\n        }\n\n        .breadcrumb-container ul {\n            margin: 0;\n            padding: 0;\n        }\n\n        .breadcrumb-container li {\n            box-sizing: unset;\n            display: inline-block;\n            margin: 0;\n            padding: 0;\n        }\n\n        .breadcrumb-container li a {\n            box-sizing: unset;\n            padding: 0 10px;\n        }\n\n        .breadcrumb-container {\n            font-size: 3 !important;\n                    }\n\n        .breadcrumb-container li a {\n            color: #0a0a0a !important;\n            font-size: 3 !important;\n            line-height: 3 !important;\n                    }\n\n        .breadcrumb-container li .separator {\n            font-size: 3 !important;\n                    }\n\n        .breadcrumb-container li:last-child .separator {\n            display: none;\n        }\n    <\/style>\n    <style type=\"text\/css\">\n        .breadcrumb-container.theme1 li {\n            margin: 0;\n            padding: 0;\n        }\n        .breadcrumb-container.theme1 a {\n            background: ;\n            display: inline-block;\n            margin: 0 5px;\n            padding: 5px 10px;\n            text-decoration: none;\n        }\n    <\/style>\n        <style type=\"text\/css\">\n            <\/style>\n    <script>\n            <\/script>\n[\/vc_column_text][\/vc_column][\/vc_row][vc_row][vc_column]<h5 class=\"sc_title sc_title_regular subtitulosapartados \" style=\"````\">Programa Univers Concilia<\/h5>[vc_column_text css=&#8221;&#8221;]El <strong>Pla Corresponsables<\/strong> es gestiona a trav\u00e9s de la Regidoria de Fam\u00edlia i Majors de l&#8217;Ajuntament d&#8217;Elx, dintre de la l\u00ednia de subvencions oberta per la Direcci\u00f3 General d&#8217;Igualtat i l&#8217;Institut de les Dones de la Comunitat Valenciana.<\/p>\n<p>\u00c9s un servici d&#8217;intervenci\u00f3 socioeducativa que t\u00e9 l&#8217;objectiu principal de facilitar a la poblaci\u00f3 il\u00b7licitana la conciliaci\u00f3 de la vida familiar, personal i laboral.<\/p>\n<p>Les accions del citat servici consistixen en actuacions emmarcades en l&#8217;educaci\u00f3 no formal d&#8217;oci i temps lliure, educatives i\/o culturals per a <strong>xiquets, xiquetes i adolescents des dels 6 als 12 anys.<\/strong><\/p>\n<p>Es desenvoluparan tallers-ludoteca en diferents centres socials del terme municipal d&#8217;Elx en el <strong>per\u00edode nadalenc<\/strong>, en els<strong> dies no lectius<\/strong> establits pel Consell Municipal Escolar, en les <strong>vacances escolars de Setmana Santa<\/strong> i en els <strong>dissabtes no festius<\/strong>.[\/vc_column_text][vc_empty_space height=&#8221;15px&#8221;][\/vc_column][\/vc_row][vc_row css=&#8221;.vc_custom_1728319732136{margin-bottom: 30px !important;padding-top: 8px !important;padding-right: 8px !important;padding-bottom: 8px !important;padding-left: 8px !important;}&#8221;][vc_column el_class=&#8221;cuadroconcliosin&#8221;][vc_row_inner][vc_column_inner el_class=&#8221;cuadroconclio&#8221; width=&#8221;1\/2&#8243;][vc_single_image image=&#8221;321180&#8243; img_size=&#8221;full&#8221; alignment=&#8221;center&#8221; onclick=&#8221;link_image&#8221; css=&#8221;&#8221;][\/vc_column_inner][vc_column_inner width=&#8221;1\/2&#8243;][vc_single_image image=&#8221;321178&#8243; img_size=&#8221;full&#8221; alignment=&#8221;center&#8221; onclick=&#8221;link_image&#8221; css=&#8221;&#8221;][\/vc_column_inner][\/vc_row_inner][vc_empty_space height=&#8221;120&#8243;][vc_row_inner][vc_column_inner el_class=&#8221;cuadroconclio&#8221;][vc_column_text css=&#8221;&#8221;]<\/p>\n<p style=\"text-align: center;\"><strong>REPORTATGES TELEELX<\/strong><\/p>\n<p>[\/vc_column_text][vc_video link=&#8221;https:\/\/teleelx.es\/2024\/12\/27\/dia-a-dia-programa-concilia-26-12-2024\/&#8221; css=&#8221;&#8221; el_class=&#8221;videonoticia&#8221; title=&#8221;Programa Concilia 26-12-24&#8243;][vc_video link=&#8221;https:\/\/teleelx.es\/2024\/12\/27\/dia-a-dia-programa-concilia-27-12-2024\/&#8221; css=&#8221;&#8221; el_class=&#8221;videonoticia&#8221; title=&#8221;Programa Concilia 27-12-24&#8243;][\/vc_column_inner][\/vc_row_inner][\/vc_column][\/vc_row][vc_row][vc_column][vc_empty_space height=&#8221;15px&#8221;]<h2 class=\"sc_title sc_title_regular subtitulosapartados \" style=\"````\"><strong>HISTORIAL ACTIVITATS<\/strong><\/h2>[\/vc_column][\/vc_row][vc_row css=&#8221;.vc_custom_1728319732136{margin-bottom: 30px !important;padding-top: 8px !important;padding-right: 8px !important;padding-bottom: 8px !important;padding-left: 8px !important;}&#8221;][vc_column width=&#8221;1\/2&#8243; el_class=&#8221;cuadroconcliosin&#8221;][vc_row_inner][vc_column_inner el_class=&#8221;cuadroconclio&#8221;][vc_single_image image=&#8221;318651&#8243; img_size=&#8221;full&#8221; alignment=&#8221;center&#8221; onclick=&#8221;link_image&#8221;][vc_empty_space height=&#8221;120&#8243;][\/vc_column_inner][\/vc_row_inner][\/vc_column][vc_column width=&#8221;1\/2&#8243; el_class=&#8221;cuadroconcliosin&#8221;][\/vc_column][\/vc_row]<\/p>\n<\/div>","protected":false},"excerpt":{"rendered":"<p>[vc_row full_width=&#8221;stretch_row_content_no_spaces&#8221; css=&#8221;.vc_custom_1663588492163{background-position: center !important;background-repeat: no-repeat !important;background-size: cover !important;}&#8221; el_class=&#8221;cuadrocabecerafoto&#8221;][vc_column][vc_single_image image=&#8221;189748&#8243; img_size=&#8221;full&#8221; alignment=&#8221;center&#8221; el_class=&#8221;cabecerasolofoto&#8221;][\/vc_column][\/vc_row][vc_row full_width=&#8221;stretch_row&#8221; css=&#8221;.vc_custom_1475484188729{background-color: #dddde0 !important;}&#8221;][vc_column][vc_column_text][\/vc_column_text][\/vc_column][\/vc_row][vc_row][vc_column][vc_column_text css=&#8221;&#8221;]El Pla Corresponsables es gestiona a trav\u00e9s de la Regidoria de Fam\u00edlia [&hellip;]<\/p>\n","protected":false},"author":131,"featured_media":0,"parent":327445,"menu_order":0,"comment_status":"closed","ping_status":"closed","template":"","meta":{"footnotes":""},"class_list":["post-189873","page","type-page","status-publish","hentry"],"_links":{"self":[{"href":"https:\/\/www.elche.es\/va\/wp-json\/wp\/v2\/pages\/189873","targetHints":{"allow":["GET"]}}],"collection":[{"href":"https:\/\/www.elche.es\/va\/wp-json\/wp\/v2\/pages"}],"about":[{"href":"https:\/\/www.elche.es\/va\/wp-json\/wp\/v2\/types\/page"}],"author":[{"embeddable":true,"href":"https:\/\/www.elche.es\/va\/wp-json\/wp\/v2\/users\/131"}],"replies":[{"embeddable":true,"href":"https:\/\/www.elche.es\/va\/wp-json\/wp\/v2\/comments?post=189873"}],"version-history":[{"count":5,"href":"https:\/\/www.elche.es\/va\/wp-json\/wp\/v2\/pages\/189873\/revisions"}],"predecessor-version":[{"id":330423,"href":"https:\/\/www.elche.es\/va\/wp-json\/wp\/v2\/pages\/189873\/revisions\/330423"}],"up":[{"embeddable":true,"href":"https:\/\/www.elche.es\/va\/wp-json\/wp\/v2\/pages\/327445"}],"wp:attachment":[{"href":"https:\/\/www.elche.es\/va\/wp-json\/wp\/v2\/media?parent=189873"}],"curies":[{"name":"wp","href":"https:\/\/api.w.org\/{rel}","templated":true}]}}