{"id":193589,"date":"2022-10-05T09:12:08","date_gmt":"2022-10-05T08:12:08","guid":{"rendered":"https:\/\/www.elche.es\/?page_id=193589"},"modified":"2022-10-05T09:12:08","modified_gmt":"2022-10-05T08:12:08","slug":"acceso-desde-murcia-linea-av","status":"publish","type":"page","link":"https:\/\/www.elche.es\/va\/mobilitat\/accessos-linia-elx-av\/acceso-desde-murcia-linea-av\/","title":{"rendered":"Acc\u00e9s des de M\u00farcia l\u00ednia AV"},"content":{"rendered":"<div class=\"wpb-content-wrapper\"><p>[vc_row][vc_column][vc_column_text]<nav aria-label=\"breadcrumbs\">\n            <div class=\"breadcrumb-container theme1\">\n                <ol>\n                                    <\/ol>\n            <\/div>\n        <\/nav>    <script type=\"application\/ld+json\">\n        {\n            \"@context\": \"http:\/\/schema.org\",\n            \"@type\": \"BreadcrumbList\",\n            \"itemListElement\": [\n                            ]\n        }\n    <\/script>\n    <style type=\"text\/css\">\n        .breadcrumb-container {\n            font-size: 13px;\n        }\n\n        .breadcrumb-container ul {\n            margin: 0;\n            padding: 0;\n        }\n\n        .breadcrumb-container li {\n            box-sizing: unset;\n            display: inline-block;\n            margin: 0;\n            padding: 0;\n        }\n\n        .breadcrumb-container li a {\n            box-sizing: unset;\n            padding: 0 10px;\n        }\n\n        .breadcrumb-container {\n            font-size: 3 !important;\n                    }\n\n        .breadcrumb-container li a {\n            color: #0a0a0a !important;\n            font-size: 3 !important;\n            line-height: 3 !important;\n                    }\n\n        .breadcrumb-container li .separator {\n            font-size: 3 !important;\n                    }\n\n        .breadcrumb-container li:last-child .separator {\n            display: none;\n        }\n    <\/style>\n    <style type=\"text\/css\">\n        .breadcrumb-container.theme1 li {\n            margin: 0;\n            padding: 0;\n        }\n        .breadcrumb-container.theme1 a {\n            background: ;\n            display: inline-block;\n            margin: 0 5px;\n            padding: 5px 10px;\n            text-decoration: none;\n        }\n    <\/style>\n        <style type=\"text\/css\">\n            <\/style>\n    <script>\n            <\/script>\n[\/vc_column_text][\/vc_column][\/vc_row][vc_row][vc_column]<h3 class=\"sc_title sc_title_regular sc_align_center margin_top_tiny\" style=\"text-align:center;\">Acc\u00e9s des de M\u00farcia<\/h3>[vc_raw_html]JTNDZGl2JTIwaWQlM0QlMjJtYXAlMjIlM0UlM0MlMkZkaXYlM0U=[\/vc_raw_html][vc_raw_js]JTNDbGluayUyMHJlbCUzRCUyMnN0eWxlc2hlZXQlMjIlMjBocmVmJTNEJTIyaHR0cHMlM0ElMkYlMkZ1bnBrZy5jb20lMkZsZWFmbGV0JTQwMS4wLjIlMkZkaXN0JTJGbGVhZmxldC5jc3MlMjIlMjAlMkYlM0UlMEElM0NzY3JpcHQlMjBzcmMlM0QlMjJodHRwcyUzQSUyRiUyRnVucGtnLmNvbSUyRmxlYWZsZXQlNDAxLjAuMiUyRmRpc3QlMkZsZWFmbGV0LmpzJTIyJTNFJTNDJTJGc2NyaXB0JTNFJTBBJTNDc2NyaXB0JTIwc3JjJTNEJTIyaHR0cHMlM0ElMkYlMkZ1bnBrZy5jb20lMkZsZWFmbGV0LXJvdXRpbmctbWFjaGluZSU0MGxhdGVzdCUyRmRpc3QlMkZsZWFmbGV0LXJvdXRpbmctbWFjaGluZS5qcyUyMiUzRSUzQyUyRnNjcmlwdCUzRSUwQSUzQ2xpbmslMjByZWwlM0QlMjJzdHlsZXNoZWV0JTIyJTIwaHJlZiUzRCUyMmh0dHBzJTNBJTJGJTJGdW5wa2cuY29tJTJGbGVhZmxldC1yb3V0aW5nLW1hY2hpbmUlNDBsYXRlc3QlMkZkaXN0JTJGbGVhZmxldC1yb3V0aW5nLW1hY2hpbmUuY3NzJTIyJTIwJTJGJTNFJTIwJTBBJTNDc2NyaXB0JTIwc3JjJTNEJTIyaHR0cHMlM0ElMkYlMkZ1bnBrZy5jb20lMkZsZWFmbGV0LWdlc3R1cmUtaGFuZGxpbmclMjIlM0UlM0MlMkZzY3JpcHQlM0UlMEElM0NsaW5rJTIwcmVsJTNEJTIyc3R5bGVzaGVldCUyMiUyMGhyZWYlM0QlMjJodHRwcyUzQSUyRiUyRnVucGtnLmNvbSUyRmxlYWZsZXQtZ2VzdHVyZS1oYW5kbGluZyUyRmRpc3QlMkZsZWFmbGV0LWdlc3R1cmUtaGFuZGxpbmcubWluLmNzcyUyMiUyMHR5cGUlM0QlMjJ0ZXh0JTJGY3NzJTIyJTNFJTBBJTNDc2NyaXB0JTIwc3JjJTNEJTIyaHR0cHMlM0ElMkYlMkZ1bnBrZy5jb20lMkZsZWFmbGV0LmZ1bGxzY3JlZW4lNDBsYXRlc3QlMkZDb250cm9sLkZ1bGxTY3JlZW4uanMlMjIlM0UlM0MlMkZzY3JpcHQlM0UlMEElM0NzY3JpcHQlM0UlMEElMjAlMEF2YXIlMjBtYXAlMjAlM0QlMjBMLm1hcCUyOCUyN21hcCUyNyUyQyU3Qmdlc3R1cmVIYW5kbGluZyUzQXRydWUlMkNmdWxsc2NyZWVuQ29udHJvbCUzQSUyMHRydWUlN0QlMjkuc2V0VmlldyUyOCU1QjM4LjIzMjElMkMlMjAtMC43OTQzJTVEJTJDJTIwOSUyOSUzQiUwQSUwQSUwQSUwOSUyMG1hcC5zY3JvbGxXaGVlbFpvb20uZGlzYWJsZSUyOCUyOSUzQiUwQSUyMCUwQSUwQUwudGlsZUxheWVyJTI4JTI3aHR0cCUzQSUyRiUyRiU3QnMlN0QudGlsZS5vc20ub3JnJTJGJTdCeiU3RCUyRiU3QnglN0QlMkYlN0J5JTdELnBuZyUyNyUyQyUyMCU3QiUwQSUwOWF0dHJpYnV0aW9uJTNBJTIwJTI3JTI2Y29weSUzQiUyMCUzQ2ElMjBocmVmJTNEJTIyaHR0cCUzQSUyRiUyRm9zbS5vcmclMkZjb3B5cmlnaHQlMjIlM0VPcGVuU3RyZWV0TWFwJTNDJTJGYSUzRSUyMGNvbnRyaWJ1dG9ycyUyNyUwQSU3RCUyOS5hZGRUbyUyOG1hcCUyOSUzQiUwQSUwOSUyMCUwQSUwOSUyMHZhciUyMGxhNTIzJTIwJTNEJTIwTC5pY29uJTI4JTdCaWNvblVybCUzQSUyMCUyN2h0dHBzJTNBJTJGJTJGd3d3LmVsY2hlLmVzJTJGd3AtY29udGVudCUyRnVwbG9hZHMlMkYyMDIxJTJGMDIlMkY1MjMucG5nJTI3JTJDJTdEJTI5JTNCJTIwJTBBJTA5JTIwdmFyJTIwbGEzNDAlMjAlM0QlMjBMLmljb24lMjglN0JpY29uVXJsJTNBJTIwJTI3MzQwLnBuZyUyNyUyQyU3RCUyOSUzQiUyMCUwQSUwOSUyMCUyMHZhciUyMGxhYTclMjAlM0QlMjBMLmljb24lMjglN0JpY29uVXJsJTNBJTIwJTI3aHR0cHMlM0ElMkYlMkZ3d3cuZWxjaGUuZXMlMkZ3cC1jb250ZW50JTJGdXBsb2FkcyUyRjIwMjElMkYwMiUyRmF2LW11cmNpYS5wbmclMjclMkMlN0QlMjklM0IlMEElMDklMjB2YXIlMjBsYXYlMjAlM0QlMjBMLmljb24lMjglN0JpY29uVXJsJTNBJTIwJTI3aHR0cHMlM0ElMkYlMkZ3d3cuZWxjaGUuZXMlMkZ3cC1jb250ZW50JTJGdXBsb2FkcyUyRjIwMjElMkYwMiUyRmF2LnBuZyUyNyUyQyU3RCUyOSUzQiUwQSUwOSUyMCUwQSUwOSUwOSUyMCUwQSUwOSUwQSUwOSUyMCUwQSUwOSUwQXZhciUyMGNvbnRyb2wlMjAlM0QlMjBMLlJvdXRpbmcuY29udHJvbCUyOCU3QiUwQSUwOXdheXBvaW50cyUzQSUyMCU1QiUwQSUwOSUwOUwubGF0TG5nJTI4MzguMjUxNzg1MTIwMjc1MTQ0JTJDJTIwLTAuNzY1NDc0Nzg1Njc3ODUwMyUyOSUyQyUwQSUwOSUwOUwubGF0TG5nJTI4MzguMjQ3MDYlMkMlMjAtMC43NjM3MyUyOSUwQSUwOSUwOSUwQSUwOSU1RCUyQyUwQSUyMCUyMCUyMHJvdXRlV2hpbGVEcmFnZ2luZyUzQSUyMGZhbHNlJTJDJTBBJTIwJTIwJTIwJTIwcmV2ZXJzZVdheXBvaW50cyUzQSUyMGZhbHNlJTJDJTBBJTIwJTIwJTIwJTIwc2hvd0FsdGVybmF0aXZlcyUzQSUyMGZhbHNlJTJDJTBBJTA5ZHJhZ2dhYmxlV2F5cG9pbnRzJTNBZmFsc2UlMkMlMEElMDklMkYlMkZnZXN0dXJlSGFuZGxpbmclM0ElMjB0cnVlJTJDJTBBJTA5YWRkV2F5cG9pbnRzJTNBZmFsc2UlMkMlMEElMjAlMjAlMjAlMjBsaW5lT3B0aW9ucyUzQSUyMCU3QiUwQSUyMCUyMCUyMCUyMCUyMCUyMHN0eWxlcyUzQSUyMCU1QiU3QmNvbG9yJTNBJTIwJTI3YmxhY2slMjclMkMlMjBvcGFjaXR5JTNBMC43JTJDJTIwd2VpZ2h0JTNBJTIwNCU3RCU1RCUwQSUyMCUyMCUyMCUyMCU3RCUwQSUyMCUyMCUyMCUwQSU3RCUyOS5hZGRUbyUyOG1hcCUyOSUzQiUwQUwubWFya2VyJTI4JTVCMzguMjUxNzg1MTIwMjc1MTQ0JTJDJTIwLTAuNzY1NDc0Nzg1Njc3ODUwMyU1RCUyQyUyMCU3Qmljb24lM0ElMjBsYTUyMyU3RCUyOS5hZGRUbyUyOG1hcCUyOSUzQiUyMCUwQSUyRiUyRkwubWFya2VyJTI4JTVCMzguMjU1NDEwMTY0NTY1OSUyQyUyMC0wLjc2MTkxMDYzNTMyODExMjUlNUQlMkMlMjAlN0JpY29uJTNBJTIwbGEzNDAlN0QlMjkuYWRkVG8lMjhtYXAlMjklM0IlMjAlMEFMLm1hcmtlciUyOCU1QjM4LjI0NDIxODE4ODI5NTI3JTJDJTIwLTAuNzc1Mjk1Mzk4MzI1NjI3MSU1RCUyQyUyMCU3Qmljb24lM0ElMjBsYWE3JTdEJTI5LmFkZFRvJTI4bWFwJTI5JTNCJTBBTC5tYXJrZXIlMjglNUIzOC4yNDY3NyUyQyUyMC0wLjc2NDA0JTVEJTJDJTIwJTdCaWNvbiUzQSUyMGxhdiU3RCUyOS5hZGRUbyUyOG1hcCUyOSUzQiUwQSUwOSUyMCUwQUwuUm91dGluZy5lcnJvckNvbnRyb2wlMjhjb250cm9sJTI5LmFkZFRvJTI4bWFwJTI5JTNCJTBBJTA5JTJGJTJGJTIwTC5tYXJrZXIlMjglNUIzOC4yNjAyNDUxNzUyMjEwMiUyQyUyMC0wLjc1NjA5MTgyNTIyMjUxMzQlNUQlMkMlMjAlN0JpY29uJTNBJTIwbGE1MjMlN0QlMjkuYWRkVG8lMjhtYXAlMjklM0IlMEElMEFMLlJvdXRpbmcuRm9ybWF0dGVyJTIwJTNEJTIwTC5DbGFzcy5leHRlbmQlMjglN0IlMEElMDlvcHRpb25zJTNBJTIwJTdCJTBBJTA5JTA5bGFuZ3VhZ2UlM0ElMjAlMjdzcCUyNyUwQSUwOSUwOSUwQSUwOSU3RCUwQSU3RCUyOSUzQiUwQSUwQSUyMCUzQyUyRnNjcmlwdCUzRSUwQQ==[\/vc_raw_js][\/vc_column][\/vc_row][vc_row][vc_column][vc_empty_space][\/vc_column][\/vc_row]<\/p>\n<\/div>","protected":false},"excerpt":{"rendered":"<p>[vc_row][vc_column][vc_column_text][\/vc_column_text][\/vc_column][\/vc_row][vc_row][vc_column][vc_raw_html]JTNDZGl2JTIwaWQlM0QlMjJtYXAlMjIlM0UlM0MlMkZkaXYlM0U=[\/vc_raw_html][vc_raw_js]JTNDbGluayUyMHJlbCUzRCUyMnN0eWxlc2hlZXQlMjIlMjBocmVmJTNEJTIyaHR0cHMlM0ElMkYlMkZ1bnBrZy5jb20lMkZsZWFmbGV0JTQwMS4wLjIlMkZkaXN0JTJGbGVhZmxldC5jc3MlMjIlMjAlMkYlM0UlMEElM0NzY3JpcHQlMjBzcmMlM0QlMjJodHRwcyUzQSUyRiUyRnVucGtnLmNvbSUyRmxlYWZsZXQlNDAxLjAuMiUyRmRpc3QlMkZsZWFmbGV0LmpzJTIyJTNFJTNDJTJGc2NyaXB0JTNFJTBBJTNDc2NyaXB0JTIwc3JjJTNEJTIyaHR0cHMlM0ElMkYlMkZ1bnBrZy5jb20lMkZsZWFmbGV0LXJvdXRpbmctbWFjaGluZSU0MGxhdGVzdCUyRmRpc3QlMkZsZWFmbGV0LXJvdXRpbmctbWFjaGluZS5qcyUyMiUzRSUzQyUyRnNjcmlwdCUzRSUwQSUzQ2xpbmslMjByZWwlM0QlMjJzdHlsZXNoZWV0JTIyJTIwaHJlZiUzRCUyMmh0dHBzJTNBJTJGJTJGdW5wa2cuY29tJTJGbGVhZmxldC1yb3V0aW5nLW1hY2hpbmUlNDBsYXRlc3QlMkZkaXN0JTJGbGVhZmxldC1yb3V0aW5nLW1hY2hpbmUuY3NzJTIyJTIwJTJGJTNFJTIwJTBBJTNDc2NyaXB0JTIwc3JjJTNEJTIyaHR0cHMlM0ElMkYlMkZ1bnBrZy5jb20lMkZsZWFmbGV0LWdlc3R1cmUtaGFuZGxpbmclMjIlM0UlM0MlMkZzY3JpcHQlM0UlMEElM0NsaW5rJTIwcmVsJTNEJTIyc3R5bGVzaGVldCUyMiUyMGhyZWYlM0QlMjJodHRwcyUzQSUyRiUyRnVucGtnLmNvbSUyRmxlYWZsZXQtZ2VzdHVyZS1oYW5kbGluZyUyRmRpc3QlMkZsZWFmbGV0LWdlc3R1cmUtaGFuZGxpbmcubWluLmNzcyUyMiUyMHR5cGUlM0QlMjJ0ZXh0JTJGY3NzJTIyJTNFJTBBJTNDc2NyaXB0JTIwc3JjJTNEJTIyaHR0cHMlM0ElMkYlMkZ1bnBrZy5jb20lMkZsZWFmbGV0LmZ1bGxzY3JlZW4lNDBsYXRlc3QlMkZDb250cm9sLkZ1bGxTY3JlZW4uanMlMjIlM0UlM0MlMkZzY3JpcHQlM0UlMEElM0NzY3JpcHQlM0UlMEElMjAlMEF2YXIlMjBtYXAlMjAlM0QlMjBMLm1hcCUyOCUyN21hcCUyNyUyQyU3Qmdlc3R1cmVIYW5kbGluZyUzQXRydWUlMkNmdWxsc2NyZWVuQ29udHJvbCUzQSUyMHRydWUlN0QlMjkuc2V0VmlldyUyOCU1QjM4LjIzMjElMkMlMjAtMC43OTQzJTVEJTJDJTIwOSUyOSUzQiUwQSUwQSUwQSUwOSUyMG1hcC5zY3JvbGxXaGVlbFpvb20uZGlzYWJsZSUyOCUyOSUzQiUwQSUyMCUwQSUwQUwudGlsZUxheWVyJTI4JTI3aHR0cCUzQSUyRiUyRiU3QnMlN0QudGlsZS5vc20ub3JnJTJGJTdCeiU3RCUyRiU3QnglN0QlMkYlN0J5JTdELnBuZyUyNyUyQyUyMCU3QiUwQSUwOWF0dHJpYnV0aW9uJTNBJTIwJTI3JTI2Y29weSUzQiUyMCUzQ2ElMjBocmVmJTNEJTIyaHR0cCUzQSUyRiUyRm9zbS5vcmclMkZjb3B5cmlnaHQlMjIlM0VPcGVuU3RyZWV0TWFwJTNDJTJGYSUzRSUyMGNvbnRyaWJ1dG9ycyUyNyUwQSU3RCUyOS5hZGRUbyUyOG1hcCUyOSUzQiUwQSUwOSUyMCUwQSUwOSUyMHZhciUyMGxhNTIzJTIwJTNEJTIwTC5pY29uJTI4JTdCaWNvblVybCUzQSUyMCUyN2h0dHBzJTNBJTJGJTJGd3d3LmVsY2hlLmVzJTJGd3AtY29udGVudCUyRnVwbG9hZHMlMkYyMDIxJTJGMDIlMkY1MjMucG5nJTI3JTJDJTdEJTI5JTNCJTIwJTBBJTA5JTIwdmFyJTIwbGEzNDAlMjAlM0QlMjBMLmljb24lMjglN0JpY29uVXJsJTNBJTIwJTI3MzQwLnBuZyUyNyUyQyU3RCUyOSUzQiUyMCUwQSUwOSUyMCUyMHZhciUyMGxhYTclMjAlM0QlMjBMLmljb24lMjglN0JpY29uVXJsJTNBJTIwJTI3aHR0cHMlM0ElMkYlMkZ3d3cuZWxjaGUuZXMlMkZ3cC1jb250ZW50JTJGdXBsb2FkcyUyRjIwMjElMkYwMiUyRmF2LW11cmNpYS5wbmclMjclMkMlN0QlMjklM0IlMEElMDklMjB2YXIlMjBsYXYlMjAlM0QlMjBMLmljb24lMjglN0JpY29uVXJsJTNBJTIwJTI3aHR0cHMlM0ElMkYlMkZ3d3cuZWxjaGUuZXMlMkZ3cC1jb250ZW50JTJGdXBsb2FkcyUyRjIwMjElMkYwMiUyRmF2LnBuZyUyNyUyQyU3RCUyOSUzQiUwQSUwOSUyMCUwQSUwOSUwOSUyMCUwQSUwOSUwQSUwOSUyMCUwQSUwOSUwQXZhciUyMGNvbnRyb2wlMjAlM0QlMjBMLlJvdXRpbmcuY29udHJvbCUyOCU3QiUwQSUwOXdheXBvaW50cyUzQSUyMCU1QiUwQSUwOSUwOUwubGF0TG5nJTI4MzguMjUxNzg1MTIwMjc1MTQ0JTJDJTIwLTAuNzY1NDc0Nzg1Njc3ODUwMyUyOSUyQyUwQSUwOSUwOUwubGF0TG5nJTI4MzguMjQ3MDYlMkMlMjAtMC43NjM3MyUyOSUwQSUwOSUwOSUwQSUwOSU1RCUyQyUwQSUyMCUyMCUyMHJvdXRlV2hpbGVEcmFnZ2luZyUzQSUyMGZhbHNlJTJDJTBBJTIwJTIwJTIwJTIwcmV2ZXJzZVdheXBvaW50cyUzQSUyMGZhbHNlJTJDJTBBJTIwJTIwJTIwJTIwc2hvd0FsdGVybmF0aXZlcyUzQSUyMGZhbHNlJTJDJTBBJTA5ZHJhZ2dhYmxlV2F5cG9pbnRzJTNBZmFsc2UlMkMlMEElMDklMkYlMkZnZXN0dXJlSGFuZGxpbmclM0ElMjB0cnVlJTJDJTBBJTA5YWRkV2F5cG9pbnRzJTNBZmFsc2UlMkMlMEElMjAlMjAlMjAlMjBsaW5lT3B0aW9ucyUzQSUyMCU3QiUwQSUyMCUyMCUyMCUyMCUyMCUyMHN0eWxlcyUzQSUyMCU1QiU3QmNvbG9yJTNBJTIwJTI3YmxhY2slMjclMkMlMjBvcGFjaXR5JTNBMC43JTJDJTIwd2VpZ2h0JTNBJTIwNCU3RCU1RCUwQSUyMCUyMCUyMCUyMCU3RCUwQSUyMCUyMCUyMCUwQSU3RCUyOS5hZGRUbyUyOG1hcCUyOSUzQiUwQUwubWFya2VyJTI4JTVCMzguMjUxNzg1MTIwMjc1MTQ0JTJDJTIwLTAuNzY1NDc0Nzg1Njc3ODUwMyU1RCUyQyUyMCU3Qmljb24lM0ElMjBsYTUyMyU3RCUyOS5hZGRUbyUyOG1hcCUyOSUzQiUyMCUwQSUyRiUyRkwubWFya2VyJTI4JTVCMzguMjU1NDEwMTY0NTY1OSUyQyUyMC0wLjc2MTkxMDYzNTMyODExMjUlNUQlMkMlMjAlN0JpY29uJTNBJTIwbGEzNDAlN0QlMjkuYWRkVG8lMjhtYXAlMjklM0IlMjAlMEFMLm1hcmtlciUyOCU1QjM4LjI0NDIxODE4ODI5NTI3JTJDJTIwLTAuNzc1Mjk1Mzk4MzI1NjI3MSU1RCUyQyUyMCU3Qmljb24lM0ElMjBsYWE3JTdEJTI5LmFkZFRvJTI4bWFwJTI5JTNCJTBBTC5tYXJrZXIlMjglNUIzOC4yNDY3NyUyQyUyMC0wLjc2NDA0JTVEJTJDJTIwJTdCaWNvbiUzQSUyMGxhdiU3RCUyOS5hZGRUbyUyOG1hcCUyOSUzQiUwQSUwOSUyMCUwQUwuUm91dGluZy5lcnJvckNvbnRyb2wlMjhjb250cm9sJTI5LmFkZFRvJTI4bWFwJTI5JTNCJTBBJTA5JTJGJTJGJTIwTC5tYXJrZXIlMjglNUIzOC4yNjAyNDUxNzUyMjEwMiUyQyUyMC0wLjc1NjA5MTgyNTIyMjUxMzQlNUQlMkMlMjAlN0JpY29uJTNBJTIwbGE1MjMlN0QlMjkuYWRkVG8lMjhtYXAlMjklM0IlMEElMEFMLlJvdXRpbmcuRm9ybWF0dGVyJTIwJTNEJTIwTC5DbGFzcy5leHRlbmQlMjglN0IlMEElMDlvcHRpb25zJTNBJTIwJTdCJTBBJTA5JTA5bGFuZ3VhZ2UlM0ElMjAlMjdzcCUyNyUwQSUwOSUwOSUwQSUwOSU3RCUwQSU3RCUyOSUzQiUwQSUwQSUyMCUzQyUyRnNjcmlwdCUzRSUwQQ==[\/vc_raw_js][\/vc_column][\/vc_row][vc_row][vc_column][vc_empty_space][\/vc_column][\/vc_row]<\/p>\n","protected":false},"author":139,"featured_media":0,"parent":181859,"menu_order":0,"comment_status":"closed","ping_status":"closed","template":"","meta":{"footnotes":""},"class_list":["post-193589","page","type-page","status-publish","hentry"],"_links":{"self":[{"href":"https:\/\/www.elche.es\/va\/wp-json\/wp\/v2\/pages\/193589","targetHints":{"allow":["GET"]}}],"collection":[{"href":"https:\/\/www.elche.es\/va\/wp-json\/wp\/v2\/pages"}],"about":[{"href":"https:\/\/www.elche.es\/va\/wp-json\/wp\/v2\/types\/page"}],"author":[{"embeddable":true,"href":"https:\/\/www.elche.es\/va\/wp-json\/wp\/v2\/users\/139"}],"replies":[{"embeddable":true,"href":"https:\/\/www.elche.es\/va\/wp-json\/wp\/v2\/comments?post=193589"}],"version-history":[{"count":0,"href":"https:\/\/www.elche.es\/va\/wp-json\/wp\/v2\/pages\/193589\/revisions"}],"up":[{"embeddable":true,"href":"https:\/\/www.elche.es\/va\/wp-json\/wp\/v2\/pages\/181859"}],"wp:attachment":[{"href":"https:\/\/www.elche.es\/va\/wp-json\/wp\/v2\/media?parent=193589"}],"curies":[{"name":"wp","href":"https:\/\/api.w.org\/{rel}","templated":true}]}}