{"id":193669,"date":"2021-03-11T11:45:06","date_gmt":"2021-03-11T10:45:06","guid":{"rendered":"https:\/\/www.elche.es\/derechos-sociales\/cartera-de-serveis\/serveis-de-promocio-de-lautonomia\/reconocimiento-de-situacion-de-dependencia\/"},"modified":"2022-04-19T15:52:46","modified_gmt":"2022-04-19T14:52:46","slug":"reconocimiento-de-situacion-de-dependencia","status":"publish","type":"page","link":"https:\/\/www.elche.es\/va\/derechos-sociales\/cartera-de-serveis\/serveis-de-promocio-de-lautonomia\/reconocimiento-de-situacion-de-dependencia\/","title":{"rendered":"DEPEND\u00c8NCIA"},"content":{"rendered":"<div class=\"wpb-content-wrapper\"><p>[vc_row][vc_column][vc_column_text]<nav aria-label=\"breadcrumbs\">\n            <div class=\"breadcrumb-container theme1\">\n                <ol>\n                                    <\/ol>\n            <\/div>\n        <\/nav>    <script type=\"application\/ld+json\">\n        {\n            \"@context\": \"http:\/\/schema.org\",\n            \"@type\": \"BreadcrumbList\",\n            \"itemListElement\": [\n                            ]\n        }\n    <\/script>\n    <style type=\"text\/css\">\n        .breadcrumb-container {\n            font-size: 13px;\n        }\n\n        .breadcrumb-container ul {\n            margin: 0;\n            padding: 0;\n        }\n\n        .breadcrumb-container li {\n            box-sizing: unset;\n            display: inline-block;\n            margin: 0;\n            padding: 0;\n        }\n\n        .breadcrumb-container li a {\n            box-sizing: unset;\n            padding: 0 10px;\n        }\n\n        .breadcrumb-container {\n            font-size: 3 !important;\n                    }\n\n        .breadcrumb-container li a {\n            color: #0a0a0a !important;\n            font-size: 3 !important;\n            line-height: 3 !important;\n                    }\n\n        .breadcrumb-container li .separator {\n            font-size: 3 !important;\n                    }\n\n        .breadcrumb-container li:last-child .separator {\n            display: none;\n        }\n    <\/style>\n    <style type=\"text\/css\">\n        .breadcrumb-container.theme1 li {\n            margin: 0;\n            padding: 0;\n        }\n        .breadcrumb-container.theme1 a {\n            background: ;\n            display: inline-block;\n            margin: 0 5px;\n            padding: 5px 10px;\n            text-decoration: none;\n        }\n    <\/style>\n        <style type=\"text\/css\">\n            <\/style>\n    <script>\n            <\/script>\n[\/vc_column_text][\/vc_column][\/vc_row][vc_row][vc_column]<h3 class=\"sc_title sc_title_regular\"><\/p>\n<p style=\"text-align: center;\">RECONEIXEMENT DE SITUACI\u00d3 DE DEPEND\u00c8NCIA I DEL DRET A LES PRESTACIONS DEL SISTEMA<\/p>\n<p><\/h3>[vc_column_text]<\/p>\n<div style=\"border: 1px solid black; padding-left: 20px; padding-top: 20px; padding-bottom: 20px; background-color: white;\">\n<p><strong>DESCRIPCI\u00d3 DEL SERVEI<\/strong><\/p>\n<p>La<em>\u00a0Llei\u00a0 39\/2006 de 14 de desembre, de Promoci\u00f3 de l&#8217;Autonomia Personal i Atenci\u00f3 a les Persones en Situaci\u00f3 de Depend\u00e8ncia<\/em>, reconeix el nou dret a la promoci\u00f3 de l&#8217;autonomia personal i l&#8217;atenci\u00f3 a les persones amb depend\u00e8ncies.<\/p>\n<p>Segons la necessitat d&#8217;ajuda de la persona afectada per a dur a terme diverses de les activitats b\u00e0siques de la vida di\u00e0ria, els grau de depend\u00e8ncia reconeguts per la llei s\u00f3n:<\/p>\n<p>&#8211; Grau 1 o depend\u00e8ncia moderada: quan la persona necessita ajuda almenys una vegada al dia, o t\u00e9 necessitats de suport intermitent o limitat per a mantindre la seua autonomia personal.<\/p>\n<p>&#8211; Grau 2 o depend\u00e8ncia severa: quan la persona necessita ajuda dues o tres vegades al dia, per\u00f2 no requereix la pres\u00e8ncia permanent d&#8217;un cuidador o t\u00e9 necessitats de suport externes per a mantindre la seua autonomia personal.<\/p>\n<p>&#8211; Grau 3 o gran depend\u00e8ncia: quan la persona necessita ajuda diverses vegades al dia, i per la seua p\u00e8rdua total d&#8217;autonomia mental o f\u00edsica necessita la pres\u00e8ncia indispensable i continuada d&#8217;una altra persona.<\/p>\n<p><strong>COM TRAMITAR<\/strong><\/p>\n<p>De forma presencial o telem\u00e0tica.<\/p>\n<p><strong>Qui?<\/strong><\/p>\n<p>Titulars de dret: ser espanyol, qualsevol edat, trobar-se en situaci\u00f3 de depend\u00e8ncia en algun dels graus establits per la LLEI 39\/2006, de 14 de desembre. Residir en territori espanyol i haver-ho fet durant 5 anys, dels quals dos hauran de ser immediatament anteriors a la data de presentaci\u00f3 de la sol\u00b7licitud.<\/p>\n<p><strong>On?<\/strong><\/p>\n<p>Telefonar al Servei <a href=\"https:\/\/www.elche.es\/derechos-sociales\/cartera-de-servicios\/programa-informacion\/\">SIOA<\/a> de refer\u00e8ncia segons el Centre Social corresponent a la ubicaci\u00f3 del seu domicili. A trav\u00e9s d&#8217;aquest servei li orientaran sobre els impresos de sol\u00b7licitud i la documentaci\u00f3 a aportar.<\/p>\n<p>&nbsp;<\/p>\n<\/div>\n<p>[\/vc_column_text][vc_empty_space][\/vc_column][\/vc_row][vc_row][vc_column]\r\n        <p>\r\n        <span class=\"enlaces-titulo\"> TR\u00c0MIT <\/span> <span><a class=\"enlaces-link\" target='_blank'href=\"https:\/\/sede.elche.es\/sta\/CarpetaPublic\/doEvent?APP_CODE=STA&amp;PAGE_CODE=CATALOGO&amp;DETALLE=6269000000564037399500 \">Veure enlla\u00e7<\/a><\/span>\r\n        <br>\r\n        <span class=\"enlaces-descripcion\"><\/span>\r\n        <\/p>\r\n        <hr class=\"enlaces-separador\">\r\n        [\/vc_column][\/vc_row][vc_row][vc_column][vc_empty_space][vc_empty_space][\/vc_column][\/vc_row]<\/p>\n<\/div>","protected":false},"excerpt":{"rendered":"<p>[vc_row][vc_column][vc_column_text][\/vc_column_text][\/vc_column][\/vc_row][vc_row][vc_column][vc_column_text] DESCRIPCI\u00d3 DEL SERVEI La\u00a0Llei\u00a0 39\/2006 de 14 de desembre, de Promoci\u00f3 de l&#8217;Autonomia Personal i Atenci\u00f3 a les Persones en Situaci\u00f3 de Depend\u00e8ncia, reconeix el nou dret a la [&hellip;]<\/p>\n","protected":false},"author":131,"featured_media":0,"parent":183795,"menu_order":0,"comment_status":"closed","ping_status":"closed","template":"","meta":{"footnotes":""},"class_list":["post-193669","page","type-page","status-publish","hentry"],"_links":{"self":[{"href":"https:\/\/www.elche.es\/va\/wp-json\/wp\/v2\/pages\/193669","targetHints":{"allow":["GET"]}}],"collection":[{"href":"https:\/\/www.elche.es\/va\/wp-json\/wp\/v2\/pages"}],"about":[{"href":"https:\/\/www.elche.es\/va\/wp-json\/wp\/v2\/types\/page"}],"author":[{"embeddable":true,"href":"https:\/\/www.elche.es\/va\/wp-json\/wp\/v2\/users\/131"}],"replies":[{"embeddable":true,"href":"https:\/\/www.elche.es\/va\/wp-json\/wp\/v2\/comments?post=193669"}],"version-history":[{"count":1,"href":"https:\/\/www.elche.es\/va\/wp-json\/wp\/v2\/pages\/193669\/revisions"}],"predecessor-version":[{"id":308482,"href":"https:\/\/www.elche.es\/va\/wp-json\/wp\/v2\/pages\/193669\/revisions\/308482"}],"up":[{"embeddable":true,"href":"https:\/\/www.elche.es\/va\/wp-json\/wp\/v2\/pages\/183795"}],"wp:attachment":[{"href":"https:\/\/www.elche.es\/va\/wp-json\/wp\/v2\/media?parent=193669"}],"curies":[{"name":"wp","href":"https:\/\/api.w.org\/{rel}","templated":true}]}}