{"id":193691,"date":"2021-06-08T12:49:34","date_gmt":"2021-06-08T11:49:34","guid":{"rendered":"https:\/\/www.elche.es\/derechos-sociales\/cartera-de-serveis\/vivenda-social\/150262-2\/"},"modified":"2023-06-29T11:10:46","modified_gmt":"2023-06-29T09:10:46","slug":"150262-2","status":"publish","type":"page","link":"https:\/\/www.elche.es\/va\/derechos-sociales\/cartera-de-serveis\/vivenda-social\/150262-2\/","title":{"rendered":"Itineraris Integrats"},"content":{"rendered":"<div class=\"wpb-content-wrapper\"><p>[vc_row full_width=&#8221;stretch_row&#8221; css=&#8221;.vc_custom_1475487896980{background-color: #dddde0 !important;}&#8221;][vc_column][vc_column_text]<nav aria-label=\"breadcrumbs\">\n            <div class=\"breadcrumb-container theme1\">\n                <ol>\n                                    <\/ol>\n            <\/div>\n        <\/nav>    <script type=\"application\/ld+json\">\n        {\n            \"@context\": \"http:\/\/schema.org\",\n            \"@type\": \"BreadcrumbList\",\n            \"itemListElement\": [\n                            ]\n        }\n    <\/script>\n    <style type=\"text\/css\">\n        .breadcrumb-container {\n            font-size: 13px;\n        }\n\n        .breadcrumb-container ul {\n            margin: 0;\n            padding: 0;\n        }\n\n        .breadcrumb-container li {\n            box-sizing: unset;\n            display: inline-block;\n            margin: 0;\n            padding: 0;\n        }\n\n        .breadcrumb-container li a {\n            box-sizing: unset;\n            padding: 0 10px;\n        }\n\n        .breadcrumb-container {\n            font-size: 3 !important;\n                    }\n\n        .breadcrumb-container li a {\n            color: #0a0a0a !important;\n            font-size: 3 !important;\n            line-height: 3 !important;\n                    }\n\n        .breadcrumb-container li .separator {\n            font-size: 3 !important;\n                    }\n\n        .breadcrumb-container li:last-child .separator {\n            display: none;\n        }\n    <\/style>\n    <style type=\"text\/css\">\n        .breadcrumb-container.theme1 li {\n            margin: 0;\n            padding: 0;\n        }\n        .breadcrumb-container.theme1 a {\n            background: ;\n            display: inline-block;\n            margin: 0 5px;\n            padding: 5px 10px;\n            text-decoration: none;\n        }\n    <\/style>\n        <style type=\"text\/css\">\n            <\/style>\n    <script>\n            <\/script>\n[\/vc_column_text][\/vc_column][\/vc_row][vc_row][vc_column]<h3 class=\"sc_title sc_title_regular margin_top_tiny margin_bottom_null\">ELX INTEGRA. Programa d&#8217;Itineraris Integrats per a la Inclusi\u00f3 Social de Persones en Situaci\u00f3 o Risc d&#8217;Exclusi\u00f3 Social<\/h3>[\/vc_column][\/vc_row][vc_row css=&#8221;.vc_custom_1475850882313{margin-top: 40px !important;margin-bottom: 40px !important;background-color: #ffffff !important;}&#8221;][vc_column width=&#8221;1\/4&#8243; css=&#8221;.vc_custom_1475847889991{padding-left: 0px !important;}&#8221;][vc_single_image image=&#8221;250068&#8243; img_size=&#8221;large&#8221;][\/vc_column][vc_column width=&#8221;3\/4&#8243;][vc_empty_space][vc_column_text css=&#8221;.vc_custom_1683787762481{padding-bottom: 30px !important;}&#8221;]PROGRAMA COMUNITAT VALENCIANA. FONS SOCIAL EUROPEU PLUS (FSE+) 2021-2027<\/p>\n<p>QUANTITAT SUBVENCIONADA:\u00a0 \u00a0701.250 \u20ac<\/p>\n<p>El programa Elx Integra t\u00e9 com a objectiu el desenvolupament de la prestaci\u00f3 professional de la Renda Valenciana d&#8217;Inclusi\u00f3, orientada tant a previndre el risc d&#8217;exclusi\u00f3 social com a facilitar el proc\u00e9s d&#8217;emancipaci\u00f3 de les persones en situaci\u00f3 d&#8217;empobriment, mitjan\u00e7ant el disseny d&#8217;itineraris d&#8217;inclusi\u00f3 social adaptats a les diferents circumst\u00e0ncies i perfils de les persones participants.<\/p>\n<p>Cada itinerari personalitzat es dissenya a partir d&#8217;un diagn\u00f2stic social individualitzat i es du a terme segons el pla d&#8217;intervenci\u00f3 elaborat i consensuat entre la persona participant i el\/la professional de refer\u00e8ncia i que cont\u00e9 els objectius a aconseguir a curt i mitj\u00e0 termini i les accions que els faciliten i que deriven en el seu cas als recursos comunitaris que els ajuden a millorar<\/p>\n<p>La intervenci\u00f3 professional es planteja i s&#8217;executa des d&#8217;un enfocament integral i integrador, amb un acompanyament efectiu de les persones participants al llarg de tot el proc\u00e9s.<\/p>\n<p>Els itineraris d&#8217;inclusi\u00f3 social inclouen entre les seues actuacions les seg\u00fcents: accions d&#8217;orientaci\u00f3 social, orientaci\u00f3 educativa, tutories individualitzades, tutories grupals, accions de dinamitzaci\u00f3 comunit\u00e0ria, d&#8217;empoderament personal, de formaci\u00f3 i tots aquells tallers de car\u00e0cter social que responguen a les necessitats de les persones participants.<\/p>\n<p>Classificades segons el car\u00e0cter grupal o individual de la intervenci\u00f3 distingim:<\/p>\n<p><strong>Accions individuals<\/strong><\/p>\n<ul>\n<li>Entrevista i diagn\u00f2stic individualitzat<\/li>\n<li>Pla Personalitzat d&#8217;Intervenci\u00f3<\/li>\n<li>Orientaci\u00f3 personal, laboral i formativa<\/li>\n<li>Desenvolupament competencial<\/li>\n<li>Acci\u00f3 comunit\u00e0ria<\/li>\n<li>Seguiment i avaluaci\u00f3 individual<\/li>\n<\/ul>\n<p><strong>Accions grupals<\/strong><\/p>\n<ul>\n<li>Compet\u00e8ncies digitals. Nivell 0: 4 sessions. Horari: mat\u00ed o vesprada<\/li>\n<li>Compet\u00e8ncies digitals. Nivell 1: 4 sessions. Horari: mat\u00ed o vesprada<\/li>\n<li>Compet\u00e8ncies digitals. Nivell 2: 8 sessions. Horari: mat\u00ed o vesprada<\/li>\n<li>Habilitats Socials. 6 sessions. Horari: dem\u00e0<\/li>\n<li>Autoconeixement i Desenvolupament Personal. 4 sessions. Horari: dem\u00e0<\/li>\n<li>Motivaci\u00f3 i Autoestima. 4 sessions. Horari: mat\u00ed<\/li>\n<li>Habilitats Prelaborals. 6 sessions. Horari: mat\u00ed<\/li>\n<li>Comunitat i Xarxes. 3 sessions. Horari: mat\u00ed<\/li>\n<li>Renda Valenciana d&#8217;Inclusi\u00f3. 1 sessi\u00f3. Horari: mat\u00ed<\/li>\n<li>Habilitats Personals. 8 sessions. Horari: mat\u00ed<\/li>\n<li>Compet\u00e8ncies Parentals. 8 sessions. Horari: mat\u00ed<\/li>\n<li>Taller d&#8217;autocura per a cuidadors. 6 sessions. Horari: mat\u00ed<\/li>\n<\/ul>\n<p style=\"text-align: justify;\">En l&#8217;actualitat existeixen tres equips d&#8217;intervenci\u00f3 constitu\u00efts per un total de 6 educadors socials i 10 t\u00e8cnics d&#8217;integraci\u00f3 social, que es divideixen l&#8217;atenci\u00f3 al municipi d&#8217;Elx en tres grans zones coincidents amb els \u00e0mbits d&#8217;intervenci\u00f3 corresponents als seg\u00fcents centres socials:<\/p>\n<ul>\n<li>Zona Nord-oest: Polivalent de Carr\u00fas, pla\u00e7a Barcelona<\/li>\n<li>Zona Sud-oest: Poeta Miguel Hern\u00e1ndez.<\/li>\n<li>Zona Est: Sant Antoni, Altabix, Palmerars, el Raval, Torrellano, l&#8217;Altet, la Foia, la Baia i la Marina.<\/li>\n<\/ul>\n<p>[\/vc_column_text][vc_empty_space]\r\n        <p>\r\n        <span class=\"enlaces-titulo\"> GUIA DE RECURSOS PER A L'OCUPACI\u00d3 I LA FORMACI\u00d3  <\/span> <span><a class=\"enlaces-link\" target='_blank'href=\"https:\/\/www.elche.es\/wp-content\/uploads\/2021\/11\/GUIA-DE-RECURSOS-PARA-LA-FORMACI-2020-reducido-1.pdf \">Veure enlla\u00e7<\/a><\/span>\r\n        <br>\r\n        <span class=\"enlaces-descripcion\"><\/span>\r\n        <\/p>\r\n        <hr class=\"enlaces-separador\">\r\n        [vc_empty_space][vc_empty_space][\/vc_column][\/vc_row]<\/p>\n<\/div>","protected":false},"excerpt":{"rendered":"<p>[vc_row full_width=&#8221;stretch_row&#8221; css=&#8221;.vc_custom_1475487896980{background-color: #dddde0 !important;}&#8221;][vc_column][vc_column_text][\/vc_column_text][\/vc_column][\/vc_row][vc_row][vc_column][\/vc_column][\/vc_row][vc_row css=&#8221;.vc_custom_1475850882313{margin-top: 40px !important;margin-bottom: 40px !important;background-color: #ffffff !important;}&#8221;][vc_column width=&#8221;1\/4&#8243; css=&#8221;.vc_custom_1475847889991{padding-left: 0px !important;}&#8221;][vc_single_image image=&#8221;250068&#8243; img_size=&#8221;large&#8221;][\/vc_column][vc_column width=&#8221;3\/4&#8243;][vc_empty_space][vc_column_text css=&#8221;.vc_custom_1683787762481{padding-bottom: 30px !important;}&#8221;]PROGRAMA COMUNITAT VALENCIANA. FONS SOCIAL EUROPEU PLUS (FSE+) 2021-2027 [&hellip;]<\/p>\n","protected":false},"author":131,"featured_media":0,"parent":19655,"menu_order":0,"comment_status":"closed","ping_status":"closed","template":"","meta":{"footnotes":""},"class_list":["post-193691","page","type-page","status-publish","hentry"],"_links":{"self":[{"href":"https:\/\/www.elche.es\/va\/wp-json\/wp\/v2\/pages\/193691","targetHints":{"allow":["GET"]}}],"collection":[{"href":"https:\/\/www.elche.es\/va\/wp-json\/wp\/v2\/pages"}],"about":[{"href":"https:\/\/www.elche.es\/va\/wp-json\/wp\/v2\/types\/page"}],"author":[{"embeddable":true,"href":"https:\/\/www.elche.es\/va\/wp-json\/wp\/v2\/users\/131"}],"replies":[{"embeddable":true,"href":"https:\/\/www.elche.es\/va\/wp-json\/wp\/v2\/comments?post=193691"}],"version-history":[{"count":4,"href":"https:\/\/www.elche.es\/va\/wp-json\/wp\/v2\/pages\/193691\/revisions"}],"predecessor-version":[{"id":255792,"href":"https:\/\/www.elche.es\/va\/wp-json\/wp\/v2\/pages\/193691\/revisions\/255792"}],"up":[{"embeddable":true,"href":"https:\/\/www.elche.es\/va\/wp-json\/wp\/v2\/pages\/19655"}],"wp:attachment":[{"href":"https:\/\/www.elche.es\/va\/wp-json\/wp\/v2\/media?parent=193691"}],"curies":[{"name":"wp","href":"https:\/\/api.w.org\/{rel}","templated":true}]}}