{"id":193727,"date":"2021-10-29T11:12:03","date_gmt":"2021-10-29T10:12:03","guid":{"rendered":"https:\/\/www.elche.es\/derechos-sociales\/cartera-de-serveis\/servei-dinclusio-social\/renta-valenciana-de-inclusion\/"},"modified":"2022-04-20T10:08:45","modified_gmt":"2022-04-20T09:08:45","slug":"renta-valenciana-de-inclusion","status":"publish","type":"page","link":"https:\/\/www.elche.es\/va\/derechos-sociales\/cartera-de-serveis\/servei-dinclusio-social\/renta-valenciana-de-inclusion\/","title":{"rendered":"Renda Valenciana d&#8217;Inclusi\u00f3"},"content":{"rendered":"<div class=\"wpb-content-wrapper\"><p>[vc_row full_width=&#8221;stretch_row&#8221; css=&#8221;.vc_custom_1475484188729{background-color: #dddde0 !important;}&#8221;][vc_column][vc_column_text]<nav aria-label=\"breadcrumbs\">\n            <div class=\"breadcrumb-container theme1\">\n                <ol>\n                                    <\/ol>\n            <\/div>\n        <\/nav>    <script type=\"application\/ld+json\">\n        {\n            \"@context\": \"http:\/\/schema.org\",\n            \"@type\": \"BreadcrumbList\",\n            \"itemListElement\": [\n                            ]\n        }\n    <\/script>\n    <style type=\"text\/css\">\n        .breadcrumb-container {\n            font-size: 13px;\n        }\n\n        .breadcrumb-container ul {\n            margin: 0;\n            padding: 0;\n        }\n\n        .breadcrumb-container li {\n            box-sizing: unset;\n            display: inline-block;\n            margin: 0;\n            padding: 0;\n        }\n\n        .breadcrumb-container li a {\n            box-sizing: unset;\n            padding: 0 10px;\n        }\n\n        .breadcrumb-container {\n            font-size: 3 !important;\n                    }\n\n        .breadcrumb-container li a {\n            color: #0a0a0a !important;\n            font-size: 3 !important;\n            line-height: 3 !important;\n                    }\n\n        .breadcrumb-container li .separator {\n            font-size: 3 !important;\n                    }\n\n        .breadcrumb-container li:last-child .separator {\n            display: none;\n        }\n    <\/style>\n    <style type=\"text\/css\">\n        .breadcrumb-container.theme1 li {\n            margin: 0;\n            padding: 0;\n        }\n        .breadcrumb-container.theme1 a {\n            background: ;\n            display: inline-block;\n            margin: 0 5px;\n            padding: 5px 10px;\n            text-decoration: none;\n        }\n    <\/style>\n        <style type=\"text\/css\">\n            <\/style>\n    <script>\n            <\/script>\n[\/vc_column_text][\/vc_column][\/vc_row][vc_row full_width=&#8221;stretch_row&#8221; css=&#8221;.vc_custom_1475764105820{background-color: #ffffff !important;}&#8221;][vc_column]<h3 class=\"sc_title sc_title_regular margin_top_small\" style=\"margin-top: 4.05em;margin-bottom: 1.35em;\"><\/p>\n<h4>Renda Valenciana d&#8217;Inclusi\u00f3<\/h4>\n<p><\/h3>[vc_column_text]La Renda Valenciana d&#8217;Inclusi\u00f3 \u00e9s un dret subjectiu que es concreta a trav\u00e9s d&#8217;una prestaci\u00f3 econ\u00f2mica i\/o un proc\u00e9s d&#8217;inclusi\u00f3 social dirigida a cobrir les necessitats b\u00e0siques que garantisquen la qualitat de vida i que combaten l&#8217;exclusi\u00f3 i la vulnerabilitat social, que podr\u00e0 estar vinculada als instruments i les actuacions de suport regulats en la llei de renda valenciana d&#8217;inclusi\u00f3, i facilita l&#8217;acc\u00e9s a l&#8217;educaci\u00f3, la sanitat, l&#8217;habitatge, l&#8217;esport, la cultura, i els serveis d&#8217;ocupaci\u00f3 i de formaci\u00f3 en igualtat d&#8217;oportunitats.<\/p>\n<p>El principal instrument en el proc\u00e9s d&#8217;inclusi\u00f3 \u00e9s el programa personalitzat d&#8217;inclusi\u00f3, que es formula en funci\u00f3 del diagn\u00f2stic social i de l&#8217;acord d&#8217;inclusi\u00f3 realitzat per les treballadores i els treballadors socials i inclou la valoraci\u00f3 de la situaci\u00f3 d&#8217;exclusi\u00f3 social o de risc d&#8217;exclusi\u00f3 social i els objectius i les accions espec\u00edfics de car\u00e0cter personal, familiar, educatiu, social i laboral oportuns per a previndre o millorar la situaci\u00f3 o el risc d&#8217;exclusi\u00f3 social de la persona titular i del conjunt dels membres de la unitat de conviv\u00e8ncia. Tamb\u00e9 comportar\u00e0 els itineraris d&#8217;inclusi\u00f3 social o els itineraris d&#8217;inserci\u00f3 laboral, amb la finalitat, en tot cas, de facilitar la inclusi\u00f3 social o inserci\u00f3 laboral.<\/p>\n<p>La renda de garantia t\u00e9 car\u00e0cter subsidiari de les prestacions econ\u00f2miques vigents i previstes en la resta de sistemes de protecci\u00f3 social, tant estatals com auton\u00f2mics, a les quals pogueren tindre dret les persones destinat\u00e0ries i es constitueix com l&#8217;\u00faltim recurs de protecci\u00f3 social al qual poder accedir.<\/p>\n<p>Per tant els titulars i sol\u00b7licitants, en qualsevol moment de la tramitaci\u00f3, estan obligats a reclamar els drets econ\u00f2mics als quals puguen tindre acc\u00e9s, \u00e9s a dir a sol\u00b7licitar l&#8217;ingr\u00e9s m\u00ednim vital.<br \/>\nUna vegada resolta la RVI es descomptar\u00e0 la quantitat de l&#8217;IMV a la quantia corresponent de RVI. En els casos que la difer\u00e8ncia entre ambdues prestacions siga zero es podr\u00e0 mantindre la prestaci\u00f3 professional si aix\u00ed ho vol algun membre de la unitat de conviv\u00e8ncia llevat que se sol\u00b7licite l&#8217;extinci\u00f3 d&#8217;expedient de RVI.<\/p>\n<p>En tot cas, la persona titular de la prestaci\u00f3 adquirir\u00e0 el comprom\u00eds d&#8217;afavorir l&#8217;acc\u00e9s als drets socials b\u00e0sics a les persones destinat\u00e0ries que formen part de la unitat de conviv\u00e8ncia per a garantir l&#8217;acc\u00e9s a programes personalitzats d&#8217;inclusi\u00f3 en cas que les persones benefici\u00e0ries tinguen xiquets o xiquetes a c\u00e0rrec, tenint en compte l&#8217;inter\u00e9s superior del menor i adaptant-se a les necessitats dels col\u00b7lectius m\u00e9s vulnerables.[\/vc_column_text][vc_empty_space][vc_column_text]<\/p>\n<h4><a href=\"https:\/\/www.gva.es\/es\/inicio\/procedimientos?id_proc=19152\"><strong>Renda de Garantia d&#8217;Inclusi\u00f3 Social\u00a0<\/strong><\/a><\/h4>\n<p style=\"text-align: justify;\">La renda de garantia d&#8217;inclusi\u00f3 social \u00e9s la prestaci\u00f3 peri\u00f2dica, de naturalesa econ\u00f2mica i\/o professional dirigida a garantir el dret a la inclusi\u00f3 a les unitats de conviv\u00e8ncia en situaci\u00f3 d&#8217;exclusi\u00f3 social o de risc d&#8217;exclusi\u00f3 social el nivell de recursos econ\u00f2mics de les quals no aconseguisquen l&#8217;import de la renda de garantia d&#8217;inclusi\u00f3 social, resultant insuficient per a atendre les despeses associades a les necessitats b\u00e0siques de la vida di\u00e0ria i en la qual la persona titular o la persona o persones benefici\u00e0ries subscriguen volunt\u00e0riament l&#8217;acord d&#8217;inclusi\u00f3 social regulat en l&#8217;article 22 d&#8217;aquesta llei i el seu desenvolupament reglamentari.<\/p>\n<p>[\/vc_column_text][vc_empty_space][vc_column_text]<\/p>\n<h4><a href=\"https:\/\/www.gva.es\/es\/inicio\/procedimientos?id_proc=19154\"><strong>Renda de Garantia d&#8217;Ingressos M\u00ednims\u00a0\u00a0<\/strong><\/a><\/h4>\n<p style=\"text-align: justify;\">La renda de garantia d&#8217;ingressos m\u00ednims \u00e9s la prestaci\u00f3 peri\u00f2dica, de naturalesa econ\u00f2mica i\/o professional, dirigida a les unitats de conviv\u00e8ncia conformades \u00fanicament per persones majors d&#8217;edat en situaci\u00f3 d&#8217;exclusi\u00f3 social o de risc d&#8217;exclusi\u00f3 social el nivell de recursos econ\u00f2mics de les quals no aconseguisquen l&#8217;import corresponent de la renda de garantia d&#8217;ingressos m\u00ednims, resultant insuficient per a atendre les despeses associades a les necessitats b\u00e0siques de la vida di\u00e0ria. En tot cas, la persona titular de la prestaci\u00f3 adquirir\u00e0 el comprom\u00eds d&#8217;afavorir l&#8217;acc\u00e9s als drets socials b\u00e0sics a les persones destinat\u00e0ries que formen part de la unitat de conviv\u00e8ncia garantint l&#8217;acc\u00e9s a plans personalitzats d&#8217;intervenci\u00f3.<\/p>\n<p>[\/vc_column_text][vc_empty_space][vc_column_text]<\/p>\n<h5><strong>SOL\u00b7LICITUD<\/strong><\/h5>\n<p>La sol\u00b7licitud es pot realitzar de manera presencial al centre social corresponent, sol\u00b7licitant cita pr\u00e8via amb la persona professional t\u00e8cnica d&#8217;Integraci\u00f3 Social (TIS), o <a href=\"https:\/\/sede.elche.es\/sta\/CarpetaPublic\/doEvent?APP_CODE=STA&amp;PAGE_CODE=CATALOGO&amp;DETALLE=6269000000564062099500\">telem\u00e0ticament<\/a> a la seu electr\u00f2nica de l&#8217;Ajuntament.[\/vc_column_text][vc_empty_space][vc_column_text]<\/p>\n<h5><strong>NORMATIVA<\/strong><\/h5>\n<p>[\/vc_column_text][vc_empty_space]\r\n        <p>\r\n        <span class=\"enlaces-titulo\"> Llei 19\/2017, de 20 de novembre, de Renda Valenciana d'Inclusi\u00f3 <\/span> <span><a class=\"enlaces-link\" target='_blank'href=\"https:\/\/dogv.gva.es\/auto\/dogv\/docvpub\/rlgv\/2017\/L_2017_19_ca_DL_2020_7.pdf \">Veure enlla\u00e7<\/a><\/span>\r\n        <br>\r\n        <span class=\"enlaces-descripcion\"><\/span>\r\n        <\/p>\r\n        <hr class=\"enlaces-separador\">\r\n        \r\n        <p>\r\n        <span class=\"enlaces-titulo\"> Decret 60\/2018, d'11 de maig, del Consell, pel qual es desenvolupa la Llei 19\/2017, de 20 de desembre, de la Generalitat, de Renda Valenciana d'Inclusi\u00f3 <\/span> <span><a class=\"enlaces-link\" target='_blank'href=\"https:\/\/inclusio.gva.es\/documents\/610754\/165458466\/DECRETO+RENTA.pdf\/de58696a-5453-453c-ab7d-9baee129719a \">Veure enlla\u00e7<\/a><\/span>\r\n        <br>\r\n        <span class=\"enlaces-descripcion\"><\/span>\r\n        <\/p>\r\n        <hr class=\"enlaces-separador\">\r\n        [vc_empty_space][vc_column_text]<\/p>\n<h5><strong>ORGANISME RESPONSABLE<\/strong><\/h5>\n<p>[\/vc_column_text][vc_empty_space]\r\n        <p>\r\n        <span class=\"enlaces-titulo\"> Conselleria d'Igualtat i Pol\u00edtiques Inclusives <\/span> <span><a class=\"enlaces-link\" target='_blank'href=\"https:\/\/inclusio.gva.es\/es\/web\/integracion-inclusionsocial-cooperacion\/renta-valenciana-de-inclusion-rvi \">Veure enlla\u00e7<\/a><\/span>\r\n        <br>\r\n        <span class=\"enlaces-descripcion\"><\/span>\r\n        <\/p>\r\n        <hr class=\"enlaces-separador\">\r\n        [vc_empty_space][vc_empty_space][\/vc_column][\/vc_row]<\/p>\n<\/div>","protected":false},"excerpt":{"rendered":"<p>[vc_row full_width=&#8221;stretch_row&#8221; css=&#8221;.vc_custom_1475484188729{background-color: #dddde0 !important;}&#8221;][vc_column][vc_column_text][\/vc_column_text][\/vc_column][\/vc_row][vc_row full_width=&#8221;stretch_row&#8221; css=&#8221;.vc_custom_1475764105820{background-color: #ffffff !important;}&#8221;][vc_column][vc_column_text]La Renda Valenciana d&#8217;Inclusi\u00f3 \u00e9s un dret subjectiu que es concreta a trav\u00e9s d&#8217;una prestaci\u00f3 econ\u00f2mica i\/o un proc\u00e9s d&#8217;inclusi\u00f3 social dirigida [&hellip;]<\/p>\n","protected":false},"author":131,"featured_media":0,"parent":183800,"menu_order":0,"comment_status":"closed","ping_status":"closed","template":"","meta":{"footnotes":""},"class_list":["post-193727","page","type-page","status-publish","hentry"],"_links":{"self":[{"href":"https:\/\/www.elche.es\/va\/wp-json\/wp\/v2\/pages\/193727","targetHints":{"allow":["GET"]}}],"collection":[{"href":"https:\/\/www.elche.es\/va\/wp-json\/wp\/v2\/pages"}],"about":[{"href":"https:\/\/www.elche.es\/va\/wp-json\/wp\/v2\/types\/page"}],"author":[{"embeddable":true,"href":"https:\/\/www.elche.es\/va\/wp-json\/wp\/v2\/users\/131"}],"replies":[{"embeddable":true,"href":"https:\/\/www.elche.es\/va\/wp-json\/wp\/v2\/comments?post=193727"}],"version-history":[{"count":0,"href":"https:\/\/www.elche.es\/va\/wp-json\/wp\/v2\/pages\/193727\/revisions"}],"up":[{"embeddable":true,"href":"https:\/\/www.elche.es\/va\/wp-json\/wp\/v2\/pages\/183800"}],"wp:attachment":[{"href":"https:\/\/www.elche.es\/va\/wp-json\/wp\/v2\/media?parent=193727"}],"curies":[{"name":"wp","href":"https:\/\/api.w.org\/{rel}","templated":true}]}}