{"id":193736,"date":"2021-05-04T10:32:56","date_gmt":"2021-05-04T09:32:56","guid":{"rendered":"https:\/\/www.elche.es\/derechos-sociales\/cartera-de-serveis\/concejalia-de-igualdad\/elx-lgtbi\/acciones\/"},"modified":"2022-04-20T10:34:42","modified_gmt":"2022-04-20T09:34:42","slug":"acciones","status":"publish","type":"page","link":"https:\/\/www.elche.es\/va\/derechos-sociales\/cartera-de-serveis\/servei-daccio-comunitaria\/elx-lgtbi\/acciones\/","title":{"rendered":"Accions comunit\u00e0ries"},"content":{"rendered":"<div class=\"wpb-content-wrapper\"><p>[vc_row full_width=&#8221;stretch_row&#8221; css=&#8221;.vc_custom_1620119242358{background-image: url(https:\/\/www.elche.es\/wp-content\/uploads\/2021\/04\/banner-wordpress.png?id=144545) !important;background-position: center !important;background-repeat: no-repeat !important;background-size: cover !important;}&#8221; el_id=&#8221;bloque_titulo&#8221; el_class=&#8221;slidersecciones&#8221;][vc_column][vc_custom_heading text=&#8221;Accions comunit\u00e0ries&#8221; font_container=&#8221;tag:h2|text_align:center|color:%23ffffff&#8221; google_fonts=&#8221;font_family:Ubuntu%3A300%2C300italic%2Cregular%2Citalic%2C500%2C500italic%2C700%2C700italic|font_style:700%20bold%20regular%3A700%3Anormal&#8221; el_class=&#8221;sombraTitulo cabeceramovil&#8221;][\/vc_column][\/vc_row][vc_row][vc_column]<div class=\"templatera_shortcode\"><div id=\"bloque_menu_enlaces\" data-vc-full-width=\"true\" data-vc-full-width-init=\"false\" data-vc-stretch-content=\"true\" class=\"vc_row wpb_row vc_row-fluid bloquemnuestop vc_custom_1621935189952 vc_row-has-fill vc_row-no-padding\"><div class=\"centrado-texto wpb_column vc_column_container vc_col-sm-12\"><div class=\"vc_column-inner\"><div class=\"wpb_wrapper\">\r\n        \r\n        <a class=\"menuVC\"  href=\"https:\/\/www.elche.es\/va\/derechos-sociales\/cartera-de-serveis\/concejalia-de-igualdad\/elx-lgtbi\/\"> <span> Elx LGTBI <\/span><\/a>\r\n        \r\n        <a class=\"menuVC\"  href=\"https:\/\/www.elche.es\/va\/derechos-sociales\/cartera-de-serveis\/concejalia-de-igualdad\/elx-lgtbi\/mesa-lgtbi\/\"> <span> Taula LGTBI <\/span><\/a>\r\n        \r\n        <a class=\"menuVC\"  href=\"https:\/\/www.elche.es\/va\/derechos-sociales\/cartera-de-serveis\/concejalia-de-igualdad\/elx-lgtbi\/orgullo-elx\/\"> <span> Orgull LGTBI Elx <\/span><\/a>\r\n        \r\n        <a class=\"menuVC\"  href=\"https:\/\/www.elche.es\/va\/derechos-sociales\/cartera-de-serveis\/concejalia-de-igualdad\/elx-lgtbi\/acciones\/\"> <span> Accions <\/span><\/a>\r\n        \r\n        <a class=\"menuVC\"  href=\"https:\/\/www.elche.es\/va\/derechos-sociales\/cartera-de-serveis\/concejalia-de-igualdad\/elx-lgtbi\/recursos\/\"> <span> Recursos i documentaci\u00f3 <\/span><\/a><\/div><\/div><\/div><\/div><div class=\"vc_row-full-width vc_clearfix\"><\/div><\/div>[\/vc_column][\/vc_row][vc_row full_width=&#8221;stretch_row&#8221; css=&#8221;.vc_custom_1620119472218{background-color: #dddde0 !important;}&#8221;][vc_column][vc_column_text]<nav aria-label=\"breadcrumbs\">\n            <div class=\"breadcrumb-container theme1\">\n                <ol>\n                                    <\/ol>\n            <\/div>\n        <\/nav>    <script type=\"application\/ld+json\">\n        {\n            \"@context\": \"http:\/\/schema.org\",\n            \"@type\": \"BreadcrumbList\",\n            \"itemListElement\": [\n                            ]\n        }\n    <\/script>\n    <style type=\"text\/css\">\n        .breadcrumb-container {\n            font-size: 13px;\n        }\n\n        .breadcrumb-container ul {\n            margin: 0;\n            padding: 0;\n        }\n\n        .breadcrumb-container li {\n            box-sizing: unset;\n            display: inline-block;\n            margin: 0;\n            padding: 0;\n        }\n\n        .breadcrumb-container li a {\n            box-sizing: unset;\n            padding: 0 10px;\n        }\n\n        .breadcrumb-container {\n            font-size: 3 !important;\n                    }\n\n        .breadcrumb-container li a {\n            color: #0a0a0a !important;\n            font-size: 3 !important;\n            line-height: 3 !important;\n                    }\n\n        .breadcrumb-container li .separator {\n            font-size: 3 !important;\n                    }\n\n        .breadcrumb-container li:last-child .separator {\n            display: none;\n        }\n    <\/style>\n    <style type=\"text\/css\">\n        .breadcrumb-container.theme1 li {\n            margin: 0;\n            padding: 0;\n        }\n        .breadcrumb-container.theme1 a {\n            background: ;\n            display: inline-block;\n            margin: 0 5px;\n            padding: 5px 10px;\n            text-decoration: none;\n        }\n    <\/style>\n        <style type=\"text\/css\">\n            <\/style>\n    <script>\n            <\/script>\n[\/vc_column_text][\/vc_column][\/vc_row][vc_row][vc_column][vc_column_text]<\/p>\n<h1><span style=\"text-decoration: underline;\"><strong><span style=\"color: #800080; text-decoration: underline;\">ELX<\/span> <span style=\"color: #ff0000; text-decoration: underline;\">O<\/span><span style=\"color: #ff6600; text-decoration: underline;\">R<\/span><span style=\"color: #ff6600;\"><span style=\"color: #ffcc00;\">G<span style=\"color: #99cc00; text-decoration: underline;\">U<\/span><\/span><\/span><span style=\"color: #3366ff; text-decoration: underline;\">LL<\/span>\u00a0<span style=\"color: #cc99ff; text-decoration: underline;\">LGTBI<\/span> <span style=\"color: #cc99ff; text-decoration: underline;\">2020<\/span><\/strong><\/span><\/h1>\n<p>[\/vc_column_text]<video class=\"sc_video\" src=\"https:\/\/youtube.com\/embed\/oH0m3NwsePk\" width=\"100%\" height=\"\" data-width=\"100%\" data-height=\"\" data-ratio=\"16:9\" poster=\"https:\/\/i1.ytimg.com\/vi\/oH0m3NwsePk\/0.jpg\" data-image=\"https:\/\/i1.ytimg.com\/vi\/oH0m3NwsePk\/0.jpg\" data-align=\"center\" style=\"width:100%;\" autoplay=\"autoplay\" controls=\"controls\" loop=\"loop\"><\/video>[vc_column_text][\/vc_column_text][\/vc_column][\/vc_row][vc_row][vc_column][vc_custom_heading text=&#8221;PROGRAMA D&#8217;ACTES&#8221; font_container=&#8221;tag:h3|text_align:left&#8221; google_fonts=&#8221;font_family:Ubuntu%3A300%2C300italic%2Cregular%2Citalic%2C500%2C500italic%2C700%2C700italic|font_style:700%20bold%20regular%3A700%3Anormal&#8221;][\/vc_column][\/vc_row][vc_row][vc_column][vc_custom_heading text=&#8221;ENLLA\u00c7OS D&#8217;INTER\u00c9S&#8221; font_container=&#8221;tag:h3|text_align:left&#8221; google_fonts=&#8221;font_family:Ubuntu%3A300%2C300italic%2Cregular%2Citalic%2C500%2C500italic%2C700%2C700italic|font_style:700%20bold%20regular%3A700%3Anormal&#8221;][\/vc_column][\/vc_row][vc_row][vc_column]\r\n        <p>\r\n        <span class=\"enlaces-titulo\"> GUIA DE RECURSOS LGTBI COVID-19 <\/span> <span><a class=\"enlaces-link\" target='_blank'href=\"https:\/\/www.elche.es\/wp-content\/uploads\/2020\/02\/Guia_de_recursos_LGTBI_ante_COVID19.pdf \">Veure enlla\u00e7<\/a><\/span>\r\n        <br>\r\n        <span class=\"enlaces-descripcion\"><\/span>\r\n        <\/p>\r\n        <hr class=\"enlaces-separador\">\r\n        \r\n        <p>\r\n        <span class=\"enlaces-titulo\"> GUIA SOM DIVERSITAT <\/span> <span><a class=\"enlaces-link\" target='_blank'href=\"https:\/\/www.elche.es\/wp-content\/uploads\/2020\/02\/guia_somos_diversidad.pdf \">Veure enlla\u00e7<\/a><\/span>\r\n        <br>\r\n        <span class=\"enlaces-descripcion\"><\/span>\r\n        <\/p>\r\n        <hr class=\"enlaces-separador\">\r\n        \r\n        <p>\r\n        <span class=\"enlaces-titulo\"> GUIA DE V\u00cdCTIMES DE DELICTES D'ODI PER LGTBIF\u00d2BIA <\/span> <span><a class=\"enlaces-link\" target='_blank'href=\"https:\/\/www.elche.es\/wp-content\/uploads\/2020\/02\/Guia_Breve_Victimas_Delitos_de_Odio_LGTBIfobicos.pdf \">Veure enlla\u00e7<\/a><\/span>\r\n        <br>\r\n        <span class=\"enlaces-descripcion\"><\/span>\r\n        <\/p>\r\n        <hr class=\"enlaces-separador\">\r\n        [vc_empty_space][vc_empty_space][\/vc_column][\/vc_row]<\/p>\n<\/div>","protected":false},"excerpt":{"rendered":"Accions comunit\u00e0ries Elx LGTBI Taula LGTBI Orgull LGTBI Elx Accions Recursos i documentaci\u00f3 ELX ORGULL\u00a0LGTBI 2020 PROGRAMA D'ACTESENLLA\u00c7OS D'INTER\u00c9S GUIA DE RECURSOS LGTBI COVID-19 Veure enlla\u00e7 GUIA SOM DIVERSITAT Veure [...]","protected":false},"author":10,"featured_media":0,"parent":178315,"menu_order":0,"comment_status":"closed","ping_status":"closed","template":"","meta":{"footnotes":""},"class_list":["post-193736","page","type-page","status-publish","hentry"],"_links":{"self":[{"href":"https:\/\/www.elche.es\/va\/wp-json\/wp\/v2\/pages\/193736","targetHints":{"allow":["GET"]}}],"collection":[{"href":"https:\/\/www.elche.es\/va\/wp-json\/wp\/v2\/pages"}],"about":[{"href":"https:\/\/www.elche.es\/va\/wp-json\/wp\/v2\/types\/page"}],"author":[{"embeddable":true,"href":"https:\/\/www.elche.es\/va\/wp-json\/wp\/v2\/users\/10"}],"replies":[{"embeddable":true,"href":"https:\/\/www.elche.es\/va\/wp-json\/wp\/v2\/comments?post=193736"}],"version-history":[{"count":0,"href":"https:\/\/www.elche.es\/va\/wp-json\/wp\/v2\/pages\/193736\/revisions"}],"up":[{"embeddable":true,"href":"https:\/\/www.elche.es\/va\/wp-json\/wp\/v2\/pages\/178315"}],"wp:attachment":[{"href":"https:\/\/www.elche.es\/va\/wp-json\/wp\/v2\/media?parent=193736"}],"curies":[{"name":"wp","href":"https:\/\/api.w.org\/{rel}","templated":true}]}}