{"id":193783,"date":"2021-05-14T11:31:47","date_gmt":"2021-05-14T10:31:47","guid":{"rendered":"https:\/\/www.elche.es\/derechos-sociales\/cartera-de-serveis\/serveis-de-promocio-de-lautonomia\/tramits\/prestaciones-economicas-individuales-para-las-personas-con-diversidad-funcional-ayudas-para-la-atencion-especializada-en-centros-residenciales\/"},"modified":"2022-06-17T11:29:59","modified_gmt":"2022-06-17T10:29:59","slug":"prestaciones-economicas-individuales-para-las-personas-con-diversidad-funcional-ayudas-para-la-atencion-especializada-en-centros-residenciales","status":"publish","type":"page","link":"https:\/\/www.elche.es\/va\/derechos-sociales\/cartera-de-serveis\/serveis-de-promocio-de-lautonomia\/prestacions-economiques\/prestaciones-economicas-individuales-para-las-personas-con-diversidad-funcional-ayudas-para-la-atencion-especializada-en-centros-residenciales\/","title":{"rendered":"PRESTACIONS ECON\u00d2MIQUES INDIVIDUALS PER A LES PERSONES AMB DIVERSITAT FUNCIONAL. Ajudes per a l&#8217;atenci\u00f3 especialitzada en centres residencials."},"content":{"rendered":"<div class=\"wpb-content-wrapper\"><p>[vc_row][vc_column][vc_column_text]<nav aria-label=\"breadcrumbs\">\n            <div class=\"breadcrumb-container theme1\">\n                <ol>\n                                    <\/ol>\n            <\/div>\n        <\/nav>    <script type=\"application\/ld+json\">\n        {\n            \"@context\": \"http:\/\/schema.org\",\n            \"@type\": \"BreadcrumbList\",\n            \"itemListElement\": [\n                            ]\n        }\n    <\/script>\n    <style type=\"text\/css\">\n        .breadcrumb-container {\n            font-size: 13px;\n        }\n\n        .breadcrumb-container ul {\n            margin: 0;\n            padding: 0;\n        }\n\n        .breadcrumb-container li {\n            box-sizing: unset;\n            display: inline-block;\n            margin: 0;\n            padding: 0;\n        }\n\n        .breadcrumb-container li a {\n            box-sizing: unset;\n            padding: 0 10px;\n        }\n\n        .breadcrumb-container {\n            font-size: 3 !important;\n                    }\n\n        .breadcrumb-container li a {\n            color: #0a0a0a !important;\n            font-size: 3 !important;\n            line-height: 3 !important;\n                    }\n\n        .breadcrumb-container li .separator {\n            font-size: 3 !important;\n                    }\n\n        .breadcrumb-container li:last-child .separator {\n            display: none;\n        }\n    <\/style>\n    <style type=\"text\/css\">\n        .breadcrumb-container.theme1 li {\n            margin: 0;\n            padding: 0;\n        }\n        .breadcrumb-container.theme1 a {\n            background: ;\n            display: inline-block;\n            margin: 0 5px;\n            padding: 5px 10px;\n            text-decoration: none;\n        }\n    <\/style>\n        <style type=\"text\/css\">\n            <\/style>\n    <script>\n            <\/script>\n[\/vc_column_text][\/vc_column][\/vc_row][vc_row][vc_column]<h3 class=\"sc_title sc_title_regular\"><\/p>\n<p style=\"text-align: center;\">PRESTACIONS ECON\u00d2MIQUES INDIVIDUALS PER A LES PERSONES AMB DIVERSITAT FUNCIONAL. AJUDES PER A L&#8217;ATENCI\u00d3 ESPECIALITZADA EN CENTRES RESIDENCIALS<\/p>\n<p><\/h3>[vc_column_text]<\/p>\n<div style=\"border: 1px solid black; padding-left: 20px; padding-top: 20px; padding-bottom: 20px; background-color: white;\">\n<p><strong>CONCEPTE:<\/strong><\/p>\n<p>Les ajudes personals per a l&#8217;atenci\u00f3 especialitzada residencial a persones amb diversitat funcional es concedeixen amb car\u00e0cter de subvenci\u00f3 personal i finalista, per a atendre les necessitats d&#8217;atenci\u00f3 integral de la persona amb discapacitat o amb malaltia mental cr\u00f2nica que manquen de suficients recursos econ\u00f2mics i que requereixen atenci\u00f3 assistencial i cures especials, que no es poden prestar al medi familiar. L&#8217;atenci\u00f3 residencial podr\u00e0 desenvolupar-se en resid\u00e8ncies i en habitatges tutelats.<\/p>\n<p><strong>COM TRAMETRE:<\/strong><\/p>\n<p>De manera presencial o telem\u00e0tica.<\/p>\n<p><strong>ON DIRIGIR-SE?<\/strong><\/p>\n<p>Telefonar al Servei <a href=\"https:\/\/www.elche.es\/derechos-sociales\/cartera-de-servicios\/programa-informacion\/\">SIOA<\/a> de refer\u00e8ncia segons el centre social corresponent a la ubicaci\u00f3 del seu domicili, on li facilitaran la cita amb la\/el treballadora\/or social corresponent.<\/p>\n<p><strong>QUI LA POT SOL\u00b7LICITAR? <\/strong><\/p>\n<p>a) Aquells que siguen majors de 16 anys i menors de 65 anys.<\/p>\n<p>b) Tinguen acreditada la necessitat de cures especials, per estar afectat per una discapacitat que dificulte la seua inclusi\u00f3 social, manquen de domicili o tinguen una situaci\u00f3 familiar greu que impedisca l&#8217;atenci\u00f3 de l&#8217;individu que, per les seues caracter\u00edstiques personals, no puga desenvolupar-se al medi familiar.<\/p>\n<p>c) Manquen de recursos econ\u00f2mics individuals i familiars suficients, que li impedisquen fer front al preu d&#8217;un servei d&#8217;atenci\u00f3 residencial especialitzat.<\/p>\n<p><strong>TERMINI DE PRESENTACI\u00d3:<\/strong><\/p>\n<p>Les ajudes o prestacions per a l&#8217;atenci\u00f3 especialitzada en centres residencials podran presentar-se al llarg de tot l&#8217;exercici, fins al dia 1 de desembre de l&#8217;any en curs.<\/p>\n<p><strong>ORGANISME RESPONSABLE: <\/strong><\/p>\n<p><a href=\"https:\/\/www.gva.es\/va\/inicio\/procedimientos?id_proc=1778\">CONSELLERIA D&#8217;IGUALTAT I POL\u00cdTIQUES INCLUSIVES<\/a><\/p>\n<p>&nbsp;<\/p>\n<\/div>\n<p>[\/vc_column_text][vc_empty_space][\/vc_column][\/vc_row]<\/p>\n<\/div>","protected":false},"excerpt":{"rendered":"<p>[vc_row][vc_column][vc_column_text][\/vc_column_text][\/vc_column][\/vc_row][vc_row][vc_column][vc_column_text] CONCEPTE: Les ajudes personals per a l&#8217;atenci\u00f3 especialitzada residencial a persones amb diversitat funcional es concedeixen amb car\u00e0cter de subvenci\u00f3 personal i finalista, per a atendre les necessitats d&#8217;atenci\u00f3 [&hellip;]<\/p>\n","protected":false},"author":131,"featured_media":0,"parent":25249,"menu_order":0,"comment_status":"closed","ping_status":"closed","template":"","meta":{"footnotes":""},"class_list":["post-193783","page","type-page","status-publish","hentry"],"_links":{"self":[{"href":"https:\/\/www.elche.es\/va\/wp-json\/wp\/v2\/pages\/193783","targetHints":{"allow":["GET"]}}],"collection":[{"href":"https:\/\/www.elche.es\/va\/wp-json\/wp\/v2\/pages"}],"about":[{"href":"https:\/\/www.elche.es\/va\/wp-json\/wp\/v2\/types\/page"}],"author":[{"embeddable":true,"href":"https:\/\/www.elche.es\/va\/wp-json\/wp\/v2\/users\/131"}],"replies":[{"embeddable":true,"href":"https:\/\/www.elche.es\/va\/wp-json\/wp\/v2\/comments?post=193783"}],"version-history":[{"count":0,"href":"https:\/\/www.elche.es\/va\/wp-json\/wp\/v2\/pages\/193783\/revisions"}],"up":[{"embeddable":true,"href":"https:\/\/www.elche.es\/va\/wp-json\/wp\/v2\/pages\/25249"}],"wp:attachment":[{"href":"https:\/\/www.elche.es\/va\/wp-json\/wp\/v2\/media?parent=193783"}],"curies":[{"name":"wp","href":"https:\/\/api.w.org\/{rel}","templated":true}]}}