{"id":193791,"date":"2021-06-14T10:39:59","date_gmt":"2021-06-14T09:39:59","guid":{"rendered":"https:\/\/www.elche.es\/plan-local-de-atencion-e-integracion-de-personas-sin-hogar-comision-local-de-personas-sin-hogar\/"},"modified":"2022-06-09T08:15:14","modified_gmt":"2022-06-09T07:15:14","slug":"plan-local-de-atencion-e-integracion-de-personas-sin-hogar-comision-local-de-personas-sin-hogar","status":"publish","type":"page","link":"https:\/\/www.elche.es\/va\/derechos-sociales\/cartera-de-serveis\/servei-dacolliment-i-atencio-davant-situacions-de-necessitat-social\/plan-local-de-atencion-e-integracion-de-personas-sin-hogar-comision-local-de-personas-sin-hogar\/","title":{"rendered":"Recursos"},"content":{"rendered":"<div class=\"wpb-content-wrapper\"><p>[vc_row full_width=&#8221;stretch_row&#8221; css=&#8221;.vc_custom_1475484188729{background-color: #dddde0 !important;}&#8221;][vc_column][vc_column_text]<nav aria-label=\"breadcrumbs\">\n            <div class=\"breadcrumb-container theme1\">\n                <ol>\n                                    <\/ol>\n            <\/div>\n        <\/nav>    <script type=\"application\/ld+json\">\n        {\n            \"@context\": \"http:\/\/schema.org\",\n            \"@type\": \"BreadcrumbList\",\n            \"itemListElement\": [\n                            ]\n        }\n    <\/script>\n    <style type=\"text\/css\">\n        .breadcrumb-container {\n            font-size: 13px;\n        }\n\n        .breadcrumb-container ul {\n            margin: 0;\n            padding: 0;\n        }\n\n        .breadcrumb-container li {\n            box-sizing: unset;\n            display: inline-block;\n            margin: 0;\n            padding: 0;\n        }\n\n        .breadcrumb-container li a {\n            box-sizing: unset;\n            padding: 0 10px;\n        }\n\n        .breadcrumb-container {\n            font-size: 3 !important;\n                    }\n\n        .breadcrumb-container li a {\n            color: #0a0a0a !important;\n            font-size: 3 !important;\n            line-height: 3 !important;\n                    }\n\n        .breadcrumb-container li .separator {\n            font-size: 3 !important;\n                    }\n\n        .breadcrumb-container li:last-child .separator {\n            display: none;\n        }\n    <\/style>\n    <style type=\"text\/css\">\n        .breadcrumb-container.theme1 li {\n            margin: 0;\n            padding: 0;\n        }\n        .breadcrumb-container.theme1 a {\n            background: ;\n            display: inline-block;\n            margin: 0 5px;\n            padding: 5px 10px;\n            text-decoration: none;\n        }\n    <\/style>\n        <style type=\"text\/css\">\n            <\/style>\n    <script>\n            <\/script>\n[\/vc_column_text][\/vc_column][\/vc_row][vc_row full_width=&#8221;stretch_row&#8221; css=&#8221;.vc_custom_1475764105820{background-color: #ffffff !important;}&#8221;][vc_column]<h3 class=\"sc_title sc_title_regular margin_top_small\" style=\"margin-top: 4.05em;margin-bottom: 1.35em;\">Recursos<\/h3>[vc_column_text][\/vc_column_text][vc_column_text]<\/p>\n<h4><strong>PLA D&#8217;ACTUACI\u00d3 AMB PERSONES SENSE LLAR DAVANT CONDICIONS METEREOL\u00d2GIQUES ADVERSES<\/strong><\/h4>\n<p>Recurs dirigit a protegir les persones sense llar (que per diverses circumst\u00e0ncies encara segueixen al carrer), enfront de condicions meteorol\u00f2giques adverses que, per la seua especial virul\u00e8ncia o intensitat, suposen un risc per a la salut o per a la ntegritat d&#8217;aquest col\u00b7lectiu especialment vulnerable.<\/p>\n<p>Les entitats de la Comissi\u00f3 Local de Persones sense Llar es posen en marxa, dirigides per la Policia Local per a atendre i protegir a tota persona sense llar i transe\u00fcnt que es trobe a la nostra ciutat durant situacions com:<\/p>\n<div>\n<ul>\n<li>Temperatura ambiental o sensaci\u00f3 t\u00e8rmica equivalent igual o inferior a 5 \u00b0C per temps superior a 24 hores.<\/li>\n<li>Activaci\u00f3 del Nivell Taronja del Pla Nacional de Predicci\u00f3 i Vigil\u00e0ncia de Fen\u00f2mens Meteorol\u00f2gics Adversos per temperatures m\u00e0ximes, ratxes de vent o precipitacions torrencials.<\/li>\n<li>Qualsevol altra circumst\u00e0ncia atmosf\u00e8rica adversa que aconselle l&#8217;Activaci\u00f3 del Pla, que haur\u00e0 de tindre una previsi\u00f3 de la seua duraci\u00f3 i una franja hor\u00e0ria d&#8217;aplicaci\u00f3.<\/li>\n<\/ul>\n<\/div>\n<h4><\/h4>\n<p>[\/vc_column_text][vc_empty_space][vc_column_text]<\/p>\n<h4><\/h4>\n<h4><strong>LLIURAMENT DE KIT B\u00c0SIC A PERSONES SENSE LLAR<\/strong><\/h4>\n<p>A l&#8217;entorn de l&#8217;aparcament de l&#8217;Hospital General de la nostra ciutat, l&#8217;Associaci\u00f3 Sue\u00f1a de Nuevo, tots els divendres a les 21 hores, realitza el lliurament d&#8217;un paquet b\u00e0sic d&#8217;alimentaci\u00f3, mantes, o altres productes de necessitat b\u00e0sica.[\/vc_column_text][vc_empty_space][vc_column_text]<\/p>\n<h4><strong>PUNTS DE REPARTIMENT DE SOPARS CALENTS. Divendres, dissabtes i diumenges.<\/strong><\/h4>\n<p>L&#8217;associaci\u00f3 Consciencia&#8217;t ofereix sopars calents en les seg\u00fcents localitzacions:<\/p>\n<p style=\"padding-left: 40px;\">20.30h- Policia Auton\u00f2mica de la Generalitat (davant de C\u00e0ritas-pont Bimil\u00b7linari).<\/p>\n<p style=\"padding-left: 40px;\">20.50h- Parc 1 de Maig (parada d&#8217;autob\u00fas c\/ Germans Navarro Caracena).<\/p>\n<p style=\"padding-left: 40px;\">21.00h- Ximeneres (pla\u00e7a dels Algeps, parada d&#8217;autob\u00fas avinguda de la Llibertat).<\/p>\n<p style=\"padding-left: 40px;\">21.15h- Rotonda Parc de Bombers (avinguda de Crevillent amb avinguda de la Llibertat).<\/p>\n<p style=\"padding-left: 40px;\">21.30h- Centre de Salut El Pla (c\/ Sor Josefa Alcorta).<\/p>\n<p style=\"padding-left: 40px;\">21.50h- Ajuntament (parada d&#8217;autob\u00fas c\/ Alfons XII).<\/p>\n<p style=\"padding-left: 40px;\">22.00h Hort del Cura-Salesianos (c\/ Porta de la Morera).<\/p>\n<p style=\"padding-left: 40px;\">22.30h Rotonda supermercat Aldi Altabix (parada d&#8217;utob\u00fas avinguda de la Universitat).<\/p>\n<p>[\/vc_column_text][vc_empty_space][vc_empty_space][\/vc_column][\/vc_row]<\/p>\n<\/div>","protected":false},"excerpt":{"rendered":"<p>[vc_row full_width=&#8221;stretch_row&#8221; css=&#8221;.vc_custom_1475484188729{background-color: #dddde0 !important;}&#8221;][vc_column][vc_column_text][\/vc_column_text][\/vc_column][\/vc_row][vc_row full_width=&#8221;stretch_row&#8221; css=&#8221;.vc_custom_1475764105820{background-color: #ffffff !important;}&#8221;][vc_column][vc_column_text][\/vc_column_text][vc_column_text] PLA D&#8217;ACTUACI\u00d3 AMB PERSONES SENSE LLAR DAVANT CONDICIONS METEREOL\u00d2GIQUES ADVERSES Recurs dirigit a protegir les persones sense llar (que per diverses [&hellip;]<\/p>\n","protected":false},"author":131,"featured_media":0,"parent":183786,"menu_order":0,"comment_status":"closed","ping_status":"closed","template":"","meta":{"footnotes":""},"class_list":["post-193791","page","type-page","status-publish","hentry"],"_links":{"self":[{"href":"https:\/\/www.elche.es\/va\/wp-json\/wp\/v2\/pages\/193791","targetHints":{"allow":["GET"]}}],"collection":[{"href":"https:\/\/www.elche.es\/va\/wp-json\/wp\/v2\/pages"}],"about":[{"href":"https:\/\/www.elche.es\/va\/wp-json\/wp\/v2\/types\/page"}],"author":[{"embeddable":true,"href":"https:\/\/www.elche.es\/va\/wp-json\/wp\/v2\/users\/131"}],"replies":[{"embeddable":true,"href":"https:\/\/www.elche.es\/va\/wp-json\/wp\/v2\/comments?post=193791"}],"version-history":[{"count":0,"href":"https:\/\/www.elche.es\/va\/wp-json\/wp\/v2\/pages\/193791\/revisions"}],"up":[{"embeddable":true,"href":"https:\/\/www.elche.es\/va\/wp-json\/wp\/v2\/pages\/183786"}],"wp:attachment":[{"href":"https:\/\/www.elche.es\/va\/wp-json\/wp\/v2\/media?parent=193791"}],"curies":[{"name":"wp","href":"https:\/\/api.w.org\/{rel}","templated":true}]}}