{"id":195106,"date":"2022-05-02T07:30:04","date_gmt":"2022-05-02T06:30:04","guid":{"rendered":"https:\/\/www.elche.es\/?page_id=195106"},"modified":"2023-10-18T09:39:30","modified_gmt":"2023-10-18T07:39:30","slug":"site-map-transparencia","status":"publish","type":"page","link":"https:\/\/www.elche.es\/va\/site-map-transparencia\/","title":{"rendered":"Site Map Transpar\u00e8ncia"},"content":{"rendered":"<div class=\"wpb-content-wrapper\"><p>[vc_row][vc_column]<div class=\"templatera_shortcode\"><div id=\"bloque_titulo\" data-vc-full-width=\"true\" data-vc-full-width-init=\"false\" class=\"vc_row wpb_row vc_row-fluid slidersecciones vc_custom_1646214364120 vc_row-has-fill\"><div class=\"wpb_column vc_column_container vc_col-sm-12\"><div class=\"vc_column-inner\"><div class=\"wpb_wrapper\"><h2 style=\"color: #ffffff;text-align: center;font-family:Ubuntu;font-weight:700;font-style:normal\" class=\"vc_custom_heading vc_do_custom_heading sombraTitulo cabeceramovil\" ><\/h2><\/div><\/div><\/div><\/div><div class=\"vc_row-full-width vc_clearfix\"><\/div><\/div>[\/vc_column][\/vc_row][vc_row][vc_column]<div class=\"templatera_shortcode\"><div id=\"bloque_menu_enlaces\" data-vc-full-width=\"true\" data-vc-full-width-init=\"false\" data-vc-stretch-content=\"true\" class=\"vc_row wpb_row vc_row-fluid bloque_menu_paginas bloquemnuestop vc_custom_1620974689153 vc_row-has-fill vc_row-no-padding\"><div class=\"wpb_column vc_column_container vc_col-sm-12\"><div class=\"vc_column-inner\"><div class=\"wpb_wrapper\">\r\n        \r\n        <a class=\"menuVC\"  href=\"https:\/\/www.elche.es\/va\/transparencia-govern-obert\/informacion-institucional-y-organizativa\/\"> <span> Instituci\u00f3 <\/span><\/a>\r\n        \r\n        <a class=\"menuVC\"  href=\"https:\/\/www.elche.es\/va\/transparencia-govern-obert\/informacio-de-rellevancia-juridica\/\"> <span> Rellev\u00e0ncia Jur\u00eddica <\/span><\/a>\r\n        \r\n        <a class=\"menuVC\"  href=\"https:\/\/www.elche.es\/va\/transparencia-govern-obert\/informacio-economica-i-pressupostaria\/\"> <span> Transpar\u00e8ncia Econ\u00f2mico - Pressupost\u00e0ria <\/span><\/a>\r\n        \r\n        <a class=\"menuVC\"  href=\"https:\/\/www.elche.es\/va\/transparencia-govern-obert\/urbanisme-obres-publiques-i-medi-ambient\/\"> <span> Urbanisme, obres p\u00fabliques i medi ambient <\/span><\/a>\r\n        \r\n        <a class=\"menuVC\"  href=\"https:\/\/www.elche.es\/va\/transparencia-govern-obert\/relaciones-con-los-ciudadanos-y-la-sociedad\/\"> <span> Ciutadania <\/span><\/a>\r\n        \r\n        <a class=\"menuVC\"  href=\"https:\/\/www.elche.es\/va\/transparencia-govern-obert\/dret-dacces-a-la-informacio\/\"> <span> Informaci\u00f3 <\/span><\/a><\/div><\/div><\/div><\/div><div class=\"vc_row-full-width vc_clearfix\"><\/div>\r\n<\/div>[\/vc_column][\/vc_row][vc_row full_width=&#8221;stretch_row&#8221; css=&#8221;.vc_custom_1475486881904{background-color: #dddde0 !important;}&#8221;][vc_column offset=&#8221;vc_hidden-sm vc_hidden-xs&#8221;][vc_column_text]<nav aria-label=\"breadcrumbs\">\n            <div class=\"breadcrumb-container theme1\">\n                <ol>\n                                    <\/ol>\n            <\/div>\n        <\/nav>    <script type=\"application\/ld+json\">\n        {\n            \"@context\": \"http:\/\/schema.org\",\n            \"@type\": \"BreadcrumbList\",\n            \"itemListElement\": [\n                            ]\n        }\n    <\/script>\n    <style type=\"text\/css\">\n        .breadcrumb-container {\n            font-size: 13px;\n        }\n\n        .breadcrumb-container ul {\n            margin: 0;\n            padding: 0;\n        }\n\n        .breadcrumb-container li {\n            box-sizing: unset;\n            display: inline-block;\n            margin: 0;\n            padding: 0;\n        }\n\n        .breadcrumb-container li a {\n            box-sizing: unset;\n            padding: 0 10px;\n        }\n\n        .breadcrumb-container {\n            font-size: 3 !important;\n                    }\n\n        .breadcrumb-container li a {\n            color: #0a0a0a !important;\n            font-size: 3 !important;\n            line-height: 3 !important;\n                    }\n\n        .breadcrumb-container li .separator {\n            font-size: 3 !important;\n                    }\n\n        .breadcrumb-container li:last-child .separator {\n            display: none;\n        }\n    <\/style>\n    <style type=\"text\/css\">\n        .breadcrumb-container.theme1 li {\n            margin: 0;\n            padding: 0;\n        }\n        .breadcrumb-container.theme1 a {\n            background: ;\n            display: inline-block;\n            margin: 0 5px;\n            padding: 5px 10px;\n            text-decoration: none;\n        }\n    <\/style>\n        <style type=\"text\/css\">\n            <\/style>\n    <script>\n            <\/script>\n[\/vc_column_text][\/vc_column][\/vc_row][vc_row][vc_column]<h1 class=\"sc_title sc_title_regular transparenciastitulos \">Site Map Transpar\u00e8ncia<\/h1>[\/vc_column][\/vc_row][vc_row el_class=&#8221;cuadrostandar&#8221;][vc_column][vc_column_text css=&#8221;.vc_custom_1651472998416{margin-bottom: 10px !important;}&#8221;]<a href=\"https:\/\/www.elche.es\/va\/transparencia-govern-obert\/\">Transpar\u00e8ncia Govern Obert<\/a>[\/vc_column_text][vc_raw_html]JTVCbGVjY2lvbmVzJTIwcGFnZSUzRCUyNzE3MTUwMCUyNyU1RA==[\/vc_raw_html][vc_raw_html]JTNDc2NyaXB0JTIwdHlwZSUzRCUyMnRleHQlMkZqYXZhc2NyaXB0JTIyJTNFJTBBalF1ZXJ5JTI4ZnVuY3Rpb24lMjglMjQlMjklMjAlN0IlMEElMjQlMjglMjJ1bC5jaGlsZHJlbiUyMGxpLnBhZ2VfaXRlbV9oYXNfY2hpbGRyZW4lMjIlMjkuY2hpbGRyZW4lMjglMjJhJTIyJTI5LmF0dHIlMjglMjdocmVmJTI3JTJDJTIwJTIyamF2YXNjcmlwdCUzQXZvaWQlMjgwJTI5JTIyJTI5LmFkZENsYXNzJTI4JTIwJTIydG9wbGlua21hcCUyMiUyMCUyOSUzQiUzQiUwQSU3RCUyOSUzQiUwQSUzQyUyRnNjcmlwdCUzRQ==[\/vc_raw_html][\/vc_column][\/vc_row][vc_row][vc_column]<div class=\"templatera_shortcode\"><div class=\"vc_row wpb_row vc_row-fluid vc_custom_1620975349725 vc_row-has-fill\"><div class=\"wpb_column vc_column_container vc_col-sm-12\"><div class=\"vc_column-inner\"><div class=\"wpb_wrapper\"><\/div><\/div><\/div><\/div><div class=\"vc_row wpb_row vc_row-fluid vc_custom_1620989684688\"><div class=\"wpb_column vc_column_container vc_col-sm-4\"><div class=\"vc_column-inner\"><div class=\"wpb_wrapper\"><div id='modulo_datos_contacto'> <p class='titulo_datos_contacto'>Dades de contacte <\/p> <hr><p class=\"contactoArea\"> <i class=\"fa fa-map-marker\" aria-hidden=\"true\"><\/i>Plaza de Men\u00e9ndez y Pelayo, 2 - 1\u00ba<\/p><p class=\"contactoArea\"><i class=\"fa fa-phone\" aria-hidden=\"true\"><\/i>966 65 82 81<\/p><p class=\"contactoArea\"><i class=\"fa fa-envelope\" aria-hidden=\"true\"><\/i><a href=\"mailto:transparencia@elche.es\"> transparencia@elche.es<\/a><\/p><div id='contacto-rrss'><\/div><\/div><\/div><\/div><\/div><div class=\"wpb_column vc_column_container vc_col-sm-4\"><div class=\"vc_column-inner\"><div class=\"wpb_wrapper\">\n\t<div class=\"wpb_text_column wpb_content_element\" >\n\t\t<div class=\"wpb_wrapper\">\n\t\t\t<p><strong>Accessos R\u00e0pids<\/strong><\/p>\n\n\t\t<\/div>\n\t<\/div>\n\n\t<div class=\"wpb_text_column wpb_content_element vc_custom_1651744872235\" >\n\t\t<div class=\"wpb_wrapper\">\n\t\t\t<ul>\n<li><a href=\"https:\/\/www.elche.es\/va\/site-map-transparencia\/\">SiteMap Transpar\u00e8ncia<\/a><\/li>\n<li><a href=\"https:\/\/www.elche.es\/va\/oficina-municipal-datencio-ciutadana-omac\/directori-de-serveis-municipals\/\">Directori de serveis municipals<\/a><\/li>\n<li><a href=\"https:\/\/sede.elche.es\/sta\/CarpetaPublic\/doEvent?APP_CODE=STA&amp;PAGE_CODE=CATALOGO&amp;lang=CA\">Cat\u00e0leg dels procediments administratius<\/a><\/li>\n<\/ul>\n\n\t\t<\/div>\n\t<\/div>\n<\/div><\/div><\/div><div class=\"buscador_transparencia wpb_column vc_column_container vc_col-sm-4\"><div class=\"vc_column-inner\"><div class=\"wpb_wrapper\">\n\t<div class=\"wpb_text_column wpb_content_element\" >\n\t\t<div class=\"wpb_wrapper\">\n\t\t\t<p><strong>Cercador<\/strong><\/p>\n\n\t\t<\/div>\n\t<\/div>\n\n\t<div class=\"wpb_raw_code wpb_raw_html wpb_content_element vc_custom_1646054603614\" >\n\t\t<div class=\"wpb_wrapper\">\n\t\t\t\n\t\t\t\t<form action=\"\" method=\"post\" class=\"searchandfilter\">\n\t\t\t\t\t<div><input type=\"hidden\" name=\"ofpost_types[]\" value=\"pages\" \/><input type=\"hidden\" name=\"ofpost_types[]\" value=\"transparencia\" \/><ul><li><input type=\"text\" name=\"ofsearch\" placeholder=\"Search &hellip;\" value=\"\"><\/li><li><input type=\"hidden\" name=\"ofsubmitted\" value=\"1\"><input type=\"submit\" value=\"Submit\"><\/li><\/ul><\/div><\/form>\n\t\t<\/div>\n\t<\/div>\n<\/div><\/div><\/div><\/div><\/div>[\/vc_column][\/vc_row]<\/p>\n<\/div>","protected":false},"excerpt":{"rendered":"Instituci\u00f3 Rellev\u00e0ncia Jur\u00eddica Transpar\u00e8ncia Econ\u00f2mico - Pressupost\u00e0ria Urbanisme, obres p\u00fabliques i medi ambient Ciutadania Informaci\u00f3 Site Map Transpar\u00e8ncia Transpar\u00e8ncia Govern Obert Informaci\u00f3 institucional i organitzativa C\u00e0rrecs, personal i retribucions Retribucions [...]","protected":false},"author":139,"featured_media":0,"parent":0,"menu_order":0,"comment_status":"closed","ping_status":"closed","template":"","meta":{"footnotes":""},"class_list":["post-195106","page","type-page","status-publish","hentry"],"_links":{"self":[{"href":"https:\/\/www.elche.es\/va\/wp-json\/wp\/v2\/pages\/195106","targetHints":{"allow":["GET"]}}],"collection":[{"href":"https:\/\/www.elche.es\/va\/wp-json\/wp\/v2\/pages"}],"about":[{"href":"https:\/\/www.elche.es\/va\/wp-json\/wp\/v2\/types\/page"}],"author":[{"embeddable":true,"href":"https:\/\/www.elche.es\/va\/wp-json\/wp\/v2\/users\/139"}],"replies":[{"embeddable":true,"href":"https:\/\/www.elche.es\/va\/wp-json\/wp\/v2\/comments?post=195106"}],"version-history":[{"count":1,"href":"https:\/\/www.elche.es\/va\/wp-json\/wp\/v2\/pages\/195106\/revisions"}],"predecessor-version":[{"id":266383,"href":"https:\/\/www.elche.es\/va\/wp-json\/wp\/v2\/pages\/195106\/revisions\/266383"}],"wp:attachment":[{"href":"https:\/\/www.elche.es\/va\/wp-json\/wp\/v2\/media?parent=195106"}],"curies":[{"name":"wp","href":"https:\/\/api.w.org\/{rel}","templated":true}]}}