{"id":196468,"date":"2021-09-02T12:58:04","date_gmt":"2021-09-02T11:58:04","guid":{"rendered":"https:\/\/www.elche.es\/derechos-sociales\/cartera-de-serveis\/servei-dacolliment-i-atencio-davant-situacions-de-necessitat-social\/plan-local-de-atencion-e-integracion-de-personas-sin-hogar-2\/"},"modified":"2022-05-11T09:04:05","modified_gmt":"2022-05-11T08:04:05","slug":"plan-local-de-atencion-e-integracion-de-personas-sin-hogar-2","status":"publish","type":"page","link":"https:\/\/www.elche.es\/va\/derechos-sociales\/cartera-de-serveis\/servei-dacolliment-i-atencio-davant-situacions-de-necessitat-social\/plan-local-de-atencion-e-integracion-de-personas-sin-hogar-2\/","title":{"rendered":"Pla Local d&#8217;Atenci\u00f3 i Integraci\u00f3 de Persones Sense Llar"},"content":{"rendered":"<div class=\"wpb-content-wrapper\"><p>[vc_row full_width=&#8221;stretch_row&#8221; css=&#8221;.vc_custom_1511261840033{padding-top: 120px !important;padding-right: 120px !important;padding-bottom: 270px !important;padding-left: 120px !important;background-image: url(https:\/\/www.elche.es\/wp-content\/uploads\/2017\/04\/Foto-Centros-sociales.jpg?id=18136) !important;background-position: center !important;background-repeat: no-repeat !important;background-size: cover !important;}&#8221; el_id=&#8221;tituloClass&#8221;][vc_column][vc_custom_heading text=&#8221;PLA LOCAL D&#8217;ATENCI\u00d3 I INTEGRACI\u00d3 DE PERSONES SENSE LLAR&#8221; font_container=&#8221;tag:h2|text_align:center|color:%23ffffff&#8221; google_fonts=&#8221;font_family:Ubuntu%3A300%2C300italic%2Cregular%2Citalic%2C500%2C500italic%2C700%2C700italic|font_style:700%20bold%20regular%3A700%3Anormal&#8221; css=&#8221;.vc_custom_1652255470006{padding-top: 80px !important;}&#8221; el_class=&#8221;sombraTitulo&#8221;][\/vc_column][\/vc_row][vc_row full_width=&#8221;stretch_row_content_no_spaces&#8221; css=&#8221;.vc_custom_1475765564344{margin-top: -130px !important;padding-top: 30px !important;padding-right: 30px !important;padding-bottom: 30px !important;padding-left: 30px !important;background-color: rgba(0,169,151,0.8) !important;*background-color: rgb(0,169,151) !important;}&#8221; el_id=&#8221;bloque_menu_enlaces&#8221;][vc_column]<div id=\"sc_section_494493160\" class=\"sc_section margin_right_large margin_left_large aligncenter\"><div class=\"sc_section_inner\"><div id=\"sc_section_494493160_scroll\" class=\"sc_scroll sc_scroll_horizontal swiper-slider-container scroll-container\" style=\"\"><div class=\"sc_scroll_wrapper swiper-wrapper\"><div class=\"sc_scroll_slide swiper-slide\">\r\n        \r\n        <a class=\"menuVC\"  href=\"https:\/\/www.elche.es\/va\/derechos-sociales\/serveis-dacolliment-i-datencio-davant-situacions-de-necessitat-social\/comissio-local-de-persones-sense-llar\/\"> <span> Comissi\u00f3 Local de Persones Sense Llar <\/span><\/a>\r\n        \r\n        <a class=\"menuVC\"  href=\"https:\/\/www.elche.es\/va\/plan-local-de-atencion-e-integracion-de-personas-sin-hogar-comision-local-de-personas-sin-hogar\/\"> <span> Recursos <\/span><\/a><\/div><\/div><div id=\"sc_section_494493160_scroll_bar\" class=\"sc_scroll_bar sc_scroll_bar_horizontal sc_section_494493160_scroll_bar\"><\/div><\/div><\/div><\/div>[\/vc_column][\/vc_row][vc_row full_width=&#8221;stretch_row&#8221; css=&#8221;.vc_custom_1475484188729{background-color: #dddde0 !important;}&#8221;][vc_column][vc_column_text]<nav aria-label=\"breadcrumbs\">\n            <div class=\"breadcrumb-container theme1\">\n                <ol>\n                                    <\/ol>\n            <\/div>\n        <\/nav>    <script type=\"application\/ld+json\">\n        {\n            \"@context\": \"http:\/\/schema.org\",\n            \"@type\": \"BreadcrumbList\",\n            \"itemListElement\": [\n                            ]\n        }\n    <\/script>\n    <style type=\"text\/css\">\n        .breadcrumb-container {\n            font-size: 13px;\n        }\n\n        .breadcrumb-container ul {\n            margin: 0;\n            padding: 0;\n        }\n\n        .breadcrumb-container li {\n            box-sizing: unset;\n            display: inline-block;\n            margin: 0;\n            padding: 0;\n        }\n\n        .breadcrumb-container li a {\n            box-sizing: unset;\n            padding: 0 10px;\n        }\n\n        .breadcrumb-container {\n            font-size: 3 !important;\n                    }\n\n        .breadcrumb-container li a {\n            color: #0a0a0a !important;\n            font-size: 3 !important;\n            line-height: 3 !important;\n                    }\n\n        .breadcrumb-container li .separator {\n            font-size: 3 !important;\n                    }\n\n        .breadcrumb-container li:last-child .separator {\n            display: none;\n        }\n    <\/style>\n    <style type=\"text\/css\">\n        .breadcrumb-container.theme1 li {\n            margin: 0;\n            padding: 0;\n        }\n        .breadcrumb-container.theme1 a {\n            background: ;\n            display: inline-block;\n            margin: 0 5px;\n            padding: 5px 10px;\n            text-decoration: none;\n        }\n    <\/style>\n        <style type=\"text\/css\">\n            <\/style>\n    <script>\n            <\/script>\n[\/vc_column_text][\/vc_column][\/vc_row][vc_row][vc_column]<div class=\"sc_content content_wrap\"><h3 class=\"sc_title sc_title_regular margin_top_small\" style=\"margin-top: 4.05em;margin-bottom: 1.35em;\">Pla Local d&#8217;Atenci\u00f3 i Integraci\u00f3 de Persones Sense Llar<\/h3>[vc_column_text]<\/p>\n<div class=\"wpb_text_column wpb_content_element \">\n<div class=\"wpb_wrapper\">\n<p>La Regidoria de Drets Socials est\u00e0 abordant l&#8217;atenci\u00f3 a les persones sense llar de la nostra ciutat, des d&#8217;un enfocament integral i en xarxa, tenint com a guia de treball el PLA MUNICIPAL DE PERSONES SENSE LLAR, aprovat a la Junta de Govern Local del 24 de maig de 2019, i elaborat per la Comissi\u00f3 Local de Persones Sense Llar.<\/p>\n<p>El PLA est\u00e0 compost per un conjunt d&#8217;objectius i d&#8217;actuacions dirigides<\/p>\n<p>D&#8217;una banda, a l&#8217;atenci\u00f3 i l&#8217;erradicaci\u00f3 del sensellarisme a la nostra ciutat, de tal manera que les persones sense llar restauren el seu projecte de vida.<\/p>\n<p>Per un altre, a la prevenci\u00f3 de les circumst\u00e0ncies d&#8217;exclusi\u00f3 social que provoquen aquesta situaci\u00f3 de sensellarisme.<\/p>\n<p>Des d&#8217;aquest pla atenem com a PRIORITAT les PERSONES SENSE SOSTRE NI ALLOTJAMENT.<\/p>\n<p>Persones que viuen a la intemp\u00e8rie, als carrers o en un espai p\u00fablic exterior o que es troben en centres d&#8217;acolliment per a persones sense llar.<\/p>\n<p>Persones en allotjaments d&#8217;emerg\u00e8ncia, sense lloc habitual de resid\u00e8ncia que usen el Centre d&#8217;Acolliment.<\/p>\n<\/div>\n<\/div>\n<p>[\/vc_column_text][vc_empty_space][vc_empty_space][vc_column_text]<\/p>\n<div class=\"wpb_text_column wpb_content_element \">\n<div class=\"wpb_wrapper\">\n<h4><strong>OBJECTIUS GENERALS DEL PLA<\/strong><\/h4>\n<p>&nbsp;<\/p>\n<\/div>\n<\/div>\n<p>[\/vc_column_text][vc_column_text]<\/p>\n<div class=\"wpb_text_column wpb_content_element \"><\/div>\n<div class=\"wpb_text_column wpb_content_element \">\n<div class=\"wpb_wrapper\">\n<ul>\n<li>Garantir que els programes d&#8217;atenci\u00f3 a persona sense llar es troben integrats en el desenvolupament global de la ciutat amb la finalitat d&#8217;aconseguir entorns saludables, segurs i amigables per a la conviv\u00e8ncia social.<\/li>\n<li>Promoure l\u00ednies d&#8217;actuaci\u00f3 conjuntes i la converg\u00e8ncia en les an\u00e0lisis i estrat\u00e8gies d&#8217;actuaci\u00f3 de les entitats que participen a la Comissi\u00f3 Local de Persones sense Llar (CLPH).<\/li>\n<li>Realitzar propostes d&#8217;actuaci\u00f3 municipal des de la CLPH per a erradicar l&#8217;exclusi\u00f3 residencial greu de la ciutat d&#8217;Elx, degudament fonamentades i coordinades.<\/li>\n<li>Garantir i promoure els drets fonamentals perqu\u00e8 les persones que pateixen pobresa i exclusi\u00f3 social visquen amb dignitat i exercisquen un paper actiu a la societat.<\/li>\n<li>Informar i sensibilitzar la societat il\u00b7licitana sobre les situacions de persones sense llar i en situaci\u00f3 d&#8217;habitatge inadequat o insegur. En definitiva, en una situaci\u00f3 d&#8217;exclusi\u00f3 residencial greu.<\/li>\n<\/ul>\n<\/div>\n<\/div>\n<p>[\/vc_column_text][vc_empty_space]<\/div>[\/vc_column][\/vc_row][vc_row][vc_column][vc_empty_space][vc_empty_space][vc_column_text]<strong>ENLLA\u00c7OS D&#8217;INTER\u00c9S<\/strong>[\/vc_column_text][vc_empty_space]\r\n        <p>\r\n        <span class=\"enlaces-titulo\"> Estrat\u00e8gia Nacional Integral per a Persones sense Llar 2015-2020 <\/span> <span><a class=\"enlaces-link\" target='_blank'href=\"https:\/\/www.mdsocialesa2030.gob.es\/derechos-sociales\/servicios-sociales\/Personas-sin-hogar\/docs\/EstrategiaPSH20152020.pdf?msclkid=6ce05550cd2d11ecb16d7d190dacd8a2 \">Veure enlla\u00e7<\/a><\/span>\r\n        <br>\r\n        <span class=\"enlaces-descripcion\"><\/span>\r\n        <\/p>\r\n        <hr class=\"enlaces-separador\">\r\n        \r\n        <p>\r\n        <span class=\"enlaces-titulo\"> Centres i Serveis d'Atenci\u00f3 a les Persones Sense Llar <\/span> <span><a class=\"enlaces-link\" target='_blank'href=\"https:\/\/pegv.gva.es\/va\/encuesta-de-centros-y-servicios-de-atencion-a-las-personas-sin-hogar?msclkid=513c1da3cd2f11ecb1b5c9066867f995 \">Veure enlla\u00e7<\/a><\/span>\r\n        <br>\r\n        <span class=\"enlaces-descripcion\"><\/span>\r\n        <\/p>\r\n        <hr class=\"enlaces-separador\">\r\n        [vc_empty_space][\/vc_column][\/vc_row][vc_row][vc_column][vc_custom_heading text=&#8221;&#8221; font_container=&#8221;tag:h2|text_align:center&#8221;][vc_empty_space][vc_empty_space][\/vc_column][\/vc_row]<\/p>\n<\/div>","protected":false},"excerpt":{"rendered":"<p>[vc_row full_width=&#8221;stretch_row&#8221; css=&#8221;.vc_custom_1511261840033{padding-top: 120px !important;padding-right: 120px !important;padding-bottom: 270px !important;padding-left: 120px !important;background-image: url(https:\/\/www.elche.es\/wp-content\/uploads\/2017\/04\/Foto-Centros-sociales.jpg?id=18136) !important;background-position: center !important;background-repeat: no-repeat !important;background-size: cover !important;}&#8221; el_id=&#8221;tituloClass&#8221;][vc_column][vc_custom_heading text=&#8221;PLA LOCAL D&#8217;ATENCI\u00d3 I INTEGRACI\u00d3 DE PERSONES SENSE LLAR&#8221; font_container=&#8221;tag:h2|text_align:center|color:%23ffffff&#8221; [&hellip;]<\/p>\n","protected":false},"author":131,"featured_media":0,"parent":183786,"menu_order":0,"comment_status":"closed","ping_status":"closed","template":"","meta":{"footnotes":""},"class_list":["post-196468","page","type-page","status-publish","hentry"],"_links":{"self":[{"href":"https:\/\/www.elche.es\/va\/wp-json\/wp\/v2\/pages\/196468","targetHints":{"allow":["GET"]}}],"collection":[{"href":"https:\/\/www.elche.es\/va\/wp-json\/wp\/v2\/pages"}],"about":[{"href":"https:\/\/www.elche.es\/va\/wp-json\/wp\/v2\/types\/page"}],"author":[{"embeddable":true,"href":"https:\/\/www.elche.es\/va\/wp-json\/wp\/v2\/users\/131"}],"replies":[{"embeddable":true,"href":"https:\/\/www.elche.es\/va\/wp-json\/wp\/v2\/comments?post=196468"}],"version-history":[{"count":0,"href":"https:\/\/www.elche.es\/va\/wp-json\/wp\/v2\/pages\/196468\/revisions"}],"up":[{"embeddable":true,"href":"https:\/\/www.elche.es\/va\/wp-json\/wp\/v2\/pages\/183786"}],"wp:attachment":[{"href":"https:\/\/www.elche.es\/va\/wp-json\/wp\/v2\/media?parent=196468"}],"curies":[{"name":"wp","href":"https:\/\/api.w.org\/{rel}","templated":true}]}}