{"id":198631,"date":"2022-05-10T13:22:04","date_gmt":"2022-05-10T12:22:04","guid":{"rendered":"https:\/\/www.elche.es\/derechos-sociales\/servei-daccio-comunitaria\/dinamitzacio-comunitaria\/animacio-sociocultural\/actividades-complementarias-2\/"},"modified":"2022-05-31T09:00:19","modified_gmt":"2022-05-31T08:00:19","slug":"actividades-complementarias-2","status":"publish","type":"page","link":"https:\/\/www.elche.es\/va\/derechos-sociales\/cartera-de-serveis\/servei-daccio-comunitaria\/dinamitzacio-comunitaria\/animacio-sociocultural\/actividades-complementarias-2\/","title":{"rendered":"ACTIVITATS COMPLEMENT\u00c0RIES"},"content":{"rendered":"<div class=\"wpb-content-wrapper\"><p>[vc_row full_width=&#8221;stretch_row&#8221; css=&#8221;.vc_custom_1475484188729{background-color: #dddde0 !important;}&#8221;][vc_column][vc_column_text]<nav aria-label=\"breadcrumbs\">\n            <div class=\"breadcrumb-container theme1\">\n                <ol>\n                                    <\/ol>\n            <\/div>\n        <\/nav>    <script type=\"application\/ld+json\">\n        {\n            \"@context\": \"http:\/\/schema.org\",\n            \"@type\": \"BreadcrumbList\",\n            \"itemListElement\": [\n                            ]\n        }\n    <\/script>\n    <style type=\"text\/css\">\n        .breadcrumb-container {\n            font-size: 13px;\n        }\n\n        .breadcrumb-container ul {\n            margin: 0;\n            padding: 0;\n        }\n\n        .breadcrumb-container li {\n            box-sizing: unset;\n            display: inline-block;\n            margin: 0;\n            padding: 0;\n        }\n\n        .breadcrumb-container li a {\n            box-sizing: unset;\n            padding: 0 10px;\n        }\n\n        .breadcrumb-container {\n            font-size: 3 !important;\n                    }\n\n        .breadcrumb-container li a {\n            color: #0a0a0a !important;\n            font-size: 3 !important;\n            line-height: 3 !important;\n                    }\n\n        .breadcrumb-container li .separator {\n            font-size: 3 !important;\n                    }\n\n        .breadcrumb-container li:last-child .separator {\n            display: none;\n        }\n    <\/style>\n    <style type=\"text\/css\">\n        .breadcrumb-container.theme1 li {\n            margin: 0;\n            padding: 0;\n        }\n        .breadcrumb-container.theme1 a {\n            background: ;\n            display: inline-block;\n            margin: 0 5px;\n            padding: 5px 10px;\n            text-decoration: none;\n        }\n    <\/style>\n        <style type=\"text\/css\">\n            <\/style>\n    <script>\n            <\/script>\n[\/vc_column_text][\/vc_column][\/vc_row][vc_row][vc_column]<h3 class=\"sc_title sc_title_regular margin_top_small\" style=\"margin-top: 4.05em;margin-bottom: 1.35em;\">ACTIVITATS COMPLEMENT\u00c0RIES<\/h3>[\/vc_column][\/vc_row][vc_row][vc_column width=&#8221;2\/3&#8243;][vc_column_text]<\/p>\n<h5><strong>Tallers d&#8217;estiu. Juliol 2022<\/strong><\/h5>\n<p>A l&#8217;estiu continuem treballant , a trav\u00e9s d&#8217;activitats d&#8217;animaci\u00f3 sociocultural, els objectius del Programa d&#8217;Animaci\u00f3 Sociocultural.<\/p>\n<h5>I t&#8217;ho perdr\u00e0s?<\/h5>\n<p>[\/vc_column_text]<a href=\"https:\/\/elche.i2a.es\/CronosWeb4\/Login\" target=\"_blank\" class=\"sc_button sc_button_square sc_button_style_filled style_original sc_button_size_large alignleft margin_top_medium margin_right_null margin_bottom_small margin_left_null\">Preinscriu-te<\/a>[\/vc_column][vc_column width=&#8221;1\/3&#8243;][vc_single_image image=&#8221;198986&#8243; img_size=&#8221;full&#8221;][\/vc_column][\/vc_row][vc_row][vc_column][vc_single_image image=&#8221;198992&#8243; img_size=&#8221;full&#8221;][\/vc_column][\/vc_row][vc_row][vc_column][vc_empty_space height=&#8221;60px&#8221;][\/vc_column][\/vc_row][vc_row][vc_column width=&#8221;1\/2&#8243;]<div id='modulo_datos_contacto'> <p class='titulo_datos_contacto'>Dades de contacte <\/p> <hr><p class=\"contactoArea\"> <i class=\"fa fa-map-marker\" aria-hidden=\"true\"><\/i>C\/ \u00c0nimes, 1, baix<\/p><p class=\"contactoArea\"><i class=\"fa fa-phone\" aria-hidden=\"true\"><\/i>966 658 025<\/p><p class=\"contactoArea\"><i class=\"fa fa-envelope\" aria-hidden=\"true\"><\/i><a href=\"mailto:talleressociales@elche.es\"> talleressociales@elche.es<\/a><\/p><div id='contacto-rrss'><span  style=\" padding-left: 0px; \" class=\"contactoArea rrss\"><a target=\"_blank\" href=\"https:\/\/www.facebook.com\/elxconviu\"> <i class=\"fa fa-facebook-square\" aria-hidden=\"true\"><\/i><\/a><\/span><\/div><\/div>[\/vc_column][vc_column width=&#8221;1\/2&#8243;][sbs_wpb_openstreetmap map_style=&#8221;OpenStreetMap.DE&#8221; external_link_openstreetmap=&#8221;&#8221; ctrl_mouse_zoom=&#8221;true&#8221; latitude=&#8221;38.26625722496869&#8243; longitude=&#8221;-0.69885546269939&#8243;][sbs_wpb_marker marker_source=&#8221;coordinates&#8221; marker_color=&#8221;red&#8221; marker_latitude=&#8221;38.26625722496869&#8243; marker_longitude=&#8221;-0.69885546269939&#8243;][\/sbs_wpb_marker][\/sbs_wpb_openstreetmap][\/vc_column][\/vc_row]<\/p>\n<\/div>","protected":false},"excerpt":{"rendered":"<p>[vc_row full_width=&#8221;stretch_row&#8221; css=&#8221;.vc_custom_1475484188729{background-color: #dddde0 !important;}&#8221;][vc_column][vc_column_text][\/vc_column_text][\/vc_column][\/vc_row][vc_row][vc_column][\/vc_column][\/vc_row][vc_row][vc_column width=&#8221;2\/3&#8243;][vc_column_text] Tallers d&#8217;estiu. Juliol 2022 A l&#8217;estiu continuem treballant , a trav\u00e9s d&#8217;activitats d&#8217;animaci\u00f3 sociocultural, els objectius del Programa d&#8217;Animaci\u00f3 Sociocultural. I t&#8217;ho perdr\u00e0s? [\/vc_column_text][\/vc_column][vc_column [&hellip;]<\/p>\n","protected":false},"author":131,"featured_media":0,"parent":198614,"menu_order":0,"comment_status":"closed","ping_status":"closed","template":"","meta":{"footnotes":""},"class_list":["post-198631","page","type-page","status-publish","hentry"],"_links":{"self":[{"href":"https:\/\/www.elche.es\/va\/wp-json\/wp\/v2\/pages\/198631","targetHints":{"allow":["GET"]}}],"collection":[{"href":"https:\/\/www.elche.es\/va\/wp-json\/wp\/v2\/pages"}],"about":[{"href":"https:\/\/www.elche.es\/va\/wp-json\/wp\/v2\/types\/page"}],"author":[{"embeddable":true,"href":"https:\/\/www.elche.es\/va\/wp-json\/wp\/v2\/users\/131"}],"replies":[{"embeddable":true,"href":"https:\/\/www.elche.es\/va\/wp-json\/wp\/v2\/comments?post=198631"}],"version-history":[{"count":0,"href":"https:\/\/www.elche.es\/va\/wp-json\/wp\/v2\/pages\/198631\/revisions"}],"up":[{"embeddable":true,"href":"https:\/\/www.elche.es\/va\/wp-json\/wp\/v2\/pages\/198614"}],"wp:attachment":[{"href":"https:\/\/www.elche.es\/va\/wp-json\/wp\/v2\/media?parent=198631"}],"curies":[{"name":"wp","href":"https:\/\/api.w.org\/{rel}","templated":true}]}}