{"id":201091,"date":"2022-05-16T13:30:55","date_gmt":"2022-05-16T12:30:55","guid":{"rendered":"https:\/\/www.elche.es\/una-ciudad-para-vivir\/"},"modified":"2025-05-08T13:05:53","modified_gmt":"2025-05-08T11:05:53","slug":"una-ciutat-pera-viure","status":"publish","type":"page","link":"https:\/\/www.elche.es\/va\/una-ciutat-pera-viure\/","title":{"rendered":"Elx &#8211; Una ciutat per a viure"},"content":{"rendered":"<div class=\"wpb-content-wrapper\"><p>[vc_row][vc_column]<div class=\"templatera_shortcode\"><div data-vc-full-width=\"true\" data-vc-full-width-init=\"false\" class=\"vc_row wpb_row vc_row-fluid slidersecciones vc_custom_1652704225131 vc_row-has-fill\"><div class=\"wpb_column vc_column_container vc_col-sm-12\"><div class=\"vc_column-inner\"><div class=\"wpb_wrapper\"><h2 style=\"color: #ffffff;text-align: center;font-family:Ubuntu;font-weight:700;font-style:normal\" class=\"vc_custom_heading vc_do_custom_heading sombraTitulo cabeceramovil\" >UNA CIUTAT PER A VIURE<\/h2><\/div><\/div><\/div><\/div><div class=\"vc_row-full-width vc_clearfix\"><\/div><div id=\"bloque_menu_enlaces\" data-vc-full-width=\"true\" data-vc-full-width-init=\"false\" data-vc-stretch-content=\"true\" class=\"vc_row wpb_row vc_row-fluid bloquemnuestop vc_custom_1629977340156 vc_row-has-fill vc_row-no-padding\"><div class=\"wpb_column vc_column_container vc_col-sm-12\"><div class=\"vc_column-inner\"><div class=\"wpb_wrapper\">\r\n        \r\n        <a class=\"menuVC\"  href=\"https:\/\/www.elche.es\/va\/una-ciutat-pera-viure\/\"> <span> Inici <\/span><\/a>\r\n        \r\n        <a class=\"menuVC\"  href=\"https:\/\/www.elche.es\/va\/historia-de-la-ciutat-elx\/\"> <span> Hist\u00f2ria de la Ciutat <\/span><\/a>\r\n        \r\n        <a class=\"menuVC\" target='_blank' href=\"https:\/\/www.elche.es\/va\/participacio-ciutadana\/districtes\/\"> <span> Districtes <\/span><\/a>\r\n        \r\n        <a class=\"menuVC\" target='_blank' href=\"https:\/\/www.elche.es\/va\/barrios-elche\/\"> <span> Barris <\/span><\/a>\r\n        \r\n        <a class=\"menuVC\" target='_blank' href=\"https:\/\/www.elche.es\/va\/pedanias\/\"> <span> Pedanies <\/span><\/a>\r\n        \r\n        <a class=\"menuVC\"  href=\"https:\/\/www.elche.es\/va\/dades-socioeconomiques\/\"> <span> Dades Socioecon\u00f2miques <\/span><\/a>\r\n        \r\n        <a class=\"menuVC\" target='_blank' href=\"https:\/\/geoportal.elche.es\/\"> <span> Guia urbana <\/span><\/a>\r\n        \r\n        <a class=\"menuVC\" target='_blank' href=\"https:\/\/www.elche.es\/va\/participacio-ciutadana\/associacionisme\/directori-dassociacions\/\"> <span> Directori d\u2019asociacions <\/span><\/a>\r\n        \r\n        <a class=\"menuVC\" target='_blank' href=\"https:\/\/www.visitelche.com\/va\/\"> <span> Turisme <\/span><\/a><\/div><\/div><\/div><\/div><div class=\"vc_row-full-width vc_clearfix\"><\/div><\/div>[\/vc_column][\/vc_row][vc_row full_width=&#8221;stretch_row&#8221; css=&#8221;.vc_custom_1475484188729{background-color: #dddde0 !important;}&#8221;][vc_column offset=&#8221;vc_hidden-sm vc_hidden-xs&#8221;][vc_column_text]<nav aria-label=\"breadcrumbs\">\n            <div class=\"breadcrumb-container theme1\">\n                <ol>\n                                    <\/ol>\n            <\/div>\n        <\/nav>    <script type=\"application\/ld+json\">\n        {\n            \"@context\": \"http:\/\/schema.org\",\n            \"@type\": \"BreadcrumbList\",\n            \"itemListElement\": [\n                            ]\n        }\n    <\/script>\n    <style type=\"text\/css\">\n        .breadcrumb-container {\n            font-size: 13px;\n        }\n\n        .breadcrumb-container ul {\n            margin: 0;\n            padding: 0;\n        }\n\n        .breadcrumb-container li {\n            box-sizing: unset;\n            display: inline-block;\n            margin: 0;\n            padding: 0;\n        }\n\n        .breadcrumb-container li a {\n            box-sizing: unset;\n            padding: 0 10px;\n        }\n\n        .breadcrumb-container {\n            font-size: 3 !important;\n                    }\n\n        .breadcrumb-container li a {\n            color: #0a0a0a !important;\n            font-size: 3 !important;\n            line-height: 3 !important;\n                    }\n\n        .breadcrumb-container li .separator {\n            font-size: 3 !important;\n                    }\n\n        .breadcrumb-container li:last-child .separator {\n            display: none;\n        }\n    <\/style>\n    <style type=\"text\/css\">\n        .breadcrumb-container.theme1 li {\n            margin: 0;\n            padding: 0;\n        }\n        .breadcrumb-container.theme1 a {\n            background: ;\n            display: inline-block;\n            margin: 0 5px;\n            padding: 5px 10px;\n            text-decoration: none;\n        }\n    <\/style>\n        <style type=\"text\/css\">\n            <\/style>\n    <script>\n            <\/script>\n[\/vc_column_text][\/vc_column][\/vc_row][vc_row css=&#8221;.vc_custom_1652867214280{margin-top: 30px !important;}&#8221;][vc_column][vc_column_text css=&#8221;&#8221;]Elx, ciutat bimil\u00b7len\u00e0ria i capital del Baix Vinalop\u00f3 \u00e9s la <strong>segona ciutat m\u00e9s poblada de la prov\u00edncia d&#8217;Alacant i la tercera de la Comunitat Valenciana<\/strong>. Compta amb una extensa <a href=\"https:\/\/www.elche.es\/va\/oficina-municipal-datencio-ciutadana-omac\/directori-de-serveis-municipals\/\">xarxa d&#8217;equipaments p\u00fablics<\/a>. A data 1 de gener de 2024, la poblaci\u00f3 ascendeix a 242.317 habitants (119.897 h\u00f2mens i 122.420 dones). Amb una extensi\u00f3 de 326,1 km\u00b2, la densitat se situa en 743 habitants\/km\u00b2.<\/p>\n<p>Elx tamb\u00e9 \u00e9s coneguda com la <strong>\u201cCiutat de la Dama\u201d<\/strong>. En 1897 va ser trobada aquesta escultura ibera al jaciment arqueol\u00f2gic de l&#8217;Alc\u00fadia. Aquest bust representa una dama, ricament abillada, el rostre de la qual mostra unes faccions perfectes, realitzada en pedra calc\u00e0ria entre els segles V i IV a. C.<\/p>\n<p>Elx, \u00e9s l&#8217;\u00fanica ciutat que <strong>posseeix tres Patrimonis de la Humanitat: <a href=\"https:\/\/whc.unesco.org\/es\/list\/930#top\" target=\"_blank\" rel=\"noopener\">El Palmerar<\/a>, <a href=\"https:\/\/ich.unesco.org\/es\/RL\/el-misterio-de-elche-00018\" target=\"_blank\" rel=\"noopener\">El Misteri d\u2019Elx<\/a> i el<a href=\"https:\/\/ich.unesco.org\/es\/BSP\/-00306\" target=\"_blank\" rel=\"noopener\"> Museu Escolar de Pu\u00e7ol<\/a><\/strong>.<\/p>\n<p>El Palmerar \u00e9s un espai \u00fanic que compta amb m\u00e9s de 200.000 exemplars, que l&#8217;any 2000 va ser declarat per la UNESCO Patrimoni de la Humanitat.<\/p>\n<p><strong>El Misteri d&#8217;Elx<\/strong>\u00a0\u00e9s un tresor cultural del poble d&#8217;Elx i una de les joies m\u00e9s preuades del patrimoni valenci\u00e0, com proven la seua declaraci\u00f3 com a Monument Nacional l&#8217;any 1931, i la seua inclusi\u00f3, l&#8217;any 2001, en la primera Proclamaci\u00f3 de les Obres Mestres del Patrimoni Oral i Immaterial de la Humanitat per la UNESCO.<\/p>\n<p><strong>El Museu Escolar de Pu\u00e7ol naix l&#8217;any 1969 com una activitat lligada al Projecte Pedag\u00f2gic &#8220;L&#8217;Escola i el seu Medi&#8221;<\/strong>. Es tractava de conservar la mem\u00f2ria dels oficis del camp que estaven desapareixent. La implicaci\u00f3 de la comunitat, especialment de les pedanies agr\u00e0ries d&#8217;Elx, va fer que aquesta activitat es convertira en un destacat projecte muse\u00edstic on m\u00e9s de 70.000 peces inventariades permeten submergir-se en el passat.<\/p>\n<p>En 2009, la UNESCO inscriu el Centre de Cultura Tradicional Museu Escolar de Pu\u00e7ol en el Registre de Bones Pr\u00e0ctiques de Salvaguarda del Patrimoni Cultural Immaterial i, des de llavors, es va convertir en el Tercer Patrimoni de la Humanitat d&#8217;Elx.[\/vc_column_text][vc_single_image image=&#8221;61920&#8243; img_size=&#8221;full&#8221; alignment=&#8221;center&#8221; css=&#8221;.vc_custom_1655185561609{margin-top: 40px !important;}&#8221;][\/vc_column][\/vc_row][vc_row][vc_column][vc_empty_space height=&#8221;60px&#8221;][\/vc_column][\/vc_row]<\/p>\n<\/div>","protected":false},"excerpt":{"rendered":"UNA CIUTAT PER A VIURE Inici Hist\u00f2ria de la Ciutat Districtes Barris Pedanies Dades Socioecon\u00f2miques Guia urbana Directori d\u2019asociacions Turisme Elx, ciutat bimil\u00b7len\u00e0ria i capital del Baix Vinalop\u00f3 \u00e9s la [...]","protected":false},"author":131,"featured_media":0,"parent":0,"menu_order":0,"comment_status":"closed","ping_status":"closed","template":"","meta":{"footnotes":""},"class_list":["post-201091","page","type-page","status-publish","hentry"],"_links":{"self":[{"href":"https:\/\/www.elche.es\/va\/wp-json\/wp\/v2\/pages\/201091","targetHints":{"allow":["GET"]}}],"collection":[{"href":"https:\/\/www.elche.es\/va\/wp-json\/wp\/v2\/pages"}],"about":[{"href":"https:\/\/www.elche.es\/va\/wp-json\/wp\/v2\/types\/page"}],"author":[{"embeddable":true,"href":"https:\/\/www.elche.es\/va\/wp-json\/wp\/v2\/users\/131"}],"replies":[{"embeddable":true,"href":"https:\/\/www.elche.es\/va\/wp-json\/wp\/v2\/comments?post=201091"}],"version-history":[{"count":3,"href":"https:\/\/www.elche.es\/va\/wp-json\/wp\/v2\/pages\/201091\/revisions"}],"predecessor-version":[{"id":335474,"href":"https:\/\/www.elche.es\/va\/wp-json\/wp\/v2\/pages\/201091\/revisions\/335474"}],"wp:attachment":[{"href":"https:\/\/www.elche.es\/va\/wp-json\/wp\/v2\/media?parent=201091"}],"curies":[{"name":"wp","href":"https:\/\/api.w.org\/{rel}","templated":true}]}}