{"id":201095,"date":"2022-06-13T08:41:46","date_gmt":"2022-06-13T07:41:46","guid":{"rendered":"https:\/\/www.elche.es\/historia-de-la-ciudad-elche\/"},"modified":"2022-09-15T07:10:38","modified_gmt":"2022-09-15T06:10:38","slug":"historia-de-la-ciutat-elx","status":"publish","type":"page","link":"https:\/\/www.elche.es\/va\/historia-de-la-ciutat-elx\/","title":{"rendered":"Hist\u00f2ria de la ciutat Elx"},"content":{"rendered":"<div class=\"wpb-content-wrapper\"><p>[vc_row][vc_column]<div class=\"templatera_shortcode\"><div data-vc-full-width=\"true\" data-vc-full-width-init=\"false\" class=\"vc_row wpb_row vc_row-fluid slidersecciones vc_custom_1652704225131 vc_row-has-fill\"><div class=\"wpb_column vc_column_container vc_col-sm-12\"><div class=\"vc_column-inner\"><div class=\"wpb_wrapper\"><h2 style=\"color: #ffffff;text-align: center;font-family:Ubuntu;font-weight:700;font-style:normal\" class=\"vc_custom_heading vc_do_custom_heading sombraTitulo cabeceramovil\" >UNA CIUTAT PER A VIURE<\/h2><\/div><\/div><\/div><\/div><div class=\"vc_row-full-width vc_clearfix\"><\/div><div id=\"bloque_menu_enlaces\" data-vc-full-width=\"true\" data-vc-full-width-init=\"false\" data-vc-stretch-content=\"true\" class=\"vc_row wpb_row vc_row-fluid bloquemnuestop vc_custom_1629977340156 vc_row-has-fill vc_row-no-padding\"><div class=\"wpb_column vc_column_container vc_col-sm-12\"><div class=\"vc_column-inner\"><div class=\"wpb_wrapper\">\r\n        \r\n        <a class=\"menuVC\"  href=\"https:\/\/www.elche.es\/va\/una-ciutat-pera-viure\/\"> <span> Inici <\/span><\/a>\r\n        \r\n        <a class=\"menuVC\"  href=\"https:\/\/www.elche.es\/va\/historia-de-la-ciutat-elx\/\"> <span> Hist\u00f2ria de la Ciutat <\/span><\/a>\r\n        \r\n        <a class=\"menuVC\" target='_blank' href=\"https:\/\/www.elche.es\/va\/participacio-ciutadana\/districtes\/\"> <span> Districtes <\/span><\/a>\r\n        \r\n        <a class=\"menuVC\" target='_blank' href=\"https:\/\/www.elche.es\/va\/barrios-elche\/\"> <span> Barris <\/span><\/a>\r\n        \r\n        <a class=\"menuVC\" target='_blank' href=\"https:\/\/www.elche.es\/va\/pedanias\/\"> <span> Pedanies <\/span><\/a>\r\n        \r\n        <a class=\"menuVC\"  href=\"https:\/\/www.elche.es\/va\/dades-socioeconomiques\/\"> <span> Dades Socioecon\u00f2miques <\/span><\/a>\r\n        \r\n        <a class=\"menuVC\" target='_blank' href=\"https:\/\/geoportal.elche.es\/\"> <span> Guia urbana <\/span><\/a>\r\n        \r\n        <a class=\"menuVC\" target='_blank' href=\"https:\/\/www.elche.es\/va\/participacio-ciutadana\/associacionisme\/directori-dassociacions\/\"> <span> Directori d\u2019asociacions <\/span><\/a>\r\n        \r\n        <a class=\"menuVC\" target='_blank' href=\"https:\/\/www.visitelche.com\/va\/\"> <span> Turisme <\/span><\/a><\/div><\/div><\/div><\/div><div class=\"vc_row-full-width vc_clearfix\"><\/div><\/div>[\/vc_column][\/vc_row][vc_row full_width=&#8221;stretch_row&#8221; css=&#8221;.vc_custom_1475484188729{background-color: #dddde0 !important;}&#8221;][vc_column offset=&#8221;vc_hidden-sm vc_hidden-xs&#8221;][vc_column_text]<nav aria-label=\"breadcrumbs\">\n            <div class=\"breadcrumb-container theme1\">\n                <ol>\n                                    <\/ol>\n            <\/div>\n        <\/nav>    <script type=\"application\/ld+json\">\n        {\n            \"@context\": \"http:\/\/schema.org\",\n            \"@type\": \"BreadcrumbList\",\n            \"itemListElement\": [\n                            ]\n        }\n    <\/script>\n    <style type=\"text\/css\">\n        .breadcrumb-container {\n            font-size: 13px;\n        }\n\n        .breadcrumb-container ul {\n            margin: 0;\n            padding: 0;\n        }\n\n        .breadcrumb-container li {\n            box-sizing: unset;\n            display: inline-block;\n            margin: 0;\n            padding: 0;\n        }\n\n        .breadcrumb-container li a {\n            box-sizing: unset;\n            padding: 0 10px;\n        }\n\n        .breadcrumb-container {\n            font-size: 3 !important;\n                    }\n\n        .breadcrumb-container li a {\n            color: #0a0a0a !important;\n            font-size: 3 !important;\n            line-height: 3 !important;\n                    }\n\n        .breadcrumb-container li .separator {\n            font-size: 3 !important;\n                    }\n\n        .breadcrumb-container li:last-child .separator {\n            display: none;\n        }\n    <\/style>\n    <style type=\"text\/css\">\n        .breadcrumb-container.theme1 li {\n            margin: 0;\n            padding: 0;\n        }\n        .breadcrumb-container.theme1 a {\n            background: ;\n            display: inline-block;\n            margin: 0 5px;\n            padding: 5px 10px;\n            text-decoration: none;\n        }\n    <\/style>\n        <style type=\"text\/css\">\n            <\/style>\n    <script>\n            <\/script>\n[\/vc_column_text][\/vc_column][\/vc_row][vc_row css=&#8221;.vc_custom_1652867214280{margin-top: 30px !important;}&#8221;][vc_column]<h1 class=\"sc_title sc_title_regular titulo-pagina margin_top_small\">Hist\u00f2ria de la Ciutat<\/h1>[vc_column_text]Elx remunta els seus or\u00edgens als primers assentaments que es van situar prop del riu Vinalop\u00f3, aprofitant tant els seus beneficis h\u00eddrics com la situaci\u00f3 geogr\u00e0fica que els permetia connectar amb la mar i amb les terres de l&#8217;interior.<\/p>\n<p>Des del per\u00edode Calcol\u00edtic (III mil\u00b7lenni a. C.) s\u00f3n nombrosos els poblats que permeten avaluar la import\u00e0ncia geogr\u00e0fica i estrat\u00e8gia d&#8217;aquestes terres i que han participat en l&#8217;evoluci\u00f3 de la Cultura Campaniforme. La import\u00e0ncia d&#8217;aquest poblament es va veure tamb\u00e9 corresposta durant l&#8217;Edat del Bronze i la Cultura d&#8217; El Argar, en un llarg proc\u00e9s continu de desenvolupament tecnol\u00f2gic i d&#8217;aprofitament del mitj\u00e0 que culminar\u00e0 en l&#8217;Edat del Ferro amb la Cultura Ib\u00e8rica.<\/p>\n<p>El M\u00f3n Ib\u00e8ric al territori d&#8217;Elx ha aportat notables vestigis de l&#8217;esplendor d&#8217;aquest per\u00edode hist\u00f2ric a la pen\u00ednsula Ib\u00e8rica, on s&#8217;han desenvolupat costums i processos culturals permeables als est\u00edmuls i influ\u00e8ncies mediterr\u00e0nies, que van contribuir a construir la seua pr\u00f2pia identitat i idiosincr\u00e0sia cultural.<\/p>\n<p>El desenvolupament social, pol\u00edtic i econ\u00f2mic de la Ilici ib\u00e8rica no va passar desapercebut a l&#8217;expansi\u00f3 de Roma pel Mediterrani, que va iniciar el proc\u00e9s de fundaci\u00f3 d&#8217;una col\u00f2nia a mitjan segle I a. C. i que culminar\u00e0 durant el govern de l&#8217;emperador August. La Col\u00f2nia Iulia Ilici Augusta ostentar\u00e0 el dret llat\u00ed (ius italicum) i s&#8217;erigir\u00e0 com una de les ciutats m\u00e9s importants del sud-est peninsular. La seua import\u00e0ncia perdurar\u00e0 fins al per\u00edode tardorom\u00e0 i va quedar reflectida amb posterioritat perqu\u00e8 era una de les ciutats incloses en el Tractat de Tudmir (713).<\/p>\n<p>Despr\u00e9s d&#8217;un per\u00edode d&#8217;ocupaci\u00f3 del territori mitjan\u00e7ant un poblament dispers en alqueries, en el segle X els or\u00edgens de l&#8217;actual ciutat d&#8217;Elx van comen\u00e7ar a emergir a la medina isl\u00e0mica d&#8217;Ils i van donar pas a l&#8217;esplendor de la ciutat medieval que construir\u00e0 un sistema de regadiu i d&#8217;explotaci\u00f3 del mitj\u00e0 hui reconegut com a Patrimoni de la Humanitat: El palmerar d&#8217;Elx.<\/p>\n<p>El cresol de cultures format per jueus, musulmans i cristians va contribuir notablement al desenvolupament de la ciutat emmurallada d&#8217;Elx, encara visible en alguns dels monuments que formen part del seu nucli hist\u00f2ric.<\/p>\n<p>El Tractat d&#8217;Elx (1305) i el privilegi d&#8217;annexi\u00f3 (1308) faran que la ciutat s&#8217;incorpore de manera definitiva a la Corona d&#8217;Arag\u00f3, com a part del Regne de Val\u00e8ncia. Va ser durant el per\u00edode medieval quan Elx construir\u00e0 un dels seus majors tresors culturals i un dels seus trets identitaris m\u00e9s universals: El Misteri d\u2019Elx, Obra Mestra del Patrimoni Oral i Immaterial de la Humanitat.<\/p>\n<p>Les transformacions econ\u00f2miques i socials que es van anar desenvolupant a l&#8217;Elx medieval i en el seu tr\u00e0nsit a l&#8217;Edat Moderna, es van veure convulsionades amb l&#8217;expulsi\u00f3 dels moriscos en 1609. Posteriorment, la producci\u00f3 agr\u00e0ria de la ciutat i els usos industrials produiran un apogeu econ\u00f2mic que es mantindr\u00e0 creixent en els segles successius.<\/p>\n<p>La concessi\u00f3 del t\u00edtol de ciutat en 1871 a c\u00e0rrec del monarca Amadeu I de Savoia, va suposar el pas de vila a ciutat per a una poblaci\u00f3 de tot just 20.000 habitants, que mostrava lleus s\u00edmptomes d&#8217;iniciar el seu proc\u00e9s d&#8217;industrialitzaci\u00f3 i transformaci\u00f3 d&#8217;estructures productives, en les quals arribar\u00e0 a destacar la ind\u00fastria del cal\u00e7at.[\/vc_column_text][\/vc_column][\/vc_row][vc_row][vc_column][vc_empty_space height=&#8221;60px&#8221;][\/vc_column][\/vc_row]<\/p>\n<\/div>","protected":false},"excerpt":{"rendered":"UNA CIUTAT PER A VIURE Inici Hist\u00f2ria de la Ciutat Districtes Barris Pedanies Dades Socioecon\u00f2miques Guia urbana Directori d\u2019asociacions Turisme Hist\u00f2ria de la Ciutat Elx remunta els seus or\u00edgens als [...]","protected":false},"author":131,"featured_media":0,"parent":0,"menu_order":0,"comment_status":"closed","ping_status":"closed","template":"","meta":{"footnotes":""},"class_list":["post-201095","page","type-page","status-publish","hentry"],"_links":{"self":[{"href":"https:\/\/www.elche.es\/va\/wp-json\/wp\/v2\/pages\/201095","targetHints":{"allow":["GET"]}}],"collection":[{"href":"https:\/\/www.elche.es\/va\/wp-json\/wp\/v2\/pages"}],"about":[{"href":"https:\/\/www.elche.es\/va\/wp-json\/wp\/v2\/types\/page"}],"author":[{"embeddable":true,"href":"https:\/\/www.elche.es\/va\/wp-json\/wp\/v2\/users\/131"}],"replies":[{"embeddable":true,"href":"https:\/\/www.elche.es\/va\/wp-json\/wp\/v2\/comments?post=201095"}],"version-history":[{"count":0,"href":"https:\/\/www.elche.es\/va\/wp-json\/wp\/v2\/pages\/201095\/revisions"}],"wp:attachment":[{"href":"https:\/\/www.elche.es\/va\/wp-json\/wp\/v2\/media?parent=201095"}],"curies":[{"name":"wp","href":"https:\/\/api.w.org\/{rel}","templated":true}]}}