{"id":206062,"date":"2022-07-15T11:17:00","date_gmt":"2022-07-15T10:17:00","guid":{"rendered":"https:\/\/www.elche.es\/?page_id=206062"},"modified":"2025-10-17T09:33:05","modified_gmt":"2025-10-17T07:33:05","slug":"festes-participatives","status":"publish","type":"page","link":"https:\/\/www.elche.es\/va\/participacio-ciutadana\/festes-participatives\/","title":{"rendered":"Festes Participatives"},"content":{"rendered":"<div class=\"wpb-content-wrapper\"><p>[vc_row full_width=&#8221;stretch_row&#8221; css=&#8221;.vc_custom_1475484188729{background-color: #dddde0 !important;}&#8221;][vc_column][vc_column_text]<nav aria-label=\"breadcrumbs\">\n            <div class=\"breadcrumb-container theme1\">\n                <ol>\n                                    <\/ol>\n            <\/div>\n        <\/nav>    <script type=\"application\/ld+json\">\n        {\n            \"@context\": \"http:\/\/schema.org\",\n            \"@type\": \"BreadcrumbList\",\n            \"itemListElement\": [\n                            ]\n        }\n    <\/script>\n    <style type=\"text\/css\">\n        .breadcrumb-container {\n            font-size: 13px;\n        }\n\n        .breadcrumb-container ul {\n            margin: 0;\n            padding: 0;\n        }\n\n        .breadcrumb-container li {\n            box-sizing: unset;\n            display: inline-block;\n            margin: 0;\n            padding: 0;\n        }\n\n        .breadcrumb-container li a {\n            box-sizing: unset;\n            padding: 0 10px;\n        }\n\n        .breadcrumb-container {\n            font-size: 3 !important;\n                    }\n\n        .breadcrumb-container li a {\n            color: #0a0a0a !important;\n            font-size: 3 !important;\n            line-height: 3 !important;\n                    }\n\n        .breadcrumb-container li .separator {\n            font-size: 3 !important;\n                    }\n\n        .breadcrumb-container li:last-child .separator {\n            display: none;\n        }\n    <\/style>\n    <style type=\"text\/css\">\n        .breadcrumb-container.theme1 li {\n            margin: 0;\n            padding: 0;\n        }\n        .breadcrumb-container.theme1 a {\n            background: ;\n            display: inline-block;\n            margin: 0 5px;\n            padding: 5px 10px;\n            text-decoration: none;\n        }\n    <\/style>\n        <style type=\"text\/css\">\n            <\/style>\n    <script>\n            <\/script>\n[\/vc_column_text][\/vc_column][\/vc_row][vc_row][vc_column]<h3 class=\"sc_title sc_title_regular margin_top_tiny\">Festes participatives<\/h3>[\/vc_column][\/vc_row][vc_row][vc_column][vc_column_text css=&#8221;&#8221;]<a href=\"https:\/\/forms.office.com\/e\/qmyxHQMDwz\"><span style=\"font-size: 18pt;\">Inscripci\u00f3<\/span><\/a><\/p>\n<p><strong>Sorteig de localitats per al Misteri d&#8217;Elx<\/strong><\/p>\n<ul>\n<li>En cas de no arreplegar l&#8217;entrada en el termini previst, s\u2019hi perdr\u00e0 el dret i es reassignar\u00e0 a la seg\u00fcent persona en llista de reserva.<\/li>\n<li>La recollida podr\u00e0 delegar-se mitjan\u00e7ant una <a href=\"https:\/\/www.elche.es\/wp-content\/uploads\/2025\/08\/A549-Autorizacion-retirada-entradas-fiestas-participativas.pdf\">autoritzaci\u00f3<\/a> firmada, amb fotoc\u00f2pia del DNI de la persona premiada i original del DNI de la persona autoritzada.<\/li>\n<li>Les localitats seran retirades en la Regidoria de Participaci\u00f3, situada a la pla\u00e7a Men\u00e9ndez i Pelayo, n\u00fam. 2, baix, en horari de 8.30 a 13.00 hores. Tel\u00e8fon de contacte 966 658 280.<\/li>\n<\/ul>\n<p>&nbsp;<\/p>\n<p><a href=\"https:\/\/www.elche.es\/wp-content\/uploads\/2025\/10\/2025-10-17-RESULTADO-SORTEO.pdf\">Resultat sorteig<\/a>[\/vc_column_text][\/vc_column][\/vc_row][vc_row][vc_column][vc_empty_space][\/vc_column][\/vc_row][vc_row el_class=&#8221;cuadrostandar&#8221;][vc_column][vc_empty_space][\/vc_column][\/vc_row][vc_row css=&#8221;.vc_custom_1620636513202{margin-top: 25px !important;}&#8221;][vc_column][\/vc_column][\/vc_row]<\/p>\n<\/div>","protected":false},"excerpt":{"rendered":"<p>[vc_row full_width=&#8221;stretch_row&#8221; css=&#8221;.vc_custom_1475484188729{background-color: #dddde0 !important;}&#8221;][vc_column][vc_column_text][\/vc_column_text][\/vc_column][\/vc_row][vc_row][vc_column][\/vc_column][\/vc_row][vc_row][vc_column][vc_column_text css=&#8221;&#8221;]Inscripci\u00f3 Sorteig de localitats per al Misteri d&#8217;Elx En cas de no arreplegar l&#8217;entrada en el termini previst, s\u2019hi perdr\u00e0 el dret i es reassignar\u00e0 [&hellip;]<\/p>\n","protected":false},"author":139,"featured_media":0,"parent":6880,"menu_order":0,"comment_status":"closed","ping_status":"closed","template":"","meta":{"footnotes":""},"class_list":["post-206062","page","type-page","status-publish","hentry"],"_links":{"self":[{"href":"https:\/\/www.elche.es\/va\/wp-json\/wp\/v2\/pages\/206062","targetHints":{"allow":["GET"]}}],"collection":[{"href":"https:\/\/www.elche.es\/va\/wp-json\/wp\/v2\/pages"}],"about":[{"href":"https:\/\/www.elche.es\/va\/wp-json\/wp\/v2\/types\/page"}],"author":[{"embeddable":true,"href":"https:\/\/www.elche.es\/va\/wp-json\/wp\/v2\/users\/139"}],"replies":[{"embeddable":true,"href":"https:\/\/www.elche.es\/va\/wp-json\/wp\/v2\/comments?post=206062"}],"version-history":[{"count":10,"href":"https:\/\/www.elche.es\/va\/wp-json\/wp\/v2\/pages\/206062\/revisions"}],"predecessor-version":[{"id":345582,"href":"https:\/\/www.elche.es\/va\/wp-json\/wp\/v2\/pages\/206062\/revisions\/345582"}],"up":[{"embeddable":true,"href":"https:\/\/www.elche.es\/va\/wp-json\/wp\/v2\/pages\/6880"}],"wp:attachment":[{"href":"https:\/\/www.elche.es\/va\/wp-json\/wp\/v2\/media?parent=206062"}],"curies":[{"name":"wp","href":"https:\/\/api.w.org\/{rel}","templated":true}]}}