{"id":213391,"date":"2022-09-20T10:51:05","date_gmt":"2022-09-20T09:51:05","guid":{"rendered":"https:\/\/www.elche.es\/?page_id=213391"},"modified":"2022-10-25T12:03:34","modified_gmt":"2022-10-25T11:03:34","slug":"encarrilaelx","status":"publish","type":"page","link":"https:\/\/www.elche.es\/va\/encarrilaelx\/","title":{"rendered":"Encarrila elx"},"content":{"rendered":"<div class=\"wpb-content-wrapper\"><p>[vc_row full_width=&#8221;stretch_row_content_no_spaces&#8221; css=&#8221;.vc_custom_1663588492163{background-position: center !important;background-repeat: no-repeat !important;background-size: cover !important;}&#8221; el_class=&#8221;cuadrocabecerafoto&#8221;][vc_column][vc_single_image image=&#8221;218669&#8243; img_size=&#8221;full&#8221; alignment=&#8221;center&#8221; el_class=&#8221;cabecerasolofoto&#8221;][\/vc_column][\/vc_row][vc_row css=&#8221;.vc_custom_1666687976284{padding-top: 20px !important;padding-bottom: 10px !important;}&#8221;][vc_column][vc_column_text]<\/p>\n<p style=\"text-align: justify;\">Ha arribat el moment. \u00c9s el moment que encarriles moltes coses, que encarriles les teues despeses en transport i que encarriles l\u2019estr\u00e9s pel tr\u00e0nsit i l\u2019aparcament per a gaudir de la ciutat i arribar a temps als llocs. Ha arribat el moment que encarriles seriosament el medi ambient\u00a0 i la teua salut, <strong>\u00e9s el moment que encarriles Elx.<\/strong><\/p>\n<p style=\"text-align: justify;\">Actualment, i d\u2019acord amb l\u2019estudi sobre la qualitat de l\u2019aire de la UMH, el 80% de les emissions contaminants provenen del tr\u00e0nsit privat, segons les dades obtingudes per la Generalitat Valenciana en l\u2019an\u00e0lisi del Pla de Mobilitat de les \u00e0rees d\u2019Alacant \u2013Elx, la poblaci\u00f3 de 5 o m\u00e9s anys residents a l&#8217;\u00c0rea Metropolitana d&#8217;Alacant-Elx realitza un total de 576.262 viatges\/dia amb origen i destinaci\u00f3 a Elx, dels quals el 90% (520.006 viatges\/dia) es duen a terme per residents a Elx, el 79% d&#8217;aquests (455.214 viatges\/dia) s\u00f3n interns al municipi i \u00fanicament el 21% restant (121.048 viatges\/dia) s\u00f3n despla\u00e7aments de connexi\u00f3.<\/p>\n<p style=\"text-align: justify;\">Segons les dades, i agrupant els despla\u00e7aments en mobilitat obligada (on l&#8217;origen o la destinaci\u00f3 tenen com a motiu el treball o els estudis) i no obligada (on l&#8217;origen o la destinaci\u00f3 tenen com a motiu compres, metge, visita a amics o familiars, acompanyar a una persona, gestions personals, oci, esport, passeig i d&#8217;altres), el 48% dels despla\u00e7aments realitzats a Elx representen mobilitat obligada i el 52% restant es realitzen com a mobilitat no obligada.<\/p>\n<p style=\"text-align: justify;\">La mobilitat sostenible, per tant, ha de ser una alternativa real i, per aix\u00f2, \u00e9s necessari dotar la mobilitat personal d\u2019infraestructures segures i eficients.<\/p>\n<ul style=\"list-style-type: square; text-align: justify;\">\n<li><strong>Des de 2016 s\u2019han creat m\u00e9s de 10,9 kil\u00f2metres de carril bici segregat i segur i m\u00e9s de 20,5 a les pedanies, la qual cosa es tradueix en m\u00e9s de 60 kil\u00f2metres de carril bici al municipi.<\/strong><\/li>\n<li><strong>S\u2019han instal\u00b7lat 36 nous aparcabicis en U i s&#8217;ha arribat a m\u00e9s de 110 en tot el municipi.<\/strong><\/li>\n<li><strong>S\u2019han ampliat 21 estacions noves de BiciElx, que actualment compta amb 56 estacions, a m\u00e9s, s\u2019ha sol\u00b7licitat la inclusi\u00f3 de 55 noves estacions en els Fons NexGeneration UE.<\/strong><\/li>\n<li><strong>El servei de BiciElx evita l\u2019emissi\u00f3 d\u2019unes 30t de CO2 a l\u2019atmosfera a l&#8217;any.<\/strong><\/li>\n<\/ul>\n<p style=\"text-align: justify;\">La mobilitat verda \u00e9s necess\u00e0ria per a lluitar contra el canvi clim\u00e0tic, assolir l&#8217;objectiu de la reducci\u00f3 d\u2019emissions en 2030 i aconseguir la neutralitat d\u2019emissions en 2050.<\/p>\n<p>[\/vc_column_text][\/vc_column][\/vc_row][vc_row css=&#8221;.vc_custom_1666691189116{padding-top: 20px !important;}&#8221;][vc_column width=&#8221;1\/4&#8243; css=&#8221;.vc_custom_1666691207014{padding-top: 20px !important;}&#8221;][vc_single_image image=&#8221;218876&#8243; img_size=&#8221;medium&#8221; onclick=&#8221;custom_link&#8221; link=&#8221;https:\/\/gestion.bicielx.es\/mapa_prestamo.php&#8221;][\/vc_column][vc_column width=&#8221;1\/4&#8243; css=&#8221;.vc_custom_1666691199113{padding-top: 20px !important;}&#8221;][vc_single_image image=&#8221;218882&#8243; img_size=&#8221;medium&#8221; onclick=&#8221;custom_link&#8221; link=&#8221;https:\/\/bicielx.es\/alta-online\/&#8221;][\/vc_column][vc_column width=&#8221;1\/4&#8243; css=&#8221;.vc_custom_1666694220442{padding-top: 20px !important;}&#8221;][vc_single_image image=&#8221;218919&#8243; img_size=&#8221;medium&#8221; onclick=&#8221;custom_link&#8221; link=&#8221;https:\/\/www.elche.es\/policia-local\/escuela-de-educacion-vial\/&#8221;][\/vc_column][vc_column width=&#8221;1\/4&#8243; css=&#8221;.vc_custom_1666691240350{padding-top: 20px !important;}&#8221;][vc_single_image image=&#8221;218884&#8243; img_size=&#8221;medium&#8221; onclick=&#8221;custom_link&#8221; link=&#8221;https:\/\/www.elche.es\/2022\/10\/el-ayuntamiento-saca-a-consulta-publica-la-ordenanza-de-movilidad-sostenible-en-la-que-se-regula-el-uso-de-los-patinetes\/&#8221;][\/vc_column][\/vc_row][vc_row css=&#8221;.vc_custom_1666691773818{padding-top: 20px !important;}&#8221;][vc_column][vc_video link=&#8221;https:\/\/youtu.be\/l7-KeWeWEWI&#8221;][\/vc_column][\/vc_row]<\/p>\n<\/div>","protected":false},"excerpt":{"rendered":"<p>[vc_row full_width=&#8221;stretch_row_content_no_spaces&#8221; css=&#8221;.vc_custom_1663588492163{background-position: center !important;background-repeat: no-repeat !important;background-size: cover !important;}&#8221; el_class=&#8221;cuadrocabecerafoto&#8221;][vc_column][vc_single_image image=&#8221;218669&#8243; img_size=&#8221;full&#8221; alignment=&#8221;center&#8221; el_class=&#8221;cabecerasolofoto&#8221;][\/vc_column][\/vc_row][vc_row css=&#8221;.vc_custom_1666687976284{padding-top: 20px !important;padding-bottom: 10px !important;}&#8221;][vc_column][vc_column_text] Ha arribat el moment. \u00c9s el moment que encarriles moltes coses, [&hellip;]<\/p>\n","protected":false},"author":139,"featured_media":0,"parent":0,"menu_order":0,"comment_status":"closed","ping_status":"closed","template":"","meta":{"footnotes":""},"class_list":["post-213391","page","type-page","status-publish","hentry"],"_links":{"self":[{"href":"https:\/\/www.elche.es\/va\/wp-json\/wp\/v2\/pages\/213391","targetHints":{"allow":["GET"]}}],"collection":[{"href":"https:\/\/www.elche.es\/va\/wp-json\/wp\/v2\/pages"}],"about":[{"href":"https:\/\/www.elche.es\/va\/wp-json\/wp\/v2\/types\/page"}],"author":[{"embeddable":true,"href":"https:\/\/www.elche.es\/va\/wp-json\/wp\/v2\/users\/139"}],"replies":[{"embeddable":true,"href":"https:\/\/www.elche.es\/va\/wp-json\/wp\/v2\/comments?post=213391"}],"version-history":[{"count":0,"href":"https:\/\/www.elche.es\/va\/wp-json\/wp\/v2\/pages\/213391\/revisions"}],"wp:attachment":[{"href":"https:\/\/www.elche.es\/va\/wp-json\/wp\/v2\/media?parent=213391"}],"curies":[{"name":"wp","href":"https:\/\/api.w.org\/{rel}","templated":true}]}}