{"id":216329,"date":"2022-10-10T10:21:52","date_gmt":"2022-10-10T09:21:52","guid":{"rendered":"https:\/\/www.elche.es\/?page_id=216329"},"modified":"2022-10-19T11:38:57","modified_gmt":"2022-10-19T10:38:57","slug":"enlasendaverda","status":"publish","type":"page","link":"https:\/\/www.elche.es\/va\/enlasendaverda\/","title":{"rendered":"En la senda verda"},"content":{"rendered":"<div class=\"wpb-content-wrapper\"><p>[vc_row][vc_column]<h1 class=\"sc_title sc_title_regular titulo-pagina margin_top_small\">En la senda verda<\/h1>[vc_column_text]Les\u00a0accions\u00a0de mitigaci\u00f3 i adaptaci\u00f3 s\u00f3n un dels elements fonamentals que tenim els municipis per a fer front a l&#8217;emerg\u00e8ncia clim\u00e0tica. <strong>#EnLaSendaVerda<\/strong> tracta de\u00a0posar\u00a0en valor aquestes actuacions per part de l&#8217;Ajuntament d&#8217;Elx en la celebraci\u00f3 del Dia Internacional d&#8217;Acci\u00f3 pel Canvi Clim\u00e0tic.<\/p>\n<p>Accions com la\u00a0conversi\u00f3 en zona de vianants\u00a0de la corredora que ha perm\u00e9s eliminar el tr\u00e0nsit de m\u00e9s\u00a0d&#8217;1,8\u00a0milions de vehicles per aquesta c\u00e8ntrica via i la reducci\u00f3 de m\u00e9s de 70 tones de C02 a l&#8217;atmosfera.<\/p>\n<p>Unes dades que a m\u00e9s es complementen en accions com la incorporaci\u00f3 de nous autobusos h\u00edbrids on Elx ja compta amb el 50% de la seua flota de vehicles sostenibles i que ens permeten aconseguir una reducci\u00f3 d&#8217;emissions de 50 tones de C02 a l&#8217;any, la substituci\u00f3 de llumin\u00e0ries eficients o la creaci\u00f3 d&#8217;infraestructures ciclistes segures.<\/p>\n<p>Estar <strong>#EnLaSendaVerda<\/strong> \u00e9s adaptar el nostre municipi als reptes del futur, construir espais m\u00e9s saludables i amables per a les persones per a fer front a l&#8217;emerg\u00e8ncia clim\u00e0tica i aconseguir un Elx on les persones siguen el centre.[\/vc_column_text][\/vc_column][\/vc_row][vc_row][vc_column][vc_video link=&#8221;https:\/\/www.youtube.com\/watch?v=lzAGgwUWRYo&amp;ab_channel=AyuntamientodeElche%7CAjuntamentd%27Elx&#8221;][\/vc_column][\/vc_row]<\/p>\n<\/div>","protected":false},"excerpt":{"rendered":"<p>[vc_row][vc_column][vc_column_text]Les\u00a0accions\u00a0de mitigaci\u00f3 i adaptaci\u00f3 s\u00f3n un dels elements fonamentals que tenim els municipis per a fer front a l&#8217;emerg\u00e8ncia clim\u00e0tica. #EnLaSendaVerda tracta de\u00a0posar\u00a0en valor aquestes actuacions per part de l&#8217;Ajuntament [&hellip;]<\/p>\n","protected":false},"author":139,"featured_media":0,"parent":0,"menu_order":0,"comment_status":"closed","ping_status":"closed","template":"","meta":{"footnotes":""},"class_list":["post-216329","page","type-page","status-publish","hentry"],"_links":{"self":[{"href":"https:\/\/www.elche.es\/va\/wp-json\/wp\/v2\/pages\/216329","targetHints":{"allow":["GET"]}}],"collection":[{"href":"https:\/\/www.elche.es\/va\/wp-json\/wp\/v2\/pages"}],"about":[{"href":"https:\/\/www.elche.es\/va\/wp-json\/wp\/v2\/types\/page"}],"author":[{"embeddable":true,"href":"https:\/\/www.elche.es\/va\/wp-json\/wp\/v2\/users\/139"}],"replies":[{"embeddable":true,"href":"https:\/\/www.elche.es\/va\/wp-json\/wp\/v2\/comments?post=216329"}],"version-history":[{"count":0,"href":"https:\/\/www.elche.es\/va\/wp-json\/wp\/v2\/pages\/216329\/revisions"}],"wp:attachment":[{"href":"https:\/\/www.elche.es\/va\/wp-json\/wp\/v2\/media?parent=216329"}],"curies":[{"name":"wp","href":"https:\/\/api.w.org\/{rel}","templated":true}]}}