{"id":216972,"date":"2022-10-14T10:16:10","date_gmt":"2022-10-14T09:16:10","guid":{"rendered":"https:\/\/www.elche.es\/?page_id=216972"},"modified":"2022-10-14T10:43:11","modified_gmt":"2022-10-14T09:43:11","slug":"elx-electrorenova","status":"publish","type":"page","link":"https:\/\/www.elche.es\/va\/elx-electrorenova\/","title":{"rendered":"Elx Electrorenova"},"content":{"rendered":"<div class=\"wpb-content-wrapper\"><p>[vc_row full_width=&#8221;stretch_row_content_no_spaces&#8221; css=&#8221;.vc_custom_1663588492163{background-position: center !important;background-repeat: no-repeat !important;background-size: cover !important;}&#8221; el_class=&#8221;cuadrocabecerafoto&#8221;][vc_column][vc_single_image image=&#8221;216987&#8243; img_size=&#8221;full&#8221; alignment=&#8221;center&#8221; el_class=&#8221;cabecerasolofoto&#8221;][\/vc_column][\/vc_row][vc_row css=&#8221;.vc_custom_1665738855069{margin-top: 30px !important;}&#8221;][vc_column][vc_column_text]<strong>PROGRAMA DE REACTIVACI\u00d3 DEL CONSUM I ESTALVI ENERG\u00c8TIC A TRAV\u00c9S DE LA COMPRA DE BONS PER A RENOVAR ELECTRODOM\u00c8STICS EFICIENTS ENERG\u00c8TICAMENT &#8211; ELX ELECTRO RENOVA\u00a0<\/strong><\/p>\n<p><a href=\"https:\/\/elxelectrorenova.es\/\">[WEB DE LA CAMPANYA]\u00a0<\/a><\/p>\n<p><b><span data-contrast=\"none\">1. OBJECTIU.<\/span><\/b><span data-ccp-props=\"{&quot;335551550&quot;:6,&quot;335551620&quot;:6}\">\u00a0<\/span><\/p>\n<p>L&#8217;objecte del Programa \u00e9s m\u00faltiple. D&#8217;una banda, busca fomentar el consum local i d&#8217;altra banda, reduir la factura energ\u00e8tica de la ciutadania, aix\u00ed com reduir el consum energ\u00e8tic d&#8217;Elx en general.<\/p>\n<p>A m\u00e9s, pret\u00e9n incentivar les compres al municipi d&#8217;Elx, fer costat als residents a Elx i als establiments adherits a aquest programa, promoure aix\u00ed la reactivaci\u00f3 econ\u00f2mica del teixit comercial i el consum local i contribuir d&#8217;aquesta manera a pal\u00b7liar tant els efectes de la COVID-19 com els de la guerra d&#8217;Ucra\u00efna, mitjan\u00e7ant la concessi\u00f3 de subvencions directes a consumidors i consumidores.<\/p>\n<p>El programa consistir\u00e0 a posar en circulaci\u00f3 una s\u00e8rie de bons de diferents quanties que es podran utilitzar en qualsevol dels establiments d&#8217;Elx adherits al programa (inclosos els establiments d&#8217;Elx que realitzen les seues vendes de manera en l\u00ednia).<\/p>\n<p><b><span data-contrast=\"none\">2. FORMA DE GESTI\u00d3.<\/span><\/b><span data-ccp-props=\"{&quot;335551550&quot;:6,&quot;335551620&quot;:6}\">\u00a0<\/span><\/p>\n<p>La campanya es gestionar\u00e0 mitjan\u00e7ant la Federaci\u00f3 Alacantina de Comer\u00e7 de la Petita i Mitjana Empresa (d&#8217;ara en avant FACPYME), que actuar\u00e0 com a entitat col\u00b7laboradora, en nom i per compte de l&#8217;Ajuntament d&#8217;Elx, amb car\u00e0cter general relacionats amb la subvenci\u00f3 i d&#8217;acord amb el conveni establit entre ambdues parts.<\/p>\n<p><b><span data-contrast=\"none\">3. ESTABLIMENTS COMERCIALS PARTICIPANTS.<\/span><\/b><span data-ccp-props=\"{&quot;335551550&quot;:6,&quot;335551620&quot;:6}\">\u00a0<\/span><\/p>\n<p>Seran establiments comercials participants del programa <strong>&#8220;BONS PER A LA RENOVACI\u00d3 D&#8217;ELECTRODOM\u00c8STICS EFICIENTS ENERG\u00c8TICAMENT &#8211; ELX ELECTRO RENOVA&#8221;<\/strong> aquells que s&#8217;adherisquen volunt\u00e0riament a aquest, que accepten rebre el bo i descomptar el seu import de les compres realitzades pels consumidors.<\/p>\n<p>L&#8217;establiment es localitzar\u00e0 al terme municipal d&#8217;Elx. Si es tracta d&#8217;activitat comercial en l\u00ednia, el seu domicili fiscal ha d&#8217;estar tamb\u00e9 al municipi d&#8217;Elx (segons certificat de situaci\u00f3 en el cens d&#8217;activitats econ\u00f2miques de l&#8217;Ag\u00e8ncia Estatal d&#8217;Administraci\u00f3 Tribut\u00e0ria).<\/p>\n<p><b><span data-contrast=\"none\">4. ADHESI\u00d3 A LA CAMPANYA D&#8217;ESTABLIMENTS COMERCIALS.<\/span><\/b><span data-ccp-props=\"{&quot;335551550&quot;:6,&quot;335551620&quot;:6}\">\u00a0<\/span><\/p>\n<p><span data-ccp-props=\"{&quot;335551550&quot;:6,&quot;335551620&quot;:6}\">La participaci\u00f3 dels establiments que disposen dels seg\u00fcents productes:<\/span><\/p>\n<p>Es podran adquirir ELECTRODOM\u00c8STICS EFICIENTS ENERG\u00c8TICAMENT &#8211; ELX ELECTRO RENOVA que com a m\u00ednim s&#8217;ajusten a les seg\u00fcents categories:<\/p>\n<ul>\n<li>Frigor\u00edfics, <em>Side by side <\/em>i<em> Combis<\/em> iguals o superiors a la categoria D d&#8217;acord amb el Reglament UE 2017\/1369<\/li>\n<li>Llavadores iguals o superiors a la categoria C d&#8217;acord amb el Reglament UE 2017\/1369<\/li>\n<li>Llavaplats m\u00ednim de la categoria D d&#8217;acord amb el Reglament UE 2017\/1369<\/li>\n<li>Assecadores iguals o superiors a la categoria A++ d&#8217;acord amb la Directiva Europea 2010\/30 o el seu equivalent en l&#8217;actual Reglament UE 2017\/1369<\/li>\n<li>Forns iguals o superiors a la categoria A+ d&#8217;acord amb la Directiva Europea 2010\/30 o el seu equivalent en l&#8217;actual Reglament UE 2017\/1369<\/li>\n<li>Plaques de cocci\u00f3 d&#8217;inducci\u00f3.<\/li>\n<\/ul>\n<p>La sol\u00b7licitud d&#8217;adhesi\u00f3 i participaci\u00f3 es formalitzar\u00e0 a trav\u00e9s dels responsables de la captaci\u00f3 de comer\u00e7os de FACPYME, de manera presencial.<\/p>\n<p>En el lloc web de la campanya s&#8217;inclour\u00e0 la informaci\u00f3 necess\u00e0ria sobre la documentaci\u00f3 a presentar pels establiments que vulguen adherir-se i els terminis per a fer efectiva aquesta. Els establiments podran adherir-se durant tota la campanya fins a la finalitzaci\u00f3 de la disponibilitat dels bons.<\/p>\n<p><b><span data-contrast=\"none\">5. FUNCIONAMENT DE LA CAMPANYA I CONDICIONS DE PARTICIPACI\u00d3.<\/span><\/b><span data-ccp-props=\"{&quot;335551550&quot;:6,&quot;335551620&quot;:6}\">\u00a0<\/span><\/p>\n<p>Podran ser benefici\u00e0ries d&#8217;aquesta campanya les persones majors de 18 anys, mitjan\u00e7ant comprovaci\u00f3 del DNI. El requisit de la majoria d&#8217;edat s&#8217;exigeix en la data d&#8217;adquisici\u00f3 del bo.<\/p>\n<p>Els bons seran els seg\u00fcents:<\/p>\n<ul>\n<li style=\"list-style-type: none;\">\n<ul>\n<li data-leveltext=\"\uf0b7\" data-font=\"Symbol\" data-listid=\"2\" data-list-defn-props=\"{&quot;335552541&quot;:1,&quot;335559684&quot;:-2,&quot;335559685&quot;:720,&quot;335559991&quot;:360,&quot;469769226&quot;:&quot;Symbol&quot;,&quot;469769242&quot;:[8226],&quot;469777803&quot;:&quot;left&quot;,&quot;469777804&quot;:&quot;\uf0b7&quot;,&quot;469777815&quot;:&quot;hybridMultilevel&quot;}\" aria-setsize=\"-1\" data-aria-posinset=\"2\" data-aria-level=\"1\"><span data-contrast=\"none\">Bons de 200,00 \u20ac pels quals caldr\u00e0 pagar 50,00 \u20ac resultant el total del bo 250,00 \u20ac \u00a0<\/span><\/li>\n<li data-leveltext=\"\uf0b7\" data-font=\"Symbol\" data-listid=\"2\" data-list-defn-props=\"{&quot;335552541&quot;:1,&quot;335559684&quot;:-2,&quot;335559685&quot;:720,&quot;335559991&quot;:360,&quot;469769226&quot;:&quot;Symbol&quot;,&quot;469769242&quot;:[8226],&quot;469777803&quot;:&quot;left&quot;,&quot;469777804&quot;:&quot;\uf0b7&quot;,&quot;469777815&quot;:&quot;hybridMultilevel&quot;}\" aria-setsize=\"-1\" data-aria-posinset=\"3\" data-aria-level=\"1\"><span data-contrast=\"none\">Bons de 300,00 \u20ac pels quals caldr\u00e0 pagar 60,00\u20ac resultant el total del bo 360,00 \u20ac \u00a0<\/span><\/li>\n<\/ul>\n<\/li>\n<\/ul>\n<p>Es podran adquirir ELECTRODOM\u00c8STICS EFICIENTS ENERG\u00c8TICAMENT &#8211; ELX ELECTRO RENOVA que com a m\u00ednim s&#8217;ajusten a les seg\u00fcents categories:<\/p>\n<ul>\n<li style=\"list-style-type: none;\">\n<ul>\n<li>Frigor\u00edfics, <em>Side by side <\/em>i<em> Combis<\/em> iguals o superiors a la categoria D d&#8217;acord amb el Reglament UE 2017\/1369<\/li>\n<li>Llavadores iguals o superiors a la categoria C d&#8217;acord amb el Reglament UE 2017\/1369<\/li>\n<li>Llavaplats m\u00ednim de la categoria D d&#8217;acord amb el Reglament UE 2017\/1369<\/li>\n<li>Assecadores iguals o superiors a la categoria A++ d&#8217;acord amb la Directiva Europea 2010\/30 o el seu equivalent en l&#8217;actual Reglament UE 2017\/1369<\/li>\n<li>Forns iguals o superiors a la categoria A+ d&#8217;acord amb la Directiva Europea 2010\/30 o el seu equivalent en l&#8217;actual Reglament UE 2017\/1369<\/li>\n<li>Plaques de cocci\u00f3 d&#8217;inducci\u00f3.<\/li>\n<\/ul>\n<\/li>\n<\/ul>\n<ul>\n<li data-leveltext=\"\uf0b7\" data-font=\"Symbol\" data-listid=\"2\" data-list-defn-props=\"{&quot;335552541&quot;:1,&quot;335559684&quot;:-2,&quot;335559685&quot;:1440,&quot;335559991&quot;:360,&quot;469769226&quot;:&quot;Symbol&quot;,&quot;469769242&quot;:[8226],&quot;469777803&quot;:&quot;left&quot;,&quot;469777804&quot;:&quot;\uf0b7&quot;,&quot;469777815&quot;:&quot;hybridMultilevel&quot;}\" aria-setsize=\"-1\" data-aria-posinset=\"5\" data-aria-level=\"2\">El nombre de bons de cada import es podr\u00e0 anar modificant en funci\u00f3 de la demanda. De manera que, si durant la campanya s&#8217;ha esgotat alguna tipologia de bons, perqu\u00e8 s\u00f3n els que m\u00e9s demanda tenen, es podr\u00e0 baixar el nombre de bons dels de menys demanda i augmentar els de major.<\/li>\n<li data-leveltext=\"\uf0b7\" data-font=\"Symbol\" data-listid=\"2\" data-list-defn-props=\"{&quot;335552541&quot;:1,&quot;335559684&quot;:-2,&quot;335559685&quot;:1440,&quot;335559991&quot;:360,&quot;469769226&quot;:&quot;Symbol&quot;,&quot;469769242&quot;:[8226],&quot;469777803&quot;:&quot;left&quot;,&quot;469777804&quot;:&quot;\uf0b7&quot;,&quot;469777815&quot;:&quot;hybridMultilevel&quot;}\" aria-setsize=\"-1\" data-aria-posinset=\"5\" data-aria-level=\"2\">Cada bo s&#8217;haur\u00e0 d&#8217;utilitzar en una \u00fanica compra.<\/li>\n<li data-leveltext=\"\uf0b7\" data-font=\"Symbol\" data-listid=\"2\" data-list-defn-props=\"{&quot;335552541&quot;:1,&quot;335559684&quot;:-2,&quot;335559685&quot;:1440,&quot;335559991&quot;:360,&quot;469769226&quot;:&quot;Symbol&quot;,&quot;469769242&quot;:[8226],&quot;469777803&quot;:&quot;left&quot;,&quot;469777804&quot;:&quot;\uf0b7&quot;,&quot;469777815&quot;:&quot;hybridMultilevel&quot;}\" aria-setsize=\"-1\" data-aria-posinset=\"5\" data-aria-level=\"2\">Cada bo adquirit tindr\u00e0 validesa fins al 7 novembre de 2022.<\/li>\n<li data-leveltext=\"\uf0b7\" data-font=\"Symbol\" data-listid=\"2\" data-list-defn-props=\"{&quot;335552541&quot;:1,&quot;335559684&quot;:-2,&quot;335559685&quot;:1440,&quot;335559991&quot;:360,&quot;469769226&quot;:&quot;Symbol&quot;,&quot;469769242&quot;:[8226],&quot;469777803&quot;:&quot;left&quot;,&quot;469777804&quot;:&quot;\uf0b7&quot;,&quot;469777815&quot;:&quot;hybridMultilevel&quot;}\" aria-setsize=\"-1\" data-aria-posinset=\"5\" data-aria-level=\"2\">La compra realitzada amb el bo ha de ser superior o igual a l&#8217;import del bo.<\/li>\n<li data-leveltext=\"\uf0b7\" data-font=\"Symbol\" data-listid=\"2\" data-list-defn-props=\"{&quot;335552541&quot;:1,&quot;335559684&quot;:-2,&quot;335559685&quot;:1440,&quot;335559991&quot;:360,&quot;469769226&quot;:&quot;Symbol&quot;,&quot;469769242&quot;:[8226],&quot;469777803&quot;:&quot;left&quot;,&quot;469777804&quot;:&quot;\uf0b7&quot;,&quot;469777815&quot;:&quot;hybridMultilevel&quot;}\" aria-setsize=\"-1\" data-aria-posinset=\"5\" data-aria-level=\"2\">El consumidor o consumidora abonar\u00e0 la difer\u00e8ncia econ\u00f2mica entre l&#8217;import del bo i l&#8217;import de la compra realitzada.<\/li>\n<li data-leveltext=\"\uf0b7\" data-font=\"Symbol\" data-listid=\"2\" data-list-defn-props=\"{&quot;335552541&quot;:1,&quot;335559684&quot;:-2,&quot;335559685&quot;:1440,&quot;335559991&quot;:360,&quot;469769226&quot;:&quot;Symbol&quot;,&quot;469769242&quot;:[8226],&quot;469777803&quot;:&quot;left&quot;,&quot;469777804&quot;:&quot;\uf0b7&quot;,&quot;469777815&quot;:&quot;hybridMultilevel&quot;}\" aria-setsize=\"-1\" data-aria-posinset=\"5\" data-aria-level=\"2\">Cada consumidor o consumidora podr\u00e0 adquirir un bo per a poder canviar-lo als establiments adherits a la campanya.<\/li>\n<li data-leveltext=\"\uf0b7\" data-font=\"Symbol\" data-listid=\"2\" data-list-defn-props=\"{&quot;335552541&quot;:1,&quot;335559684&quot;:-2,&quot;335559685&quot;:1440,&quot;335559991&quot;:360,&quot;469769226&quot;:&quot;Symbol&quot;,&quot;469769242&quot;:[8226],&quot;469777803&quot;:&quot;left&quot;,&quot;469777804&quot;:&quot;\uf0b7&quot;,&quot;469777815&quot;:&quot;hybridMultilevel&quot;}\" aria-setsize=\"-1\" data-aria-posinset=\"5\" data-aria-level=\"2\">El consumidor o consumidora haur\u00e0 lliurar l&#8217;electrodom\u00e8stic que renova a l&#8217;establiment on fa\u00e7a efectiu el canvi del bo.<\/li>\n<li data-leveltext=\"\uf0b7\" data-font=\"Symbol\" data-listid=\"2\" data-list-defn-props=\"{&quot;335552541&quot;:1,&quot;335559684&quot;:-2,&quot;335559685&quot;:1440,&quot;335559991&quot;:360,&quot;469769226&quot;:&quot;Symbol&quot;,&quot;469769242&quot;:[8226],&quot;469777803&quot;:&quot;left&quot;,&quot;469777804&quot;:&quot;\uf0b7&quot;,&quot;469777815&quot;:&quot;hybridMultilevel&quot;}\" aria-setsize=\"-1\" data-aria-posinset=\"5\" data-aria-level=\"2\">Els beneficiaris dels bons hauran d&#8217;acreditar als establiments que s\u00f3n residents al municipi d&#8217;Elx a trav\u00e9s de la presentaci\u00f3 del DNI o del padr\u00f3 municipal.<\/li>\n<li data-leveltext=\"\uf0b7\" data-font=\"Symbol\" data-listid=\"2\" data-list-defn-props=\"{&quot;335552541&quot;:1,&quot;335559684&quot;:-2,&quot;335559685&quot;:1440,&quot;335559991&quot;:360,&quot;469769226&quot;:&quot;Symbol&quot;,&quot;469769242&quot;:[8226],&quot;469777803&quot;:&quot;left&quot;,&quot;469777804&quot;:&quot;\uf0b7&quot;,&quot;469777815&quot;:&quot;hybridMultilevel&quot;}\" aria-setsize=\"-1\" data-aria-posinset=\"5\" data-aria-level=\"2\">En cas de devoluci\u00f3 del producte, en cap cas s&#8217;abonar\u00e0 la quantia econ\u00f2mica del bo.<\/li>\n<li data-leveltext=\"\uf0b7\" data-font=\"Symbol\" data-listid=\"2\" data-list-defn-props=\"{&quot;335552541&quot;:1,&quot;335559684&quot;:-2,&quot;335559685&quot;:1440,&quot;335559991&quot;:360,&quot;469769226&quot;:&quot;Symbol&quot;,&quot;469769242&quot;:[8226],&quot;469777803&quot;:&quot;left&quot;,&quot;469777804&quot;:&quot;\uf0b7&quot;,&quot;469777815&quot;:&quot;hybridMultilevel&quot;}\" aria-setsize=\"-1\" data-aria-posinset=\"5\" data-aria-level=\"2\">Els electrodom\u00e8stics adquirits mitjan\u00e7ant aquesta subvenci\u00f3 no podran ser posats a la venda durant el per\u00edode de dos anys.<\/li>\n<li data-leveltext=\"\uf0b7\" data-font=\"Symbol\" data-listid=\"2\" data-list-defn-props=\"{&quot;335552541&quot;:1,&quot;335559684&quot;:-2,&quot;335559685&quot;:1440,&quot;335559991&quot;:360,&quot;469769226&quot;:&quot;Symbol&quot;,&quot;469769242&quot;:[8226],&quot;469777803&quot;:&quot;left&quot;,&quot;469777804&quot;:&quot;\uf0b7&quot;,&quot;469777815&quot;:&quot;hybridMultilevel&quot;}\" aria-setsize=\"-1\" data-aria-posinset=\"5\" data-aria-level=\"2\">L&#8217;Ajuntament d&#8217;Elx podr\u00e0, durant el per\u00edode d&#8217;un any, comprovar la propietat d&#8217;aquells electrodom\u00e8stics adquirits mitjan\u00e7ant aquesta subvenci\u00f3.<\/li>\n<\/ul>\n<p><b><span data-contrast=\"none\">6. COBRAMENT DELS BONS PELS COMERCIANTS.\u00a0<\/span><\/b><\/p>\n<p>La persona titular de l&#8217;establiment comercial haur\u00e0 de fer una foto del tiquet de la venda realitzada i pujar-la a la plataforma digital. En el tiquet constar\u00e0 el seu nom i NIF. Al tiquet s&#8217;afegir\u00e0 el nom, cognoms i NIF de qui haja realitzat la compra.<\/p>\n<p>L&#8217;import dels bons que hagen sigut canviats ser\u00e0 compensat als establiments adherits per part de FACPYME, a trav\u00e9s de transfer\u00e8ncia banc\u00e0ria.<\/p>\n<p><b><span data-contrast=\"none\">7. MARC TEMPORAL DE LA CAMPANYA.<\/span><\/b><span data-ccp-props=\"{&quot;335551550&quot;:6,&quot;335551620&quot;:6}\">\u00a0<\/span><\/p>\n<p>La campanya per als consumidors s&#8217;iniciar\u00e0 el dia 14 d&#8217;octubre de 2022 amb el registre d&#8217;usuaris i s&#8217;estendr\u00e0 fins al 7 de novembre de 2022.<\/p>\n<p><b><span data-contrast=\"none\">8. PUBLICITAT.<\/span><\/b><span data-ccp-props=\"{&quot;335551550&quot;:6,&quot;335551620&quot;:6}\">\u00a0<\/span><\/p>\n<p><span data-contrast=\"none\">Les condicions de participaci\u00f3 en el PROGRAMA &#8220;BONS PER A LA RENOVACI\u00d3 D&#8217;ELECTRODOM\u00c8STICS EFICIENTS ENERG\u00c8TICAMENT &#8211; ELX ELECTRO RENOVA&#8221; es publicaran en la web de l&#8217;Ajuntament d&#8217;Elx i <a href=\"https:\/\/elxelectrorenova.es\/\">en la web creada per FACPYME<\/a>.<\/span><span data-ccp-props=\"{&quot;335551550&quot;:6,&quot;335551620&quot;:6}\">\u00a0<\/span>[\/vc_column_text][\/vc_column][\/vc_row]<\/p>\n<\/div>","protected":false},"excerpt":{"rendered":"<p>[vc_row full_width=&#8221;stretch_row_content_no_spaces&#8221; css=&#8221;.vc_custom_1663588492163{background-position: center !important;background-repeat: no-repeat !important;background-size: cover !important;}&#8221; el_class=&#8221;cuadrocabecerafoto&#8221;][vc_column][vc_single_image image=&#8221;216987&#8243; img_size=&#8221;full&#8221; alignment=&#8221;center&#8221; el_class=&#8221;cabecerasolofoto&#8221;][\/vc_column][\/vc_row][vc_row css=&#8221;.vc_custom_1665738855069{margin-top: 30px !important;}&#8221;][vc_column][vc_column_text]PROGRAMA DE REACTIVACI\u00d3 DEL CONSUM I ESTALVI ENERG\u00c8TIC A TRAV\u00c9S DE LA COMPRA DE [&hellip;]<\/p>\n","protected":false},"author":139,"featured_media":0,"parent":0,"menu_order":0,"comment_status":"closed","ping_status":"closed","template":"","meta":{"footnotes":""},"class_list":["post-216972","page","type-page","status-publish","hentry"],"_links":{"self":[{"href":"https:\/\/www.elche.es\/va\/wp-json\/wp\/v2\/pages\/216972","targetHints":{"allow":["GET"]}}],"collection":[{"href":"https:\/\/www.elche.es\/va\/wp-json\/wp\/v2\/pages"}],"about":[{"href":"https:\/\/www.elche.es\/va\/wp-json\/wp\/v2\/types\/page"}],"author":[{"embeddable":true,"href":"https:\/\/www.elche.es\/va\/wp-json\/wp\/v2\/users\/139"}],"replies":[{"embeddable":true,"href":"https:\/\/www.elche.es\/va\/wp-json\/wp\/v2\/comments?post=216972"}],"version-history":[{"count":0,"href":"https:\/\/www.elche.es\/va\/wp-json\/wp\/v2\/pages\/216972\/revisions"}],"wp:attachment":[{"href":"https:\/\/www.elche.es\/va\/wp-json\/wp\/v2\/media?parent=216972"}],"curies":[{"name":"wp","href":"https:\/\/api.w.org\/{rel}","templated":true}]}}