{"id":217243,"date":"2022-10-17T07:53:36","date_gmt":"2022-10-17T06:53:36","guid":{"rendered":"https:\/\/www.elche.es\/?page_id=217243"},"modified":"2022-11-21T13:36:51","modified_gmt":"2022-11-21T12:36:51","slug":"el-llibre-les-pedanies-del-camp-delx-de-baltasar-brotons-garcia","status":"publish","type":"page","link":"https:\/\/www.elche.es\/va\/pedanias\/el-llibre-les-pedanies-del-camp-delx-de-baltasar-brotons-garcia\/","title":{"rendered":"El llibre Les pedanies del camp d&#8217;Elx de Baltasar Brotons Garc\u00eda"},"content":{"rendered":"<div class=\"wpb-content-wrapper\"><p>[vc_row][vc_column][vc_column_text]<nav aria-label=\"breadcrumbs\">\n            <div class=\"breadcrumb-container theme1\">\n                <ol>\n                                    <\/ol>\n            <\/div>\n        <\/nav>    <script type=\"application\/ld+json\">\n        {\n            \"@context\": \"http:\/\/schema.org\",\n            \"@type\": \"BreadcrumbList\",\n            \"itemListElement\": [\n                            ]\n        }\n    <\/script>\n    <style type=\"text\/css\">\n        .breadcrumb-container {\n            font-size: 13px;\n        }\n\n        .breadcrumb-container ul {\n            margin: 0;\n            padding: 0;\n        }\n\n        .breadcrumb-container li {\n            box-sizing: unset;\n            display: inline-block;\n            margin: 0;\n            padding: 0;\n        }\n\n        .breadcrumb-container li a {\n            box-sizing: unset;\n            padding: 0 10px;\n        }\n\n        .breadcrumb-container {\n            font-size: 3 !important;\n                    }\n\n        .breadcrumb-container li a {\n            color: #0a0a0a !important;\n            font-size: 3 !important;\n            line-height: 3 !important;\n                    }\n\n        .breadcrumb-container li .separator {\n            font-size: 3 !important;\n                    }\n\n        .breadcrumb-container li:last-child .separator {\n            display: none;\n        }\n    <\/style>\n    <style type=\"text\/css\">\n        .breadcrumb-container.theme1 li {\n            margin: 0;\n            padding: 0;\n        }\n        .breadcrumb-container.theme1 a {\n            background: ;\n            display: inline-block;\n            margin: 0 5px;\n            padding: 5px 10px;\n            text-decoration: none;\n        }\n    <\/style>\n        <style type=\"text\/css\">\n            <\/style>\n    <script>\n            <\/script>\n[\/vc_column_text][\/vc_column][\/vc_row][vc_row][vc_column]<h3 class=\"sc_title sc_title_regular\"><span style=\"font-family: georgia, palatino, serif;\">El llibre <em>Les Pedanies del camp d&#8217;Elx<\/em> de Baltasar Brotons Garc\u00eda<\/span><\/h3>[\/vc_column][\/vc_row][vc_row][vc_column][vc_row_inner][vc_column_inner width=&#8221;2\/3&#8243;][vc_column_text]La hist\u00f2ria i la comprensi\u00f3 de la realitat de la ciutat d&#8217;Elx est\u00e0 incompleta si no compta amb un coneixement de l&#8217;extensi\u00f3 rural que l&#8217;envolta, del camp d&#8217;Elx. La literatura existent sobre aquest tema \u00e9s escassa i fragmentada.<\/p>\n<p>Baltasar Brotons \u00e9s una de les persones que millor va con\u00e9ixer, per inter\u00e9s i vinculaci\u00f3, aquesta realitat. I aquest llibre publicat per l&#8217;Ajuntament d&#8217;Elx \/ Regidoria de Cultura en la seua col\u00b7lecci\u00f3 Temes d\u2019Elx, \u00e9s una cr\u00f2nica de gran valor per a recuperar la mem\u00f2ria i donar a con\u00e9ixer l&#8217;ess\u00e8ncia de la cultura rural il\u00b7licitana.<\/p>\n<p>En aquest ens parla de les caracter\u00edstiques f\u00edsiques del terme municipal i de cadascuna de les partides, incloent-hi aquelles que ja no existeixen, de la seua extensi\u00f3, de la superf\u00edcie que ocupen les terres de regadiu i les de sec\u00e0. Per\u00f2 tamb\u00e9 de les gents del Camp d\u2019Elx, de la seua manera de ser, de les seues an\u00e8cdotes, i de la seua hist\u00f2ria i dels principals fets que al llarg del temps han marcat la seua evoluci\u00f3 i la seua transformaci\u00f3 de partides rurals en pedanies.<\/p>\n<p>L&#8217;incansable treball de Baltasar Brotons s&#8217;ha tradu\u00eft en un bon nombre de llibres que cal esmentar. No nom\u00e9s <em>Les pedanies del camp d\u2019Elx<\/em>, t\u00edtols com ara <em>Historia del Campo de Elche<\/em>, <em>Agrodelx<\/em>, <em>El Camp d\u2019Elx<\/em>, <em>La agricultura ilicitana, de ayer a hoy<\/em>, <em>El futuro del Campo de Elche<\/em> o <em>El cultiu de la Palmera Datilera a Elx<\/em> s\u00f3n nom\u00e9s una mostra de com ens ha fet arribar des de la seua experi\u00e8ncia i la seua incansable \u00e0nsia de saber all\u00f2 que millor va con\u00e9ixer: la realitat del Camp d&#8217;Elx a la llum de la seua llarga hist\u00f2ria i tradici\u00f3.[\/vc_column_text][\/vc_column_inner][vc_column_inner width=&#8221;1\/3&#8243;][vc_column_text]<\/p>\n<pre><span style=\"font-size: 10pt;\">Contingut del llibre:\r\n<a href=\"https:\/\/www.elche.es\/wp-content\/uploads\/2022\/03\/pedanias-cubierta-y-contra-ow.pdf\" target=\"_blank\" rel=\"noopener\">Cubierta<\/a>\r\n<a href=\"https:\/\/www.elche.es\/wp-content\/uploads\/2022\/03\/pedanias-portada-pagina-legal-indice-ow.pdf\" target=\"_blank\" rel=\"noopener\">Portada<\/a>\r\n<a href=\"https:\/\/www.elche.es\/wp-content\/uploads\/2022\/03\/pedanias-proleg-ow.pdf\" target=\"_blank\" rel=\"noopener\">Pr\u00f2leg<\/a>\r\n<a href=\"https:\/\/www.elche.es\/wp-content\/uploads\/2022\/03\/pedanias-notes-previes-ow.pdf\" target=\"_blank\" rel=\"noopener\">Notes pr\u00e8vies<\/a>\r\n<a href=\"https:\/\/www.elche.es\/wp-content\/uploads\/2022\/03\/pedanias-terme-municipal-ow.pdf\" target=\"_blank\" rel=\"noopener\">El terme municipal d'Elx<\/a>\r\n<a href=\"https:\/\/www.elche.es\/wp-content\/uploads\/2018\/06\/Algoda.pdf\" target=\"_blank\" rel=\"noopener\">L'Algoda<\/a>\r\n<a href=\"https:\/\/www.elche.es\/wp-content\/uploads\/2018\/06\/Algoros.pdf\" target=\"_blank\" rel=\"noopener\">Algor\u00f3s<\/a>\r\n<a href=\"https:\/\/www.elche.es\/wp-content\/uploads\/2018\/06\/Altabix.pdf\" target=\"_blank\" rel=\"noopener\">Altabix<\/a>\r\n<a href=\"https:\/\/www.elche.es\/wp-content\/uploads\/2018\/06\/LAltet.pdf\" target=\"_blank\" rel=\"noopener\">L'Altet<\/a>\r\n<a href=\"https:\/\/www.elche.es\/wp-content\/uploads\/2022\/03\/Atzavares-alt.pdf\" target=\"_blank\" rel=\"noopener\">Atzavares Alt<\/a>\r\n<a href=\"https:\/\/www.elche.es\/wp-content\/uploads\/2022\/03\/Atzavares-baix.pdf\" target=\"_blank\" rel=\"noopener\">Atzavares Baix<\/a>\r\n<a href=\"https:\/\/www.elche.es\/wp-content\/uploads\/2018\/05\/Asprella.pdf\" target=\"_blank\" rel=\"noopener\">Asprella<\/a>\r\n<a href=\"https:\/\/www.elche.es\/wp-content\/uploads\/2018\/06\/Els-Bassars.pdf\" target=\"_blank\" rel=\"noopener\">Els Bassars<\/a>\r\n<a href=\"https:\/\/www.elche.es\/wp-content\/uploads\/2018\/06\/La-Baia.pdf\" target=\"_blank\" rel=\"noopener\">La Baia<\/a>\r\n<a href=\"https:\/\/www.elche.es\/wp-content\/uploads\/2018\/05\/La-Marina.pdf\" target=\"_blank\" rel=\"noopener\">Carritxars, El Molar i La Marina de Pinet<\/a>\r\n<a href=\"https:\/\/www.elche.es\/wp-content\/uploads\/2018\/05\/Carrus.pdf\" target=\"_blank\" rel=\"noopener\">Carr\u00fas<\/a>\r\n<a href=\"https:\/\/www.elche.es\/wp-content\/uploads\/2018\/05\/Daimes.pdf\" target=\"_blank\" rel=\"noopener\">Daim\u00e9s<\/a>\r\n<a href=\"https:\/\/www.elche.es\/wp-content\/uploads\/2018\/06\/El-Derramador.pdf\" target=\"_blank\" rel=\"noopener\">El Derramador<\/a>\r\n<a href=\"https:\/\/www.elche.es\/wp-content\/uploads\/2018\/06\/Ferriol_Les-Vallongues_Santa-Anna.pdf\" target=\"_blank\" rel=\"noopener\">Ferriol, Les Vall-Llongues i Santa Anna<\/a>\r\n<a href=\"https:\/\/www.elche.es\/wp-content\/uploads\/2018\/05\/La-Foia.pdf\" target=\"_blank\" rel=\"noopener\">La Foia<\/a>\r\n<a href=\"https:\/\/www.elche.es\/wp-content\/uploads\/2022\/03\/pedanias-horts-i-molins-ow.pdf\" target=\"_blank\" rel=\"noopener\">Horts i Molins<\/a>\r\n<a href=\"https:\/\/www.elche.es\/wp-content\/uploads\/2018\/06\/Jubalcoi-i-Salades.pdf\" target=\"_blank\" rel=\"noopener\">Jubalcoi i Les Salades<\/a>\r\n<a href=\"https:\/\/www.elche.es\/wp-content\/uploads\/2018\/06\/El-Pla-de-Sant-Josep.pdf\" target=\"_blank\" rel=\"noopener\">El Pla de Sant Josep<\/a>\r\n<a href=\"https:\/\/www.elche.es\/wp-content\/uploads\/2018\/06\/Matola.pdf\" target=\"_blank\" rel=\"noopener\">Matola<\/a>\r\n<a href=\"https:\/\/www.elche.es\/wp-content\/uploads\/2018\/06\/La-Penya-de-les-Aguiles.pdf\" target=\"_blank\" rel=\"noopener\">La Penya de les \u00c0guiles<\/a>\r\n<a href=\"https:\/\/www.elche.es\/wp-content\/uploads\/2018\/05\/Perleta_Maitino.pdf\" target=\"_blank\" rel=\"noopener\">Perleta i Maitino<\/a>\r\n<a href=\"https:\/\/www.elche.es\/wp-content\/uploads\/2018\/06\/Pu\u00e7ol.pdf\" target=\"_blank\" rel=\"noopener\">Pu\u00e7ol<\/a>\r\n<a href=\"https:\/\/www.elche.es\/wp-content\/uploads\/2022\/03\/Torrellano-alt.pdf\" target=\"_blank\" rel=\"noopener\">Torrellano Alt<\/a>\r\n<a href=\"https:\/\/www.elche.es\/wp-content\/uploads\/2022\/03\/Torrellano-baix.pdf\" target=\"_blank\" rel=\"noopener\">Torrellano Baix<\/a>\r\n<a href=\"https:\/\/www.elche.es\/wp-content\/uploads\/2018\/05\/La-Vallverda.pdf\" target=\"_blank\" rel=\"noopener\">Vallverde Alt i Vallverde Baix<\/a>\r\n<a href=\"https:\/\/www.elche.es\/wp-content\/uploads\/2022\/03\/pedanias-poema-camp-dElx-ow.pdf\" target=\"_blank\" rel=\"noopener\">\u00abCamp d'Elx\u00bb<\/a><\/span><\/pre>\n<p>[\/vc_column_text][\/vc_column_inner][\/vc_row_inner][vc_empty_space][\/vc_column][\/vc_row][vc_row][vc_column width=&#8221;1\/2&#8243;][vc_column_text]BIOGRAFIA:<\/p>\n<p>BROTONS GARC\u00cdA, Baltasar (Elx, 6-IX-1916 &#8211; 28-X-2007). Va n\u00e0ixer al barri del Raval. Els seus pares van pert\u00e0nyer a all\u00f2 que ell considerava la classe mitjana llauradora, que era propiet\u00e0ria d&#8217;entre 50 i 100 tafulles.<\/p>\n<p>Va ser al col\u00b7legi fins als huit anys, edat a la qual va comen\u00e7ar a treballar en el camp, per\u00f2 va continuar estudiant a la nit a les Escoles Graduades.<\/p>\n<p>Entre els seus records destacava quan Alfons XIII va visitar la ciutat per a inaugurar les obres de Regs de Llevant o la proclamaci\u00f3 de la Segona Rep\u00fablica.<\/p>\n<p>L&#8217;any 1932 va ser important per a ell, ja que es va comprar una bicicleta per 70 pessetes i va veure per primera vegada el seu nom impr\u00e9s en la premsa quan va col\u00b7laborar en <em>El Tio Cuc<\/em> d&#8217;Alacant i en <em>El Ilicitano<\/em>.<\/p>\n<p>Es va incorporar a files per la cinquena de 1937 i el seu dest\u00ed va ser la Divisi\u00f3 del <em>Llaurador<\/em> de la qual va aconseguir escapar i va acabar a l&#8217;Escola Popular de Guerra de Val\u00e8ncia, de la qual va eixir com a tinent d&#8217;infanteria. El final de la guerra el va agafar al front d&#8217;Extremadura, en Ciutat Lliure (Ciudad Real) i va acabar demanant almoina per a sobreviure. Va ser identificat com a tinent i el van portar a un batall\u00f3 disciplinari al camp de concentraci\u00f3 Unamuno, als afores de Madrid.<\/p>\n<p>Va ser jutjat per un tribunal militar i per haver escrit articles i poemes (un denominat Nostalgias dedicat a Elx) en la premsa republicana va ser condemnat per auxili a la rebel\u00b7li\u00f3 a dos anys de treballs for\u00e7ats i, mitjan\u00e7ant pic i pala, va construir carreteres a Tenerife i a Fuerteventura.<\/p>\n<p>Al marge d&#8217;aquest episodi, Baltasar va tindre tota una vida dedicada a les seues dues passions: l&#8217;agricultura i l&#8217;escriptura, amb mig centenar de llibres publicats.<\/p>\n<p>Des de 1980 va ser un prolix autor\/editor de llibres de viatges, de novel\u00b7les costumistes, de poesia i sobre agricultura, la seua hist\u00f2ria, la seua realitat i la seua problem\u00e0tica.<\/p>\n<p>Va ser tamb\u00e9 president de la Fira Agr\u00edcola, Industrial i Comercial d&#8217;Elx, secretari de Joves Agricultors. Va rebre la Palma Daurada del Grup Tonico Sansano, el D\u00e0til d\u00b4Or de l&#8217;Associaci\u00f3 d&#8217;informadors d&#8217;Elx, i el Ram d\u2019Or concedit per l&#8217;Ajuntament d&#8217;Elx.<\/p>\n<p>En 2002 l&#8217;Associaci\u00f3 Cultural Pont de la Verge li va dedicar un homenatge i l&#8217;Ajuntament li va dedicar un carrer.<\/p>\n<p><span data-contrast=\"auto\"><img loading=\"lazy\" decoding=\"async\" class=\"alignnone size-full wp-image-217118\" src=\"https:\/\/www.elche.es\/wp-content\/uploads\/2022\/03\/concesion-de-ram-dor-a-Baltasar-Brotons-en-Cau-dart.jpg\" alt=\"\" width=\"320\" height=\"234\" \/><\/span><\/p>\n<p>Font de la biografia:\u00a0 extracte de <em>Entrevista de Miguel Ors Montenegro y Mar\u00eda Gim\u00e9nez el 28 de enero de 2002<\/em>.<\/p>\n<p><a href=\"http:\/\/www.elche.me\/biografia\/brotons-garcia-baltasar-0\">Brotons Garc\u00eda, Baltasar | C\u00e1tedra Pedro Ibarra, Universidad Miguel Hern\u00e1ndez de Elche<\/a>[\/vc_column_text][\/vc_column][vc_column width=&#8221;1\/2&#8243;][vc_column_text]<img loading=\"lazy\" decoding=\"async\" class=\"alignnone size-medium wp-image-217003\" src=\"https:\/\/www.elche.es\/wp-content\/uploads\/2022\/03\/pedanias-cubierta-sola-408x600.jpg\" alt=\"\" width=\"408\" height=\"600\" srcset=\"https:\/\/www.elche.es\/wp-content\/uploads\/2022\/03\/pedanias-cubierta-sola-408x600.jpg 408w, https:\/\/www.elche.es\/wp-content\/uploads\/2022\/03\/pedanias-cubierta-sola.jpg 540w\" sizes=\"auto, (max-width: 408px) 100vw, 408px\" \/>[\/vc_column_text][\/vc_column][\/vc_row][vc_row][vc_column][\/vc_column][\/vc_row]<\/p>\n<\/div>","protected":false},"excerpt":{"rendered":"<p>[vc_row][vc_column][vc_column_text][\/vc_column_text][\/vc_column][\/vc_row][vc_row][vc_column][\/vc_column][\/vc_row][vc_row][vc_column][vc_row_inner][vc_column_inner width=&#8221;2\/3&#8243;][vc_column_text]La hist\u00f2ria i la comprensi\u00f3 de la realitat de la ciutat d&#8217;Elx est\u00e0 incompleta si no compta amb un coneixement de l&#8217;extensi\u00f3 rural que l&#8217;envolta, del camp d&#8217;Elx. La [&hellip;]<\/p>\n","protected":false},"author":131,"featured_media":0,"parent":123787,"menu_order":0,"comment_status":"closed","ping_status":"closed","template":"","meta":{"footnotes":""},"class_list":["post-217243","page","type-page","status-publish","hentry"],"_links":{"self":[{"href":"https:\/\/www.elche.es\/va\/wp-json\/wp\/v2\/pages\/217243","targetHints":{"allow":["GET"]}}],"collection":[{"href":"https:\/\/www.elche.es\/va\/wp-json\/wp\/v2\/pages"}],"about":[{"href":"https:\/\/www.elche.es\/va\/wp-json\/wp\/v2\/types\/page"}],"author":[{"embeddable":true,"href":"https:\/\/www.elche.es\/va\/wp-json\/wp\/v2\/users\/131"}],"replies":[{"embeddable":true,"href":"https:\/\/www.elche.es\/va\/wp-json\/wp\/v2\/comments?post=217243"}],"version-history":[{"count":0,"href":"https:\/\/www.elche.es\/va\/wp-json\/wp\/v2\/pages\/217243\/revisions"}],"up":[{"embeddable":true,"href":"https:\/\/www.elche.es\/va\/wp-json\/wp\/v2\/pages\/123787"}],"wp:attachment":[{"href":"https:\/\/www.elche.es\/va\/wp-json\/wp\/v2\/media?parent=217243"}],"curies":[{"name":"wp","href":"https:\/\/api.w.org\/{rel}","templated":true}]}}