{"id":21775,"date":"2017-05-05T13:20:26","date_gmt":"2017-05-05T12:20:26","guid":{"rendered":"http:\/\/www.elche.es\/va\/competiciones-deportivas\/"},"modified":"2021-05-25T11:21:56","modified_gmt":"2021-05-25T10:21:56","slug":"competicions-esportives","status":"publish","type":"page","link":"https:\/\/www.elche.es\/va\/esports\/competicions-esportives\/","title":{"rendered":"Competicions esportives"},"content":{"rendered":"<div class=\"wpb-content-wrapper\"><p>[vc_row full_width=&#8221;stretch_row&#8221; css=&#8221;.vc_custom_1615552567566{background-image: url(https:\/\/www.elche.es\/wp-content\/uploads\/2021\/03\/DSC06812-scaled.jpg?id=138948) !important;background-position: center !important;background-repeat: no-repeat !important;background-size: cover !important;}&#8221; el_class=&#8221;slidersecciones&#8221;][vc_column][vc_custom_heading text=&#8221;COMPETICIONS ESPORTIVES&#8221; font_container=&#8221;tag:h2|text_align:center|color:%23ffffff&#8221; google_fonts=&#8221;font_family:Ubuntu%3A300%2C300italic%2Cregular%2Citalic%2C500%2C500italic%2C700%2C700italic|font_style:700%20bold%20regular%3A700%3Anormal&#8221; el_class=&#8221;sombraTitulo cabeceramovil&#8221;][\/vc_column][\/vc_row][vc_row][vc_column]<div class=\"templatera_shortcode\"><div id=\"bloque_menu_enlaces\" data-vc-full-width=\"true\" data-vc-full-width-init=\"false\" data-vc-stretch-content=\"true\" class=\"vc_row wpb_row vc_row-fluid bloque_menu_paginas bloquemnuestop vc_custom_1621932290718 vc_row-has-fill vc_row-no-padding\"><div class=\"enlacesdeportes wpb_column vc_column_container vc_col-sm-12\"><div class=\"vc_column-inner\"><div class=\"wpb_wrapper\">\r\n        \r\n        <a class=\"menuVC\"  href=\"https:\/\/www.elche.es\/va\/esports\/\"> <span> Elx Ciutat d'Esports <\/span><\/a>\r\n        \r\n        <a class=\"menuVC\"  href=\"https:\/\/www.elche.es\/va\/esports\/installacions-esportives-municipals\/\"> <span> Instal\u00b7lacions esportives <\/span><\/a>\r\n        \r\n        <a class=\"menuVC\"  href=\"https:\/\/www.elche.es\/va\/esports\/activitats-esportives\/\"> <span> Activitats <\/span><\/a>\r\n        \r\n        <a class=\"menuVC\"  href=\"https:\/\/www.elche.es\/va\/esports\/competicions-esportives\/\"> <span> Competicions <\/span><\/a>\r\n        \r\n        <a class=\"menuVC\"  href=\"https:\/\/www.elche.es\/va\/esports\/\"> <span> Esdeveniments <\/span><\/a>\r\n        \r\n        <a class=\"menuVC\"  href=\"https:\/\/www.elche.es\/va\/senderelx\/\"> <span> Senderelx <\/span><\/a>\r\n        \r\n        <a class=\"menuVC\"  href=\"https:\/\/elche.i2a.es\/CronosWeb\/Login\"> <span> Gesti\u00f3 d\u2019usuaris <\/span><\/a><\/div><\/div><\/div><\/div><div class=\"vc_row-full-width vc_clearfix\"><\/div><\/div>[\/vc_column][\/vc_row][vc_row full_width=&#8221;stretch_row&#8221; css=&#8221;.vc_custom_1475484188729{background-color: #dddde0 !important;}&#8221;][vc_column][vc_column_text]<nav aria-label=\"breadcrumbs\">\n            <div class=\"breadcrumb-container theme1\">\n                <ol>\n                                    <\/ol>\n            <\/div>\n        <\/nav>    <script type=\"application\/ld+json\">\n        {\n            \"@context\": \"http:\/\/schema.org\",\n            \"@type\": \"BreadcrumbList\",\n            \"itemListElement\": [\n                            ]\n        }\n    <\/script>\n    <style type=\"text\/css\">\n        .breadcrumb-container {\n            font-size: 13px;\n        }\n\n        .breadcrumb-container ul {\n            margin: 0;\n            padding: 0;\n        }\n\n        .breadcrumb-container li {\n            box-sizing: unset;\n            display: inline-block;\n            margin: 0;\n            padding: 0;\n        }\n\n        .breadcrumb-container li a {\n            box-sizing: unset;\n            padding: 0 10px;\n        }\n\n        .breadcrumb-container {\n            font-size: 3 !important;\n                    }\n\n        .breadcrumb-container li a {\n            color: #0a0a0a !important;\n            font-size: 3 !important;\n            line-height: 3 !important;\n                    }\n\n        .breadcrumb-container li .separator {\n            font-size: 3 !important;\n                    }\n\n        .breadcrumb-container li:last-child .separator {\n            display: none;\n        }\n    <\/style>\n    <style type=\"text\/css\">\n        .breadcrumb-container.theme1 li {\n            margin: 0;\n            padding: 0;\n        }\n        .breadcrumb-container.theme1 a {\n            background: ;\n            display: inline-block;\n            margin: 0 5px;\n            padding: 5px 10px;\n            text-decoration: none;\n        }\n    <\/style>\n        <style type=\"text\/css\">\n            <\/style>\n    <script>\n            <\/script>\n[\/vc_column_text][\/vc_column][\/vc_row][vc_row css=&#8221;.vc_custom_1475850882313{margin-top: 40px !important;margin-bottom: 40px !important;background-color: #ffffff !important;}&#8221;][vc_column width=&#8221;1\/4&#8243; css=&#8221;.vc_custom_1475847889991{padding-left: 0px !important;}&#8221;][vc_single_image image=&#8221;22518&#8243; img_size=&#8221;full&#8221; css=&#8221;.vc_custom_1494571569290{padding-left: 0px !important;}&#8221;][\/vc_column][vc_column width=&#8221;3\/4&#8243;]<h5 class=\"sc_title sc_title_regular margin_top_tiny margin_bottom_tiny\">Jocs escolars<\/h5>[vc_column_text css=&#8221;.vc_custom_1535353270731{padding-bottom: 30px !important;}&#8221;]Els jocs escolars municipals comprenen trobades esportives dirigides als joves en edat escolar, i s&#8217;hi contemplen valors formatius i constructors de la personalitat que han de considerar-se en aquestes\u00a0edats. Participen xiquets i xiquetes des de categoria prebenjam\u00ed fins a juvenil. Es poden inscriure en modalitats esportives com per exemple: futbol sala, b\u00e0squet, handbol, voleibol, atletisme, etc.<\/p>\n<p>Donen comen\u00e7ament amb el Cross Escolar a finals d&#8217;octubre. Moment a partir del qual s&#8217;estableix el calendari de les diferents competicions, i se celebren trobades cada cap de setmana durant tot el curs escolar. La Milla Escolar, a comen\u00e7ament de juny, \u00e9s la carrera que posa el punt i final a la temporada. Per a culminar, s&#8217;organitza un acte de clausura, en el qual es fa entrega dels trofeus i medalles als participants.<\/p>\n<p>Les bases generals dels jocs esportius municipals, es poden consultar en: <a href=\"http:\/\/www.ceice.gva.es\/web\/deporte\/jocs-esportius\">www.ceice.gva.es\/web\/deporte\/jocs-esportius<\/a><\/p>\n<p>La normativa, documentaci\u00f3 i terminis d&#8217;inscripci\u00f3, aix\u00ed com calendaris i resultats de la competici\u00f3 es poden\u00a0consultar en <a href=\"https:\/\/competiciones.elche.es\/es\/\">competicions.elx.es<\/a>.[\/vc_column_text][\/vc_column][\/vc_row][vc_row css=&#8221;.vc_custom_1475850882313{margin-top: 40px !important;margin-bottom: 40px !important;background-color: #ffffff !important;}&#8221;][vc_column width=&#8221;1\/4&#8243; css=&#8221;.vc_custom_1475847889991{padding-left: 0px !important;}&#8221;][vc_single_image image=&#8221;22523&#8243; img_size=&#8221;full&#8221; css=&#8221;.vc_custom_1494572317668{padding-left: 0px !important;}&#8221;][\/vc_column][vc_column width=&#8221;3\/4&#8243;]<h5 class=\"sc_title sc_title_regular margin_top_tiny margin_bottom_tiny\">Lligues locals<\/h5>[vc_column_text css=&#8221;.vc_custom_1540279291399{padding-bottom: 30px !important;}&#8221;]<\/p>\n<p style=\"text-align: justify;\">La Regidoria d&#8217;Esports organitza i gestiona lligues no federades de futbol, en la categoria s\u00e8nior, en la qual participen un total de 23 equips distribu\u00efts en un grup de 1a Divisi\u00f3 i un altre de 2a Divisi\u00f3. Comen\u00e7a en el mes d&#8217;octubre i finalitza al juny; durant la temporada s&#8217;han de disputar la Lliga i la Copa.<\/p>\n<p style=\"text-align: justify;\">En finalitzar la competici\u00f3 s&#8217;estableixen ascensos i descensos de categoria. L&#8217;al\u00b7licient principal per als equips classificats en els llocs del 1r al 4t en les diferents categories \u00e9s l&#8217;exempci\u00f3 de la totalitat o de part de la inscripci\u00f3 de la seg\u00fcent temporada.<\/p>\n<p style=\"text-align: justify;\">Els equips entrenen i competeixen en les instal\u00b7lacions esportives municipals. Les classificacions i els resultats d&#8217;aquesta competici\u00f3 es poden consultar a la web\u00a0<a href=\"https:\/\/competiciones.elche.es\/es\/\">competicions.elx.es<\/a>.<\/p>\n<p>[\/vc_column_text][\/vc_column][\/vc_row][vc_row][vc_column width=&#8221;1\/3&#8243;][vc_empty_space][vc_empty_space]<div id='modulo_datos_contacto'> <p class='titulo_datos_contacto'>Dades de contacte <\/p> <hr><p class=\"contactoArea\"> <i class=\"fa fa-map-marker\" aria-hidden=\"true\"><\/i>Avda. de la Universidad de Elche, 86.<\/p><p class=\"contactoArea\"><i class=\"fa fa-phone\" aria-hidden=\"true\"><\/i>966 658 122<\/p><p class=\"contactoArea\"><i class=\"fa fa-fax\" aria-hidden=\"true\"><\/i>966 658 123<\/p><p class=\"contactoArea\"><i class=\"fa fa-envelope\" aria-hidden=\"true\"><\/i><a href=\"mailto:deportes@ayto-elche.es\"> deportes@ayto-elche.es<\/a><\/p><div id='contacto-rrss'><span  style=\" padding-left: 0px; \" class=\"contactoArea rrss\"><a target=\"_blank\" href=\"https:\/\/www.facebook.com\/Elche-Ciudad-de-Deportes-Elx-Ciutat-dEsports-1215100851863825\/\"> <i class=\"fa fa-facebook-square\" aria-hidden=\"true\"><\/i><\/a><\/span><span style=\" padding-left: 0px; \" class=\"contactoArea rrss\"><a target=\"_blank\" href=\"https:\/\/twitter.com\/esportselx?lang=es\"><i class=\"fa fa-twitter\" aria-hidden=\"true\"><\/i><\/a><\/span><\/div><\/div>[vc_empty_space][vc_empty_space][vc_empty_space][vc_empty_space][\/vc_column][vc_column width=&#8221;1\/3&#8243;][vc_empty_space][vc_empty_space][vc_single_image image=&#8221;118904&#8243; img_size=&#8221;medium&#8221; alignment=&#8221;center&#8221;][\/vc_column][vc_column width=&#8221;1\/3&#8243;][vc_empty_space][vc_empty_space][sbs_wpb_openstreetmap map_style=&#8221;openstreetmap_de&#8221; map_height=&#8221;60&#8243; ctrl_mouse_zoom=&#8221;true&#8221; latitude=&#8221;38.272729,&#8221; longitude=&#8221;-0.671595&#8243;][sbs_wpb_marker marker_source=&#8221;coordinates&#8221; marker_color=&#8221;red&#8221; marker_latitude=&#8221;38.272729&#8243; marker_longitude=&#8221;-0.671595&#8243;][\/sbs_wpb_marker][\/sbs_wpb_openstreetmap][\/vc_column][\/vc_row][vc_column][\/vc_column]<div class=\"sc_content content_wrap\"><\/div>\n<\/div>","protected":false},"excerpt":{"rendered":"COMPETICIONS ESPORTIVES Elx Ciutat d'Esports Instal\u00b7lacions esportives Activitats Competicions Esdeveniments Senderelx Gesti\u00f3 d\u2019usuaris Jocs escolars Els jocs escolars municipals comprenen trobades esportives dirigides als joves en edat escolar, i s'hi [...]","protected":false},"author":26,"featured_media":0,"parent":22611,"menu_order":0,"comment_status":"closed","ping_status":"closed","template":"","meta":{"footnotes":""},"class_list":["post-21775","page","type-page","status-publish","hentry"],"_links":{"self":[{"href":"https:\/\/www.elche.es\/va\/wp-json\/wp\/v2\/pages\/21775","targetHints":{"allow":["GET"]}}],"collection":[{"href":"https:\/\/www.elche.es\/va\/wp-json\/wp\/v2\/pages"}],"about":[{"href":"https:\/\/www.elche.es\/va\/wp-json\/wp\/v2\/types\/page"}],"author":[{"embeddable":true,"href":"https:\/\/www.elche.es\/va\/wp-json\/wp\/v2\/users\/26"}],"replies":[{"embeddable":true,"href":"https:\/\/www.elche.es\/va\/wp-json\/wp\/v2\/comments?post=21775"}],"version-history":[{"count":0,"href":"https:\/\/www.elche.es\/va\/wp-json\/wp\/v2\/pages\/21775\/revisions"}],"up":[{"embeddable":true,"href":"https:\/\/www.elche.es\/va\/wp-json\/wp\/v2\/pages\/22611"}],"wp:attachment":[{"href":"https:\/\/www.elche.es\/va\/wp-json\/wp\/v2\/media?parent=21775"}],"curies":[{"name":"wp","href":"https:\/\/api.w.org\/{rel}","templated":true}]}}