{"id":21928,"date":"2017-04-28T11:07:05","date_gmt":"2017-04-28T10:07:05","guid":{"rendered":"http:\/\/www.elche.es\/va\/transparencia\/derecho-de-acceso-a-la-informacion-publica\/"},"modified":"2024-05-16T09:04:06","modified_gmt":"2024-05-16T07:04:06","slug":"dret-dacces-a-la-informacio-publica","status":"publish","type":"page","link":"https:\/\/www.elche.es\/va\/transparencia\/dret-dacces-a-la-informacio-publica\/","title":{"rendered":"dret d&#8217;acc\u00e9s a la informaci\u00f3 p\u00fablica"},"content":{"rendered":"<div class=\"wpb-content-wrapper\"><p>[vc_row full_width=&#8221;stretch_row&#8221; css=&#8221;.vc_custom_1475488090109{background-color: #dddde0 !important;}&#8221;][vc_column][vc_column_text]<nav aria-label=\"breadcrumbs\">\n            <div class=\"breadcrumb-container theme1\">\n                <ol>\n                                    <\/ol>\n            <\/div>\n        <\/nav>    <script type=\"application\/ld+json\">\n        {\n            \"@context\": \"http:\/\/schema.org\",\n            \"@type\": \"BreadcrumbList\",\n            \"itemListElement\": [\n                            ]\n        }\n    <\/script>\n    <style type=\"text\/css\">\n        .breadcrumb-container {\n            font-size: 13px;\n        }\n\n        .breadcrumb-container ul {\n            margin: 0;\n            padding: 0;\n        }\n\n        .breadcrumb-container li {\n            box-sizing: unset;\n            display: inline-block;\n            margin: 0;\n            padding: 0;\n        }\n\n        .breadcrumb-container li a {\n            box-sizing: unset;\n            padding: 0 10px;\n        }\n\n        .breadcrumb-container {\n            font-size: 3 !important;\n                    }\n\n        .breadcrumb-container li a {\n            color: #0a0a0a !important;\n            font-size: 3 !important;\n            line-height: 3 !important;\n                    }\n\n        .breadcrumb-container li .separator {\n            font-size: 3 !important;\n                    }\n\n        .breadcrumb-container li:last-child .separator {\n            display: none;\n        }\n    <\/style>\n    <style type=\"text\/css\">\n        .breadcrumb-container.theme1 li {\n            margin: 0;\n            padding: 0;\n        }\n        .breadcrumb-container.theme1 a {\n            background: ;\n            display: inline-block;\n            margin: 0 5px;\n            padding: 5px 10px;\n            text-decoration: none;\n        }\n    <\/style>\n        <style type=\"text\/css\">\n            <\/style>\n    <script>\n            <\/script>\n[\/vc_column_text][\/vc_column][\/vc_row][vc_row full_width=&#8221;stretch_row&#8221; css=&#8221;.vc_custom_1493368458610{padding-top: 60px !important;padding-bottom: 140px !important;}&#8221;][vc_column][vc_custom_heading text=&#8221;DRET D&#8217;ACC\u00c9S A LA INFORMACI\u00d3 P\u00daBLICA&#8221; font_container=&#8221;tag:h3|text_align:left&#8221; use_theme_fonts=&#8221;yes&#8221; el_class=&#8221;enlaces-titulo-cabecera&#8221;][vc_empty_space][vc_row_inner css=&#8221;.vc_custom_1475142298750{padding-right: 30px !important;padding-bottom: 30px !important;padding-left: 30px !important;background-color: #ffffff !important;}&#8221;][vc_column_inner][vc_column_text]<\/p>\n<p>El dret d&#8217;acc\u00e9s a la informaci\u00f3 p\u00fablica permet, a qualsevol persona f\u00edsica o jur\u00eddica, sol\u00b7licitar informaci\u00f3 en poder de l&#8217;Ajuntament d\u2019Elx que haja sigut elaborada o adquirida en l&#8217;exercici de les seues funcions.<\/p>\n<p>Qualsevol persona t\u00e9 dret a accedir a aquesta informaci\u00f3. No cal motivar-ne la sol\u00b7licitud ni s&#8217;ha d&#8217;acreditar un inter\u00e9s leg\u00edtim: nom\u00e9s es requereix una descripci\u00f3 precisa de la informaci\u00f3 sol\u00b7licitada.<\/p>\n<p>[\/vc_column_text][vc_empty_space][vc_custom_heading text=&#8221;Marc legal, servei responsable i procediment&#8221; font_container=&#8221;tag:h4|text_align:left&#8221; use_theme_fonts=&#8221;yes&#8221; el_class=&#8221;enlaces-titulo-cabecera&#8221;][vc_column_text]L&#8217;\u00c0rea de Participaci\u00f3, Comunicaci\u00f3 i Transpar\u00e8ncia s&#8217;encarrega de gestionar les sol\u00b7licituds d&#8217;acc\u00e9s a la informaci\u00f3 p\u00fablica en poder de l&#8217;Ajuntament, basant-se en el procediment establit a partir del que han dictat les lleis<a href=\"https:\/\/www.elche.es\/wp-content\/uploads\/2022\/07\/llei-de-transparencia-acces-a-la-informacio-i-bon-govern-19-2013-boe.pdf\" target=\"_blank\" rel=\"noopener\"> 19\/2013, de 9 de desembre, de Transpar\u00e8ncia, Acc\u00e9s a la Informaci\u00f3 P\u00fablica i Bon govern<\/a>, i <a href=\"https:\/\/www.elche.es\/wp-content\/uploads\/2022\/07\/ley-transparencia-i-bon-govern-generalitat-valenciana-1-2022-dogv.pdf\" target=\"_blank\" rel=\"noopener\">1\/2022, de 13 d\u2019abril, de la Generalitat, de Transpar\u00e8ncia i Bon Govern de la Comunitat Valenciana<\/a>, que modifica la <a href=\"https:\/\/www.elche.es\/wp-content\/uploads\/2022\/07\/ley-transparencia-buen-gobierno-participacion-ciudadana-comunidad-valenciana-2-2015-boe.pdf\" target=\"_blank\" rel=\"noopener\">llei 2\/2015, de 2 d&#8217;abril, de Transp\u00e0rencia, Bon Govern y Participaci\u00f3 Ciutadana de la Comunitat Valenciana<\/a>.<\/p>\n<p>Amb car\u00e0cter general, les sol\u00b7licituds es tramitaran en el termini d&#8217;un mes. El silenci tindr\u00e0 un efecte estimatori.<\/p>\n<p>Segons la legislaci\u00f3 de refer\u00e8ncia, queden exclosos d&#8217;aquest dret d&#8217;acc\u00e9s a la informaci\u00f3 p\u00fablica els continguts o documents en curs d&#8217;elaboraci\u00f3 i els documents d&#8217;acc\u00e9s restringit, totalment o parcialment, ja siga per la necessitat de salvaguardar interessos p\u00fablics o de garantir el dret d&#8217;altres persones. El dret d&#8217;acc\u00e9s podr\u00e0 ser limitat si el contingut afecta, per exemple, la protecci\u00f3 de dades personals, la propietat intel\u00b7lectual i industrial, la seguretat p\u00fablica i uns altres l\u00edmits arreplegats en la norma. Aix\u00f2 no significa que no es puga, una vegada ponderat l&#8217;inter\u00e9s que cal protegir, concedir un acc\u00e9s parcial a la informaci\u00f3, sempre que aix\u00f2 no distorsione o fa\u00e7a no tindre sentit la informaci\u00f3 que es facilita.[\/vc_column_text][vc_empty_space][vc_custom_heading text=&#8221;Exercici del dret&#8221; font_container=&#8221;tag:h4|text_align:left&#8221; use_theme_fonts=&#8221;yes&#8221; el_class=&#8221;enlaces-titulo-cabecera&#8221;][vc_column_text]De cara a complir amb les obligacions legals, l&#8217;Ajuntament d\u2019Elx ha habilitat un procediment administratiu amb canals de presentaci\u00f3 de sol\u00b7licituds d&#8217;informaci\u00f3:<\/p>\n<ul>\n<li>Electr\u00f2nica, a trav\u00e9s de la <a href=\"https:\/\/sede.elche.es\/sta\/CarpetaPublic\/doEvent?APP_CODE=STA&amp;PAGE_CODE=CATALOGO&amp;DETALLE=6269000000564025399500&amp;lang=CA\" target=\"_blank\" rel=\"noopener\">Seu Electr\u00f2nica<\/a>. Per a la tramitaci\u00f3 electr\u00f2nica d&#8217;aquest dret es requereix identificaci\u00f3 mitjan\u00e7ant un <a href=\"https:\/\/sede.elche.es\/sta\/CarpetaPublic\/doEvent?APP_CODE=STA&amp;PAGE_CODE=PTS2_FIRMASELEC\" target=\"_blank\" rel=\"noopener\">certificat electr\u00f2nic<\/a>.<\/li>\n<li>Presencial en qualsevol de les <a href=\"https:\/\/www.elche.es\/va\/oficina-municipal-datencio-ciutadana-omac\/directori-doficines\/\" target=\"_blank\" rel=\"noopener\">Oficines Municipals d&#8217;Atenci\u00f3 Ciutadana<\/a> presentant <a href=\"https:\/\/sede.elche.es\/sta\/docs\/GetDocumentServlet?CUD=13520416707007764621&amp;HASH_CUD=63dc78aee49d0afa9a87320b4bf178e63a04283e&amp;APP_CODE=STA\" target=\"_blank\" rel=\"noopener\">l&#8217;impr\u00e9s de sol\u00b7licitud<\/a>.<\/li>\n<\/ul>\n<p>La xarxa de b\u00fasties de l&#8217;Ajuntament d\u2019Elx o les xarxes socials no s\u00f3n canals habilitats per a aquest tr\u00e0mit; per aix\u00f2, les sol\u00b7licituds presentades per aquests mitjans no formaran part de cap procediment administratiu. En aquests casos, s&#8217;informar\u00e0 la persona interessada de les vies adequades per a fer-ne la tramitaci\u00f3.<\/p>\n<p>Informaci\u00f3 sobre el <a href=\"https:\/\/sede.elche.es\/sta\/CarpetaPublic\/doEvent?APP_CODE=STA&amp;PAGE_CODE=CATALOGO&amp;DETALLE=6269000000564025399500\" target=\"_blank\" rel=\"noopener noreferrer\" data-insuit-uuid=\"03163614-d4b5-425d-ae81-a5c35bc763dc\">tr\u00e0mit de Sol\u00b7licitud de dret d\u2019acc\u00e9s a la informaci\u00f3 p\u00fablica en poder de l\u2019Ajuntament d\u2019Elx<\/a>[\/vc_column_text][vc_empty_space][vc_custom_heading text=&#8221;Seguiment de les sol\u00b7licituds&#8221; font_container=&#8221;tag:h4|text_align:left&#8221; use_theme_fonts=&#8221;yes&#8221; el_class=&#8221;enlaces-titulo-cabecera&#8221;][vc_column_text]Qualsevol persona que haja comen\u00e7at una sol\u00b7licitud d&#8217;acc\u00e9s a la informaci\u00f3 i vullga preguntar sobre el seu estat, pot adre\u00e7ar-se a l&#8217;\u00c0rea de Participaci\u00f3, Comunicaci\u00f3 i Transpar\u00e8ncia, tot indicant el n\u00famero de registre de la sol\u00b7licitud, a trav\u00e9s del correu electr\u00f2nic transparencia@elche.es, el tel\u00e8fon 966 65 82 81.[\/vc_column_text][vc_empty_space][vc_custom_heading text=&#8221;Reclamacions davant del Consell de Transpar\u00e8ncia, Acc\u00e9s a la Informaci\u00f3 P\u00fablica i Bon Govern de la Comunitat Valenciana&#8221; font_container=&#8221;tag:h4|text_align:left&#8221; use_theme_fonts=&#8221;yes&#8221; el_class=&#8221;enlaces-titulo-cabecera&#8221;][vc_column_text]En el cas que la persona sol\u00b7licitant no reba cap resposta de l&#8217;Ajuntament en el termini d&#8217;un mes (sempre que no hi haja un motiu justificat que dilate l\u2019esmentat termini) o que no estiga d&#8217;acord amb la resposta rebuda, perqu\u00e8 estime que no respon a all\u00f2 que s&#8217;ha sol\u00b7licitat, podr\u00e0 interposar una reclamaci\u00f3 davant del <a href=\"http:\/\/www.conselltransparencia.gva.es\/ca\/que-es\" target=\"_blank\" rel=\"noopener\">Consell de Transpar\u00e8ncia, Acc\u00e9s a la Informaci\u00f3 P\u00fablica i Bon Govern de la Comunitat Valenciana<\/a>.<\/p>\n<p>Aquesta reclamaci\u00f3 t\u00e9 per objecte que es revise i s\u2019esmene l&#8217;acte administratiu dictat per l&#8217;Ajuntament, substitueix els recursos administratius i \u00e9s pr\u00e8via a la possible impugnaci\u00f3 via contenciosa administrativa.<\/p>\n<p>La reclamaci\u00f3 s&#8217;interposar\u00e0 en el termini d&#8217;un mes comptador des de l&#8217;endem\u00e0 de la notificaci\u00f3 de l&#8217;acte impugnat o des de l&#8217;endem\u00e0 d&#8217;aquell en qu\u00e8 hauria d&#8217;haver realitzat la notificaci\u00f3.[\/vc_column_text][vc_empty_space][vc_custom_heading text=&#8221;Informaci\u00f3 estad\u00edstica&#8221; font_container=&#8221;tag:h4|text_align:left&#8221; use_theme_fonts=&#8221;yes&#8221; el_class=&#8221;enlaces-titulo-cabecera&#8221;][vc_column_text]<\/p>\n<ul>\n<li><a href=\"https:\/\/www.elche.es\/wp-content\/uploads\/2017\/05\/Estadisticas-solicitudes-informacion-publica-mayo2017.pdf\" target=\"_blank\" rel=\"noopener\">Informaci\u00f3 estad\u00edstica sobre el dret d&#8217;acc\u00e9s a la informaci\u00f3<\/a><\/li>\n<li><a href=\"https:\/\/drive.google.com\/file\/d\/0B4LhKeK90-FnLXJHclphOHhEWFk\/view\" target=\"_blank\" rel=\"noopener\">Informaci\u00f3 estad\u00edstica sobre peticions d&#8217;informaci\u00f3<\/a><\/li>\n<\/ul>\n<p>[\/vc_column_text][vc_empty_space][vc_custom_heading text=&#8221;Estad\u00edstiques sobre el dret d&#8217;acc\u00e9s a la informaci\u00f3 municipal&#8221; font_container=&#8221;tag:h4|text_align:left&#8221; use_theme_fonts=&#8221;yes&#8221; el_class=&#8221;enlaces-titulo-cabecera&#8221;][vc_column_text]<span class=\"x_TextRun x_SCXW130397142 x_BCX2\" lang=\"ES-ES\"><span class=\"x_NormalTextRun x_SCXW130397142 x_BCX2\">Sol\u00b7licituds d&#8217;acc\u00e9s a la informaci\u00f3 p\u00fablica formalitzades d&#8217;acord amb el que s&#8217;estableix en l&#8217;article 19 de la Llei 2\/2015, de 2 d\u2019abril, de Transp\u00e0rencia, Bon Gobern y Participaci\u00f3 Ciutadana de la Comunitat Valenciana, van versar sobre les seg\u00fcents \u00e0rees:<\/span><\/span>[\/vc_column_text][vc_empty_space][vc_column_text]<\/p>\n<hr \/>\n<p>2023[\/vc_column_text][vc_column_text]<strong>SOL\u00b7LICITUDS DRET D&#8217;ACC\u00c9S A la INFORMACI\u00d3 2023 PER \u00c0REES<br \/>\n<\/strong>Tramitades: 36<strong><br \/>\n<\/strong>[\/vc_column_text][vc_single_image image=&#8221;300397&#8243; img_size=&#8221;medium&#8221; alignment=&#8221;center&#8221; onclick=&#8221;link_image&#8221;][vc_column_text]<\/p>\n<hr \/>\n<p>2022[\/vc_column_text][vc_column_text]<strong>SOL\u00b7LICITUDS DRET D&#8217;ACC\u00c9S A la INFORMACI\u00d3 2022 PER \u00c0REES<br \/>\n<\/strong>Tramitades: 196 &#8211; No tramitades<strong><br \/>\n<\/strong>[\/vc_column_text][vc_single_image image=&#8221;247371&#8243; img_size=&#8221;medium&#8221; alignment=&#8221;center&#8221; onclick=&#8221;link_image&#8221;][vc_column_text]<\/p>\n<hr \/>\n<p>2021[\/vc_column_text][vc_single_image image=&#8221;202867&#8243; img_size=&#8221;medium&#8221; alignment=&#8221;center&#8221; onclick=&#8221;link_image&#8221;][vc_column_text]<\/p>\n<hr \/>\n<p>2020[\/vc_column_text][vc_single_image image=&#8221;151881&#8243; img_size=&#8221;medium&#8221; alignment=&#8221;center&#8221; onclick=&#8221;link_image&#8221;][\/vc_column_inner][\/vc_row_inner][\/vc_column][\/vc_row]<\/p>\n<\/div>","protected":false},"excerpt":{"rendered":"<p>[vc_row full_width=&#8221;stretch_row&#8221; css=&#8221;.vc_custom_1475488090109{background-color: #dddde0 !important;}&#8221;][vc_column][vc_column_text][\/vc_column_text][\/vc_column][\/vc_row][vc_row full_width=&#8221;stretch_row&#8221; css=&#8221;.vc_custom_1493368458610{padding-top: 60px !important;padding-bottom: 140px !important;}&#8221;][vc_column][vc_custom_heading text=&#8221;DRET D&#8217;ACC\u00c9S A LA INFORMACI\u00d3 P\u00daBLICA&#8221; font_container=&#8221;tag:h3|text_align:left&#8221; use_theme_fonts=&#8221;yes&#8221; el_class=&#8221;enlaces-titulo-cabecera&#8221;][vc_empty_space][vc_row_inner css=&#8221;.vc_custom_1475142298750{padding-right: 30px !important;padding-bottom: 30px !important;padding-left: 30px !important;background-color: #ffffff !important;}&#8221;][vc_column_inner][vc_column_text] El [&hellip;]<\/p>\n","protected":false},"author":131,"featured_media":0,"parent":8151,"menu_order":0,"comment_status":"closed","ping_status":"closed","template":"","meta":{"footnotes":""},"class_list":["post-21928","page","type-page","status-publish","hentry"],"_links":{"self":[{"href":"https:\/\/www.elche.es\/va\/wp-json\/wp\/v2\/pages\/21928","targetHints":{"allow":["GET"]}}],"collection":[{"href":"https:\/\/www.elche.es\/va\/wp-json\/wp\/v2\/pages"}],"about":[{"href":"https:\/\/www.elche.es\/va\/wp-json\/wp\/v2\/types\/page"}],"author":[{"embeddable":true,"href":"https:\/\/www.elche.es\/va\/wp-json\/wp\/v2\/users\/131"}],"replies":[{"embeddable":true,"href":"https:\/\/www.elche.es\/va\/wp-json\/wp\/v2\/comments?post=21928"}],"version-history":[{"count":2,"href":"https:\/\/www.elche.es\/va\/wp-json\/wp\/v2\/pages\/21928\/revisions"}],"predecessor-version":[{"id":300400,"href":"https:\/\/www.elche.es\/va\/wp-json\/wp\/v2\/pages\/21928\/revisions\/300400"}],"up":[{"embeddable":true,"href":"https:\/\/www.elche.es\/va\/wp-json\/wp\/v2\/pages\/8151"}],"wp:attachment":[{"href":"https:\/\/www.elche.es\/va\/wp-json\/wp\/v2\/media?parent=21928"}],"curies":[{"name":"wp","href":"https:\/\/api.w.org\/{rel}","templated":true}]}}