{"id":220693,"date":"2022-11-04T08:13:51","date_gmt":"2022-11-04T07:13:51","guid":{"rendered":"https:\/\/www.elche.es\/?page_id=220693"},"modified":"2024-12-12T15:57:09","modified_gmt":"2024-12-12T13:57:09","slug":"agente-desarollo-local","status":"publish","type":"page","link":"https:\/\/www.elche.es\/va\/recursos-humans\/oferta-publica-de-empleo\/agente-desarollo-local\/","title":{"rendered":"AGENTE DE DESARROLLO LOCAL (LABORAL)"},"content":{"rendered":"<div class=\"wpb-content-wrapper\"><p>[vc_row][vc_column][vc_column_text][vc_row full_width=&#8221;stretch_row&#8221; css=&#8221;.vc_custom_1475488224066{background-color: #dddde0 !important;}&#8221;][vc_column][vc_column_text]<nav aria-label=\"breadcrumbs\">\n            <div class=\"breadcrumb-container theme1\">\n                <ol>\n                                    <\/ol>\n            <\/div>\n        <\/nav>    <script type=\"application\/ld+json\">\n        {\n            \"@context\": \"http:\/\/schema.org\",\n            \"@type\": \"BreadcrumbList\",\n            \"itemListElement\": [\n                            ]\n        }\n    <\/script>\n    <style type=\"text\/css\">\n        .breadcrumb-container {\n            font-size: 13px;\n        }\n\n        .breadcrumb-container ul {\n            margin: 0;\n            padding: 0;\n        }\n\n        .breadcrumb-container li {\n            box-sizing: unset;\n            display: inline-block;\n            margin: 0;\n            padding: 0;\n        }\n\n        .breadcrumb-container li a {\n            box-sizing: unset;\n            padding: 0 10px;\n        }\n\n        .breadcrumb-container {\n            font-size: 3 !important;\n                    }\n\n        .breadcrumb-container li a {\n            color: #0a0a0a !important;\n            font-size: 3 !important;\n            line-height: 3 !important;\n                    }\n\n        .breadcrumb-container li .separator {\n            font-size: 3 !important;\n                    }\n\n        .breadcrumb-container li:last-child .separator {\n            display: none;\n        }\n    <\/style>\n    <style type=\"text\/css\">\n        .breadcrumb-container.theme1 li {\n            margin: 0;\n            padding: 0;\n        }\n        .breadcrumb-container.theme1 a {\n            background: ;\n            display: inline-block;\n            margin: 0 5px;\n            padding: 5px 10px;\n            text-decoration: none;\n        }\n    <\/style>\n        <style type=\"text\/css\">\n            <\/style>\n    <script>\n            <\/script>\n[\/vc_column_text][\/vc_column][\/vc_row][vc_row css=&#8221;.vc_custom_1475488264405{padding-bottom: 40px !important;}&#8221; el_id=&#8221;bloque_basica&#8221;][vc_column width=&#8221;2\/3&#8243;][vc_custom_heading text=&#8221;AGENTE DE DESARROLLO LOCAL (Laboral-Estabilizaci\u00f3n)&#8221; font_container=&#8221;tag:h4|text_align:left&#8221; use_theme_fonts=&#8221;yes&#8221; el_class=&#8221;enlaces-titulo-cabecera&#8221; css=&#8221;.vc_custom_1667546018762{padding-top: 30px !important;padding-bottom: 20px !important;}&#8221;][vc_column_text]<\/p>\n<table style=\"width: 100.29%; height: 591px;\" border=\"0\" width=\"100%\">\n<tbody>\n<tr style=\"font-size: 12px; font-family: Arial, Helvetica, sans-serif;\">\n<td style=\"font-weight: bold; width: 29.0932%; height: 18px;\" colspan=\"2\">\u00a0\u00a0<em>N\u00famero de plazas<\/em><\/td>\n<td style=\"text-align: left; width: 70.6309%; height: 18px;\" colspan=\"2\">1<\/td>\n<\/tr>\n<tr style=\"font-size: 12px; font-family: Arial, Helvetica, sans-serif;\">\n<td style=\"font-weight: bold; width: 29.0932%; height: 18px;\" colspan=\"2\">\u00a0\u00a0<em>Clasificaci\u00f3n<\/em><\/td>\n<td style=\"text-align: left; width: 70.6309%; height: 18px;\" colspan=\"2\">A1<\/td>\n<\/tr>\n<tr style=\"font-size: 12px; font-family: Arial, Helvetica, sans-serif;\">\n<td style=\"font-weight: bold; width: 29.0932%; height: 18px;\" colspan=\"2\">\u00a0\u00a0<em>Acceso<\/em><\/td>\n<td style=\"text-align: left; width: 70.6309%; height: 18px;\" colspan=\"2\">Libre (Estabilizaci\u00f3n)<\/td>\n<\/tr>\n<tr style=\"font-family: Arial, Helvetica, sans-serif;\">\n<td style=\"width: 29.0932%; height: 222px;\" colspan=\"2\"><span style=\"color: ##005700; font-size: 14px;\"><strong>BASES DE LA CONVOCATORIA<\/strong><\/span><\/td>\n<td style=\"text-align: right; font-size: 12px; width: 70.6309%; height: 222px;\" colspan=\"2\"><a href=\"https:\/\/www.elche.es\/wp-content\/uploads\/2022\/11\/BASES_ESPECIFICAS_AGENTE_DESARROLLO_LOCAL-CSV.pdf\">Descargar bases &gt;<\/a><\/p>\n<p><a href=\"https:\/\/www.elche.es\/wp-content\/uploads\/2022\/11\/2-EDICTO-BOP-ESTABILIZACION-LABORALES.pdf\">ANUNCIO BOPA 01\/12\/2022 APROBACION BASES&gt;<\/a><\/p>\n<p>&nbsp;<\/p>\n<p><span style=\"color: #000000;\">Actualizaci\u00f3n 05\/02\/2024<\/span>:\u00a0<a href=\"https:\/\/www.elche.es\/wp-content\/uploads\/2024\/02\/AGENTE-DESARROLLO-LOCAL-1-CM-2022-91235W-MOD-BASES-Y-REACT.pdf\">MODIFICACI\u00d3N BASES Y REACTIVACI\u00d3N DE CONVOCATORIA &gt;<\/a><\/p>\n<p><span style=\"color: #ff0000;\"><span style=\"color: #000000;\">Actualizaci\u00f3n 05\/02\/2024:<\/span><\/span><a href=\"https:\/\/www.elche.es\/wp-content\/uploads\/2024\/02\/BOPA-05022024-5o-Bloque-MODIFICACION-BASES-Y-REACTIVACION-CONVOCATORIA.pdf\">ANUNCIO BOPA MODIFICACI\u00d3N BASES Y REACTIVACI\u00d3N DE CONVOCATORIA &gt;<\/a><\/td>\n<\/tr>\n<tr style=\"font-size: 14px; font-family: Arial, Helvetica, sans-serif;\">\n<td style=\"width: 29.0932%; height: 102px;\" colspan=\"2\"><span style=\"color: ##005700; font-size: 14px;\"><strong>INSTANCIAS<\/strong><\/span><\/p>\n<p><em><strong><span style=\"font-size: 10pt;\">PLAZO DE INSTANCIAS: <\/span><\/strong><\/em><\/p>\n<p><strong>Actualizaci\u00f3n 04\/03\/2024: NUEVO PLAZO DE INSTANCIAS:<\/strong><\/p>\n<p><strong>Desde el d\u00eda 04\/03\/2024 hasta el 15\/03\/2024, ambos inclusive.<\/strong><\/p>\n<p>&nbsp;<\/p>\n<p><span style=\"font-size: 10pt;\"><em>Desde el d\u00eda 14\/12\/2022 hasta el 12\/01\/2023, ambos inclusive.<\/em><\/span><\/td>\n<td style=\"text-align: right; font-size: 12px; width: 70.6309%; height: 102px;\" colspan=\"2\"><strong><span style=\"font-size: 12pt;\">ACTUALIZACI\u00d3N 04\/03\/2024<\/span><\/strong>:<\/p>\n<p><a href=\"https:\/\/aplicaciones.elche.es\/Autoliquidaciones\/?idSubConcepto=447\"><strong>PAGO DE LA TASA &gt;<\/strong><\/a><\/p>\n<p><strong>NOTA IMPORTANTE: El fichero de Autobaremaci\u00f3n a cumplimentar en su caso, es \u00fanicamente el que corresponde a su convocatoria<\/strong><\/p>\n<p><a href=\"https:\/\/www.elche.es\/wp-content\/uploads\/2024\/03\/MOD_-AGENTE-DESARROLLO-LOCAL_LABORAL-1CM.xlsx\"><strong>FORMULARIO DE AUTOBA<\/strong><strong>REMACION &gt;<\/strong><\/a><\/p>\n<p><strong>Las personas <u>ya inscritas<\/u> en esta convocatoria<u>, y que quieran actualizar<\/u> alg\u00fan dato deber\u00e1n:<\/strong><\/p>\n<p>&#8211; Inscribirse en el proceso selectivo<\/p>\n<p>&#8211; Adjuntar autobaremaci\u00f3n actualizada<\/p>\n<p>&#8211; Adjuntar \u00fanicamente el documento que justifica la actualizaci\u00f3n (certificado de curso, titulaci\u00f3n\u2026)<\/p>\n<p>NOTA: Deben realizar la instancia a trav\u00e9s del tr\u00e1mite &#8220;Inscripci\u00f3n en procesos selectivos y bolsas de trabajo&#8221; que encontrar\u00e1n en el siguiente enlace:<\/p>\n<p><strong><a href=\"https:\/\/sede.elche.es\/sta\/CarpetaPublic\/doEvent?APP_CODE=STA&amp;PAGE_CODE=CATALOGO&amp;DETALLE=6269000025258261207922\">Registro electr\u00f3nico: Presentaci\u00f3n de instancias &gt;<\/a><\/strong><\/td>\n<\/tr>\n<tr style=\"font-size: 12px; font-family: Arial, Helvetica, sans-serif;\">\n<td style=\"font-weight: bold; width: 29.0932%; height: 39px;\" colspan=\"2\"><\/td>\n<td style=\"text-align: left; width: 22.48%; height: 39px;\" width=\"300\"><\/td>\n<td style=\"text-align: right; width: 48.1509%; height: 39px;\" width=\"150\"><a href=\"https:\/\/www.elche.es\/wp-content\/uploads\/2022\/12\/BOE-A-2022-21100.pdf\">PUBLICACI\u00d3N B.O.E. &gt;<\/a><\/p>\n<p><strong>Actualizaci\u00f3n 04\/03\/2024: <a href=\"https:\/\/www.elche.es\/wp-content\/uploads\/2024\/03\/BOE-A-2024-4115-BOE-02032024.pdf\">PUBLICACI\u00d3N B.O.E. &gt;<\/a><\/strong><\/td>\n<\/tr>\n<tr style=\"font-family: Arial, Helvetica, sans-serif;\">\n<td style=\"font-size: 14px; width: 29.0932%; height: 21px;\" colspan=\"2\"><span style=\"color: #000000;\"><strong>RELACI\u00d3N PROVISIONAL DE ASPIRANTES<\/strong><\/span><\/td>\n<td style=\"text-align: right; font-size: 12px; width: 70.6309%; height: 21px;\" colspan=\"2\"><strong>Actualizaci\u00f3n 20\/05\/2024: <a href=\"https:\/\/www.elche.es\/wp-content\/uploads\/2024\/05\/Edicto_relacion_provisional_aspirantes_admitidos_excluidos_AGENTE_DE_DESARROLLO_LOCAL_1_PLAZA_C.M.pdf\">Ver lista provisional de aspirantes admitidos y excluidos &gt;<\/a><\/strong><\/td>\n<\/tr>\n<tr style=\"font-size: 12px; font-family: Arial, Helvetica, sans-serif;\">\n<td style=\"font-weight: bold; width: 29.0932%; height: 21px;\" colspan=\"2\"><span style=\"font-size: 10pt;\"><em><strong>PLAZO SUBSANACIONES:<\/strong><\/em><\/span><\/p>\n<p>Desde el d\u00eda 21\/05\/2024 hasta el 27\/05\/2024, ambos inclusive.<\/td>\n<td style=\"text-align: left; width: 22.48%; height: 21px;\"><\/td>\n<td style=\"text-align: right; width: 48.1509%; height: 21px;\"><strong>Actualizaci\u00f3n 20\/05\/2024: Aquellos aspirantes que deban <span style=\"text-decoration: underline;\">subsanar<\/span> a partir de hoy el fichero de <span style=\"text-decoration: underline;\">autobaremaci\u00f3n<\/span> puede descargarlo <a href=\"https:\/\/www.elche.es\/wp-content\/uploads\/2024\/03\/MOD_-AGENTE-DESARROLLO-LOCAL_LABORAL-1CM.xlsx\"><span style=\"text-decoration: underline;\">AQU\u00cd<\/span> <\/a>y aportarlo a trav\u00e9s de Sede Electr\u00f3nica mediante el tr\u00e1mite &#8220;Aportaci\u00f3n documentaci\u00f3n a un expediente ya iniciado&#8221; <a href=\"https:\/\/www.elche.es\/wp-content\/uploads\/2024\/03\/INSTRUCCIONES-para-aspirantes-fase-concurso-1.pdf\">(<span style=\"text-decoration: underline;\">Haga click aqu\u00ed para ver instrucciones<\/span>)<\/a><\/strong><\/p>\n<p><strong>RECUERDE SUBIR EL FORMULARIO DE AUTOBAREMACI\u00d3N EN EXCEL (.xlsx)<\/strong><\/td>\n<\/tr>\n<tr style=\"font-family: Arial, Helvetica, sans-serif;\">\n<td style=\"width: 29.0932%; height: 132px;\" colspan=\"2\"><span style=\"font-size: 14px;\"><strong>COMPOSICI\u00d3N DEL \u00d3RGANO T\u00c9CNICO DE SELECCI\u00d3N Y RELACI\u00d3N DEFINITIVA DE ASPIRANTES<\/strong><\/span><\/td>\n<td style=\"text-align: right; font-size: 12px; width: 70.6309%; height: 132px;\" colspan=\"2\"><span style=\"color: #000000;\"><a style=\"color: #000000;\" href=\"https:\/\/www.elche.es\/wp-content\/uploads\/2024\/02\/Comision-de-Valoracion-Permanente-CM.pdf\"><strong>Actualizaci\u00f3n 04\/03\/2024:<\/strong> <strong>Ver composici\u00f3n Comisi\u00f3n de Valoraci\u00f3n Permanente &gt;<\/strong><\/a><\/span><\/p>\n<p><strong>Actualizaci\u00f3n 12\/06\/2024: <a href=\"https:\/\/www.elche.es\/wp-content\/uploads\/2024\/06\/EDICTO-LISTA-DEFINITIVA-AGENTE-DESARROLLO-LOCAL.pdf\">Ver relaci\u00f3n definitiva de aspirantes admitidos y excluidos &gt;<\/a><\/strong><\/p>\n<p>&nbsp;<\/p>\n<p><a href=\"https:\/\/www.elche.es\/wp-content\/uploads\/2020\/06\/2.-INSTRUCCIONES-ASPIRANTES-.Protocolo-seguridad-normas-procesos-selectivos-Covid-191.pdf\">PROTOCOLO DE SEGURIDAD PARA ASPIRANTES EN PROCESOS SELECTIVOS&gt;<\/a><\/td>\n<\/tr>\n<\/tbody>\n<\/table>\n<table style=\"width: 100%; height: 171px;\" border=\"0\" width=\"100%\">\n<tbody>\n<tr style=\"font-size: 14px; font-family: Arial, Helvetica, sans-serif; height: 23px;\">\n<td style=\"font-size: 14px; font-weight: bold; width: 29.2703%; height: 23px;\" width=\"347\"><span style=\"font-size: 12pt;\"><strong>CALIFICACIONES<\/strong><\/span><\/td>\n<td style=\"text-align: left; width: 7.79433%; height: 23px;\"><\/td>\n<td style=\"text-align: left; width: 0.829187%; height: 23px;\"><\/td>\n<td style=\"text-align: center; width: 61.194%; height: 23px;\"><\/td>\n<\/tr>\n<tr style=\"font-size: 12px; font-family: Arial, Helvetica, sans-serif; height: 80px;\">\n<td style=\"font-weight: bold; height: 80px; width: 29.2703%;\"><span style=\"font-size: 10pt;\"><a href=\"https:\/\/seleccion.elche.es\/notas\/\" data-insuit-uuid=\"70ae8f7f-0f71-4eb4-8a54-bba226afccf8\">CONSULTA<\/a><a href=\"https:\/\/seleccion.elche.es\/notas\/\" data-insuit-uuid=\"70ae8f7f-0f71-4eb4-8a54-bba226afccf8\"><strong> VALORACI\u00d3N INDIVIDUALIZADA DE LA FASE DE CONCURSO &gt;<\/strong><\/a><\/span><\/p>\n<p><span style=\"font-size: 10pt; font-family: arial, helvetica, sans-serif;\"><strong><span style=\"text-decoration: underline;\">PLAZO ALEGACIONES:<\/span><br \/>\n<\/strong><strong>Desde el d\u00eda 25\/11\/2024 hasta el 29\/11\/2024, ambos inclusive.<\/strong><\/span><\/td>\n<td style=\"text-align: left; width: 7.79433%; height: 80px;\"><\/td>\n<td style=\"text-align: left; width: 0.829187%; height: 80px;\"><\/td>\n<td style=\"width: 61.194%; text-align: right; height: 80px;\"><span style=\"font-size: 10pt;\">Actualizaci\u00f3n 22\/11\/2024:<strong><a href=\"https:\/\/www.elche.es\/wp-content\/uploads\/2024\/11\/Calificacion_provisional_Agente_Desarrollo_Local_1CM_LABORAL_FIJO_ESTABILIZACION.pdf\">CALIFICACI\u00d3N PROVISIONAL CONCURSO DE M\u00c9RITOS &gt;<\/a><\/strong><\/span><\/td>\n<\/tr>\n<tr style=\"font-size: 12px; font-family: Arial, Helvetica, sans-serif;\">\n<td style=\"font-weight: bold; width: 29.2703%; height: 17px;\"><\/td>\n<td style=\"text-align: left; width: 7.79433%; height: 17px;\"><\/td>\n<td style=\"text-align: left; width: 0.829187%; height: 17px;\"><\/td>\n<td style=\"text-align: left; width: 61.194%; height: 17px;\">\n<p style=\"text-align: right;\"><strong><span style=\"font-size: 10pt;\"><span style=\"color: #ff0000;\">Actualizaci\u00f3n 12\/12\/2024:<\/span> <span style=\"color: #0000ff;\"><a style=\"color: #0000ff;\" href=\"https:\/\/www.elche.es\/wp-content\/uploads\/2024\/12\/Calificacion_Definitiva_Agente_Desarrollo_Local_1_CM__Laboral-Estabilizacion_-1.pdf\">CALIFICACI\u00d3N DEFINITIVA CONCURSO DE M\u00c9RITOS_tras revisi\u00f3n de alegaciones &gt;<\/a><\/span><\/span><\/strong><\/p>\n<p style=\"text-align: right;\"><strong><span style=\"font-size: 10pt;\"><span style=\"color: #ff0000;\">Actualizaci\u00f3n 12\/12\/2024:<\/span> <span style=\"color: #0000ff;\"><a style=\"color: #0000ff;\" href=\"https:\/\/www.elche.es\/wp-content\/uploads\/2024\/12\/Calificacion_Final_Propuesta_Contratacion_-_Agente_Desarrollo_Local_1_CM__Laboral-Estabilizacion_-1.pdf\">CALIFICACI\u00d3N FINAL PARA PROPUESTA DE CONTRATACI\u00d3N &gt;<\/a><\/span><\/span><\/strong><\/p>\n<\/td>\n<\/tr>\n<tr style=\"font-size: 12px; font-family: Arial, Helvetica, sans-serif;\">\n<td style=\"font-weight: bold; width: 29.2703%; height: 17px;\"><\/td>\n<td style=\"text-align: left; width: 7.79433%; height: 17px;\"><\/td>\n<td style=\"text-align: left; width: 0.829187%; height: 17px;\"><\/td>\n<td style=\"text-align: left; width: 61.194%; height: 17px;\"><\/td>\n<\/tr>\n<tr style=\"font-size: 12px; font-family: Arial, Helvetica, sans-serif;\">\n<td style=\"font-weight: bold; width: 29.2703%; height: 17px;\"><\/td>\n<td style=\"text-align: left; width: 7.79433%; height: 17px;\"><\/td>\n<td style=\"text-align: left; width: 0.829187%; height: 17px;\"><\/td>\n<td style=\"text-align: left; width: 61.194%; height: 17px;\"><\/td>\n<\/tr>\n<tr style=\"font-size: 12px; font-family: Arial, Helvetica, sans-serif;\">\n<td style=\"font-weight: bold; width: 29.2703%; height: 17px;\"><\/td>\n<td style=\"text-align: left; width: 7.79433%; height: 17px;\"><\/td>\n<td style=\"text-align: left; width: 0.829187%; height: 17px;\"><\/td>\n<td style=\"text-align: left; width: 61.194%; height: 17px;\"><\/td>\n<\/tr>\n<\/tbody>\n<\/table>\n<table border=\"0\" width=\"100%\">\n<tbody>\n<tr style=\"font-family: Arial, Helvetica, sans-serif;\">\n<td style=\"font-size: 14px; font-weight: bold;\" width=\"347\"><\/td>\n<td style=\"font-size: 12px; text-align: right;\"><\/td>\n<\/tr>\n<\/tbody>\n<\/table>\n<table border=\"0\" width=\"100%\">\n<tbody>\n<tr style=\"font-size: 14px; font-family: Arial, Helvetica, sans-serif;\">\n<td style=\"font-size: 14px; font-weight: bold;\" width=\"347\"><\/td>\n<td><\/td>\n<\/tr>\n<tr style=\"font-size: 12px; font-family: Arial, Helvetica, sans-serif;\">\n<td style=\"font-weight: bold;\"><\/td>\n<td style=\"text-align: right;\"><\/td>\n<\/tr>\n<tr style=\"font-size: 12px; font-family: Arial, Helvetica, sans-serif;\">\n<td style=\"font-weight: bold;\"><\/td>\n<td style=\"text-align: right;\"><\/td>\n<\/tr>\n<tr style=\"font-size: 12px; font-family: Arial, Helvetica, sans-serif;\">\n<td style=\"font-weight: bold;\"><\/td>\n<td style=\"text-align: right;\"><\/td>\n<\/tr>\n<tr style=\"font-size: 12px; font-family: Arial, Helvetica, sans-serif;\">\n<td style=\"font-weight: bold;\"><\/td>\n<td style=\"text-align: right;\"><\/td>\n<\/tr>\n<tr style=\"font-size: 12px; font-family: Arial, Helvetica, sans-serif;\">\n<td style=\"font-weight: bold;\"><\/td>\n<td style=\"text-align: right;\"><\/td>\n<\/tr>\n<tr style=\"font-size: 12px; font-family: Arial, Helvetica, sans-serif;\">\n<td style=\"font-weight: bold;\"><\/td>\n<td style=\"text-align: right;\"><\/td>\n<\/tr>\n<tr style=\"font-size: 12px; font-family: Arial, Helvetica, sans-serif;\">\n<td style=\"font-weight: bold;\"><\/td>\n<td style=\"text-align: right;\"><\/td>\n<\/tr>\n<\/tbody>\n<\/table>\n<table border=\"0\" width=\"100%\">\n<tbody>\n<tr style=\"font-size: 14px; font-family: Arial, Helvetica, sans-serif;\">\n<td style=\"font-weight: bold;\"><span style=\"color: ##005700; font-size: 14px;\">OBSERVACIONES<\/span><\/td>\n<\/tr>\n<tr style=\"font-size: 14px; font-family: Arial, Helvetica, sans-serif;\">\n<td style=\"text-align: justify; font-size: 12px;\" colspan=\"3\" height=\"48\"><\/td>\n<\/tr>\n<\/tbody>\n<\/table>\n<p>[\/vc_column_text][\/vc_column][\/vc_row][vc_row][vc_column][vc_column_text][\/vc_column_text][\/vc_column][\/vc_row][vc_row][vc_column][vc_column_text][\/vc_column_text][\/vc_column][\/vc_row]<\/p>\n<\/div>","protected":false},"excerpt":{"rendered":"<p>[vc_row][vc_column][vc_column_text][vc_row full_width=&#8221;stretch_row&#8221; css=&#8221;.vc_custom_1475488224066{background-color: #dddde0 !important;}&#8221;][vc_column][vc_column_text][\/vc_column_text][\/vc_column][\/vc_row][vc_row css=&#8221;.vc_custom_1475488264405{padding-bottom: 40px !important;}&#8221; el_id=&#8221;bloque_basica&#8221;][vc_column width=&#8221;2\/3&#8243;][vc_custom_heading text=&#8221;AGENTE DE DESARROLLO LOCAL (Laboral-Estabilizaci\u00f3n)&#8221; font_container=&#8221;tag:h4|text_align:left&#8221; use_theme_fonts=&#8221;yes&#8221; el_class=&#8221;enlaces-titulo-cabecera&#8221; css=&#8221;.vc_custom_1667546018762{padding-top: 30px !important;padding-bottom: 20px !important;}&#8221;][vc_column_text] \u00a0\u00a0N\u00famero de plazas 1 \u00a0\u00a0Clasificaci\u00f3n A1 \u00a0\u00a0Acceso [&hellip;]<\/p>\n","protected":false},"author":131,"featured_media":0,"parent":6951,"menu_order":0,"comment_status":"closed","ping_status":"closed","template":"","meta":{"footnotes":""},"class_list":["post-220693","page","type-page","status-publish","hentry"],"_links":{"self":[{"href":"https:\/\/www.elche.es\/va\/wp-json\/wp\/v2\/pages\/220693","targetHints":{"allow":["GET"]}}],"collection":[{"href":"https:\/\/www.elche.es\/va\/wp-json\/wp\/v2\/pages"}],"about":[{"href":"https:\/\/www.elche.es\/va\/wp-json\/wp\/v2\/types\/page"}],"author":[{"embeddable":true,"href":"https:\/\/www.elche.es\/va\/wp-json\/wp\/v2\/users\/131"}],"replies":[{"embeddable":true,"href":"https:\/\/www.elche.es\/va\/wp-json\/wp\/v2\/comments?post=220693"}],"version-history":[{"count":5,"href":"https:\/\/www.elche.es\/va\/wp-json\/wp\/v2\/pages\/220693\/revisions"}],"predecessor-version":[{"id":319739,"href":"https:\/\/www.elche.es\/va\/wp-json\/wp\/v2\/pages\/220693\/revisions\/319739"}],"up":[{"embeddable":true,"href":"https:\/\/www.elche.es\/va\/wp-json\/wp\/v2\/pages\/6951"}],"wp:attachment":[{"href":"https:\/\/www.elche.es\/va\/wp-json\/wp\/v2\/media?parent=220693"}],"curies":[{"name":"wp","href":"https:\/\/api.w.org\/{rel}","templated":true}]}}