{"id":222238,"date":"2022-11-03T10:17:56","date_gmt":"2022-11-03T09:17:56","guid":{"rendered":"https:\/\/www.elche.es\/recursos-humans\/oferta-publica-de-empleo\/ingeniero-a-tecnico-a-industrial\/"},"modified":"2022-11-11T10:25:03","modified_gmt":"2022-11-11T09:25:03","slug":"ingeniero-a-tecnico-a-industrial","status":"publish","type":"page","link":"https:\/\/www.elche.es\/va\/recursos-humans\/oferta-publica-de-empleo\/ingeniero-a-tecnico-a-industrial\/","title":{"rendered":"ENGINYER\/A TECNIC\/A INDUSTRIAL"},"content":{"rendered":"<div class=\"wpb-content-wrapper\"><p>[vc_row][vc_column][vc_column_text][vc_row full_width=&#8221;stretch_row&#8221; css=&#8221;.vc_custom_1475488224066{background-color: #dddde0 !important;}&#8221;][vc_column][vc_column_text]<nav aria-label=\"breadcrumbs\">\n            <div class=\"breadcrumb-container theme1\">\n                <ol>\n                                    <\/ol>\n            <\/div>\n        <\/nav>    <script type=\"application\/ld+json\">\n        {\n            \"@context\": \"http:\/\/schema.org\",\n            \"@type\": \"BreadcrumbList\",\n            \"itemListElement\": [\n                            ]\n        }\n    <\/script>\n    <style type=\"text\/css\">\n        .breadcrumb-container {\n            font-size: 13px;\n        }\n\n        .breadcrumb-container ul {\n            margin: 0;\n            padding: 0;\n        }\n\n        .breadcrumb-container li {\n            box-sizing: unset;\n            display: inline-block;\n            margin: 0;\n            padding: 0;\n        }\n\n        .breadcrumb-container li a {\n            box-sizing: unset;\n            padding: 0 10px;\n        }\n\n        .breadcrumb-container {\n            font-size: 3 !important;\n                    }\n\n        .breadcrumb-container li a {\n            color: #0a0a0a !important;\n            font-size: 3 !important;\n            line-height: 3 !important;\n                    }\n\n        .breadcrumb-container li .separator {\n            font-size: 3 !important;\n                    }\n\n        .breadcrumb-container li:last-child .separator {\n            display: none;\n        }\n    <\/style>\n    <style type=\"text\/css\">\n        .breadcrumb-container.theme1 li {\n            margin: 0;\n            padding: 0;\n        }\n        .breadcrumb-container.theme1 a {\n            background: ;\n            display: inline-block;\n            margin: 0 5px;\n            padding: 5px 10px;\n            text-decoration: none;\n        }\n    <\/style>\n        <style type=\"text\/css\">\n            <\/style>\n    <script>\n            <\/script>\n[\/vc_column_text][\/vc_column][\/vc_row][vc_row css=&#8221;.vc_custom_1475488264405{padding-bottom: 40px !important;}&#8221; el_id=&#8221;bloque_basica&#8221;][vc_column width=&#8221;2\/3&#8243;][vc_custom_heading text=&#8221;ENGINYER\/A TECNIC\/A INDUSTRIAL (Estabilitzaci\u00f3)&#8221; font_container=&#8221;tag:h4|text_align:left&#8221; use_theme_fonts=&#8221;yes&#8221; el_class=&#8221;enlaces-titulo-cabecera&#8221; css=&#8221;.vc_custom_1668155545164{padding-top: 30px !important;padding-bottom: 20px !important;}&#8221;][vc_column_text]<\/p>\n<table style=\"width: 100.29%; height: 591px;\" border=\"0\" width=\"100%\">\n<tbody>\n<tr style=\"font-size: 12px; font-family: Arial, Helvetica, sans-serif;\">\n<td style=\"font-weight: bold; width: 29.1743%; height: 18px;\" colspan=\"2\">\u00a0\u00a0<em>N\u00famero de plazas<\/em><\/td>\n<td style=\"text-align: left; width: 70.6309%; height: 18px;\" colspan=\"2\">1<\/td>\n<\/tr>\n<tr style=\"font-size: 12px; font-family: Arial, Helvetica, sans-serif;\">\n<td style=\"font-weight: bold; width: 29.1743%; height: 18px;\" colspan=\"2\">\u00a0\u00a0<em>Clasificaci\u00f3n<\/em><\/td>\n<td style=\"text-align: left; width: 70.6309%; height: 18px;\" colspan=\"2\">A2<\/td>\n<\/tr>\n<tr style=\"font-size: 12px; font-family: Arial, Helvetica, sans-serif;\">\n<td style=\"font-weight: bold; width: 29.1743%; height: 18px;\" colspan=\"2\">\u00a0\u00a0<em>Acceso<\/em><\/td>\n<td style=\"text-align: left; width: 70.6309%; height: 18px;\" colspan=\"2\">Lliure (Estabilitzaci\u00f3)<\/td>\n<\/tr>\n<tr style=\"font-family: Arial, Helvetica, sans-serif;\">\n<td style=\"width: 29.1743%; height: 222px;\" colspan=\"2\"><span style=\"color: ##005700; font-size: 14px;\"><strong>BASES DE LA CONVOCATORIA<\/strong><\/span><\/td>\n<td style=\"text-align: right; font-size: 12px; width: 70.6309%; height: 222px;\" colspan=\"2\"><a href=\"https:\/\/www.elche.es\/wp-content\/uploads\/2022\/09\/0-BASES-CONCURSO-MERITOS-INGENIERO-TECNICO-INDUSTRIAL.pdf\"><span style=\"color: #000000;\">Descargar bases &gt;<\/span><\/a><\/p>\n<p>&nbsp;<\/td>\n<\/tr>\n<tr style=\"font-size: 14px; font-family: Arial, Helvetica, sans-serif;\">\n<td style=\"width: 29.1743%; height: 102px;\" colspan=\"2\"><span style=\"color: ##005700; font-size: 14px;\"><strong>INSTANCIAS<\/strong><\/span><\/td>\n<td style=\"text-align: right; font-size: 12px; width: 70.6309%; height: 102px;\" colspan=\"2\"><a href=\"https:\/\/aplicaciones.elche.es\/Autoliquidaciones\/?idSubConcepto=232\">PAGO DE LA TASA &gt;<\/a><\/p>\n<p><a href=\"https:\/\/www.elche.es\/wp-content\/uploads\/2022\/09\/2022-BAREMACION-ESTABILIZACION-2.xlsx\">AUTOBAREMACION&gt;<\/a><\/p>\n<p>NOTA: Deben realizar la instancia a trav\u00e9s del tr\u00e1mite &#8220;Inscripci\u00f3n en procesos selectivos y bolsas de trabajo&#8221; que encontrar\u00e1n en el siguiente enlace:<\/p>\n<p><a href=\"https:\/\/sede.elche.es\/sta\/CarpetaPublic\/doEvent?APP_CODE=STA&amp;PAGE_CODE=CATALOGO&amp;DETALLE=6269000025258261207922\">Registro electr\u00f3nico: Presentaci\u00f3n de instancias &gt;<\/a><\/td>\n<\/tr>\n<tr style=\"font-size: 12px; font-family: Arial, Helvetica, sans-serif;\">\n<td style=\"font-weight: bold; width: 29.1743%; height: 39px;\" colspan=\"2\"><span style=\"font-size: 10pt;\"><em>PLAZO DE INSTANCIAS:\u00a0<\/em><\/span><\/td>\n<td style=\"text-align: left; width: 22.48%; height: 39px;\" width=\"300\"><\/td>\n<td style=\"text-align: right; width: 48.1509%; height: 39px;\" width=\"150\">ANUNCIO BOE&gt;<\/td>\n<\/tr>\n<tr style=\"font-family: Arial, Helvetica, sans-serif;\">\n<td style=\"font-size: 14px; width: 29.1743%; height: 21px;\" colspan=\"2\"><strong>RELACI\u00d3N PROVISIONAL DE ASPIRANTES<\/strong><\/td>\n<td style=\"text-align: right; font-size: 12px; width: 70.6309%; height: 21px;\" colspan=\"2\"><strong><span style=\"color: #0000ff;\">Ver lista provisional &gt;<\/span><\/strong><\/td>\n<\/tr>\n<tr style=\"font-size: 12px; font-family: Arial, Helvetica, sans-serif;\">\n<td style=\"font-weight: bold; width: 29.1743%; height: 21px;\" colspan=\"2\"><span style=\"color: #0000ff;\"><em>Fin plazo de reclamaciones:\u00a0<\/em><\/span><\/td>\n<td style=\"text-align: left; width: 22.48%; height: 21px;\"><\/td>\n<td style=\"text-align: right; width: 48.1509%; height: 21px;\"><\/td>\n<\/tr>\n<tr style=\"font-family: Arial, Helvetica, sans-serif;\">\n<td style=\"width: 29.1743%; height: 132px;\" colspan=\"2\"><span style=\"color: ##005700; font-size: 14px;\"><strong>COMPOSICI\u00d3N DEL TRIBUNAL Y RELACI\u00d3N DEFINITIVA DE ASPIRANTES<\/strong><\/span><\/td>\n<td style=\"text-align: right; font-size: 12px; width: 70.6309%; height: 132px;\" colspan=\"2\"><strong>Ver composici\u00f3n &gt;<\/strong><\/p>\n<p><strong>Ver relaci\u00f3n definitiva de aspirantes admitidos y excluidos &gt;<\/strong><\/p>\n<p>&nbsp;<\/p>\n<p><a href=\"https:\/\/www.elche.es\/wp-content\/uploads\/2020\/06\/2.-INSTRUCCIONES-ASPIRANTES-.Protocolo-seguridad-normas-procesos-selectivos-Covid-191.pdf\"><span style=\"color: #ff0000;\">PROTOCOLO DE SEGURIDAD PARA ASPIRANTES EN PROCESOS SELECTIVOS&gt;<\/span><\/a><\/td>\n<\/tr>\n<\/tbody>\n<\/table>\n<table border=\"0\" width=\"100%\">\n<tbody>\n<tr style=\"font-size: 14px; font-family: Arial, Helvetica, sans-serif;\">\n<td style=\"font-size: 14px; font-weight: bold;\" width=\"347\"><\/td>\n<td width=\"100\"><\/td>\n<td width=\"100\"><\/td>\n<td width=\"311\"><\/td>\n<\/tr>\n<tr style=\"font-size: 12px; font-family: Arial, Helvetica, sans-serif;\">\n<td style=\"font-weight: bold;\"><\/td>\n<td style=\"text-align: left;\"><\/td>\n<td style=\"text-align: left;\"><\/td>\n<td style=\"text-align: center;\"><\/td>\n<\/tr>\n<tr style=\"font-size: 12px; font-family: Arial, Helvetica, sans-serif;\">\n<td style=\"font-weight: bold;\"><\/td>\n<td style=\"text-align: left;\"><\/td>\n<td style=\"text-align: left;\"><\/td>\n<td style=\"text-align: left;\"><\/td>\n<\/tr>\n<tr style=\"font-size: 12px; font-family: Arial, Helvetica, sans-serif;\">\n<td style=\"font-weight: bold;\"><\/td>\n<td style=\"text-align: left;\"><\/td>\n<td style=\"text-align: left;\"><\/td>\n<td style=\"text-align: left;\"><\/td>\n<\/tr>\n<tr style=\"font-size: 12px; font-family: Arial, Helvetica, sans-serif;\">\n<td style=\"font-weight: bold;\"><\/td>\n<td style=\"text-align: left;\"><\/td>\n<td style=\"text-align: left;\"><\/td>\n<td style=\"text-align: left;\"><\/td>\n<\/tr>\n<tr style=\"font-size: 12px; font-family: Arial, Helvetica, sans-serif;\">\n<td style=\"font-weight: bold;\"><\/td>\n<td style=\"text-align: left;\"><\/td>\n<td style=\"text-align: left;\"><\/td>\n<td style=\"text-align: left;\"><\/td>\n<\/tr>\n<\/tbody>\n<\/table>\n<table border=\"0\" width=\"100%\">\n<tbody>\n<tr style=\"font-family: Arial, Helvetica, sans-serif;\">\n<td style=\"font-size: 14px; font-weight: bold;\" width=\"347\"><\/td>\n<td style=\"font-size: 12px; text-align: right;\"><\/td>\n<\/tr>\n<\/tbody>\n<\/table>\n<table border=\"0\" width=\"100%\">\n<tbody>\n<tr style=\"font-size: 14px; font-family: Arial, Helvetica, sans-serif;\">\n<td style=\"font-size: 14px; font-weight: bold;\" width=\"347\"><\/td>\n<td><\/td>\n<\/tr>\n<tr style=\"font-size: 12px; font-family: Arial, Helvetica, sans-serif;\">\n<td style=\"font-weight: bold;\"><\/td>\n<td style=\"text-align: right;\"><\/td>\n<\/tr>\n<tr style=\"font-size: 12px; font-family: Arial, Helvetica, sans-serif;\">\n<td style=\"font-weight: bold;\"><\/td>\n<td style=\"text-align: right;\"><\/td>\n<\/tr>\n<tr style=\"font-size: 12px; font-family: Arial, Helvetica, sans-serif;\">\n<td style=\"font-weight: bold;\"><\/td>\n<td style=\"text-align: right;\"><\/td>\n<\/tr>\n<tr style=\"font-size: 12px; font-family: Arial, Helvetica, sans-serif;\">\n<td style=\"font-weight: bold;\"><\/td>\n<td style=\"text-align: right;\"><\/td>\n<\/tr>\n<tr style=\"font-size: 12px; font-family: Arial, Helvetica, sans-serif;\">\n<td style=\"font-weight: bold;\"><\/td>\n<td style=\"text-align: right;\"><\/td>\n<\/tr>\n<tr style=\"font-size: 12px; font-family: Arial, Helvetica, sans-serif;\">\n<td style=\"font-weight: bold;\"><\/td>\n<td style=\"text-align: right;\"><\/td>\n<\/tr>\n<tr style=\"font-size: 12px; font-family: Arial, Helvetica, sans-serif;\">\n<td style=\"font-weight: bold;\"><\/td>\n<td style=\"text-align: right;\"><\/td>\n<\/tr>\n<\/tbody>\n<\/table>\n<table border=\"0\" width=\"100%\">\n<tbody>\n<tr style=\"font-size: 14px; font-family: Arial, Helvetica, sans-serif;\">\n<td style=\"font-weight: bold;\"><span style=\"color: ##005700; font-size: 14px;\"><strong>OBSERVACIONES<\/strong><\/span><\/td>\n<\/tr>\n<tr style=\"font-size: 14px; font-family: Arial, Helvetica, sans-serif;\">\n<td style=\"text-align: justify; font-size: 12px;\" colspan=\"3\" height=\"48\"><\/td>\n<\/tr>\n<\/tbody>\n<\/table>\n<p>[\/vc_column_text][\/vc_column][\/vc_row][vc_row][vc_column][vc_column_text][\/vc_column_text][\/vc_column][\/vc_row][vc_row][vc_column][vc_column_text][\/vc_column_text][\/vc_column][\/vc_row]<\/p>\n<\/div>","protected":false},"excerpt":{"rendered":"<p>[vc_row][vc_column][vc_column_text][vc_row full_width=&#8221;stretch_row&#8221; css=&#8221;.vc_custom_1475488224066{background-color: #dddde0 !important;}&#8221;][vc_column][vc_column_text][\/vc_column_text][\/vc_column][\/vc_row][vc_row css=&#8221;.vc_custom_1475488264405{padding-bottom: 40px !important;}&#8221; el_id=&#8221;bloque_basica&#8221;][vc_column width=&#8221;2\/3&#8243;][vc_custom_heading text=&#8221;ENGINYER\/A TECNIC\/A INDUSTRIAL (Estabilitzaci\u00f3)&#8221; font_container=&#8221;tag:h4|text_align:left&#8221; use_theme_fonts=&#8221;yes&#8221; el_class=&#8221;enlaces-titulo-cabecera&#8221; css=&#8221;.vc_custom_1668155545164{padding-top: 30px !important;padding-bottom: 20px !important;}&#8221;][vc_column_text] \u00a0\u00a0N\u00famero de plazas 1 \u00a0\u00a0Clasificaci\u00f3n A2 \u00a0\u00a0Acceso Lliure [&hellip;]<\/p>\n","protected":false},"author":131,"featured_media":0,"parent":6951,"menu_order":0,"comment_status":"closed","ping_status":"closed","template":"","meta":{"footnotes":""},"class_list":["post-222238","page","type-page","status-publish","hentry"],"_links":{"self":[{"href":"https:\/\/www.elche.es\/va\/wp-json\/wp\/v2\/pages\/222238","targetHints":{"allow":["GET"]}}],"collection":[{"href":"https:\/\/www.elche.es\/va\/wp-json\/wp\/v2\/pages"}],"about":[{"href":"https:\/\/www.elche.es\/va\/wp-json\/wp\/v2\/types\/page"}],"author":[{"embeddable":true,"href":"https:\/\/www.elche.es\/va\/wp-json\/wp\/v2\/users\/131"}],"replies":[{"embeddable":true,"href":"https:\/\/www.elche.es\/va\/wp-json\/wp\/v2\/comments?post=222238"}],"version-history":[{"count":0,"href":"https:\/\/www.elche.es\/va\/wp-json\/wp\/v2\/pages\/222238\/revisions"}],"up":[{"embeddable":true,"href":"https:\/\/www.elche.es\/va\/wp-json\/wp\/v2\/pages\/6951"}],"wp:attachment":[{"href":"https:\/\/www.elche.es\/va\/wp-json\/wp\/v2\/media?parent=222238"}],"curies":[{"name":"wp","href":"https:\/\/api.w.org\/{rel}","templated":true}]}}