{"id":233051,"date":"2023-01-19T10:52:28","date_gmt":"2023-01-19T09:52:28","guid":{"rendered":"https:\/\/www.elche.es\/?page_id=233051"},"modified":"2023-01-19T10:53:41","modified_gmt":"2023-01-19T09:53:41","slug":"estudi-dintegracio-paisatgistica-de-lestudi-de-detall-a-larea-de-repartiment-num-39-del-pla-general-delx-nous-regs-del-progres","status":"publish","type":"page","link":"https:\/\/www.elche.es\/va\/urbanisme\/estudi-dintegracio-paisatgistica-de-lestudi-de-detall-a-larea-de-repartiment-num-39-del-pla-general-delx-nous-regs-del-progres\/","title":{"rendered":"ESTUDI D&#8217;INTEGRACI\u00d3 PAISATG\u00cdSTICA DE L&#8217;ESTUDI DE DETALL A L&#8217;\u00c0REA DE REPARTIMENT n\u00fam. 39 DEL PLA GENERAL D&#8217;ELX. NOUS REGS DEL PROGR\u00c9S"},"content":{"rendered":"<div class=\"wpb-content-wrapper\"><p>[vc_row full_width=&#8221;stretch_row&#8221; css=&#8221;.vc_custom_1611916494855{background-image: url(https:\/\/www.elche.es\/wp-content\/uploads\/2017\/05\/Elche_en_la_noche_en_Elche.jpg?id=22494) !important;background-position: center !important;background-repeat: no-repeat !important;background-size: cover !important;}&#8221; el_id=&#8221;bloque_titulo&#8221; el_class=&#8221;slidercabecera&#8221;][vc_column][vc_custom_heading text=&#8221;URBANISME&#8221; font_container=&#8221;tag:h2|text_align:center|color:%23ffffff&#8221; google_fonts=&#8221;font_family:Ubuntu%3A300%2C300italic%2Cregular%2Citalic%2C500%2C500italic%2C700%2C700italic|font_style:700%20bold%20regular%3A700%3Anormal&#8221; el_class=&#8221;sombraTitulo cabeceramovil&#8221;][\/vc_column][\/vc_row][vc_row full_width=&#8221;stretch_row&#8221; css=&#8221;.vc_custom_1475484188729{background-color: #dddde0 !important;}&#8221;][vc_column offset=&#8221;vc_hidden-sm vc_hidden-xs&#8221;][vc_column_text]<nav aria-label=\"breadcrumbs\">\n            <div class=\"breadcrumb-container theme1\">\n                <ol>\n                                    <\/ol>\n            <\/div>\n        <\/nav>    <script type=\"application\/ld+json\">\n        {\n            \"@context\": \"http:\/\/schema.org\",\n            \"@type\": \"BreadcrumbList\",\n            \"itemListElement\": [\n                            ]\n        }\n    <\/script>\n    <style type=\"text\/css\">\n        .breadcrumb-container {\n            font-size: 13px;\n        }\n\n        .breadcrumb-container ul {\n            margin: 0;\n            padding: 0;\n        }\n\n        .breadcrumb-container li {\n            box-sizing: unset;\n            display: inline-block;\n            margin: 0;\n            padding: 0;\n        }\n\n        .breadcrumb-container li a {\n            box-sizing: unset;\n            padding: 0 10px;\n        }\n\n        .breadcrumb-container {\n            font-size: 3 !important;\n                    }\n\n        .breadcrumb-container li a {\n            color: #0a0a0a !important;\n            font-size: 3 !important;\n            line-height: 3 !important;\n                    }\n\n        .breadcrumb-container li .separator {\n            font-size: 3 !important;\n                    }\n\n        .breadcrumb-container li:last-child .separator {\n            display: none;\n        }\n    <\/style>\n    <style type=\"text\/css\">\n        .breadcrumb-container.theme1 li {\n            margin: 0;\n            padding: 0;\n        }\n        .breadcrumb-container.theme1 a {\n            background: ;\n            display: inline-block;\n            margin: 0 5px;\n            padding: 5px 10px;\n            text-decoration: none;\n        }\n    <\/style>\n        <style type=\"text\/css\">\n            <\/style>\n    <script>\n            <\/script>\n[\/vc_column_text][\/vc_column][\/vc_row][vc_row][vc_column][vc_column_text el_class=&#8221;encuestaarea&#8221;]\n<div class=\"wpcf7 no-js\" id=\"wpcf7-f232965-o1\" lang=\"es-ES\" dir=\"ltr\" data-wpcf7-id=\"232965\">\n<div class=\"screen-reader-response\"><p role=\"status\" aria-live=\"polite\" aria-atomic=\"true\"><\/p> <ul><\/ul><\/div>\n<form action=\"\/va\/wp-json\/wp\/v2\/pages\/233051#wpcf7-f232965-o1\" method=\"post\" class=\"wpcf7-form init\" aria-label=\"Formulario de contacto\" novalidate=\"novalidate\" data-status=\"init\">\n<div style=\"display: none;\">\n<input type=\"hidden\" name=\"_wpcf7\" value=\"232965\" \/>\n<input type=\"hidden\" name=\"_wpcf7_version\" value=\"6.0.6\" \/>\n<input type=\"hidden\" name=\"_wpcf7_locale\" value=\"es_ES\" \/>\n<input type=\"hidden\" name=\"_wpcf7_unit_tag\" value=\"wpcf7-f232965-o1\" \/>\n<input type=\"hidden\" name=\"_wpcf7_container_post\" value=\"0\" \/>\n<input type=\"hidden\" name=\"_wpcf7_posted_data_hash\" value=\"\" \/>\n<\/div>\n<h1 class=\"sc_title sc_title_regular titulo-pagina margin_top_small\">Estudi d'integraci\u00f3 paisatg\u00edstica de l'estudi de detall a l'\u00e0rea de repartiment n\u00fam. 39 del pla general d'elx. nous regs del progr\u00e9s\n<\/h1>\n<div class=\"vc_row wpb_row vc_row-fluid encuestatotal\">\n\t<div class=\"wpb_column vc_column_container vc_col-sm-12 pleft-pright-20\">\n\t\t<h5>PLA DE PARTICIPACI\u00d3 P\u00daBLICA.\n\t\t<\/h5>\n\t\t<p><span class=\"pencuesta\">L'\u00e0mbit de l'Estudi de Detall se situa a l'illa conformada pels carrers Empedrat, Corredora, Hospital i Pla\u00e7a de la Constituci\u00f3, dins de la zona homog\u00e8nia n\u00fam. 39 d'\u00e0rees de repartiment uniparcel\u00e0ries, classificada pel vigent Pla General d'Elx com a s\u00f2l urb\u00e0 i qualificada amb clau 2: Zona Barri antic, dins de la qual se situa el conjunt Nous Regs El Progr\u00e9s.<br \/>\nAquest \u00e0mbit est\u00e0 incl\u00f2s dins de l'entorn de protecci\u00f3 del Palmerar d'Elx, declarat B\u00e9 d'Inter\u00e9s Cultural, i zona d'amortiment UNESCO, sense donar enfront de cap hort de palmeres. No obstant aix\u00f2, la Llei 6\/2021, de 12 de novembre, de protecci\u00f3 i promoci\u00f3 del Palmerar d'Elx estableix en el seu article 9 que <i>\"tots els projectes de rehabilitaci\u00f3, reconstrucci\u00f3 i nova implantaci\u00f3 de construccions i instal\u00b7lacions als horts de palmeres i el seu entorn de protecci\u00f3 hauran d'incorporar un\n\t\t\t\t\t<o>estudi d'integraci\u00f3 paisatg\u00edstica\n\t\t\t\t\t<\/o> que ser\u00e0 informat per la Junta Gestora del Patronat del Palmerar d'Elx.\u201d<\/i><br \/>\n\t\t\t\t<center>\n\t\t\t\t<\/center><\/span>\n\t\t<\/p>\n\t\t<h5 style=\"color:#f00\">PROC\u00c9S FINALITZAT\n\t\t<\/h5>\n\t<\/div>\n<\/div>\n<div class=\"wpb_column vc_column_container vc_col-sm-6\">\n\t<p>D'acord amb l'article 6 del Decret legislatiu 1\/2021, de 18 de juliol, del Consell d'aprovaci\u00f3 del text ref\u00f3s de la Llei d'ordenaci\u00f3 del territori, urbanisme i paisatge (TR-LOTUP), els instruments de paisatge se sotmetran en tot cas a participaci\u00f3 p\u00fablica i consulta de les administracions p\u00fabliques afectades.\n\t<\/p>\n\t<p>Aquesta <b>ENQUESTA<\/b> pertany al Pla de Participaci\u00f3 P\u00fablica de l'Estudi de Detall en l'\u00e0rea de repartiment n\u00fam. 39 del Pla General d'Elx, Nous Regs El Progr\u00e9s, situat a l'illa conformada pels carrers Empedrat, Corredora, Hospital i Pla\u00e7a de la Constituci\u00f3.\n\t<\/p>\n<\/div>\n<div class=\"wpb_column vc_column_container vc_col-sm-6\">\n\t<p><img decoding=\"async\" src=\"https:\/\/www.elche.es\/wp-content\/uploads\/2022\/11\/encuesta-urbanismo.jpg\" class=\"img-fluid\" \/>\n\t<\/p>\n<\/div>\n<div style=\"clear:left;\">\n<\/div>\n<div class=\"tituloencuesta\">\n\t<p><b>1. Coneix la zona?<\/b><br \/>\n<span class=\"wpcf7-form-control-wrap\" data-name=\"radio-01\"><span class=\"wpcf7-form-control wpcf7-radio\" id=\"UP1\"><span class=\"wpcf7-list-item first\"><input type=\"radio\" name=\"radio-01\" value=\"S\u00cd\" \/><span class=\"wpcf7-list-item-label\">S\u00cd<\/span><\/span><span class=\"wpcf7-list-item last\"><input type=\"radio\" name=\"radio-01\" value=\"NO\" \/><span class=\"wpcf7-list-item-label\">NO<\/span><\/span><\/span><\/span>\n\t<\/p>\n<\/div>\n<hr \/>\n<div class=\"tituloencuesta\">\n\t<p><b>2. Amb quina freq\u00fc\u00e8ncia gaudeix de la zona accedint a aquesta?<\/b><br \/>\n<span class=\"wpcf7-form-control-wrap\" data-name=\"radio-02\"><span class=\"wpcf7-form-control wpcf7-radio\" id=\"UP2\"><span class=\"wpcf7-list-item first\"><input type=\"radio\" name=\"radio-02\" value=\"Di\u00e0riament\" \/><span class=\"wpcf7-list-item-label\">Di\u00e0riament<\/span><\/span><span class=\"wpcf7-list-item\"><input type=\"radio\" name=\"radio-02\" value=\"Sovint\" \/><span class=\"wpcf7-list-item-label\">Sovint<\/span><\/span><span class=\"wpcf7-list-item\"><input type=\"radio\" name=\"radio-02\" value=\"De vegades\" \/><span class=\"wpcf7-list-item-label\">De vegades<\/span><\/span><span class=\"wpcf7-list-item\"><input type=\"radio\" name=\"radio-02\" value=\"Rares vegades\" \/><span class=\"wpcf7-list-item-label\">Rares vegades<\/span><\/span><span class=\"wpcf7-list-item last\"><input type=\"radio\" name=\"radio-02\" value=\"Mai\" \/><span class=\"wpcf7-list-item-label\">Mai<\/span><\/span><\/span><\/span>\n\t<\/p>\n\t<div class=\"wpb_column vc_column_container vc_col-sm-6 cuadrosencuesta\">\n\t\t<p><img decoding=\"async\" src=\"https:\/\/www.elche.es\/wp-content\/uploads\/2022\/11\/02-foto01.jpg\" class=\"img-fluid\" \/>\n\t\t<\/p>\n\t<\/div>\n\t<div class=\"wpb_column vc_column_container vc_col-sm-6 cuadrosencuesta\">\n\t\t<p><img decoding=\"async\" src=\"https:\/\/www.elche.es\/wp-content\/uploads\/2022\/11\/02-foto02.jpg\" class=\"img-fluid\" \/>\n\t\t<\/p>\n\t<\/div>\n\t<div style=\"clear:left;\">\n\t<\/div>\n<\/div>\n<hr \/>\n<div class=\"tituloencuesta\">\n\t<p><b>3. Valore la qualitat paisatg\u00edstica actual de la zona.<\/b><br \/>\n<span class=\"wpcf7-form-control-wrap\" data-name=\"radio-03\"><span class=\"wpcf7-form-control wpcf7-radio\" id=\"UP3\"><span class=\"wpcf7-list-item first\"><input type=\"radio\" name=\"radio-03\" value=\"Molt alta\" \/><span class=\"wpcf7-list-item-label\">Molt alta<\/span><\/span><span class=\"wpcf7-list-item\"><input type=\"radio\" name=\"radio-03\" value=\"Alta\" \/><span class=\"wpcf7-list-item-label\">Alta<\/span><\/span><span class=\"wpcf7-list-item\"><input type=\"radio\" name=\"radio-03\" value=\"Mitjana\" \/><span class=\"wpcf7-list-item-label\">Mitjana<\/span><\/span><span class=\"wpcf7-list-item\"><input type=\"radio\" name=\"radio-03\" value=\"Baixa\" \/><span class=\"wpcf7-list-item-label\">Baixa<\/span><\/span><span class=\"wpcf7-list-item last\"><input type=\"radio\" name=\"radio-03\" value=\"Molt baixa\" \/><span class=\"wpcf7-list-item-label\">Molt baixa<\/span><\/span><\/span><\/span>\n\t<\/p>\n\t<div class=\"wpb_column vc_column_container vc_col-sm-6 cuadrosencuesta\">\n\t\t<p><img decoding=\"async\" src=\"https:\/\/www.elche.es\/wp-content\/uploads\/2022\/11\/03-foto01.jpg\" class=\"img-fluid\" \/>\n\t\t<\/p>\n\t<\/div>\n\t<div class=\"wpb_column vc_column_container vc_col-sm-6 cuadrosencuesta\">\n\t\t<p><img decoding=\"async\" src=\"https:\/\/www.elche.es\/wp-content\/uploads\/2022\/11\/03-foto02.jpg\" class=\"img-fluid\" \/>\n\t\t<\/p>\n\t<\/div>\n\t<div style=\"clear:left;\">\n\t<\/div>\n\t<div class=\"wpb_column vc_column_container vc_col-sm-6 cuadrosencuesta\">\n\t\t<p><img decoding=\"async\" src=\"https:\/\/www.elche.es\/wp-content\/uploads\/2022\/11\/03-foto03.jpg\" class=\"img-fluid\" \/>\n\t\t<\/p>\n\t<\/div>\n\t<div class=\"wpb_column vc_column_container vc_col-sm-6 cuadrosencuesta\">\n\t\t<p><img decoding=\"async\" src=\"https:\/\/www.elche.es\/wp-content\/uploads\/2022\/11\/03-foto04.jpg\" class=\"img-fluid\" \/>\n\t\t<\/p>\n\t<\/div>\n\t<div style=\"clear:left;\">\n\t<\/div>\n<\/div>\n<hr \/>\n<div class=\"tituloencuesta\">\n\t<p><b>4. Com definiria la percepci\u00f3 del Palmerar d'Elx des d'aquesta zona?<\/b><br \/>\n<span class=\"wpcf7-form-control-wrap\" data-name=\"radio-04\"><span class=\"wpcf7-form-control wpcf7-radio\" id=\"UP4\"><span class=\"wpcf7-list-item first\"><input type=\"radio\" name=\"radio-04\" value=\"Inexistent\" \/><span class=\"wpcf7-list-item-label\">Inexistent<\/span><\/span><span class=\"wpcf7-list-item\"><input type=\"radio\" name=\"radio-04\" value=\"Molt redu\u00efda\" \/><span class=\"wpcf7-list-item-label\">Molt redu\u00efda<\/span><\/span><span class=\"wpcf7-list-item\"><input type=\"radio\" name=\"radio-04\" value=\"Redu\u00efda\" \/><span class=\"wpcf7-list-item-label\">Redu\u00efda<\/span><\/span><span class=\"wpcf7-list-item\"><input type=\"radio\" name=\"radio-04\" value=\"Mitjana\" \/><span class=\"wpcf7-list-item-label\">Mitjana<\/span><\/span><span class=\"wpcf7-list-item last\"><input type=\"radio\" name=\"radio-04\" value=\"Alta\" \/><span class=\"wpcf7-list-item-label\">Alta<\/span><\/span><\/span><\/span>\n\t<\/p>\n\t<div class=\"wpb_column vc_column_container vc_col-sm-6 cuadrosencuesta\">\n\t\t<p><img decoding=\"async\" src=\"https:\/\/www.elche.es\/wp-content\/uploads\/2022\/11\/04-foto01.jpg\" class=\"img-fluid\" \/>\n\t\t<\/p>\n\t<\/div>\n\t<div class=\"wpb_column vc_column_container vc_col-sm-6 cuadrosencuesta\">\n\t\t<p><img decoding=\"async\" src=\"https:\/\/www.elche.es\/wp-content\/uploads\/2022\/11\/04-foto02.jpg\" class=\"img-fluid\" \/>\n\t\t<\/p>\n\t<\/div>\n\t<div style=\"clear:left;\">\n\t<\/div>\n<\/div>\n\t\n<!--<div class=\"benviare\"><input class=\"wpcf7-form-control wpcf7-submit has-spinner\" type=\"submit\" value=\"Enviar\" \/><\/div>\n<center>Aquesta enquesta estar\u00e0 disponible 20 dies h\u00e0bils des del\u00a0 18\/01\/2023<\/center>-->\n<center>\n\t<p><strong>Gr\u00e0cies per participar.<\/strong>\n\t<\/p>\n<\/center>\n\n<div class=\"wpcf7-response-output\" aria-hidden=\"true\"><\/div>\n<\/form>\n<\/div>\n[\/vc_column_text][\/vc_column][\/vc_row][vc_row full_width=&#8221;stretch_row&#8221; css=&#8221;.vc_custom_1644490021390{padding-top: 30px !important;background-color: #ffffff !important;}&#8221;][vc_column][vc_column_text]<\/p>\n<hr \/>\n<p>[\/vc_column_text][vc_column_text css=&#8221;.vc_custom_1674121996954{padding-bottom: 30px !important;}&#8221;]La funci\u00f3 del Servei d\u2019Urbanisme \u00e9s la definici\u00f3 i gesti\u00f3 del model d\u2019evoluci\u00f3 urbana del municipi d\u2019Elx en el seu conjunt. Aix\u00ed mateix li correspon la planificaci\u00f3 i execuci\u00f3 de les grans infraestructures municipals i la gesti\u00f3 del patrimoni municipal. Exerceix funcions de control dels actes d\u2019\u00fas, transformaci\u00f3 i edificaci\u00f3 del s\u00f2l mitjan\u00e7ant la tramitaci\u00f3 de llic\u00e8ncies i declaracions responsables, aix\u00ed com, de protecci\u00f3 de la legalitat urban\u00edstica. L\u2019objectiu fonamental de la Regidoria \u00e9s vetlar per un desenvolupament equilibrat i sostenible de la ciutat, propiciant l\u2019acc\u00e9s de tots els ciutadans a les xarxes d\u2019infraestructures de la ciutat.[\/vc_column_text][vc_empty_space height=&#8221;15 px&#8221;][\/vc_column][\/vc_row]<\/p>\n<\/div>","protected":false},"excerpt":{"rendered":"<p>[vc_row full_width=&#8221;stretch_row&#8221; css=&#8221;.vc_custom_1611916494855{background-image: url(https:\/\/www.elche.es\/wp-content\/uploads\/2017\/05\/Elche_en_la_noche_en_Elche.jpg?id=22494) !important;background-position: center !important;background-repeat: no-repeat !important;background-size: cover !important;}&#8221; el_id=&#8221;bloque_titulo&#8221; el_class=&#8221;slidercabecera&#8221;][vc_column][vc_custom_heading text=&#8221;URBANISME&#8221; font_container=&#8221;tag:h2|text_align:center|color:%23ffffff&#8221; google_fonts=&#8221;font_family:Ubuntu%3A300%2C300italic%2Cregular%2Citalic%2C500%2C500italic%2C700%2C700italic|font_style:700%20bold%20regular%3A700%3Anormal&#8221; el_class=&#8221;sombraTitulo cabeceramovil&#8221;][\/vc_column][\/vc_row][vc_row full_width=&#8221;stretch_row&#8221; css=&#8221;.vc_custom_1475484188729{background-color: #dddde0 !important;}&#8221;][vc_column offset=&#8221;vc_hidden-sm vc_hidden-xs&#8221;][vc_column_text][\/vc_column_text][\/vc_column][\/vc_row][vc_row][vc_column][vc_column_text el_class=&#8221;encuestaarea&#8221;][\/vc_column_text][\/vc_column][\/vc_row][vc_row full_width=&#8221;stretch_row&#8221; css=&#8221;.vc_custom_1644490021390{padding-top: 30px !important;background-color: #ffffff [&hellip;]<\/p>\n","protected":false},"author":139,"featured_media":0,"parent":6420,"menu_order":0,"comment_status":"closed","ping_status":"closed","template":"","meta":{"footnotes":""},"class_list":["post-233051","page","type-page","status-publish","hentry"],"_links":{"self":[{"href":"https:\/\/www.elche.es\/va\/wp-json\/wp\/v2\/pages\/233051","targetHints":{"allow":["GET"]}}],"collection":[{"href":"https:\/\/www.elche.es\/va\/wp-json\/wp\/v2\/pages"}],"about":[{"href":"https:\/\/www.elche.es\/va\/wp-json\/wp\/v2\/types\/page"}],"author":[{"embeddable":true,"href":"https:\/\/www.elche.es\/va\/wp-json\/wp\/v2\/users\/139"}],"replies":[{"embeddable":true,"href":"https:\/\/www.elche.es\/va\/wp-json\/wp\/v2\/comments?post=233051"}],"version-history":[{"count":0,"href":"https:\/\/www.elche.es\/va\/wp-json\/wp\/v2\/pages\/233051\/revisions"}],"up":[{"embeddable":true,"href":"https:\/\/www.elche.es\/va\/wp-json\/wp\/v2\/pages\/6420"}],"wp:attachment":[{"href":"https:\/\/www.elche.es\/va\/wp-json\/wp\/v2\/media?parent=233051"}],"curies":[{"name":"wp","href":"https:\/\/api.w.org\/{rel}","templated":true}]}}