{"id":235302,"date":"2023-02-03T11:57:26","date_gmt":"2023-02-03T10:57:26","guid":{"rendered":"https:\/\/www.elche.es\/?page_id=235302"},"modified":"2025-01-21T13:23:43","modified_gmt":"2025-01-21T11:23:43","slug":"revistas-festa-delx","status":"publish","type":"page","link":"https:\/\/www.elche.es\/va\/revistas-festa-delx\/","title":{"rendered":"Revistas FESTA D&#8217;ELX"},"content":{"rendered":"<div class=\"wpb-content-wrapper\"><p>[vc_row full_width=&#8221;stretch_row_content_no_spaces&#8221; css=&#8221;.vc_custom_1663588492163{background-position: center !important;background-repeat: no-repeat !important;background-size: cover !important;}&#8221; el_class=&#8221;cuadrocabecerafoto&#8221;][vc_column][vc_single_image image=&#8221;235430&#8243; img_size=&#8221;full&#8221; alignment=&#8221;center&#8221; el_class=&#8221;cabecerasolofoto&#8221;][\/vc_column][\/vc_row][vc_row full_width=&#8221;stretch_row&#8221; css=&#8221;.vc_custom_1475484188729{background-color: #dddde0 !important;}&#8221;][vc_column][vc_column_text]<nav aria-label=\"breadcrumbs\">\n            <div class=\"breadcrumb-container theme1\">\n                <ol>\n                                    <\/ol>\n            <\/div>\n        <\/nav>    <script type=\"application\/ld+json\">\n        {\n            \"@context\": \"http:\/\/schema.org\",\n            \"@type\": \"BreadcrumbList\",\n            \"itemListElement\": [\n                            ]\n        }\n    <\/script>\n    <style type=\"text\/css\">\n        .breadcrumb-container {\n            font-size: 13px;\n        }\n\n        .breadcrumb-container ul {\n            margin: 0;\n            padding: 0;\n        }\n\n        .breadcrumb-container li {\n            box-sizing: unset;\n            display: inline-block;\n            margin: 0;\n            padding: 0;\n        }\n\n        .breadcrumb-container li a {\n            box-sizing: unset;\n            padding: 0 10px;\n        }\n\n        .breadcrumb-container {\n            font-size: 3 !important;\n                    }\n\n        .breadcrumb-container li a {\n            color: #0a0a0a !important;\n            font-size: 3 !important;\n            line-height: 3 !important;\n                    }\n\n        .breadcrumb-container li .separator {\n            font-size: 3 !important;\n                    }\n\n        .breadcrumb-container li:last-child .separator {\n            display: none;\n        }\n    <\/style>\n    <style type=\"text\/css\">\n        .breadcrumb-container.theme1 li {\n            margin: 0;\n            padding: 0;\n        }\n        .breadcrumb-container.theme1 a {\n            background: ;\n            display: inline-block;\n            margin: 0 5px;\n            padding: 5px 10px;\n            text-decoration: none;\n        }\n    <\/style>\n        <style type=\"text\/css\">\n            <\/style>\n    <script>\n            <\/script>\n[\/vc_column_text][\/vc_column][\/vc_row][vc_row type=&#8221;1&#8243; style=&#8221;regular&#8221; align=&#8221;none&#8221; font_size=&#8221;&#8221; font_weight=&#8221;inherit&#8221; color=&#8221;&#8221; icon=&#8221;inherit&#8221; image=&#8221;none&#8221; picture=&#8221;&#8221; image_size=&#8221;small&#8221; position=&#8221;left&#8221; id=&#8221;&#8221; class=&#8221;titulo-pagina&#8221; animation=&#8221;none&#8221; top=&#8221;small&#8221; bottom=&#8221;inherit&#8221; left=&#8221;inherit&#8221; right=&#8221;inherit&#8221;][vc_column]<h1 class=\"sc_title sc_title_regular titulo-pagina margin_top_small\">FESTA D&#8217;ELX<\/h1>[\/vc_column][\/vc_row][vc_row][vc_column][vc_column_text]FESTA D&#8217;ELX \u00e9s continuaci\u00f3 de <em>Festa d\u2019Elig<\/em>, fundada el 1942. De car\u00e0cter anual, es divideix en dos parts. La primera, sota el t\u00edtol &#8220;La Ciutat&#8221;, arreplega treballs d&#8217;hist\u00f2ria local. La segona part, sota el t\u00edtol &#8220;La Festa&#8221;, inclou treballs sobre la Festa o el Misteri d&#8217;Elx, \u00fanica pe\u00e7a del teatre medieval europeu que ha perdurat fins als nostres dies de manera ininterrompuda, aix\u00ed com estudis sobre d&#8217;altres expressions culturals afins a la representaci\u00f3. Tamb\u00e9 s&#8217;hi inclou, al comen\u00e7ament, un perfil de l&#8217;artista autor de la portada i de les obres que il\u00b7lustren les seccions interiors.[\/vc_column_text][\/vc_column][\/vc_row][vc_row][vc_column][vc_empty_space height=&#8221;62px&#8221;][\/vc_column][\/vc_row][vc_row][vc_column width=&#8221;1\/4&#8243; css=&#8221;.vc_custom_1675424165797{margin-bottom: 40px !important;}&#8221;][vc_single_image image=&#8221;323328&#8243; img_size=&#8221;full&#8221; onclick=&#8221;custom_link&#8221; img_link_target=&#8221;_blank&#8221; css=&#8221;&#8221; link=&#8221;https:\/\/www.elche.es\/download\/revista-festa-delx-2024\/?wpdmdl=323330&#038;refresh=678f8391a1b941737458577&#8243;][\/vc_column][vc_column width=&#8221;1\/4&#8243; css=&#8221;.vc_custom_1675424175370{margin-bottom: 40px !important;}&#8221;][vc_single_image image=&#8221;272003&#8243; img_size=&#8221;full&#8221; onclick=&#8221;custom_link&#8221; img_link_target=&#8221;_blank&#8221; link=&#8221;https:\/\/www.elche.es\/download\/revista-festa-delx-2023\/?wpdmdl=272002&amp;refresh=659d283de31901704798269&#8243;][\/vc_column][vc_column width=&#8221;1\/4&#8243; css=&#8221;.vc_custom_1675424184096{margin-bottom: 40px !important;}&#8221;][vc_single_image image=&#8221;235312&#8243; img_size=&#8221;full&#8221; onclick=&#8221;custom_link&#8221; img_link_target=&#8221;_blank&#8221; link=&#8221;https:\/\/www.elche.es\/va\/download\/festa-delx-2022\/?wpdmdl=235314&amp;refresh=63dcecf22bacd1675422962&#8243;][\/vc_column][vc_column width=&#8221;1\/4&#8243;][vc_single_image image=&#8221;235344&#8243; img_size=&#8221;full&#8221; onclick=&#8221;custom_link&#8221; img_link_target=&#8221;_blank&#8221; link=&#8221;https:\/\/www.elche.es\/va\/download\/festa-delx-2021\/?wpdmdl=235343&amp;refresh=63dcee322de861675423282&#8243;][\/vc_column][\/vc_row][vc_row][vc_column width=&#8221;1\/3&#8243; css=&#8221;.vc_custom_1675424193928{margin-bottom: 40px !important;}&#8221;][vc_single_image image=&#8221;235352&#8243; img_size=&#8221;full&#8221; onclick=&#8221;custom_link&#8221; img_link_target=&#8221;_blank&#8221; link=&#8221;https:\/\/www.elche.es\/va\/download\/festa-delx-2020\/?wpdmdl=235351&amp;refresh=63dcef31dc4601675423537&#8243;][\/vc_column][vc_column width=&#8221;1\/3&#8243; css=&#8221;.vc_custom_1675424202553{margin-bottom: 40px !important;}&#8221;][vc_single_image image=&#8221;235357&#8243; img_size=&#8221;full&#8221; onclick=&#8221;custom_link&#8221; img_link_target=&#8221;_blank&#8221; link=&#8221;https:\/\/www.elche.es\/va\/download\/festa-delx-2019\/?wpdmdl=235359&amp;refresh=63dcf03357dd31675423795&#8243;][\/vc_column][vc_column width=&#8221;1\/3&#8243; css=&#8221;.vc_custom_1675424211244{margin-bottom: 40px !important;}&#8221;][vc_single_image image=&#8221;235360&#8243; img_size=&#8221;full&#8221; onclick=&#8221;custom_link&#8221; img_link_target=&#8221;_blank&#8221; link=&#8221;https:\/\/www.elche.es\/va\/download\/festa-delx-2018\/?wpdmdl=235362&amp;refresh=63dcf0929d6591675423890&#8243;][\/vc_column][\/vc_row]<\/p>\n<\/div>","protected":false},"excerpt":{"rendered":"<p>[vc_row full_width=&#8221;stretch_row_content_no_spaces&#8221; css=&#8221;.vc_custom_1663588492163{background-position: center !important;background-repeat: no-repeat !important;background-size: cover !important;}&#8221; el_class=&#8221;cuadrocabecerafoto&#8221;][vc_column][vc_single_image image=&#8221;235430&#8243; img_size=&#8221;full&#8221; alignment=&#8221;center&#8221; el_class=&#8221;cabecerasolofoto&#8221;][\/vc_column][\/vc_row][vc_row full_width=&#8221;stretch_row&#8221; css=&#8221;.vc_custom_1475484188729{background-color: #dddde0 !important;}&#8221;][vc_column][vc_column_text][\/vc_column_text][\/vc_column][\/vc_row][vc_row type=&#8221;1&#8243; style=&#8221;regular&#8221; align=&#8221;none&#8221; font_size=&#8221;&#8221; font_weight=&#8221;inherit&#8221; color=&#8221;&#8221; icon=&#8221;inherit&#8221; image=&#8221;none&#8221; picture=&#8221;&#8221; image_size=&#8221;small&#8221; position=&#8221;left&#8221; id=&#8221;&#8221; [&hellip;]<\/p>\n","protected":false},"author":139,"featured_media":0,"parent":0,"menu_order":0,"comment_status":"closed","ping_status":"closed","template":"","meta":{"footnotes":""},"class_list":["post-235302","page","type-page","status-publish","hentry"],"_links":{"self":[{"href":"https:\/\/www.elche.es\/va\/wp-json\/wp\/v2\/pages\/235302","targetHints":{"allow":["GET"]}}],"collection":[{"href":"https:\/\/www.elche.es\/va\/wp-json\/wp\/v2\/pages"}],"about":[{"href":"https:\/\/www.elche.es\/va\/wp-json\/wp\/v2\/types\/page"}],"author":[{"embeddable":true,"href":"https:\/\/www.elche.es\/va\/wp-json\/wp\/v2\/users\/139"}],"replies":[{"embeddable":true,"href":"https:\/\/www.elche.es\/va\/wp-json\/wp\/v2\/comments?post=235302"}],"version-history":[{"count":3,"href":"https:\/\/www.elche.es\/va\/wp-json\/wp\/v2\/pages\/235302\/revisions"}],"predecessor-version":[{"id":323333,"href":"https:\/\/www.elche.es\/va\/wp-json\/wp\/v2\/pages\/235302\/revisions\/323333"}],"wp:attachment":[{"href":"https:\/\/www.elche.es\/va\/wp-json\/wp\/v2\/media?parent=235302"}],"curies":[{"name":"wp","href":"https:\/\/api.w.org\/{rel}","templated":true}]}}