{"id":238119,"date":"2023-02-20T14:35:45","date_gmt":"2023-02-20T13:35:45","guid":{"rendered":"https:\/\/www.elche.es\/?page_id=238119"},"modified":"2023-02-23T13:31:55","modified_gmt":"2023-02-23T12:31:55","slug":"tutorials-de-la-seu-electronica","status":"publish","type":"page","link":"https:\/\/www.elche.es\/va\/tutorials-de-la-seu-electronica\/","title":{"rendered":"Tutorials de la seu electr\u00f2nica"},"content":{"rendered":"<div class=\"wpb-content-wrapper\"><p>[vc_row full_width=&#8221;stretch_row&#8221; css=&#8221;.vc_custom_1676884826967{padding-bottom: -60px !important;background-image: url(https:\/\/www.elche.es\/wp-content\/uploads\/2023\/02\/cabecera-tutoriales.jpg?id=238016) !important;background-position: center !important;background-repeat: no-repeat !important;background-size: cover !important;}&#8221; el_class=&#8221;slidersecciones&#8221;][vc_column][vc_custom_heading text=&#8221;Tutorials de la seu electr\u00f2nica&#8221; font_container=&#8221;tag:h2|text_align:center|color:%23ffffff&#8221; google_fonts=&#8221;font_family:Ubuntu%3A300%2C300italic%2Cregular%2Citalic%2C500%2C500italic%2C700%2C700italic|font_style:700%20bold%20regular%3A700%3Anormal&#8221; el_class=&#8221;sombraTitulo cabeceramovil&#8221;][\/vc_column][\/vc_row][vc_row css=&#8221;.vc_custom_1676896590507{margin-top: 40px !important;margin-bottom: 30px !important;}&#8221;][vc_column][vc_column_text]<strong>Aquests 13 v\u00eddeos expliquen de manera senzilla, mitjan\u00e7ant infografies, com realitzar tr\u00e0mits com<\/strong>, per exemple, tot all\u00f2 relacionat amb l&#8217;empadronament, l&#8217;aportaci\u00f3 de documentaci\u00f3 a qualsevol expedient d&#8217;una declaraci\u00f3 d&#8217;obra menor, com identificar-se dins de l&#8217;administraci\u00f3 electr\u00f2nica i obtindre la firma digital o v\u00eddeos gen\u00e8rics sobre qu\u00e8 \u00e9s l&#8217;administraci\u00f3 electr\u00f2nica.[\/vc_column_text][\/vc_column][\/vc_row][vc_row css=&#8221;.vc_custom_1676884753170{margin-bottom: 30px !important;}&#8221;][vc_column width=&#8221;1\/3&#8243;][vc_row_inner el_class=&#8221;cuadrovideostutoriales&#8221;][vc_column_inner]<h6 class=\"sc_title sc_title_regular titulosvideotutoriales \">Identificar-se en la seu electr\u00f2nica<\/h6>[vc_video link=&#8221;https:\/\/youtu.be\/7Ux-d8oIu6k&#8221;][\/vc_column_inner][\/vc_row_inner][\/vc_column][vc_column width=&#8221;1\/3&#8243;][vc_row_inner el_class=&#8221;cuadrovideostutoriales&#8221;][vc_column_inner]<h6 class=\"sc_title sc_title_regular titulosvideotutoriales \">Introducci\u00f3 a la seu electr\u00f2nica<\/h6>[vc_video link=&#8221;https:\/\/youtu.be\/hf6Tc-Mt8U4&#8243;][\/vc_column_inner][\/vc_row_inner][\/vc_column][vc_column width=&#8221;1\/3&#8243;][vc_row_inner el_class=&#8221;cuadrovideostutoriales&#8221;][vc_column_inner]<h6 class=\"sc_title sc_title_regular titulosvideotutoriales \">Com presentar una inst\u00e0ncia<\/h6>[vc_video link=&#8221;https:\/\/youtu.be\/gip3Us0W8CM&#8221;][\/vc_column_inner][\/vc_row_inner][\/vc_column][\/vc_row][vc_row css=&#8221;.vc_custom_1676884753170{margin-bottom: 30px !important;}&#8221;][vc_column width=&#8221;1\/3&#8243;][vc_row_inner el_class=&#8221;cuadrovideostutoriales&#8221;][vc_column_inner]<h6 class=\"sc_title sc_title_regular titulosvideotutoriales \">Ajudes PMF<\/h6>[vc_video link=&#8221;https:\/\/youtu.be\/bX86tBm4H_g &#8220;][\/vc_column_inner][\/vc_row_inner][\/vc_column][vc_column width=&#8221;1\/3&#8243;][vc_row_inner el_class=&#8221;cuadrovideostutoriales&#8221;][vc_column_inner]<h6 class=\"sc_title sc_title_regular titulosvideotutoriales \">Consulta de notificacions electr\u00f2niques<\/h6>[vc_video link=&#8221;https:\/\/youtu.be\/q-dDhk6evTk&#8221;][\/vc_column_inner][\/vc_row_inner][\/vc_column][vc_column width=&#8221;1\/3&#8243;][vc_row_inner el_class=&#8221;cuadrovideostutoriales&#8221;][vc_column_inner]<h6 class=\"sc_title sc_title_regular titulosvideotutoriales \">Comprovar un CSV<\/h6>[vc_video link=&#8221;https:\/\/youtu.be\/G6J_unKycu8&#8243;][\/vc_column_inner][\/vc_row_inner][\/vc_column][\/vc_row][vc_row css=&#8221;.vc_custom_1676884753170{margin-bottom: 30px !important;}&#8221;][vc_column width=&#8221;1\/3&#8243;][vc_row_inner el_class=&#8221;cuadrovideostutoriales&#8221;][vc_column_inner]<h6 class=\"sc_title sc_title_regular titulosvideotutoriales \">Actuar en qualitat d&#8217;interessat o de representant<\/h6>[vc_video link=&#8221;https:\/\/youtu.be\/xcDx7UYfJvk&#8221;][\/vc_column_inner][\/vc_row_inner][\/vc_column][vc_column width=&#8221;1\/3&#8243;][vc_row_inner el_class=&#8221;cuadrovideostutoriales&#8221;][vc_column_inner]<h6 class=\"sc_title sc_title_regular titulosvideotutoriales \">Les meues anotacions en registre<\/h6>[vc_video link=&#8221;https:\/\/youtu.be\/07tK2ELkWLE&#8221;][\/vc_column_inner][\/vc_row_inner][\/vc_column][vc_column width=&#8221;1\/3&#8243;][vc_row_inner el_class=&#8221;cuadrovideostutoriales&#8221;][vc_column_inner]<h6 class=\"sc_title sc_title_regular titulosvideotutoriales \">Aportaci\u00f3 de documentaci\u00f3 a expedients en tr\u00e0mit<\/h6>[vc_video link=&#8221;https:\/\/youtu.be\/4GKKIV6mIbI&#8221;][\/vc_column_inner][\/vc_row_inner][\/vc_column][\/vc_row][vc_row css=&#8221;.vc_custom_1676884753170{margin-bottom: 30px !important;}&#8221;][vc_column width=&#8221;1\/3&#8243;][vc_row_inner el_class=&#8221;cuadrovideostutoriales&#8221;][vc_column_inner]<h6 class=\"sc_title sc_title_regular titulosvideotutoriales \">Certificat d&#8217;empadronament individual<\/h6>[vc_video link=&#8221;https:\/\/youtu.be\/GLHfIkpSBeA&#8221;][\/vc_column_inner][\/vc_row_inner][\/vc_column][vc_column width=&#8221;1\/3&#8243;][vc_row_inner el_class=&#8221;cuadrovideostutoriales&#8221;][vc_column_inner]<h6 class=\"sc_title sc_title_regular titulosvideotutoriales \">Modificaci\u00f3 de dades personals<\/h6>[vc_video link=&#8221;https:\/\/youtu.be\/Dhfq2vh5n6w&#8221;][\/vc_column_inner][\/vc_row_inner][\/vc_column][vc_column width=&#8221;1\/3&#8243;][vc_row_inner el_class=&#8221;cuadrovideostutoriales&#8221;][vc_column_inner]<h6 class=\"sc_title sc_title_regular titulosvideotutoriales \">Certificat d&#8217;empadronament col\u00b7lectiu<\/h6>[vc_video link=&#8221;https:\/\/youtu.be\/km80EKTqbtg&#8221;][\/vc_column_inner][\/vc_row_inner][\/vc_column][\/vc_row][vc_row css=&#8221;.vc_custom_1676884753170{margin-bottom: 30px !important;}&#8221;][vc_column width=&#8221;1\/3&#8243;][vc_row_inner el_class=&#8221;cuadrovideostutoriales&#8221;][vc_column_inner]<h6 class=\"sc_title sc_title_regular titulosvideotutoriales \">Remissi\u00f3 d&#8217;arxius de gran capacitat<\/h6>[vc_video link=&#8221;https:\/\/youtu.be\/d2p_u7ZZPUI&#8221;][\/vc_column_inner][\/vc_row_inner][\/vc_column][vc_column width=&#8221;1\/3&#8243;][\/vc_column][vc_column width=&#8221;1\/3&#8243;][\/vc_column][\/vc_row][vc_row type=&#8221;square&#8221; style_color=&#8221;original&#8221; style=&#8221;filled&#8221; size=&#8221;large&#8221; icon=&#8221;inherit&#8221; color=&#8221;&#8221; bg_color=&#8221;&#8221; align=&#8221;center&#8221; link=&#8221;&#8221; target=&#8221;_blank&#8221; popup=&#8221;&#8221; rel=&#8221;&#8221; id=&#8221;&#8221; class=&#8221;btndentropagina&#8221; animation=&#8221;none&#8221; width=&#8221;&#8221; height=&#8221;&#8221; top=&#8221;small&#8221; bottom=&#8221;tiny&#8221; left=&#8221;null&#8221; right=&#8221;null&#8221;][vc_column]<a href=\"https:\/\/sede.elche.es\/sta\/CarpetaPublic\/doEvent?APP_CODE=STA&PAGE_CODE=PTS2_HOME&lang=ES\" target=\"_blank\" class=\"sc_button sc_button_square sc_button_style_filled style_original sc_button_size_large aligncenter btndentropagina margin_top_small margin_right_null margin_bottom_tiny margin_left_null\">ACC\u00c9S A LA SEU<\/a>[\/vc_column][\/vc_row][vc_row][vc_column][vc_column_text css=&#8221;.vc_custom_1676896468820{margin-top: 40px !important;}&#8221;]<\/p>\n<hr \/>\n<p>[\/vc_column_text][\/vc_column][\/vc_row]<\/p>\n<\/div>","protected":false},"excerpt":{"rendered":"<p>[vc_row full_width=&#8221;stretch_row&#8221; css=&#8221;.vc_custom_1676884826967{padding-bottom: -60px !important;background-image: url(https:\/\/www.elche.es\/wp-content\/uploads\/2023\/02\/cabecera-tutoriales.jpg?id=238016) !important;background-position: center !important;background-repeat: no-repeat !important;background-size: cover !important;}&#8221; el_class=&#8221;slidersecciones&#8221;][vc_column][vc_custom_heading text=&#8221;Tutorials de la seu electr\u00f2nica&#8221; font_container=&#8221;tag:h2|text_align:center|color:%23ffffff&#8221; google_fonts=&#8221;font_family:Ubuntu%3A300%2C300italic%2Cregular%2Citalic%2C500%2C500italic%2C700%2C700italic|font_style:700%20bold%20regular%3A700%3Anormal&#8221; el_class=&#8221;sombraTitulo cabeceramovil&#8221;][\/vc_column][\/vc_row][vc_row css=&#8221;.vc_custom_1676896590507{margin-top: 40px !important;margin-bottom: 30px !important;}&#8221;][vc_column][vc_column_text]Aquests 13 v\u00eddeos [&hellip;]<\/p>\n","protected":false},"author":131,"featured_media":0,"parent":0,"menu_order":0,"comment_status":"closed","ping_status":"closed","template":"","meta":{"footnotes":""},"class_list":["post-238119","page","type-page","status-publish","hentry"],"_links":{"self":[{"href":"https:\/\/www.elche.es\/va\/wp-json\/wp\/v2\/pages\/238119","targetHints":{"allow":["GET"]}}],"collection":[{"href":"https:\/\/www.elche.es\/va\/wp-json\/wp\/v2\/pages"}],"about":[{"href":"https:\/\/www.elche.es\/va\/wp-json\/wp\/v2\/types\/page"}],"author":[{"embeddable":true,"href":"https:\/\/www.elche.es\/va\/wp-json\/wp\/v2\/users\/131"}],"replies":[{"embeddable":true,"href":"https:\/\/www.elche.es\/va\/wp-json\/wp\/v2\/comments?post=238119"}],"version-history":[{"count":0,"href":"https:\/\/www.elche.es\/va\/wp-json\/wp\/v2\/pages\/238119\/revisions"}],"wp:attachment":[{"href":"https:\/\/www.elche.es\/va\/wp-json\/wp\/v2\/media?parent=238119"}],"curies":[{"name":"wp","href":"https:\/\/api.w.org\/{rel}","templated":true}]}}