{"id":23832,"date":"2017-04-11T10:38:08","date_gmt":"2017-04-11T09:38:08","guid":{"rendered":"http:\/\/www.elche.es\/va\/benestar-social\/cartera-de-serveis\/inmigracio\/consejo-de-integracion\/"},"modified":"2024-05-17T13:02:05","modified_gmt":"2024-05-17T11:02:05","slug":"consell-dintegracio","status":"publish","type":"page","link":"https:\/\/www.elche.es\/va\/derechos-sociales\/cartera-de-serveis\/servei-daccio-comunitaria\/inmigracio\/consell-dintegracio\/","title":{"rendered":"CONSELL D&#8217;INTEGRACI\u00d3"},"content":{"rendered":"<div class=\"wpb-content-wrapper\"><p>[vc_row full_width=&#8221;stretch_row&#8221; css=&#8221;.vc_custom_1475484188729{background-color: #dddde0 !important;}&#8221;][vc_column][vc_column_text]<nav aria-label=\"breadcrumbs\">\n            <div class=\"breadcrumb-container theme1\">\n                <ol>\n                                    <\/ol>\n            <\/div>\n        <\/nav>    <script type=\"application\/ld+json\">\n        {\n            \"@context\": \"http:\/\/schema.org\",\n            \"@type\": \"BreadcrumbList\",\n            \"itemListElement\": [\n                            ]\n        }\n    <\/script>\n    <style type=\"text\/css\">\n        .breadcrumb-container {\n            font-size: 13px;\n        }\n\n        .breadcrumb-container ul {\n            margin: 0;\n            padding: 0;\n        }\n\n        .breadcrumb-container li {\n            box-sizing: unset;\n            display: inline-block;\n            margin: 0;\n            padding: 0;\n        }\n\n        .breadcrumb-container li a {\n            box-sizing: unset;\n            padding: 0 10px;\n        }\n\n        .breadcrumb-container {\n            font-size: 3 !important;\n                    }\n\n        .breadcrumb-container li a {\n            color: #0a0a0a !important;\n            font-size: 3 !important;\n            line-height: 3 !important;\n                    }\n\n        .breadcrumb-container li .separator {\n            font-size: 3 !important;\n                    }\n\n        .breadcrumb-container li:last-child .separator {\n            display: none;\n        }\n    <\/style>\n    <style type=\"text\/css\">\n        .breadcrumb-container.theme1 li {\n            margin: 0;\n            padding: 0;\n        }\n        .breadcrumb-container.theme1 a {\n            background: ;\n            display: inline-block;\n            margin: 0 5px;\n            padding: 5px 10px;\n            text-decoration: none;\n        }\n    <\/style>\n        <style type=\"text\/css\">\n            <\/style>\n    <script>\n            <\/script>\n[\/vc_column_text][\/vc_column][\/vc_row][vc_row][vc_column]<div class=\"sc_section\"><div class=\"sc_section_inner\"><h2 class=\"sc_title sc_title_regular\"><\/p>\n<p style=\"text-align: center;\">CONSELL D&#8217;INTEGRACI\u00d3<\/p>\n<p><\/h2>[vc_column_text]El Consell Municipal d&#8217;Integraci\u00f3 \u00e9s l&#8217;\u00f2rgan consultiu de l&#8217;Ajuntament en el disseny i l&#8217;avaluaci\u00f3 de les pol\u00edtiques i les iniciatives encaminades a la participaci\u00f3 i integraci\u00f3 social de la poblaci\u00f3 immigrant.<\/p>\n<p>El Consell Municipal d&#8217;Integraci\u00f3 t\u00e9, entre altres, les seg\u00fcents funcions:<\/p>\n<p>a) Informar preceptivament les decisions que haja d&#8217;adoptar l&#8217;Ajuntament d&#8217;Elx<br \/>\nrelacionades amb l&#8217;\u00e0mbit de compet\u00e8ncies del Consell.<\/p>\n<p>b) Formular per pr\u00f2pia iniciativa propostes i recomanacions dirigides a promoure la<br \/>\nparticipaci\u00f3 i la integraci\u00f3 social de les persones immigrants, que seran transmeses als \u00f2rgans<br \/>\ncompetents de l&#8217;Ajuntament d&#8217;Elx.<\/p>\n<p>c) Recaptar i analitzar les propostes de les organitzacions socials amb activitat en l&#8217;\u00e0mbit de la immigraci\u00f3.[\/vc_column_text][vc_empty_space]\r\n        <p>\r\n        <span class=\"enlaces-titulo\"> REGLAMENT DEL CONSELL <\/span> <span><a class=\"enlaces-link\" target='_blank'href=\"https:\/\/www.elche.es\/wp-content\/uploads\/2017\/04\/REGLAMENTO-CONSEJO-MUNICIPAL-DE-INTEGRACI\u00d3N.pdf \">Veure enlla\u00e7<\/a><\/span>\r\n        <br>\r\n        <span class=\"enlaces-descripcion\"><\/span>\r\n        <\/p>\r\n        <hr class=\"enlaces-separador\">\r\n        [vc_column_text]Actualment, els membres del Consell s\u00f3n: alcalde, regidora Benestar Social, una persona representant de cada Grup Municipal amb representaci\u00f3 a l&#8217;Ajuntament, C\u00e0ritas interparroquial Elx, Uni\u00f3 Intercomarcal Comissions Obreres, Fundaci\u00f3 Elche Acoge, Federaci\u00f3 de Ve\u00efns \u201cDama d&#8217;Elx\u201d, Federaci\u00f3 Provincial d&#8217;Associacions de Pares i Mares d&#8217;alumnes \u201cGabriel Mir\u00f3\u201d i les associacions inscrites en el Registre d&#8217;Entitats Ciutadanes de l&#8217;Ajuntament d&#8217;Elx entre les finalitats del qual figura la promoci\u00f3 i la integraci\u00f3 de la poblaci\u00f3 migrada.[\/vc_column_text][vc_empty_space]\r\n        <p>\r\n        <span class=\"enlaces-titulo\"> DIRECTORI D'ASSOCIACIONS <\/span> <span><a class=\"enlaces-link\" target='_blank'href=\"https:\/\/www.elche.es\/participacion-ciudadana\/asociacionismo\/directorio-de-asociaciones\/ \">Veure enlla\u00e7<\/a><\/span>\r\n        <br>\r\n        <span class=\"enlaces-descripcion\"><\/span>\r\n        <\/p>\r\n        <hr class=\"enlaces-separador\">\r\n        [vc_column_text]Relaci\u00f3 d&#8217;actes aprovades pel Consell d&#8217;Integraci\u00f3.[\/vc_column_text][vc_empty_space]\r\n        <p>\r\n        <span class=\"enlaces-titulo\"> ACTA SESSI\u00d3 ORDIN\u00c0RIA CONSELL MUNICIPAL D'INTEGRACI\u00d3 11-12-2023 <\/span> <span><a class=\"enlaces-link\" target='_blank'href=\"https:\/\/www.elche.es\/wp-content\/uploads\/2024\/05\/ACTA-CONSEJO-DE-INTEGRACION-11-12-23.pdf \">Veure enlla\u00e7<\/a><\/span>\r\n        <br>\r\n        <span class=\"enlaces-descripcion\"><\/span>\r\n        <\/p>\r\n        <hr class=\"enlaces-separador\">\r\n        \r\n        <p>\r\n        <span class=\"enlaces-titulo\"> ACTA SESSI\u00d3 ORDIN\u00c0RIA CONSELL MUNICIPAL D'INTEGRACI\u00d3 14-11-2022 <\/span> <span><a class=\"enlaces-link\" target='_blank'href=\"https:\/\/www.elche.es\/wp-content\/uploads\/2024\/05\/ACTA-CONSEJO-DE-INTEGRACION-14-11-22.pdf \">Veure enlla\u00e7<\/a><\/span>\r\n        <br>\r\n        <span class=\"enlaces-descripcion\"><\/span>\r\n        <\/p>\r\n        <hr class=\"enlaces-separador\">\r\n        \r\n        <p>\r\n        <span class=\"enlaces-titulo\"> ACTA SESSI\u00d3 ORDIN\u00c0RIA CONSELL MUNICIPAL D'INTEGRACI\u00d3 20-11-2020 <\/span> <span><a class=\"enlaces-link\" target='_blank'href=\"https:\/\/www.elche.es\/wp-content\/uploads\/2022\/10\/ACTA-CONSEJO-20-11-20-firmada-por-Mariano-y-Nieves.pdf \">Veure enlla\u00e7<\/a><\/span>\r\n        <br>\r\n        <span class=\"enlaces-descripcion\"><\/span>\r\n        <\/p>\r\n        <hr class=\"enlaces-separador\">\r\n        \r\n        <p>\r\n        <span class=\"enlaces-titulo\"> ACTA SESSI\u00d3 ORDIN\u00c0RIA CONSELL MUNICIPAL D'INTEGRACI\u00d3 21-02-2020 <\/span> <span><a class=\"enlaces-link\" href=\"https:\/\/www.elche.es\/wp-content\/uploads\/2021\/04\/ACTA-CONSEJO-21.02.2020-4.pdf \">Veure enlla\u00e7<\/a><\/span>\r\n        <br>\r\n        <span class=\"enlaces-descripcion\"><\/span>\r\n        <\/p>\r\n        <hr class=\"enlaces-separador\">\r\n        \r\n        <p>\r\n        <span class=\"enlaces-titulo\"> ACTA SESSI\u00d3 ORDIN\u00c0RIA CONSELL MUNICIPAL D'INTEGRACI\u00d3 15-11-2019 <\/span> <span><a class=\"enlaces-link\" target='_blank'href=\"https:\/\/www.elche.es\/wp-content\/uploads\/2020\/10\/ACTA-CONSEJO-15.11.2019.pdf \">Veure enlla\u00e7<\/a><\/span>\r\n        <br>\r\n        <span class=\"enlaces-descripcion\"><\/span>\r\n        <\/p>\r\n        <hr class=\"enlaces-separador\">\r\n        \r\n        <p>\r\n        <span class=\"enlaces-titulo\"> ACTA SESSI\u00d3 ORDIN\u00c0RIA CONSELL MUNICIPAL D'INTEGRACI\u00d3 10-05-19 <\/span> <span><a class=\"enlaces-link\" target='_blank'href=\"https:\/\/www.elche.es\/wp-content\/uploads\/2020\/09\/ACTA-CONSEJO-10-05-2019.pdf \">Veure enlla\u00e7<\/a><\/span>\r\n        <br>\r\n        <span class=\"enlaces-descripcion\"><\/span>\r\n        <\/p>\r\n        <hr class=\"enlaces-separador\">\r\n        \r\n        <p>\r\n        <span class=\"enlaces-titulo\"> ACTA SESSI\u00d3 ORDIN\u00c0RIA CONSELL MUNICIPAL D'INTEGRACI\u00d3 22-10-2018 <\/span> <span><a class=\"enlaces-link\" target='_blank'href=\"https:\/\/www.elche.es\/wp-content\/uploads\/2020\/09\/ACTA-CONSEJO-DE-INTEGRACI\u00d3N-22-11-18.pdf \">Veure enlla\u00e7<\/a><\/span>\r\n        <br>\r\n        <span class=\"enlaces-descripcion\"><\/span>\r\n        <\/p>\r\n        <hr class=\"enlaces-separador\">\r\n        \r\n        <p>\r\n        <span class=\"enlaces-titulo\"> ACTA SESSI\u00d3 ORDIN\u00c0RIA CONSELL MUNICIPAL D'INTEGRACI\u00d3 6-10-2016 <\/span> <span><a class=\"enlaces-link\" target='_blank'href=\"https:\/\/www.elche.es\/wp-content\/uploads\/2017\/10\/ACTA-SESI\u00d3N-ORDINARIA-CONSEJO-MUNICIPAL-DE-INTEGRACI\u00d3N-6-10-2016.pdf \">Veure enlla\u00e7<\/a><\/span>\r\n        <br>\r\n        <span class=\"enlaces-descripcion\"><\/span>\r\n        <\/p>\r\n        <hr class=\"enlaces-separador\">\r\n        \r\n        <p>\r\n        <span class=\"enlaces-titulo\"> ACTA SESSI\u00d3 ORDIN\u00c0RIA CONSELL MUNICIPAL D'INTEGRACI\u00d3 18-04-2016 <\/span> <span><a class=\"enlaces-link\" target='_blank'href=\"https:\/\/www.elche.es\/wp-content\/uploads\/2017\/10\/ACTA-SESI\u00d3N-ORDINARIA-CONSEJO-MUNICIPAL-DE-INTEGRACI\u00d3N-18-04-2016.pdf \">Veure enlla\u00e7<\/a><\/span>\r\n        <br>\r\n        <span class=\"enlaces-descripcion\"><\/span>\r\n        <\/p>\r\n        <hr class=\"enlaces-separador\">\r\n        \r\n        <p>\r\n        <span class=\"enlaces-titulo\"> ACTA SESSI\u00d3 ORDIN\u00c0RIA CONSELL MUNICIPAL D'INTEGRACI\u00d3 23-09-2015 <\/span> <span><a class=\"enlaces-link\" target='_blank'href=\"https:\/\/www.elche.es\/wp-content\/uploads\/2017\/10\/ACTA-SESI\u00d3N-ORDINARIA-CONSEJO-MUNICIPAL-DE-INTEGRACI\u00d3N-23-09-2015.pdf \">Veure enlla\u00e7<\/a><\/span>\r\n        <br>\r\n        <span class=\"enlaces-descripcion\"><\/span>\r\n        <\/p>\r\n        <hr class=\"enlaces-separador\">\r\n        <\/div><\/div>[\/vc_column][\/vc_row]<\/p>\n<\/div>","protected":false},"excerpt":{"rendered":"<p>[vc_row full_width=&#8221;stretch_row&#8221; css=&#8221;.vc_custom_1475484188729{background-color: #dddde0 !important;}&#8221;][vc_column][vc_column_text][\/vc_column_text][\/vc_column][\/vc_row][vc_row][vc_column][\/vc_column][\/vc_row]<\/p>\n","protected":false},"author":46,"featured_media":0,"parent":18596,"menu_order":0,"comment_status":"closed","ping_status":"closed","template":"","meta":{"footnotes":""},"class_list":["post-23832","page","type-page","status-publish","hentry"],"_links":{"self":[{"href":"https:\/\/www.elche.es\/va\/wp-json\/wp\/v2\/pages\/23832","targetHints":{"allow":["GET"]}}],"collection":[{"href":"https:\/\/www.elche.es\/va\/wp-json\/wp\/v2\/pages"}],"about":[{"href":"https:\/\/www.elche.es\/va\/wp-json\/wp\/v2\/types\/page"}],"author":[{"embeddable":true,"href":"https:\/\/www.elche.es\/va\/wp-json\/wp\/v2\/users\/46"}],"replies":[{"embeddable":true,"href":"https:\/\/www.elche.es\/va\/wp-json\/wp\/v2\/comments?post=23832"}],"version-history":[{"count":1,"href":"https:\/\/www.elche.es\/va\/wp-json\/wp\/v2\/pages\/23832\/revisions"}],"predecessor-version":[{"id":300590,"href":"https:\/\/www.elche.es\/va\/wp-json\/wp\/v2\/pages\/23832\/revisions\/300590"}],"up":[{"embeddable":true,"href":"https:\/\/www.elche.es\/va\/wp-json\/wp\/v2\/pages\/18596"}],"wp:attachment":[{"href":"https:\/\/www.elche.es\/va\/wp-json\/wp\/v2\/media?parent=23832"}],"curies":[{"name":"wp","href":"https:\/\/api.w.org\/{rel}","templated":true}]}}