{"id":23842,"date":"2017-04-11T11:14:52","date_gmt":"2017-04-11T10:14:52","guid":{"rendered":"http:\/\/www.elche.es\/va\/benestar-social\/cartera-de-serveis\/inmigracio\/tramites-administrativos\/"},"modified":"2024-05-15T07:48:42","modified_gmt":"2024-05-15T05:48:42","slug":"tramits-administratius","status":"publish","type":"page","link":"https:\/\/www.elche.es\/va\/derechos-sociales\/cartera-de-serveis\/servei-daccio-comunitaria\/inmigracio\/tramits-administratius\/","title":{"rendered":"TR\u00c0MITS ADMINISTRATIUS"},"content":{"rendered":"<div class=\"wpb-content-wrapper\"><p>[vc_row full_width=&#8221;stretch_row&#8221; css=&#8221;.vc_custom_1475484188729{background-color: #dddde0 !important;}&#8221;][vc_column][vc_column_text]<nav aria-label=\"breadcrumbs\">\n            <div class=\"breadcrumb-container theme1\">\n                <ol>\n                                    <\/ol>\n            <\/div>\n        <\/nav>    <script type=\"application\/ld+json\">\n        {\n            \"@context\": \"http:\/\/schema.org\",\n            \"@type\": \"BreadcrumbList\",\n            \"itemListElement\": [\n                            ]\n        }\n    <\/script>\n    <style type=\"text\/css\">\n        .breadcrumb-container {\n            font-size: 13px;\n        }\n\n        .breadcrumb-container ul {\n            margin: 0;\n            padding: 0;\n        }\n\n        .breadcrumb-container li {\n            box-sizing: unset;\n            display: inline-block;\n            margin: 0;\n            padding: 0;\n        }\n\n        .breadcrumb-container li a {\n            box-sizing: unset;\n            padding: 0 10px;\n        }\n\n        .breadcrumb-container {\n            font-size: 3 !important;\n                    }\n\n        .breadcrumb-container li a {\n            color: #0a0a0a !important;\n            font-size: 3 !important;\n            line-height: 3 !important;\n                    }\n\n        .breadcrumb-container li .separator {\n            font-size: 3 !important;\n                    }\n\n        .breadcrumb-container li:last-child .separator {\n            display: none;\n        }\n    <\/style>\n    <style type=\"text\/css\">\n        .breadcrumb-container.theme1 li {\n            margin: 0;\n            padding: 0;\n        }\n        .breadcrumb-container.theme1 a {\n            background: ;\n            display: inline-block;\n            margin: 0 5px;\n            padding: 5px 10px;\n            text-decoration: none;\n        }\n    <\/style>\n        <style type=\"text\/css\">\n            <\/style>\n    <script>\n            <\/script>\n[\/vc_column_text][\/vc_column][\/vc_row][vc_column][\/vc_column]<div class=\"sc_content content_wrap\"><\/div>[vc_row][vc_column]<div class=\"sc_section\"><div class=\"sc_section_inner\"><h2 class=\"sc_title sc_title_regular\"><\/p>\n<p style=\"text-align: center;\">TR\u00c0MITS ADMINISTRATIUS I PROCEDIMENTS ESTRANGERIA<\/p>\n<p><\/h2>[vc_single_image image=&#8221;22598&#8243; img_size=&#8221;full&#8221;][vc_column_text]En l&#8217;Oficina d&#8217;Atenci\u00f3 a Persones Migrades es realitza una atenci\u00f3 social especialitzada, assessorant, informant i orientant tant les persones nouvingudes com les que ja estan un temps en el nostre municipi, i tamb\u00e9 les persones aut\u00f2ctones.<\/p>\n<p>A m\u00e9s de realitzar una derivaci\u00f3 a recursos normalitzats en diversos \u00e0mbits, realitza els seg\u00fcents tr\u00e0mits administratius i expedeix els informes seg\u00fcents:[\/vc_column_text]<h4 class=\"sc_title sc_title_regular\"><\/p>\n<p style=\"text-align: left;\">INFORME D&#8217;ARRELAMENT SOCIAL<\/p>\n<p><\/h4>[vc_column_text]\u201cL&#8217;informe d&#8217;arrelament\u201d \u00e9s un document que informa sobre el grau d&#8217;integraci\u00f3 o arrelament que posseeix la persona que el sol\u00b7licita al nostre municipi. Aquest informe \u00e9s preceptiu per a la sol\u00b7licitud d&#8217;autoritzaci\u00f3 de resid\u00e8ncia i per a l&#8217;autoritzaci\u00f3 de resid\u00e8ncia i treball per circumst\u00e0ncies excepcionals, tramitada en la Subdelegaci\u00f3 de Govern d&#8217;Alacant (Oficina d&#8217;Estrangeria).[\/vc_column_text][vc_empty_space]\r\n        <p>\r\n        <span class=\"enlaces-titulo\"> INFORME D'ARRELAMENT SOCIAL <\/span> <span><a class=\"enlaces-link\" target='_blank'href=\"https:\/\/sede.elche.es\/sta\/docs\/GetDocumentServlet?CUD=13520417325360714522&amp;HASH_CUD=aab826eaf0d6e5bcd16198a63467ad8cd4e1e3c8&amp;APP_CODE=STA \">Veure enlla\u00e7<\/a><\/span>\r\n        <br>\r\n        <span class=\"enlaces-descripcion\"><\/span>\r\n        <\/p>\r\n        <hr class=\"enlaces-separador\">\r\n        <h4 class=\"sc_title sc_title_regular\"><\/p>\n<p style=\"text-align: left;\">INFORME D&#8217;ADEQUACI\u00d3 D\u2019HABITATGE<\/p>\n<p><\/h4>[vc_column_text]\u201cL&#8217;informe municipal d&#8217;adequaci\u00f3 d\u2019habitatge\u201d \u00e9s un document que informa sobre la disponibilitat que t\u00e9 l&#8217;interessat d&#8217;un habitatge i les seues condicions d&#8217;habitabilitat.<\/p>\n<p>\u00c9s preceptiu per a sol\u00b7licitar l&#8217;autoritzaci\u00f3 de resid\u00e8ncia per reagrupaci\u00f3 familiar i per a sol\u00b7licitar determinades renovacions d&#8217;autoritzaci\u00f3 de resid\u00e8ncia\/resid\u00e8ncia i treball.[\/vc_column_text][vc_empty_space]\r\n        <p>\r\n        <span class=\"enlaces-titulo\"> INFORME D'ADEQUACI\u00d3 <\/span> <span><a class=\"enlaces-link\" target='_blank'href=\"https:\/\/sede.elche.es\/sta\/docs\/GetDocumentServlet?CUD=13520416347766725207&amp;HASH_CUD=c9b33c8731f8737654525b162d908fb73b8f7fbc&amp;APP_CODE=STA \">Veure enlla\u00e7<\/a><\/span>\r\n        <br>\r\n        <span class=\"enlaces-descripcion\"><\/span>\r\n        <\/p>\r\n        <hr class=\"enlaces-separador\">\r\n        <h4 class=\"sc_title sc_title_regular\"><\/p>\n<p style=\"text-align: left;\">INFORME SOCIOECON\u00d2MIC PER A LA REPATRIACI\u00d3<\/p>\n<p><\/h4>[vc_column_text]\u201cL&#8217;Informe socioecon\u00f2mic\u201d s&#8217;expedeix a aquells interessats a acollir-se al programa de \u201cRepatriaci\u00f3\u201d al seu pa\u00eds d&#8217;origen. En aquest informe es descriuen les particulars circumst\u00e0ncies, socioecon\u00f2miques i familiars, que posseeix una persona\/fam\u00edlia que desitja tornar al seu pa\u00eds d&#8217;origen. Actualment nom\u00e9s Paraguai t\u00e9 obert aquest programa. Se sol\u00b7licita mitjan\u00e7ant inst\u00e0ncia general.[\/vc_column_text]<h4 class=\"sc_title sc_title_regular\"><\/p>\n<p style=\"text-align: left;\">INFORME DE RETORN VOLUNTARI<\/p>\n<p><\/h4>[vc_column_text]Com els anteriors, els informes de \u201cRetorn Voluntari\u201d s\u00f3n aquells que se sol\u00b7liciten per persones o fam\u00edlies que, per trobar-se en una situaci\u00f3 socioecon\u00f2mica vulnerable, desitgen tornar als seus pa\u00efsos d&#8217;origen i no posseeixen mitjans econ\u00f2mics per a aix\u00f2.<\/p>\n<p>El retorn es gestiona a trav\u00e9s de l&#8217;Organitzaci\u00f3 Internacional per a les Migracions (OIM), entitat finan\u00e7ada per la Direcci\u00f3 General de Migraci\u00f3 del Ministeri d&#8217;Ocupaci\u00f3 i Seguretat Social, i el cofinan\u00e7ament del Fons d&#8217;Asil, Migraci\u00f3 i Integraci\u00f3 de la Uni\u00f3 Europea.<\/p>\n<p>Se sol\u00b7licita mitjan\u00e7ant inst\u00e0ncia general[\/vc_column_text]<h4 class=\"sc_title sc_title_regular\"><\/p>\n<p style=\"text-align: left;\">INFORME PER A ESPANYOLS RETORNATS<\/p>\n<p><\/h4>[vc_column_text]En aquest informe es reflecteix, a sol\u00b7licitud de la persona interessada, la situaci\u00f3 d&#8217;extraordin\u00e0ria necessitat econ\u00f2mica d&#8217;aquelles persones espanyoles d&#8217;origen que han tornat recentment al nostre pa\u00eds.<\/p>\n<p>\u00c9s preceptiu per a sol\u00b7licitar una ajuda econ\u00f2mica extraordin\u00e0ria regulada pel Ministeri d&#8217;Ocupaci\u00f3 i Seguretat Social.<\/p>\n<p>Se sol\u00b7licita mitjan\u00e7ant inst\u00e0ncia general.[\/vc_column_text]<h4 class=\"sc_title sc_title_regular\"><\/p>\n<p style=\"text-align: left;\">APORTACI\u00d3 TELEM\u00c0TICA A PROCEDIMENTS D&#8217;ESTRANGERIA<\/p>\n<p><\/h4>[vc_column_text]A trav\u00e9s d&#8217;aquest servei, i per a facilitar la realitzaci\u00f3 de tr\u00e0mits administratius amb l&#8217;Oficina d&#8217;Estrangeria d&#8217;Alacant, des de l&#8217;Oficina d&#8217;Atenci\u00f3 a Persones Migrades s&#8217;envien telem\u00e0ticament, a sol\u00b7licitud de la persona interessada, determinats documents. Per aquesta via es poden solucionar expedients independentment del fet que el procediment s&#8217;haja iniciat per via telem\u00e0tica o per via presencial.[\/vc_column_text]<h4 class=\"sc_title sc_title_regular\"><\/p>\n<p style=\"text-align: left;\">PRESENTACI\u00d3 DE SOL\u00b7LICITUDS TELEM\u00c0TIQUES DAVANT DE L&#8217;OFICINA D&#8217;ESTRANGERIA<\/p>\n<p><\/h4>[vc_column_text]A trav\u00e9s d&#8217;aquest procediment es poden presentar sol\u00b7licituds de Renovaci\u00f3 d&#8217;Autoritzaci\u00f3 de Resid\u00e8ncia, per via telem\u00e0tica a l&#8217;Oficina d&#8217;Estrangeria. En aquest cas, les sol\u00b7licituds de renovaci\u00f3 que s\u2019hi poden presentar s\u00f3n: sol\u00b7licitud d&#8217;autoritzaci\u00f3 de resid\u00e8ncia de llarga duraci\u00f3, renovaci\u00f3 d&#8217;autoritzaci\u00f3 de resid\u00e8ncia temporal i treball per compte d&#8217;altri, renovacions d&#8217;autoritzacions de resid\u00e8ncia temporal i treball per compte propi, renovacions d&#8217;autoritzaci\u00f3 de resid\u00e8ncia no lucrativa, renovaci\u00f3 d&#8217;autoritzaci\u00f3 de resid\u00e8ncia per reagrupaci\u00f3 familiar, renovacions d&#8217;autoritzacions de resid\u00e8ncia i treball com a treballador altament qualificat, renovacions d&#8217;autoritzacions de resid\u00e8ncia i treball d&#8217;investigadors, renovacions d&#8217;autoritzaci\u00f3 de resid\u00e8ncia amb l\u2019excepci\u00f3 de l&#8217;autoritzaci\u00f3 de treball.[\/vc_column_text]<h4 class=\"sc_title sc_title_regular\"><\/p>\n<p style=\"text-align: left;\">ASSESSORAMENT JUR\u00cdDIC EN MAT\u00c8RIA D&#8217;ESTRANGERIA.<\/p>\n<p><\/h4>[vc_column_text]A trav\u00e9s d&#8217;aquest servei s&#8217;informa, assessora i orienta jur\u00eddicament totes aquelles persones interessades a realitzar algun tr\u00e0mit relacionat amb el Dret d&#8217;Estrangeria i Nacionalitat. Es realitza de forma presencial i cal sol\u00b7licitar cita pr\u00e8via.[\/vc_column_text]<h4 class=\"sc_title sc_title_regular\"><\/p>\n<p style=\"text-align: left;\">PRESENTACI\u00d3 D&#8217;EXPEDIENTS DE NACIONALITAT<\/p>\n<p><\/h4>[vc_column_text]Des de l&#8217;Oficina d&#8217;Atenci\u00f3 a Persones Migrades tamb\u00e9 es poden presentar telem\u00e0ticament al Ministeri de Just\u00edcia sol\u00b7licituds de \u201cNacionalitat espanyola per resid\u00e8ncia\u201d.[\/vc_column_text][vc_empty_space]<\/div><\/div>[\/vc_column][\/vc_row]<\/p>\n<\/div>","protected":false},"excerpt":{"rendered":"<p>[vc_row full_width=&#8221;stretch_row&#8221; css=&#8221;.vc_custom_1475484188729{background-color: #dddde0 !important;}&#8221;][vc_column][vc_column_text][\/vc_column_text][\/vc_column][\/vc_row][vc_column][\/vc_column][vc_row][vc_column][\/vc_column][\/vc_row]<\/p>\n","protected":false},"author":46,"featured_media":0,"parent":18596,"menu_order":0,"comment_status":"closed","ping_status":"closed","template":"","meta":{"footnotes":""},"class_list":["post-23842","page","type-page","status-publish","hentry"],"_links":{"self":[{"href":"https:\/\/www.elche.es\/va\/wp-json\/wp\/v2\/pages\/23842","targetHints":{"allow":["GET"]}}],"collection":[{"href":"https:\/\/www.elche.es\/va\/wp-json\/wp\/v2\/pages"}],"about":[{"href":"https:\/\/www.elche.es\/va\/wp-json\/wp\/v2\/types\/page"}],"author":[{"embeddable":true,"href":"https:\/\/www.elche.es\/va\/wp-json\/wp\/v2\/users\/46"}],"replies":[{"embeddable":true,"href":"https:\/\/www.elche.es\/va\/wp-json\/wp\/v2\/comments?post=23842"}],"version-history":[{"count":3,"href":"https:\/\/www.elche.es\/va\/wp-json\/wp\/v2\/pages\/23842\/revisions"}],"predecessor-version":[{"id":300164,"href":"https:\/\/www.elche.es\/va\/wp-json\/wp\/v2\/pages\/23842\/revisions\/300164"}],"up":[{"embeddable":true,"href":"https:\/\/www.elche.es\/va\/wp-json\/wp\/v2\/pages\/18596"}],"wp:attachment":[{"href":"https:\/\/www.elche.es\/va\/wp-json\/wp\/v2\/media?parent=23842"}],"curies":[{"name":"wp","href":"https:\/\/api.w.org\/{rel}","templated":true}]}}