{"id":23847,"date":"2017-04-11T11:22:05","date_gmt":"2017-04-11T10:22:05","guid":{"rendered":"http:\/\/www.elche.es\/va\/benestar-social\/cartera-de-serveis\/inmigracio\/servicio-de-mediacion-intercultural\/"},"modified":"2017-05-22T10:56:59","modified_gmt":"2017-05-22T09:56:59","slug":"servei-de-mediacio-intercultural","status":"publish","type":"page","link":"https:\/\/www.elche.es\/va\/derechos-sociales\/cartera-de-serveis\/servei-daccio-comunitaria\/inmigracio\/servei-de-mediacio-intercultural\/","title":{"rendered":"SERVEI DE MEDIACI\u00d3 INTERCULTURAL"},"content":{"rendered":"<div class=\"wpb-content-wrapper\"><p>[vc_row full_width=&#8221;stretch_row&#8221; css=&#8221;.vc_custom_1475484188729{background-color: #dddde0 !important;}&#8221;][vc_column][vc_column_text]<nav aria-label=\"breadcrumbs\">\n            <div class=\"breadcrumb-container theme1\">\n                <ol>\n                                    <\/ol>\n            <\/div>\n        <\/nav>    <script type=\"application\/ld+json\">\n        {\n            \"@context\": \"http:\/\/schema.org\",\n            \"@type\": \"BreadcrumbList\",\n            \"itemListElement\": [\n                            ]\n        }\n    <\/script>\n    <style type=\"text\/css\">\n        .breadcrumb-container {\n            font-size: 13px;\n        }\n\n        .breadcrumb-container ul {\n            margin: 0;\n            padding: 0;\n        }\n\n        .breadcrumb-container li {\n            box-sizing: unset;\n            display: inline-block;\n            margin: 0;\n            padding: 0;\n        }\n\n        .breadcrumb-container li a {\n            box-sizing: unset;\n            padding: 0 10px;\n        }\n\n        .breadcrumb-container {\n            font-size: 3 !important;\n                    }\n\n        .breadcrumb-container li a {\n            color: #0a0a0a !important;\n            font-size: 3 !important;\n            line-height: 3 !important;\n                    }\n\n        .breadcrumb-container li .separator {\n            font-size: 3 !important;\n                    }\n\n        .breadcrumb-container li:last-child .separator {\n            display: none;\n        }\n    <\/style>\n    <style type=\"text\/css\">\n        .breadcrumb-container.theme1 li {\n            margin: 0;\n            padding: 0;\n        }\n        .breadcrumb-container.theme1 a {\n            background: ;\n            display: inline-block;\n            margin: 0 5px;\n            padding: 5px 10px;\n            text-decoration: none;\n        }\n    <\/style>\n        <style type=\"text\/css\">\n            <\/style>\n    <script>\n            <\/script>\n[\/vc_column_text][\/vc_column][\/vc_row][vc_column][\/vc_column]<div class=\"sc_content content_wrap\"><\/div>[vc_row][vc_column]<div class=\"sc_section\"><div class=\"sc_section_inner\"><h2 class=\"sc_title sc_title_regular\"><\/p>\n<p style=\"text-align: center\">SERVEI DE MEDIACI\u00d3 INTERCULTURAL<\/p>\n<p><\/h2>[vc_column_text]La mediaci\u00f3 intercultural t\u00e9 un paper fonamental en tot el proc\u00e9s d&#8217;integraci\u00f3 en la societat d&#8217;acollida i en el foment de la cohesi\u00f3 social d&#8217;una societat, ja que propicia la relaci\u00f3 entre persones que posseeixen cultures diferents, serveix de pont i facilita espais de trobada per a la conviv\u00e8ncia intercultural.<\/p>\n<p>Des d&#8217;aquest enfocament, l&#8217;Oficina d&#8217;Atenci\u00f3 a Persones Migrants ofereix aquest recurs a totes les persones del municipi que necessiten una actuaci\u00f3 espec\u00edfica en mat\u00e8ria de mediaci\u00f3 intercultural.<\/p>\n<p>Es realitzen accions diverses en aquest sentit com ara:<\/p>\n<p>* Traduccions i interpretacions ling\u00fc\u00edstiques.<\/p>\n<p>* Mediaci\u00f3 ve\u00efnal (sempre que hi haja un component intercultural).<\/p>\n<p>* Mediaci\u00f3 escolar (amb component intercultural).<\/p>\n<p>* Mediaci\u00f3 sanit\u00e0ria (amb component intercultural).<\/p>\n<p>* Acompanyaments.<\/p>\n<p>* Foment de la inclusi\u00f3 social de la \u201cdona\u201d.[\/vc_column_text][vc_empty_space]<\/div><\/div>[\/vc_column][\/vc_row]<\/p>\n<\/div>","protected":false},"excerpt":{"rendered":"<p>[vc_row full_width=&#8221;stretch_row&#8221; css=&#8221;.vc_custom_1475484188729{background-color: #dddde0 !important;}&#8221;][vc_column][vc_column_text][\/vc_column_text][\/vc_column][\/vc_row][vc_column][\/vc_column][vc_row][vc_column][\/vc_column][\/vc_row]<\/p>\n","protected":false},"author":46,"featured_media":0,"parent":18596,"menu_order":0,"comment_status":"closed","ping_status":"closed","template":"","meta":{"footnotes":""},"class_list":["post-23847","page","type-page","status-publish","hentry"],"_links":{"self":[{"href":"https:\/\/www.elche.es\/va\/wp-json\/wp\/v2\/pages\/23847","targetHints":{"allow":["GET"]}}],"collection":[{"href":"https:\/\/www.elche.es\/va\/wp-json\/wp\/v2\/pages"}],"about":[{"href":"https:\/\/www.elche.es\/va\/wp-json\/wp\/v2\/types\/page"}],"author":[{"embeddable":true,"href":"https:\/\/www.elche.es\/va\/wp-json\/wp\/v2\/users\/46"}],"replies":[{"embeddable":true,"href":"https:\/\/www.elche.es\/va\/wp-json\/wp\/v2\/comments?post=23847"}],"version-history":[{"count":0,"href":"https:\/\/www.elche.es\/va\/wp-json\/wp\/v2\/pages\/23847\/revisions"}],"up":[{"embeddable":true,"href":"https:\/\/www.elche.es\/va\/wp-json\/wp\/v2\/pages\/18596"}],"wp:attachment":[{"href":"https:\/\/www.elche.es\/va\/wp-json\/wp\/v2\/media?parent=23847"}],"curies":[{"name":"wp","href":"https:\/\/api.w.org\/{rel}","templated":true}]}}