{"id":240452,"date":"2023-03-07T12:09:16","date_gmt":"2023-03-07T11:09:16","guid":{"rendered":"https:\/\/www.elche.es\/?page_id=240452"},"modified":"2023-03-07T13:04:51","modified_gmt":"2023-03-07T12:04:51","slug":"estudi-dintegracio-paisatgistica-de-lestudi-de-detall-a-larea-de-repartiment-num-59-del-pla-general-delx","status":"publish","type":"page","link":"https:\/\/www.elche.es\/va\/urbanisme\/estudi-dintegracio-paisatgistica-de-lestudi-de-detall-a-larea-de-repartiment-num-59-del-pla-general-delx\/","title":{"rendered":"Estudi d&#8217;integraci\u00f3 paisatg\u00edstica de l&#8217;estudi de detall a l&#8217;\u00e0rea de repartiment n\u00fam. 59 del pla general d&#8217;Elx"},"content":{"rendered":"<div class=\"wpb-content-wrapper\"><p>[vc_row full_width=&#8221;stretch_row&#8221; css=&#8221;.vc_custom_1611916494855{background-image: url(https:\/\/www.elche.es\/wp-content\/uploads\/2017\/05\/Elche_en_la_noche_en_Elche.jpg?id=22494) !important;background-position: center !important;background-repeat: no-repeat !important;background-size: cover !important;}&#8221; el_id=&#8221;bloque_titulo&#8221; el_class=&#8221;slidercabecera&#8221;][vc_column][vc_custom_heading text=&#8221;URBANISME&#8221; font_container=&#8221;tag:h2|text_align:center|color:%23ffffff&#8221; google_fonts=&#8221;font_family:Ubuntu%3A300%2C300italic%2Cregular%2Citalic%2C500%2C500italic%2C700%2C700italic|font_style:700%20bold%20regular%3A700%3Anormal&#8221; el_class=&#8221;sombraTitulo cabeceramovil&#8221;][\/vc_column][\/vc_row][vc_row full_width=&#8221;stretch_row&#8221; css=&#8221;.vc_custom_1475484188729{background-color: #dddde0 !important;}&#8221;][vc_column offset=&#8221;vc_hidden-sm vc_hidden-xs&#8221;][vc_column_text]<nav aria-label=\"breadcrumbs\">\n            <div class=\"breadcrumb-container theme1\">\n                <ol>\n                                    <\/ol>\n            <\/div>\n        <\/nav>    <script type=\"application\/ld+json\">\n        {\n            \"@context\": \"http:\/\/schema.org\",\n            \"@type\": \"BreadcrumbList\",\n            \"itemListElement\": [\n                            ]\n        }\n    <\/script>\n    <style type=\"text\/css\">\n        .breadcrumb-container {\n            font-size: 13px;\n        }\n\n        .breadcrumb-container ul {\n            margin: 0;\n            padding: 0;\n        }\n\n        .breadcrumb-container li {\n            box-sizing: unset;\n            display: inline-block;\n            margin: 0;\n            padding: 0;\n        }\n\n        .breadcrumb-container li a {\n            box-sizing: unset;\n            padding: 0 10px;\n        }\n\n        .breadcrumb-container {\n            font-size: 3 !important;\n                    }\n\n        .breadcrumb-container li a {\n            color: #0a0a0a !important;\n            font-size: 3 !important;\n            line-height: 3 !important;\n                    }\n\n        .breadcrumb-container li .separator {\n            font-size: 3 !important;\n                    }\n\n        .breadcrumb-container li:last-child .separator {\n            display: none;\n        }\n    <\/style>\n    <style type=\"text\/css\">\n        .breadcrumb-container.theme1 li {\n            margin: 0;\n            padding: 0;\n        }\n        .breadcrumb-container.theme1 a {\n            background: ;\n            display: inline-block;\n            margin: 0 5px;\n            padding: 5px 10px;\n            text-decoration: none;\n        }\n    <\/style>\n        <style type=\"text\/css\">\n            <\/style>\n    <script>\n            <\/script>\n[\/vc_column_text][\/vc_column][\/vc_row][vc_row][vc_column][vc_column_text el_class=&#8221;encuestaarea&#8221;]\n<div class=\"wpcf7 no-js\" id=\"wpcf7-f240448-o1\" lang=\"es-ES\" dir=\"ltr\" data-wpcf7-id=\"240448\">\n<div class=\"screen-reader-response\"><p role=\"status\" aria-live=\"polite\" aria-atomic=\"true\"><\/p> <ul><\/ul><\/div>\n<form action=\"\/va\/wp-json\/wp\/v2\/pages\/240452#wpcf7-f240448-o1\" method=\"post\" class=\"wpcf7-form init\" aria-label=\"Formulario de contacto\" novalidate=\"novalidate\" data-status=\"init\">\n<div style=\"display: none;\">\n<input type=\"hidden\" name=\"_wpcf7\" value=\"240448\" \/>\n<input type=\"hidden\" name=\"_wpcf7_version\" value=\"6.0.6\" \/>\n<input type=\"hidden\" name=\"_wpcf7_locale\" value=\"es_ES\" \/>\n<input type=\"hidden\" name=\"_wpcf7_unit_tag\" value=\"wpcf7-f240448-o1\" \/>\n<input type=\"hidden\" name=\"_wpcf7_container_post\" value=\"0\" \/>\n<input type=\"hidden\" name=\"_wpcf7_posted_data_hash\" value=\"\" \/>\n<\/div>\n<h1 class=\"sc_title sc_title_regular titulo-pagina margin_top_small\">Estudi d'integraci\u00f3 paisatg\u00edstica de l'estudi de detall a l'\u00e0rea de repartiment n\u00fam. 59 del pla general d'Elx\n<\/h1>\n<div class=\"vc_row wpb_row vc_row-fluid encuestatotal\">\n\t<div class=\"wpb_column vc_column_container vc_col-sm-12 pleft-pright-20\">\n\t\t<h5>PLA DE PARTICIPACI\u00d3 P\u00daBLICA\n\t\t<\/h5>\n\t\t<p><span class=\"pencuesta\">L'\u00e0mbit de l'Estudi de Detall se situa a l'illa conformada pels carrers Advocats d'Atocha, Llimoner, Morera i Eucaliptus, dins de la zona<br \/>\nhomog\u00e8nia n\u00fam. 59 d'\u00e0rees de repartiment uniparcel\u00e0ries, classificada pel vigent Pla General d'Elx com a s\u00f2l urb\u00e0 i qualificada amb clau 5: Edificaci\u00f3 A\u00efllada<br \/>\nAquest \u00e0mbit est\u00e0 incl\u00f2s dins de l'entorn de protecci\u00f3 del Palmerar d'Elx, declarat b\u00e9 d'inter\u00e9s cultural, i zona d'amortiment UNESCO, enfront d'un hort de palmeres. La Llei 6\/2021, de 12 de novembre, de protecci\u00f3 i promoci\u00f3 del Palmerar d'Elx estableix en el seu article 9 que \"tots els projectes de rehabilitaci\u00f3, reconstrucci\u00f3 i nova implantaci\u00f3 de construccions i instal\u00b7lacions als horts de palmeres i el seu entorn de<br \/>\nprotecci\u00f3 hauran d'incorporar un estudi d'integraci\u00f3 paisatg\u00edstica que ser\u00e0 informat per la Junta Gestora del Patronat del Palmerar d'Elx.\u201d<br \/>\nD'acord amb l'article 6 del Decret legislatiu 1\/2021, de 18 de juliol, del Consell d'aprovaci\u00f3 del text ref\u00f3s de la Llei d'ordenaci\u00f3 del<br \/>\nterritori, urbanisme i paisatge (TR-LOTUP), els instruments de paisatge se sotmetran en tot cas a participaci\u00f3 p\u00fablica i consulta de les administracions p\u00fabliques afectades.<br \/>\nAquesta <b>ENQUESTA<\/b> pertanyent al Pla de Participaci\u00f3 P\u00fablica de l'Estudi de Detall A l'\u00e0rea de repartiment n\u00fam. 59 del Pla General d'Elx, situat a l'illa conformada pels carrers Advocats d'Atocha, Llimoner, Morera i Eucaliptus.<br \/>\n<\/span>\n\t\t<\/p>\n\t<\/div>\n<\/div>\n<div class=\"wpb_column vc_column_container vc_col-sm-12\">\n\t<p><img decoding=\"async\" src=\"https:\/\/www.elche.es\/wp-content\/uploads\/2023\/02\/encuesta-59.jpg\" class=\"img-fluide\" \/>\n\t<\/p>\n<\/div>\n<div style=\"clear:left;\">\n<\/div>\n<div class=\"tituloencuesta\">\n\t<p><b>1. Coneix la zona?<\/b><br \/>\n<span class=\"wpcf7-form-control-wrap\" data-name=\"radio-01\"><span class=\"wpcf7-form-control wpcf7-radio\" id=\"UP1\"><span class=\"wpcf7-list-item first\"><input type=\"radio\" name=\"radio-01\" value=\"S\u00cd\" \/><span class=\"wpcf7-list-item-label\">S\u00cd<\/span><\/span><span class=\"wpcf7-list-item last\"><input type=\"radio\" name=\"radio-01\" value=\"NO\" \/><span class=\"wpcf7-list-item-label\">NO<\/span><\/span><\/span><\/span><br \/>\n<img decoding=\"async\" src=\"https:\/\/www.elche.es\/wp-content\/uploads\/2023\/02\/encuesta-59-2.jpg\" class=\"img-fluid\" \/>\n\t<\/p>\n<\/div>\n<hr \/>\n<div class=\"tituloencuesta\">\n\t<p><b>2. Amb quina freq\u00fc\u00e8ncia gaudeix de la zona quan accedeix a aquesta?<\/b><br \/>\n<span class=\"wpcf7-form-control-wrap\" data-name=\"radio-02\"><span class=\"wpcf7-form-control wpcf7-radio\" id=\"UP2\"><span class=\"wpcf7-list-item first\"><input type=\"radio\" name=\"radio-02\" value=\"Di\u00e0riament\" \/><span class=\"wpcf7-list-item-label\">Di\u00e0riament<\/span><\/span><span class=\"wpcf7-list-item\"><input type=\"radio\" name=\"radio-02\" value=\"Sovint\" \/><span class=\"wpcf7-list-item-label\">Sovint<\/span><\/span><span class=\"wpcf7-list-item\"><input type=\"radio\" name=\"radio-02\" value=\"De vegades\" \/><span class=\"wpcf7-list-item-label\">De vegades<\/span><\/span><span class=\"wpcf7-list-item\"><input type=\"radio\" name=\"radio-02\" value=\"Rares vegades\" \/><span class=\"wpcf7-list-item-label\">Rares vegades<\/span><\/span><span class=\"wpcf7-list-item last\"><input type=\"radio\" name=\"radio-02\" value=\"Mai\" \/><span class=\"wpcf7-list-item-label\">Mai<\/span><\/span><\/span><\/span>\n\t<\/p>\n\t<div style=\"clear:left;\">\n\t<\/div>\n<\/div>\n<hr \/>\n<div class=\"tituloencuesta\">\n\t<p><b>3. Valore la qualitat paisatg\u00edstica actual de la zona.<\/b><br \/>\n<span class=\"wpcf7-form-control-wrap\" data-name=\"radio-03\"><span class=\"wpcf7-form-control wpcf7-radio\" id=\"UP3\"><span class=\"wpcf7-list-item first\"><input type=\"radio\" name=\"radio-03\" value=\"Molt alta\" \/><span class=\"wpcf7-list-item-label\">Molt alta<\/span><\/span><span class=\"wpcf7-list-item\"><input type=\"radio\" name=\"radio-03\" value=\"Alta\" \/><span class=\"wpcf7-list-item-label\">Alta<\/span><\/span><span class=\"wpcf7-list-item\"><input type=\"radio\" name=\"radio-03\" value=\"Mitjana\" \/><span class=\"wpcf7-list-item-label\">Mitjana<\/span><\/span><span class=\"wpcf7-list-item\"><input type=\"radio\" name=\"radio-03\" value=\"Baixa\" \/><span class=\"wpcf7-list-item-label\">Baixa<\/span><\/span><span class=\"wpcf7-list-item last\"><input type=\"radio\" name=\"radio-03\" value=\"Molt baixa\" \/><span class=\"wpcf7-list-item-label\">Molt baixa<\/span><\/span><\/span><\/span>\n\t<\/p>\n\t<div class=\"wpb_column vc_column_container vc_col-sm-12 cuadrosencuesta\">\n\t\t<p><img decoding=\"async\" src=\"https:\/\/www.elche.es\/wp-content\/uploads\/2023\/02\/encuesta-59-3.jpg\" class=\"img-fluid\" \/>\n\t\t<\/p>\n\t<\/div>\n\t<div style=\"clear:left;\">\n\t<\/div>\n<\/div>\n<hr \/>\n<div class=\"tituloencuesta\">\n\t<p><b>4. Com definiria la percepci\u00f3 del Palmerar d'Elx des d'aquesta zona?<\/b><br \/>\n<span class=\"wpcf7-form-control-wrap\" data-name=\"radio-04\"><span class=\"wpcf7-form-control wpcf7-radio\" id=\"UP4\"><span class=\"wpcf7-list-item first\"><input type=\"radio\" name=\"radio-04\" value=\"Molt redu\u00efda\" \/><span class=\"wpcf7-list-item-label\">Molt redu\u00efda<\/span><\/span><span class=\"wpcf7-list-item\"><input type=\"radio\" name=\"radio-04\" value=\"Redu\u00efda\" \/><span class=\"wpcf7-list-item-label\">Redu\u00efda<\/span><\/span><span class=\"wpcf7-list-item\"><input type=\"radio\" name=\"radio-04\" value=\"Mitjana\" \/><span class=\"wpcf7-list-item-label\">Mitjana<\/span><\/span><span class=\"wpcf7-list-item last\"><input type=\"radio\" name=\"radio-04\" value=\"Alta\" \/><span class=\"wpcf7-list-item-label\">Alta<\/span><\/span><\/span><\/span>\n\t<\/p>\n\t<div style=\"clear:left;\">\n\t<\/div>\n<\/div>\n<div class=\"benviare\">\n\t<p><input class=\"wpcf7-form-control wpcf7-submit has-spinner\" type=\"submit\" value=\"Enviar\" \/>\n\t<\/p>\n<\/div>\n<center>\n\t<p><strong>Gr\u00e0cies per participar.<\/strong>\n\t<\/p>\n<\/center>\n\n<div class=\"wpcf7-response-output\" aria-hidden=\"true\"><\/div>\n<\/form>\n<\/div>\n[\/vc_column_text][\/vc_column][\/vc_row][vc_row full_width=&#8221;stretch_row&#8221; css=&#8221;.vc_custom_1644490021390{padding-top: 30px !important;background-color: #ffffff !important;}&#8221;][vc_column][vc_column_text]<\/p>\n<hr \/>\n<p>[\/vc_column_text][vc_column_text css=&#8221;.vc_custom_1678190653174{padding-bottom: 30px !important;}&#8221;]La funci\u00f3 del Servei d&#8217;Urbanisme \u00e9s la definici\u00f3 i la gesti\u00f3 del model d&#8217;evoluci\u00f3 urbana del municipi d&#8217;Elx en el seu conjunt. Aix\u00ed mateix li correspon la planificaci\u00f3 i l&#8217;execuci\u00f3 de les grans infraestructures municipals i la gesti\u00f3 del patrimoni municipal. Exerceix funcions de control dels actes d&#8217;\u00fas, transformaci\u00f3 i edificaci\u00f3 del s\u00f2l mitjan\u00e7ant la tramitaci\u00f3 de llic\u00e8ncies i declaracions responsables, aix\u00ed com, de protecci\u00f3 de la legalitat urban\u00edstica. L&#8217;objectiu fonamental de la Regidoria \u00e9s vetlar per un desenvolupament equilibrat i sostenible de la ciutat, aix\u00ed com propiciar l&#8217;acc\u00e9s de tots els ciutadans a les xarxes d&#8217;infraestructures de la ciutat.[\/vc_column_text][vc_empty_space height=&#8221;15 px&#8221;][\/vc_column][\/vc_row]<\/p>\n<\/div>","protected":false},"excerpt":{"rendered":"<p>[vc_row full_width=&#8221;stretch_row&#8221; css=&#8221;.vc_custom_1611916494855{background-image: url(https:\/\/www.elche.es\/wp-content\/uploads\/2017\/05\/Elche_en_la_noche_en_Elche.jpg?id=22494) !important;background-position: center !important;background-repeat: no-repeat !important;background-size: cover !important;}&#8221; el_id=&#8221;bloque_titulo&#8221; el_class=&#8221;slidercabecera&#8221;][vc_column][vc_custom_heading text=&#8221;URBANISME&#8221; font_container=&#8221;tag:h2|text_align:center|color:%23ffffff&#8221; google_fonts=&#8221;font_family:Ubuntu%3A300%2C300italic%2Cregular%2Citalic%2C500%2C500italic%2C700%2C700italic|font_style:700%20bold%20regular%3A700%3Anormal&#8221; el_class=&#8221;sombraTitulo cabeceramovil&#8221;][\/vc_column][\/vc_row][vc_row full_width=&#8221;stretch_row&#8221; css=&#8221;.vc_custom_1475484188729{background-color: #dddde0 !important;}&#8221;][vc_column offset=&#8221;vc_hidden-sm vc_hidden-xs&#8221;][vc_column_text][\/vc_column_text][\/vc_column][\/vc_row][vc_row][vc_column][vc_column_text el_class=&#8221;encuestaarea&#8221;][\/vc_column_text][\/vc_column][\/vc_row][vc_row full_width=&#8221;stretch_row&#8221; css=&#8221;.vc_custom_1644490021390{padding-top: 30px !important;background-color: #ffffff [&hellip;]<\/p>\n","protected":false},"author":139,"featured_media":0,"parent":6420,"menu_order":0,"comment_status":"closed","ping_status":"closed","template":"","meta":{"footnotes":""},"class_list":["post-240452","page","type-page","status-publish","hentry"],"_links":{"self":[{"href":"https:\/\/www.elche.es\/va\/wp-json\/wp\/v2\/pages\/240452","targetHints":{"allow":["GET"]}}],"collection":[{"href":"https:\/\/www.elche.es\/va\/wp-json\/wp\/v2\/pages"}],"about":[{"href":"https:\/\/www.elche.es\/va\/wp-json\/wp\/v2\/types\/page"}],"author":[{"embeddable":true,"href":"https:\/\/www.elche.es\/va\/wp-json\/wp\/v2\/users\/139"}],"replies":[{"embeddable":true,"href":"https:\/\/www.elche.es\/va\/wp-json\/wp\/v2\/comments?post=240452"}],"version-history":[{"count":0,"href":"https:\/\/www.elche.es\/va\/wp-json\/wp\/v2\/pages\/240452\/revisions"}],"up":[{"embeddable":true,"href":"https:\/\/www.elche.es\/va\/wp-json\/wp\/v2\/pages\/6420"}],"wp:attachment":[{"href":"https:\/\/www.elche.es\/va\/wp-json\/wp\/v2\/media?parent=240452"}],"curies":[{"name":"wp","href":"https:\/\/api.w.org\/{rel}","templated":true}]}}