{"id":24059,"date":"2017-05-22T12:07:09","date_gmt":"2017-05-22T11:07:09","guid":{"rendered":"http:\/\/www.elche.es\/va\/urbanisme\/evaluacion-ambiental\/"},"modified":"2022-11-11T15:03:43","modified_gmt":"2022-11-11T14:03:43","slug":"avaluacio-ambiental","status":"publish","type":"page","link":"https:\/\/www.elche.es\/va\/urbanisme\/avaluacio-ambiental\/","title":{"rendered":"Avaluaci\u00f3 ambiental"},"content":{"rendered":"<div class=\"wpb-content-wrapper\"><p>[vc_row full_width=&#8221;stretch_row&#8221; css=&#8221;.vc_custom_1475488090109{background-color: #dddde0 !important;}&#8221;][vc_column][vc_column_text]<nav aria-label=\"breadcrumbs\">\n            <div class=\"breadcrumb-container theme1\">\n                <ol>\n                                    <\/ol>\n            <\/div>\n        <\/nav>    <script type=\"application\/ld+json\">\n        {\n            \"@context\": \"http:\/\/schema.org\",\n            \"@type\": \"BreadcrumbList\",\n            \"itemListElement\": [\n                            ]\n        }\n    <\/script>\n    <style type=\"text\/css\">\n        .breadcrumb-container {\n            font-size: 13px;\n        }\n\n        .breadcrumb-container ul {\n            margin: 0;\n            padding: 0;\n        }\n\n        .breadcrumb-container li {\n            box-sizing: unset;\n            display: inline-block;\n            margin: 0;\n            padding: 0;\n        }\n\n        .breadcrumb-container li a {\n            box-sizing: unset;\n            padding: 0 10px;\n        }\n\n        .breadcrumb-container {\n            font-size: 3 !important;\n                    }\n\n        .breadcrumb-container li a {\n            color: #0a0a0a !important;\n            font-size: 3 !important;\n            line-height: 3 !important;\n                    }\n\n        .breadcrumb-container li .separator {\n            font-size: 3 !important;\n                    }\n\n        .breadcrumb-container li:last-child .separator {\n            display: none;\n        }\n    <\/style>\n    <style type=\"text\/css\">\n        .breadcrumb-container.theme1 li {\n            margin: 0;\n            padding: 0;\n        }\n        .breadcrumb-container.theme1 a {\n            background: ;\n            display: inline-block;\n            margin: 0 5px;\n            padding: 5px 10px;\n            text-decoration: none;\n        }\n    <\/style>\n        <style type=\"text\/css\">\n            <\/style>\n    <script>\n            <\/script>\n[\/vc_column_text][\/vc_column][\/vc_row][vc_row full_width=&#8221;stretch_row&#8221; css=&#8221;.vc_custom_1493368458610{padding-top: 60px !important;padding-bottom: 140px !important;}&#8221;][vc_column][vc_empty_space][vc_row_inner css=&#8221;.vc_custom_1475142298750{padding-right: 30px !important;padding-bottom: 30px !important;padding-left: 30px !important;background-color: #ffffff !important;}&#8221;][vc_column_inner][vc_custom_heading text=&#8221;Avaluaci\u00f3 ambiental&#8221; font_container=&#8221;tag:h3|text_align:left&#8221; use_theme_fonts=&#8221;yes&#8221; el_class=&#8221;enlaces-titulo-cabecera&#8221;][vc_column_text]Avaluaci\u00f3 ambiental i territorial estrat\u00e8gica dels plans:<\/p>\n<p>&nbsp;<\/p>\n<ul>\n<li><strong>Procediment ordinari<\/strong>. L&#8217;\u00f3rgan competent per resoldre \u00e9s la \u00a0Generalitat Valenciana. Els estudis d&#8217;avaluaci\u00f3 d&#8217;impacte ambiental i territorial estrat\u00e8gica referits al municipi d&#8217;Elx estan disponibles en el <a href=\"http:\/\/www.agroambient.gva.es\/web\/evaluacion-ambiental\/buscador-de-expedientes\">cercador dels expedients<\/a>\u00a0d&#8217;Avaluaci\u00f3 ambiental estrat\u00e8gica de la Generalitat Valenciana.<\/li>\n<li><strong>Procediment simplificado<\/strong>. EL&#8217;\u00f2rgan ambiental municipal com a \u00f2rgan competent per a l&#8217;avaluaci\u00f3 ambiental i territorial estrat\u00e8gica \u00e9s la Junta de Govern Local. Aquests documents (identificats com a Document d&#8217;Inici) estan disponibles en <a href=\"https:\/\/www.elche.es\/va\/urbanisme\/documentacio-urbanistica-en-tramitacio\/\">Documentaci\u00f3 urban\u00edstica \u00a0en tramitaci\u00f3<\/a>.<\/li>\n<\/ul>\n<p>[\/vc_column_text][vc_empty_space][vc_custom_heading text=&#8221;Estudis de paisatje&#8221; font_container=&#8221;tag:h3|text_align:left&#8221; use_theme_fonts=&#8221;yes&#8221; el_class=&#8221;enlaces-titulo-cabecera&#8221;][vc_column_text]Els documents de paisatge es troben incorporats a cadascun dels plans, en cas que aquests anaren necessaris.[\/vc_column_text][\/vc_column_inner][\/vc_row_inner][\/vc_column][\/vc_row]<\/p>\n<\/div>","protected":false},"excerpt":{"rendered":"<p>[vc_row full_width=&#8221;stretch_row&#8221; css=&#8221;.vc_custom_1475488090109{background-color: #dddde0 !important;}&#8221;][vc_column][vc_column_text][\/vc_column_text][\/vc_column][\/vc_row][vc_row full_width=&#8221;stretch_row&#8221; css=&#8221;.vc_custom_1493368458610{padding-top: 60px !important;padding-bottom: 140px !important;}&#8221;][vc_column][vc_empty_space][vc_row_inner css=&#8221;.vc_custom_1475142298750{padding-right: 30px !important;padding-bottom: 30px !important;padding-left: 30px !important;background-color: #ffffff !important;}&#8221;][vc_column_inner][vc_custom_heading text=&#8221;Avaluaci\u00f3 ambiental&#8221; font_container=&#8221;tag:h3|text_align:left&#8221; use_theme_fonts=&#8221;yes&#8221; el_class=&#8221;enlaces-titulo-cabecera&#8221;][vc_column_text]Avaluaci\u00f3 ambiental i territorial estrat\u00e8gica dels [&hellip;]<\/p>\n","protected":false},"author":9,"featured_media":0,"parent":6420,"menu_order":0,"comment_status":"closed","ping_status":"closed","template":"","meta":{"footnotes":""},"class_list":["post-24059","page","type-page","status-publish","hentry"],"_links":{"self":[{"href":"https:\/\/www.elche.es\/va\/wp-json\/wp\/v2\/pages\/24059","targetHints":{"allow":["GET"]}}],"collection":[{"href":"https:\/\/www.elche.es\/va\/wp-json\/wp\/v2\/pages"}],"about":[{"href":"https:\/\/www.elche.es\/va\/wp-json\/wp\/v2\/types\/page"}],"author":[{"embeddable":true,"href":"https:\/\/www.elche.es\/va\/wp-json\/wp\/v2\/users\/9"}],"replies":[{"embeddable":true,"href":"https:\/\/www.elche.es\/va\/wp-json\/wp\/v2\/comments?post=24059"}],"version-history":[{"count":0,"href":"https:\/\/www.elche.es\/va\/wp-json\/wp\/v2\/pages\/24059\/revisions"}],"up":[{"embeddable":true,"href":"https:\/\/www.elche.es\/va\/wp-json\/wp\/v2\/pages\/6420"}],"wp:attachment":[{"href":"https:\/\/www.elche.es\/va\/wp-json\/wp\/v2\/media?parent=24059"}],"curies":[{"name":"wp","href":"https:\/\/api.w.org\/{rel}","templated":true}]}}