{"id":243388,"date":"2023-03-23T11:56:44","date_gmt":"2023-03-23T10:56:44","guid":{"rendered":"https:\/\/www.elche.es\/?page_id=243388"},"modified":"2026-03-05T17:12:05","modified_gmt":"2026-03-05T15:12:05","slug":"escoles-infantils-municipals","status":"publish","type":"page","link":"https:\/\/www.elche.es\/va\/educacio\/campanya-escolaritzacio-a-elx\/escoles-infantils-municipals\/","title":{"rendered":"Escoles Infantils Municipals"},"content":{"rendered":"<div class=\"wpb-content-wrapper\"><p>[vc_row full_width=&#8221;stretch_row_content_no_spaces&#8221; css=&#8221;.vc_custom_1663588492163{background-position: center !important;background-repeat: no-repeat !important;background-size: cover !important;}&#8221; el_class=&#8221;cuadrocabecerafoto&#8221;][vc_column][vc_single_image image=&#8221;331619&#8243; img_size=&#8221;full&#8221; alignment=&#8221;center&#8221; css=&#8221;&#8221; el_class=&#8221;cabecerasolofoto&#8221;][\/vc_column][\/vc_row][vc_row][vc_column]<div class=\"templatera_shortcode\"><div id=\"bloque_menu_enlaces\" data-vc-full-width=\"true\" data-vc-full-width-init=\"false\" data-vc-stretch-content=\"true\" class=\"vc_row wpb_row vc_row-fluid bloque_menu_paginas bloquemnuestop vc_custom_1621932290718 vc_row-has-fill vc_row-no-padding\"><div class=\"enlacesdeportes wpb_column vc_column_container vc_col-sm-12\"><div class=\"vc_column-inner\"><div class=\"wpb_wrapper\">\r\n        \r\n        <a class=\"menuVC\"  href=\"https:\/\/www.elche.es\/va\/educacio\/campanya-escolaritzacio\/escoles-infantils-municipals-2\/\"> <span> Escoles Infantils Municipals <\/span><\/a>\r\n        \r\n        <a class=\"menuVC\"  href=\"https:\/\/www.elche.es\/va\/educacio\/calendari-escolar\/\"> <span> Calendari <\/span><\/a>\r\n        \r\n        <a class=\"menuVC\"  href=\"https:\/\/www.elche.es\/va\/educacio\/campanya-escolaritzacio-a-elx\/\"> <span> Escolaritzaci\u00f3 <\/span><\/a>\r\n        \r\n        <a class=\"menuVC\"  href=\"https:\/\/www.elche.es\/va\/educacio\/centres-educatius\/\"> <span> Centres Educatius <\/span><\/a>\r\n        \r\n        <a class=\"menuVC\"  href=\"https:\/\/www.fpelx.es\/\"> <span> FP <\/span><\/a>\r\n        \r\n        <a class=\"menuVC\"  href=\"https:\/\/www.elche.es\/va\/educacio\/becas-y-subvenciones\/\"> <span> Beques i Subvencions <\/span><\/a>\r\n        \r\n        <a class=\"menuVC\"  href=\"https:\/\/www.elche.es\/va\/educacio\/servicios-y-actividades\/\"> <span> Serveis i Activitats <\/span><\/a>\r\n        \r\n        <a class=\"menuVC\"  href=\"https:\/\/www.elche.es\/va\/educacio\/programa-absentisme-escolar\/\"> <span> Absentisme escolar <\/span><\/a>\r\n        \r\n        <a class=\"menuVC\"  href=\"https:\/\/www.elche.es\/va\/educacio\/tramites\/\"> <span> Tr\u00e0mits <\/span><\/a>\r\n        \r\n        <a class=\"menuVC\"  href=\"https:\/\/www.elche.es\/va\/normativa-educacio-a-elx\/\"> <span> Normativa <\/span><\/a><\/div><\/div><\/div><\/div><div class=\"vc_row-full-width vc_clearfix\"><\/div><\/div>[\/vc_column][\/vc_row][vc_row full_width=&#8221;stretch_row&#8221; css=&#8221;.vc_custom_1475488224066{background-color: #dddde0 !important;}&#8221;][vc_column][vc_column_text]<nav aria-label=\"breadcrumbs\">\n            <div class=\"breadcrumb-container theme1\">\n                <ol>\n                                    <\/ol>\n            <\/div>\n        <\/nav>    <script type=\"application\/ld+json\">\n        {\n            \"@context\": \"http:\/\/schema.org\",\n            \"@type\": \"BreadcrumbList\",\n            \"itemListElement\": [\n                            ]\n        }\n    <\/script>\n    <style type=\"text\/css\">\n        .breadcrumb-container {\n            font-size: 13px;\n        }\n\n        .breadcrumb-container ul {\n            margin: 0;\n            padding: 0;\n        }\n\n        .breadcrumb-container li {\n            box-sizing: unset;\n            display: inline-block;\n            margin: 0;\n            padding: 0;\n        }\n\n        .breadcrumb-container li a {\n            box-sizing: unset;\n            padding: 0 10px;\n        }\n\n        .breadcrumb-container {\n            font-size: 3 !important;\n                    }\n\n        .breadcrumb-container li a {\n            color: #0a0a0a !important;\n            font-size: 3 !important;\n            line-height: 3 !important;\n                    }\n\n        .breadcrumb-container li .separator {\n            font-size: 3 !important;\n                    }\n\n        .breadcrumb-container li:last-child .separator {\n            display: none;\n        }\n    <\/style>\n    <style type=\"text\/css\">\n        .breadcrumb-container.theme1 li {\n            margin: 0;\n            padding: 0;\n        }\n        .breadcrumb-container.theme1 a {\n            background: ;\n            display: inline-block;\n            margin: 0 5px;\n            padding: 5px 10px;\n            text-decoration: none;\n        }\n    <\/style>\n        <style type=\"text\/css\">\n            <\/style>\n    <script>\n            <\/script>\n[\/vc_column_text][\/vc_column][\/vc_row][vc_row][vc_column][vc_empty_space]<h1 class=\"sc_title sc_title_regular titulo-pagina margin_top_small\" style=\"````\">Escoles Infantils Municipals a Elx<\/h1>[\/vc_column][\/vc_row][vc_row][vc_column width=&#8221;1\/2&#8243;][vc_column_text css=&#8221;&#8221;]&nbsp;<\/p>\n<hr \/>\n<p>[\/vc_column_text][vc_empty_space]<a href=\"#\" target=\"_blank\" class=\"sc_button sc_button_square sc_button_style_filled style_original sc_button_size_large btndentropagina \" style=\"````\"><\/a><a href=\"https:\/\/www.elche.es\/wp-content\/uploads\/2025\/04\/Informacion-general-proceso-admision-VALENCIA.pdf\" class=\"sc_button sc_button_square sc_button_style_filled style_original sc_button_size_large aligncenter btndentropagina \" style=\"````\">Informaci\u00f3 procediment Escoles Infantils<\/a>[\/vc_column][vc_column width=&#8221;1\/2&#8243; el_class=&#8221;oculto&#8221;][vc_empty_space][vc_single_image image=&#8221;331622&#8243; img_size=&#8221;full&#8221; alignment=&#8221;center&#8221; onclick=&#8221;link_image&#8221; css=&#8221;&#8221; el_class=&#8221;cabecerasolofoto&#8221;][\/vc_column][\/vc_row][vc_row el_class=&#8221;oculto&#8221;][vc_column][vc_column_text css=&#8221;&#8221;]<\/p>\n<p class=\"\" data-start=\"242\" data-end=\"401\">Les sol\u00b7licituds per a les Escoles Infantils Municipals es podran tramitar\u00a0 a trav\u00e9s de 3 m\u00e8todes:<\/p>\n<p><strong>PRESENCIAL:<\/strong><\/p>\n<p class=\"\" data-start=\"403\" data-end=\"553\">Si no disposa de mitjans electr\u00f2nics, tamb\u00e9 pot presentar la seua sol\u00b7licitud i la documentaci\u00f3 requerida de forma presencial en els seg\u00fcents llocs:<\/p>\n<p>&nbsp;<\/p>\n<ul data-start=\"555\" data-end=\"647\">\n<li class=\"\" data-start=\"555\" data-end=\"617\">\n<p class=\"\" data-start=\"557\" data-end=\"617\"><b>AVIVA: <\/b>Pla\u00e7a de Sant Joan n\u00fam. 6. De 9 a 13 hores<\/p>\n<\/li>\n<li class=\"\" data-start=\"618\" data-end=\"647\">\n<p class=\"\" data-start=\"620\" data-end=\"647\"><strong data-start=\"620\" data-end=\"646\">Qualsevol oficina OMAC<\/strong><\/p>\n<\/li>\n<\/ul>\n<p>[\/vc_column_text][vc_empty_space]<a href=\"https:\/\/www.elche.es\/wp-content\/uploads\/2025\/04\/A440-Escuelas_infantiles_municipales_solicitud-admision_curso-25-26-2025.pdf\" class=\"sc_button sc_button_square sc_button_style_filled style_original sc_button_size_large btndentropagina \" style=\"````\">Impr\u00e9s sol\u00b7licitud de pla\u00e7a<\/a>[vc_empty_space height=&#8221;10px&#8221;]<a href=\"https:\/\/www.elche.es\/wp-content\/uploads\/2025\/04\/A440b-Autorizacion-para-recabar-datos-de-la-Agencia-Tributaria.pdf\" class=\"sc_button sc_button_square sc_button_style_filled style_original sc_button_size_large btndentropagina \" style=\"````\">Autoritzaci\u00f3 per a recaptar dades de l&#8217;Ag\u00e8ncia Tribut\u00e0ria.<\/a>[vc_empty_space height=&#8221;10px&#8221;]<a href=\"https:\/\/www.elche.es\/oficina-municipal-de-atencion-ciudadana-omac\/\" target=\"_blank\" class=\"sc_button sc_button_square sc_button_style_filled style_original sc_button_size_large btndentropagina \" style=\"````\">Sol\u00b7licitar cita OMAC<\/a>[vc_empty_space][vc_empty_space][vc_column_text css=&#8221;&#8221;]<strong>EN L\u00cdNIA:<\/strong><\/p>\n<p class=\"\" data-start=\"403\" data-end=\"553\">Pot tramitar la sol\u00b7licitud des de <a href=\"https:\/\/sede.elche.es\/sta\/CarpetaPublic\/doEvent?APP_CODE=STA&amp;PAGE_CODE=CATALOGO&amp;DETALLE=6269000028641347907922\">sede.elche.es<\/a>:<\/p>\n<p class=\"\" data-start=\"734\" data-end=\"869\">Les persones que trameten la seua sol\u00b7licitud de forma electr\u00f2nica podran usar algun dels seg\u00fcent sistemes de verificaci\u00f3 d&#8217;identitat:<\/p>\n<ul data-start=\"871\" data-end=\"1041\">\n<li class=\"\" data-start=\"871\" data-end=\"937\">\n<p class=\"\" data-start=\"873\" data-end=\"937\"><strong data-start=\"873\" data-end=\"890\">Firma Digital<\/strong>: Pot sol\u00b7licitar-la en l&#8217;OMAC amb cita pr\u00e8via.<\/p>\n<\/li>\n<li class=\"\" data-start=\"938\" data-end=\"967\">\n<p class=\"\" data-start=\"940\" data-end=\"967\"><strong data-start=\"940\" data-end=\"966\">DNI Electr\u00f2nic (eDNI)<\/strong>.<\/p>\n<\/li>\n<li class=\"\" data-start=\"968\" data-end=\"1041\">\n<p class=\"\" data-start=\"970\" data-end=\"1041\"><strong data-start=\"970\" data-end=\"987\">Sistema Cl@ve<\/strong>: Pot sol\u00b7licitar-lo en el PROP, INSS, Hisenda o SEPE.<\/p>\n<\/li>\n<\/ul>\n<p class=\"\" data-start=\"1080\" data-end=\"1235\">Cada sol\u00b7licitant ha de presentar una sol\u00b7licitud per cada xiquet o xiqueta que desitge escolaritzar. Assegure&#8217;s d&#8217;annexar tota la documentaci\u00f3 necess\u00e0ria en cada cas.<\/p>\n<p>[\/vc_column_text][vc_empty_space]<a href=\"https:\/\/sede.elche.es\/sta\/CarpetaPublic\/doEvent?APP_CODE=STA&PAGE_CODE=CATALOGO&DETALLE=6269000028641347907922\" class=\"sc_button sc_button_square sc_button_style_filled style_original sc_button_size_large btndentropagina \" style=\"````\">Presentaci\u00f3 sol\u00b7licitud en l\u00ednia<\/a>[vc_empty_space][vc_empty_space][vc_column_text css=&#8221;.vc_custom_1743668331339{margin-top: 15px !important;margin-bottom: 15px !important;}&#8221;]<\/p>\n<hr \/>\n<p>[\/vc_column_text][\/vc_column][\/vc_row][vc_row][vc_column][\/vc_column][\/vc_row][vc_row][vc_column width=&#8221;1\/5&#8243;][vc_btn title=&#8221;Escola Infantil Municipal Rosa Fern\u00e1ndez&#8221; style=&#8221;outline-custom&#8221; outline_custom_color=&#8221;#1e73be&#8221; outline_custom_hover_background=&#8221;#1e73be&#8221; outline_custom_hover_text=&#8221;#ffffff&#8221; shape=&#8221;square&#8221; size=&#8221;lg&#8221; css=&#8221;&#8221; link=&#8221;url:https%3A%2F%2Fwww.elche.es%2Fva%2Flocations%2Fescuela-infantil-municipal-rosa-fernandez%2F|target:_blank&#8221;][\/vc_column][vc_column width=&#8221;1\/5&#8243;][vc_btn title=&#8221;Escola Infantil Municipal Els Xiquets&#8221; style=&#8221;outline-custom&#8221; outline_custom_color=&#8221;#1e73be&#8221; outline_custom_hover_background=&#8221;#1e73be&#8221; outline_custom_hover_text=&#8221;#ffffff&#8221; shape=&#8221;square&#8221; size=&#8221;lg&#8221; css=&#8221;&#8221; link=&#8221;url:https%3A%2F%2Fwww.elche.es%2Fva%2Flocations%2Fescuela-infantil-municipal-els-xiquets%2F|target:_blank&#8221;][\/vc_column][vc_column width=&#8221;1\/5&#8243;][vc_btn title=&#8221;Escola Infantil Municipal Don Honorio&#8221; style=&#8221;outline-custom&#8221; outline_custom_color=&#8221;#1e73be&#8221; outline_custom_hover_background=&#8221;#1e73be&#8221; outline_custom_hover_text=&#8221;#ffffff&#8221; shape=&#8221;square&#8221; size=&#8221;lg&#8221; css=&#8221;&#8221; link=&#8221;url:https%3A%2F%2Fwww.elche.es%2Fva%2Flocations%2Fescola-infantil-municipal-don-honorio%2F|target:_blank&#8221;][\/vc_column][vc_column width=&#8221;1\/5&#8243;][vc_btn title=&#8221;Escola Infantil Municipal Don Julio&#8221; style=&#8221;outline-custom&#8221; outline_custom_color=&#8221;#1e73be&#8221; outline_custom_hover_background=&#8221;#1e73be&#8221; outline_custom_hover_text=&#8221;#ffffff&#8221; shape=&#8221;square&#8221; size=&#8221;lg&#8221; css=&#8221;&#8221; link=&#8221;url:https%3A%2F%2Fwww.elche.es%2Fva%2Flocations%2Fescuela-infantil-municipal-don-julio%2F|target:_blank&#8221;][\/vc_column][vc_column width=&#8221;1\/5&#8243;][vc_btn title=&#8221;Escola Infantil Municipal Don Crisp\u00edn&#8221; style=&#8221;outline-custom&#8221; outline_custom_color=&#8221;#1e73be&#8221; outline_custom_hover_background=&#8221;#1e73be&#8221; outline_custom_hover_text=&#8221;#ffffff&#8221; shape=&#8221;square&#8221; size=&#8221;lg&#8221; css=&#8221;&#8221; link=&#8221;url:https%3A%2F%2Fwww.elche.es%2Fva%2Flocations%2Fescuela-infantil-municipal-don-crispin%2F|target:_blank&#8221;][\/vc_column][\/vc_row][vc_row][vc_column][vc_empty_space][vc_btn title=&#8221;FORMULARI MATR\u00cdCULA ESCOLES INFANTILS del 2 al 16 de juny&#8221; color=&#8221;primary&#8221; size=&#8221;lg&#8221; align=&#8221;center&#8221; css_animation=&#8221;none&#8221; css=&#8221;.vc_custom_1743671336093{background-color: #ffffff !important;}&#8221; button_block=&#8221;true&#8221; link=&#8221;url:https%3A%2F%2Fwww.elche.es%2Fwp-content%2Fuploads%2F2024%2F06%2FA440e-Formalizacion-matricula-escuelas-infantiles-2024.pdf&#8221; el_class=&#8221;oculto&#8221;][vc_btn title=&#8221;IMPR\u00c9S DOMICILIACI\u00d3 BANC\u00c0RIA&#8221; color=&#8221;primary&#8221; align=&#8221;center&#8221; css_animation=&#8221;none&#8221; css=&#8221;.vc_custom_1743671363185{background-color: #ffffff !important;}&#8221; button_block=&#8221;true&#8221; link=&#8221;url:https%3A%2F%2Fwww.elche.es%2Fwp-content%2Fuploads%2F2024%2F07%2FDomiciliacion-bancaria-Impreso.pdf&#8221; el_class=&#8221;oculto&#8221;][\/vc_column][\/vc_row][vc_row][vc_column width=&#8221;1\/2&#8243; el_class=&#8221;oculto&#8221;][vc_column_text css=&#8221;&#8221;]<\/p>\n<h2>PRESENCIAL<\/h2>\n<p>En l&#8217;escola infantil municipal on haja sigut adm\u00e9s\/a<\/p>\n<h6>Dates:<\/h6>\n<p>&#8211;<ins data-entity-type=\"MessageEntityUnderline\">Beb\u00e9s i gateig:<\/ins> 1, 2 i 3 de juliol<\/p>\n<p>&#8211;<ins data-entity-type=\"MessageEntityUnderline\">1 any<\/ins>: 4, 5, 8 i 9 de juliol<\/p>\n<p>&#8211;<ins data-entity-type=\"MessageEntityUnderline\">2 anys<\/ins>: 10, 11, 12 i 15 de juliol[\/vc_column_text][\/vc_column][vc_column width=&#8221;1\/2&#8243; el_class=&#8221;oculto&#8221;][vc_column_text css=&#8221;&#8221;]<\/p>\n<h2>EN L\u00cdNIA<\/h2>\n<p>Enviant un correu electr\u00f2nic amb els documents necessaris a l&#8217;escola corresponent:<\/p>\n<p><strong>Rosa Fern\u00e1ndez<\/strong>: <a href=\"mailto:eirosafernandez@elche.es\">eirosafernandez@elche.es<\/a><br \/>\n<strong>Xiquets:<\/strong> <a href=\"mailto:eielsxiquets@elche.es\">eielsxiquets@elche.es<\/a><br \/>\n<strong>Don Julio:<\/strong> <a href=\"mailto:eidonjulio@elche.es\">eidonjulio@elche.es<\/a><br \/>\n<strong>Don Crisp\u00edn:<\/strong> <a href=\"mailto:eidoncrispin@elche.es\">eidoncrispin@elche.es<\/a><br \/>\n<strong>Don Honorio:<\/strong> <a href=\"mailto:eidonhonorio@elche.es\">eidonhonorio@elche.es<br \/>\n<\/a>[\/vc_column_text][\/vc_column][\/vc_row][vc_row][vc_column][vc_empty_space][vc_column_text css=&#8221;&#8221; el_class=&#8221;oculto&#8221;]<span style=\"color: #ff0000;\"><strong>*Matr\u00edcula gratu\u00efta<\/strong><\/span><\/p>\n<p><strong><span style=\"color: #ff0000;\">ATENCI\u00d3<\/span>, SI HAS AL\u00b7LEGAT ALGUNA DE LES SEG\u00dcENTS CIRCUMST\u00c0NCIES, HAS DE PRESENTAR, JUNTAMENT AMB L&#8217;IMPR\u00c9S DE MATRICULACI\u00d3, <b>LA <span style=\"text-decoration: underline;\">FOTOC\u00d2PIA DE LA TARGETA SIP, L&#8217;IMPR\u00c9S DE LA DOMICILIACI\u00d3 (SI ES VOL DOMICILIAR)<\/span> I\u00a0<\/b>LA DOCUMENTACI\u00d3 QUE ES DESCRIU A CONTINUACI\u00d3:<\/strong><\/p>\n<p>&nbsp;<\/p>\n<table style=\"width: 97.2572%;\" width=\"629\">\n<tbody>\n<tr>\n<td style=\"width: 47.0715%;\" width=\"208\"><strong>Circumst\u00e0ncies<\/strong><\/td>\n<td style=\"width: 97.5575%;\" width=\"420\"><strong>Document justificatiu que cal aportar-hi<\/strong><\/td>\n<\/tr>\n<tr>\n<td style=\"width: 47.0715%;\" width=\"208\"><strong>Pare o mare treballador\/a del centre.<\/strong><\/td>\n<td style=\"width: 97.5575%;\" width=\"420\">Certificat em\u00e9s per la directora de l&#8217;EIM.<\/td>\n<\/tr>\n<tr>\n<td style=\"width: 47.0715%;\" width=\"208\">\n<p><strong>Fam\u00edlia nombrosa especial.<\/strong><\/p>\n<p><strong>Fam\u00edlia nombrosa general.<\/strong><\/td>\n<td style=\"width: 97.5575%;\" width=\"420\">\n<p>T\u00edtol de fam\u00edlia nombrosa especial.<\/p>\n<p>T\u00edtol de fam\u00edlia nombrosa general.<\/td>\n<\/tr>\n<tr>\n<td style=\"width: 47.0715%;\" width=\"208\"><strong>Alumnat nascut de part m\u00faltiple.<\/strong><\/td>\n<td style=\"width: 97.5575%;\" width=\"420\">Llibre de fam\u00edlia o certificat de naixement.<\/td>\n<\/tr>\n<tr>\n<td style=\"width: 47.0715%;\" width=\"208\">\n<p><strong>Fam\u00edlia monoparental especial<\/strong><\/p>\n<p><strong>Fam\u00edlia monoparental general<\/strong><\/p>\n<p><strong>(Acumulable a la de fam\u00edlia nombrosa, si escau).<\/strong><\/td>\n<td style=\"width: 97.5575%;\" width=\"420\">\n<p>T\u00edtol de fam\u00edlia monoparental especial.<\/p>\n<p>T\u00edtol de fam\u00edlia monoparental general.<\/td>\n<\/tr>\n<tr>\n<td style=\"width: 47.0715%;\" width=\"208\"><strong>Discapacitat de l&#8217;alumne\/a: 65 % o m\u00e9s.<\/strong><\/td>\n<td style=\"width: 97.5575%;\" rowspan=\"4\" width=\"420\">\n<p>Certificat o targeta acreditativa emesos per l&#8217;organisme competent en esta mat\u00e8ria.<\/p>\n<p>O resoluci\u00f3 que reconeix una pensi\u00f3 d&#8217;incapacitat permanent en el grau de total, absoluta o gran invalidesa i pensionistes que tinguen reconeguda una pensi\u00f3 de jubilaci\u00f3 o de retir per incapacitat permanent.<\/td>\n<\/tr>\n<tr>\n<td style=\"width: 47.0715%;\" width=\"208\"><strong>Discapacitat de l&#8217;alumne\/a: del 33 al 64 %<\/strong><\/td>\n<\/tr>\n<tr>\n<td style=\"width: 47.0715%;\" width=\"208\"><strong>Discapacitat de pares o germans de l&#8217;alumne\/a: 65 % o m\u00e9s.<\/strong><\/td>\n<\/tr>\n<tr>\n<td style=\"width: 47.0715%;\" width=\"208\"><strong>Discapacitat de pares o germans de l&#8217;alumne\/a: del 33 al 64%.<\/strong><\/td>\n<\/tr>\n<tr>\n<td style=\"width: 47.0715%;\" width=\"208\"><strong>Circumst\u00e0ncia espec\u00edfica.<\/strong><\/td>\n<td style=\"width: 97.5575%;\" width=\"420\">\u00daltima n\u00f2mina (treballador\/a per compte d&#8217;altri) o \u00faltim pagament del rebut d&#8217;aut\u00f2nom de ambd\u00f3s progenitors.<\/td>\n<\/tr>\n<\/tbody>\n<\/table>\n<p>[\/vc_column_text][\/vc_column][\/vc_row][vc_row el_class=&#8221;oculto&#8221;][vc_column width=&#8221;1\/2&#8243;][vc_empty_space][vc_single_image image=&#8221;331622&#8243; img_size=&#8221;full&#8221; onclick=&#8221;link_image&#8221; css=&#8221;&#8221;][\/vc_column][vc_column width=&#8221;1\/2&#8243; el_class=&#8221;oculto&#8221;][vc_empty_space height=&#8221;64px&#8221;]<a href=\"https:\/\/www.elche.es\/wp-content\/uploads\/2025\/03\/Certificado_acuerdo.pdf\" class=\"sc_button sc_button_square sc_button_style_border style_original sc_button_size_large aligncenter\" style=\"````\">Certificat acord proc\u00e9s Admissi\u00f3 Escoles Infantils Municipals 2025-2026<\/a><a href=\"#\" target=\"_blank\" class=\"sc_button sc_button_square sc_button_style_border style_original sc_button_size_large aligncenter\" style=\"````\">VACANTS<\/a><a href=\"https:\/\/www.elche.es\/wp-content\/uploads\/2024\/06\/Listado-provisional-admitidos-EEIIMM.pdf\" target=\"_blank\" class=\"sc_button sc_button_square sc_button_style_border style_original sc_button_size_large aligncenter\" style=\"````\">LLISTES PROVISIONALS ADMESOS<\/a><a href=\"https:\/\/www.elche.es\/wp-content\/uploads\/2024\/06\/Listado-provisional-SIN-PLAZA-EEIIMM.pdf\" target=\"_blank\" class=\"sc_button sc_button_square sc_button_style_border style_original sc_button_size_large aligncenter\" style=\"````\">LLISTES PROVISIONALS SENSE PLA\u00c7A<\/a><a href=\"https:\/\/www.elche.es\/wp-content\/uploads\/2024\/06\/LISTAS-DEFINITIVAS-EEIIMM-2024-2025.pdf\" target=\"_blank\" class=\"sc_button sc_button_square sc_button_style_border style_original sc_button_size_large aligncenter\" style=\"````\">LLISTES DEFINITIVES ADMESOS<\/a><a href=\"https:\/\/www.elche.es\/wp-content\/uploads\/2024\/06\/LISTAS-DEFINITIVAS-SIN-PLAZA-EEIIMM-2024-2025.pdf\" target=\"_blank\" class=\"sc_button sc_button_square sc_button_style_border style_original sc_button_size_large aligncenter\" style=\"````\">LLISTES DEFINITIVES SENSE PLA\u00c7A<\/a><a href=\"https:\/\/www.elche.es\/wp-content\/uploads\/2024\/07\/Listas-definitivas-Subsanacion-Apellidos-EEIIMM.pdf\" target=\"_blank\" class=\"sc_button sc_button_square sc_button_style_border style_original sc_button_size_large aligncenter\" style=\"````\">ESMENA D&#8217;ERRORS D&#8217;ADMESOS LLISTES DEFINITIVES EEIIMM<\/a>[vc_empty_space height=&#8221;64px&#8221;][\/vc_column][\/vc_row][vc_row][vc_column][vc_empty_space]<h5 class=\"sc_title sc_title_regular subtitulosapartados \">V\u00eddeos<\/h5><div class=\"columns_wrap sc_columns columns_nofluid sc_columns_count_2\"><div class=\"column-1_2 sc_column_item sc_column_item_1 odd first\">\n\t<div class=\"wpb_video_widget wpb_content_element vc_clearfix   vc_video-aspect-ratio-169 vc_video-el-width-100 vc_video-align-left\" >\n\t\t<div class=\"wpb_wrapper\">\n\t\t\t\n\t\t\t<div class=\"wpb_video_wrapper\"><a href=\"\">&#8221;https:\/\/www.youtube.com\/watch?v=GW8e_tPxGqs&#8221;<\/a><\/div>\n\t\t<\/div>\n\t<\/div>\n<\/div><div class=\"column-1_2 sc_column_item sc_column_item_2 even\">\n\t<div class=\"wpb_video_widget wpb_content_element vc_clearfix   vc_video-aspect-ratio-169 vc_video-el-width-100 vc_video-align-left\" >\n\t\t<div class=\"wpb_wrapper\">\n\t\t\t\n\t\t\t<div class=\"wpb_video_wrapper\"><a href=\"\">&#8221;https:\/\/www.youtube.com\/watch?v=sOoZVAm-8MM&#8221;<\/a><\/div>\n\t\t<\/div>\n\t<\/div>\n<\/div><\/div>[\/vc_column][\/vc_row][vc_row][vc_column]<div class=\"templatera_shortcode\"><div class=\"vc_row wpb_row vc_row-fluid\"><div class=\"wpb_column vc_column_container vc_col-sm-12\"><div class=\"vc_column-inner\"><div class=\"wpb_wrapper\"><div class=\"vc_empty_space\"   style=\"height: 32px\"><span class=\"vc_empty_space_inner\"><\/span><\/div>\n\t<div class=\"wpb_text_column wpb_content_element\" >\n\t\t<div class=\"wpb_wrapper\">\n\t\t\t<hr \/>\n\n\t\t<\/div>\n\t<\/div>\n<div class=\"vc_empty_space\"   style=\"height: 20px\"><span class=\"vc_empty_space_inner\"><\/span><\/div><\/div><\/div><\/div><\/div><div data-vc-full-width=\"true\" data-vc-full-width-init=\"false\" class=\"vc_row wpb_row vc_row-fluid vc_custom_1475764105820 vc_row-has-fill\"><div class=\"wpb_column vc_column_container vc_col-sm-6\"><div class=\"vc_column-inner\"><div class=\"wpb_wrapper\"><div id='modulo_datos_contacto'> <p class='titulo_datos_contacto'>Dades de contacte <\/p> <hr><p class=\"contactoArea\"> <i class=\"fa fa-map-marker\" aria-hidden=\"true\"><\/i>C\/ Bufart, 1<\/p><p class=\"contactoArea\"><i class=\"fa fa-phone\" aria-hidden=\"true\"><\/i>966 635 097<\/p><p class=\"contactoArea\"><i class=\"fa fa-envelope\" aria-hidden=\"true\"><\/i><a href=\"mailto:educacion@elche.es\"> educacion@elche.es<\/a><\/p><div id='contacto-rrss'><\/div><\/div><\/div><\/div><\/div><div class=\"wpb_column vc_column_container vc_col-sm-6\"><div class=\"vc_column-inner\"><div class=\"wpb_wrapper\"><div\r\n                id=\"sbs-openstreetmap-block-69e36ebb660b6\" \r\n                class=\"sbs_openstreetmap_module\" \r\n                data-map-style=\"OpenStreetMap.DE\"\r\n                data-map-style-key=\"\"\r\n                data-zoom=\"15\" \r\n                data-ctrl-mouse-zoom=\"true\" \r\n                data-latitude=\"38.261051\" \r\n                data-longitude=\"-0.698894\" \r\n                data-routing=\"false\" \r\n                data-destination-marker=\"0\" \r\n                data-router=\"osrmv1\" \r\n                data-router-key=\"\" \r\n                data-show-attribution=\"true\" \r\n                data-geocoder=\"nominatim\" \r\n                data-geocoder-key=\"\" \r\n                data-center-marker=\"0\"\r\n                data-marker-list='[{\"marker_source\":\"coordinates\",\"marker_address\":\"\",\"marker_latitude\":\"38.261051328128026\",\"marker_longitude\":\"-0.698893594200908\",\"marker_center\":\"true\",\"marker_icon\":\"\",\"marker_color\":\"red\"}]'>\r\n                <div class=\"sbs_openstreetmap_container\" style=\"padding-bottom: 50%\"><\/div>\r\n                <div class=\"marker_list\">\r\n                    <div class=\"marker_element\" data-marker-source=\"coordinates\" data-marker-address=\"\" data-marker-latitude=\"38.261051\" data-marker-longitude=\"-0.698894\" data-marker-icon=\"\" data-marker-color=\"red\" data-marker-text=\"\">Marker <span class=\"marker_number\"><\/span> (lat: 38.261051328128026, lng: -0.698893594200908)<\/div>                <\/div>\r\n            <\/div><\/div><\/div><\/div><\/div><div class=\"vc_row-full-width vc_clearfix\"><\/div><div class=\"vc_row wpb_row vc_row-fluid\"><div class=\"wpb_column vc_column_container vc_col-sm-12\"><div class=\"vc_column-inner\"><div class=\"wpb_wrapper\"><div class=\"vc_empty_space\"   style=\"height: 32px\"><span class=\"vc_empty_space_inner\"><\/span><\/div><\/div><\/div><\/div><\/div><\/div>[\/vc_column][\/vc_row][vc_row disable_element=&#8221;yes&#8221; el_class=&#8221;oculto&#8221;][vc_column][sbs_wpb_openstreetmap map_style=&#8221;OpenStreetMap.DE&#8221; external_link_openstreetmap=&#8221;&#8221; ctrl_mouse_zoom=&#8221;&#8221;][\/sbs_wpb_openstreetmap][\/vc_column][\/vc_row]<\/p>\n<\/div>","protected":false},"excerpt":{"rendered":"Escoles Infantils Municipals Calendari Escolaritzaci\u00f3 Centres Educatius FP Beques i Subvencions Serveis i Activitats Absentisme escolar Tr\u00e0mits Normativa Escoles Infantils Municipals a Elx &nbsp; Informaci\u00f3 procediment Escoles Infantils Les sol\u00b7licituds [...]","protected":false},"author":139,"featured_media":0,"parent":243375,"menu_order":0,"comment_status":"closed","ping_status":"closed","template":"","meta":{"footnotes":""},"class_list":["post-243388","page","type-page","status-publish","hentry"],"_links":{"self":[{"href":"https:\/\/www.elche.es\/va\/wp-json\/wp\/v2\/pages\/243388","targetHints":{"allow":["GET"]}}],"collection":[{"href":"https:\/\/www.elche.es\/va\/wp-json\/wp\/v2\/pages"}],"about":[{"href":"https:\/\/www.elche.es\/va\/wp-json\/wp\/v2\/types\/page"}],"author":[{"embeddable":true,"href":"https:\/\/www.elche.es\/va\/wp-json\/wp\/v2\/users\/139"}],"replies":[{"embeddable":true,"href":"https:\/\/www.elche.es\/va\/wp-json\/wp\/v2\/comments?post=243388"}],"version-history":[{"count":6,"href":"https:\/\/www.elche.es\/va\/wp-json\/wp\/v2\/pages\/243388\/revisions"}],"predecessor-version":[{"id":353328,"href":"https:\/\/www.elche.es\/va\/wp-json\/wp\/v2\/pages\/243388\/revisions\/353328"}],"up":[{"embeddable":true,"href":"https:\/\/www.elche.es\/va\/wp-json\/wp\/v2\/pages\/243375"}],"wp:attachment":[{"href":"https:\/\/www.elche.es\/va\/wp-json\/wp\/v2\/media?parent=243388"}],"curies":[{"name":"wp","href":"https:\/\/api.w.org\/{rel}","templated":true}]}}