{"id":243442,"date":"2023-03-23T12:55:46","date_gmt":"2023-03-23T11:55:46","guid":{"rendered":"https:\/\/www.elche.es\/?page_id=243442"},"modified":"2026-03-05T17:20:17","modified_gmt":"2026-03-05T15:20:17","slug":"eso-batxillerat-a-elx","status":"publish","type":"page","link":"https:\/\/www.elche.es\/va\/educacio\/campanya-escolaritzacio-a-elx\/eso-batxillerat-a-elx\/","title":{"rendered":"ESO &#8211; Batxillerat a Elx"},"content":{"rendered":"<div class=\"wpb-content-wrapper\"><p>[vc_row full_width=&#8221;stretch_row&#8221; css=&#8221;.vc_custom_1678100009275{background-image: url(https:\/\/www.elche.es\/wp-content\/uploads\/2023\/03\/slider-eso-bachillerato.png?id=240109) !important;background-position: center !important;background-repeat: no-repeat !important;background-size: cover !important;}&#8221; el_id=&#8221;bloque_titulo&#8221; el_class=&#8221;slidersecciones&#8221;][vc_column][vc_custom_heading text=&#8221;ESO &#8211; BATXILLERAT&#8221; font_container=&#8221;tag:h2|text_align:center|color:%23ffffff&#8221; google_fonts=&#8221;font_family:Ubuntu%3A300%2C300italic%2Cregular%2Citalic%2C500%2C500italic%2C700%2C700italic|font_style:700%20bold%20regular%3A700%3Anormal&#8221; css=&#8221;&#8221; el_class=&#8221;sombraTitulo cabeceramovil&#8221;][\/vc_column][\/vc_row][vc_row][vc_column][\/vc_column][\/vc_row][vc_row full_width=&#8221;stretch_row&#8221; css=&#8221;.vc_custom_1475488224066{background-color: #dddde0 !important;}&#8221;][vc_column][vc_column_text]<nav aria-label=\"breadcrumbs\">\n            <div class=\"breadcrumb-container theme1\">\n                <ol>\n                                    <\/ol>\n            <\/div>\n        <\/nav>    <script type=\"application\/ld+json\">\n        {\n            \"@context\": \"http:\/\/schema.org\",\n            \"@type\": \"BreadcrumbList\",\n            \"itemListElement\": [\n                            ]\n        }\n    <\/script>\n    <style type=\"text\/css\">\n        .breadcrumb-container {\n            font-size: 13px;\n        }\n\n        .breadcrumb-container ul {\n            margin: 0;\n            padding: 0;\n        }\n\n        .breadcrumb-container li {\n            box-sizing: unset;\n            display: inline-block;\n            margin: 0;\n            padding: 0;\n        }\n\n        .breadcrumb-container li a {\n            box-sizing: unset;\n            padding: 0 10px;\n        }\n\n        .breadcrumb-container {\n            font-size: 3 !important;\n                    }\n\n        .breadcrumb-container li a {\n            color: #0a0a0a !important;\n            font-size: 3 !important;\n            line-height: 3 !important;\n                    }\n\n        .breadcrumb-container li .separator {\n            font-size: 3 !important;\n                    }\n\n        .breadcrumb-container li:last-child .separator {\n            display: none;\n        }\n    <\/style>\n    <style type=\"text\/css\">\n        .breadcrumb-container.theme1 li {\n            margin: 0;\n            padding: 0;\n        }\n        .breadcrumb-container.theme1 a {\n            background: ;\n            display: inline-block;\n            margin: 0 5px;\n            padding: 5px 10px;\n            text-decoration: none;\n        }\n    <\/style>\n        <style type=\"text\/css\">\n            <\/style>\n    <script>\n            <\/script>\n[\/vc_column_text][\/vc_column][\/vc_row][vc_row][vc_column][vc_empty_space][\/vc_column][\/vc_row][vc_row][vc_column]<h1 class=\"sc_title sc_title_regular titulo-pagina margin_top_small\" style=\"````\">ESO &#8211; BATXILLERAT a Elx<\/h1><div class=\"templatera_shortcode\"><div class=\"vc_row wpb_row vc_row-fluid\"><div class=\"wpb_column vc_column_container vc_col-sm-12\"><div class=\"vc_column-inner\"><div class=\"wpb_wrapper\">\n\t<div class=\"wpb_text_column wpb_content_element\" >\n\t\t<div class=\"wpb_wrapper\">\n\t\t\t<p>Les sol\u00b7licituds de pla\u00e7a es tramitaran de manera <strong>electr\u00f2nica<\/strong> a trav\u00e9s de<strong>:<\/strong><strong><br \/>\n<\/strong><\/p>\n<p><a href=\"https:\/\/portal.edu.gva.es\/adminova\/\" target=\"_blank\" rel=\"noopener\"><strong><img loading=\"lazy\" decoding=\"async\" class=\"wp-image-301373 aligncenter\" src=\"https:\/\/www.elche.es\/wp-content\/uploads\/2024\/05\/logo-adminovak.png\" alt=\"\" width=\"416\" height=\"85\" \/><\/strong><\/a><\/p>\n\n\t\t<\/div>\n\t<\/div>\n<\/div><\/div><\/div><\/div><\/div>[vc_empty_space][vc_video link=&#8221;https:\/\/www.youtube.com\/watch?v=D3SJzpbIYCk&#8221; el_width=&#8221;50&#8243; align=&#8221;center&#8221; css=&#8221;&#8221; el_class=&#8221;oculto&#8221;]<h5 class=\"sc_title sc_title_regular subtitulosapartados \" style=\"````\"><\/p>\n<h3>Calendari<\/h3>\n<p><\/h5>[vc_single_image image=&#8221;330357&#8243; img_size=&#8221;medium&#8221; css=&#8221;&#8221; el_class=&#8221;oculto&#8221;][\/vc_column][\/vc_row][vc_row][vc_column][vc_empty_space][\/vc_column][\/vc_row][vc_row][vc_column]<div class=\"templatera_shortcode\"><div class=\"vc_row wpb_row vc_row-fluid\"><div class=\"wpb_column vc_column_container vc_col-sm-12\"><div class=\"vc_column-inner\"><div class=\"wpb_wrapper\"><div class=\"vc_empty_space\"   style=\"height: 32px\"><span class=\"vc_empty_space_inner\"><\/span><\/div>\n\t<div class=\"wpb_text_column wpb_content_element\" >\n\t\t<div class=\"wpb_wrapper\">\n\t\t\t<hr \/>\n\n\t\t<\/div>\n\t<\/div>\n<div class=\"vc_empty_space\"   style=\"height: 20px\"><span class=\"vc_empty_space_inner\"><\/span><\/div><\/div><\/div><\/div><\/div><div data-vc-full-width=\"true\" data-vc-full-width-init=\"false\" class=\"vc_row wpb_row vc_row-fluid vc_custom_1475764105820 vc_row-has-fill\"><div class=\"wpb_column vc_column_container vc_col-sm-6\"><div class=\"vc_column-inner\"><div class=\"wpb_wrapper\"><div id='modulo_datos_contacto'> <p class='titulo_datos_contacto'>Dades de contacte <\/p> <hr><p class=\"contactoArea\"> <i class=\"fa fa-map-marker\" aria-hidden=\"true\"><\/i>C\/ Bufart, 1<\/p><p class=\"contactoArea\"><i class=\"fa fa-phone\" aria-hidden=\"true\"><\/i>966 635 097<\/p><p class=\"contactoArea\"><i class=\"fa fa-envelope\" aria-hidden=\"true\"><\/i><a href=\"mailto:educacion@elche.es\"> educacion@elche.es<\/a><\/p><div id='contacto-rrss'><\/div><\/div><\/div><\/div><\/div><div class=\"wpb_column vc_column_container vc_col-sm-6\"><div class=\"vc_column-inner\"><div class=\"wpb_wrapper\"><div\r\n                id=\"sbs-openstreetmap-block-69e31eac8ff6b\" \r\n                class=\"sbs_openstreetmap_module\" \r\n                data-map-style=\"OpenStreetMap.DE\"\r\n                data-map-style-key=\"\"\r\n                data-zoom=\"15\" \r\n                data-ctrl-mouse-zoom=\"true\" \r\n                data-latitude=\"38.261051\" \r\n                data-longitude=\"-0.698894\" \r\n                data-routing=\"false\" \r\n                data-destination-marker=\"0\" \r\n                data-router=\"osrmv1\" \r\n                data-router-key=\"\" \r\n                data-show-attribution=\"true\" \r\n                data-geocoder=\"nominatim\" \r\n                data-geocoder-key=\"\" \r\n                data-center-marker=\"0\"\r\n                data-marker-list='[{\"marker_source\":\"coordinates\",\"marker_address\":\"\",\"marker_latitude\":\"38.261051328128026\",\"marker_longitude\":\"-0.698893594200908\",\"marker_center\":\"true\",\"marker_icon\":\"\",\"marker_color\":\"red\"}]'>\r\n                <div class=\"sbs_openstreetmap_container\" style=\"padding-bottom: 50%\"><\/div>\r\n                <div class=\"marker_list\">\r\n                    <div class=\"marker_element\" data-marker-source=\"coordinates\" data-marker-address=\"\" data-marker-latitude=\"38.261051\" data-marker-longitude=\"-0.698894\" data-marker-icon=\"\" data-marker-color=\"red\" data-marker-text=\"\">Marker <span class=\"marker_number\"><\/span> (lat: 38.261051328128026, lng: -0.698893594200908)<\/div>                <\/div>\r\n            <\/div><\/div><\/div><\/div><\/div><div class=\"vc_row-full-width vc_clearfix\"><\/div><div class=\"vc_row wpb_row vc_row-fluid\"><div class=\"wpb_column vc_column_container vc_col-sm-12\"><div class=\"vc_column-inner\"><div class=\"wpb_wrapper\"><div class=\"vc_empty_space\"   style=\"height: 32px\"><span class=\"vc_empty_space_inner\"><\/span><\/div><\/div><\/div><\/div><\/div><\/div>[\/vc_column][\/vc_row][vc_row disable_element=&#8221;yes&#8221; el_class=&#8221;oculto&#8221;][vc_column][sbs_wpb_openstreetmap map_style=&#8221;OpenStreetMap.DE&#8221; external_link_openstreetmap=&#8221;&#8221; ctrl_mouse_zoom=&#8221;&#8221;][\/sbs_wpb_openstreetmap][\/vc_column][\/vc_row][vc_row][vc_column][\/vc_column][\/vc_row]<\/p>\n<\/div>","protected":false},"excerpt":{"rendered":"ESO - BATXILLERAT ESO - BATXILLERAT a Elx Les sol\u00b7licituds de pla\u00e7a es tramitaran de manera electr\u00f2nica a trav\u00e9s de: Calendari Dades de contacte C\/ Bufart, 1966 635 097 educacion@elche.es [...]","protected":false},"author":131,"featured_media":0,"parent":243375,"menu_order":0,"comment_status":"closed","ping_status":"closed","template":"","meta":{"footnotes":""},"class_list":["post-243442","page","type-page","status-publish","hentry"],"_links":{"self":[{"href":"https:\/\/www.elche.es\/va\/wp-json\/wp\/v2\/pages\/243442","targetHints":{"allow":["GET"]}}],"collection":[{"href":"https:\/\/www.elche.es\/va\/wp-json\/wp\/v2\/pages"}],"about":[{"href":"https:\/\/www.elche.es\/va\/wp-json\/wp\/v2\/types\/page"}],"author":[{"embeddable":true,"href":"https:\/\/www.elche.es\/va\/wp-json\/wp\/v2\/users\/131"}],"replies":[{"embeddable":true,"href":"https:\/\/www.elche.es\/va\/wp-json\/wp\/v2\/comments?post=243442"}],"version-history":[{"count":6,"href":"https:\/\/www.elche.es\/va\/wp-json\/wp\/v2\/pages\/243442\/revisions"}],"predecessor-version":[{"id":353335,"href":"https:\/\/www.elche.es\/va\/wp-json\/wp\/v2\/pages\/243442\/revisions\/353335"}],"up":[{"embeddable":true,"href":"https:\/\/www.elche.es\/va\/wp-json\/wp\/v2\/pages\/243375"}],"wp:attachment":[{"href":"https:\/\/www.elche.es\/va\/wp-json\/wp\/v2\/media?parent=243442"}],"curies":[{"name":"wp","href":"https:\/\/api.w.org\/{rel}","templated":true}]}}