{"id":244073,"date":"2023-03-28T08:49:15","date_gmt":"2023-03-28T07:49:15","guid":{"rendered":"https:\/\/www.elche.es\/?page_id=244073"},"modified":"2023-03-28T09:31:51","modified_gmt":"2023-03-28T08:31:51","slug":"relleu","status":"publish","type":"page","link":"https:\/\/www.elche.es\/va\/relleu\/","title":{"rendered":"Relleu"},"content":{"rendered":"<div class=\"wpb-content-wrapper\"><p>[vc_row full_width=&#8221;stretch_row_content_no_spaces&#8221; css=&#8221;.vc_custom_1663588492163{background-position: center !important;background-repeat: no-repeat !important;background-size: cover !important;}&#8221; el_class=&#8221;cuadrocabecerafoto&#8221;][vc_column][vc_single_image image=&#8221;244047&#8243; img_size=&#8221;full&#8221; alignment=&#8221;center&#8221; el_class=&#8221;cabecerasolofoto&#8221;][\/vc_column][\/vc_row][vc_row][vc_column][vc_column_text css=&#8221;.vc_custom_1679987615559{margin-top: 30px !important;}&#8221;]Un dels grans patrimonis d&#8217;Elx \u00e9s el seu camp. Milers d&#8217;hect\u00e0rees que envolten la ciutat, en la seua majoria agr\u00edcoles; una xarxa de s\u00e9quies, bancals, horts de palmeres, faenetes i masies centen\u00e0ries, repartides en 30 xicotetes pedanies, fan d&#8217;aquest lloc un territori \u00fanic on el temps t\u00e9 un altre pas i la cultura local perviu.<\/p>\n<p>El Camp d&#8217;Elx encara conserva les arrels d&#8217;una identitat pr\u00f2pia. El que un dia va ser el principal motor econ\u00f2mic de la ciutat ha anat quedant relegat fins a convertir-se en un dels seus espais m\u00e9s desconeguts fins i tot per a molts il\u00b7licitans i il\u00b7licitanes.<br \/>\nUn ecosistema natural que cada mat\u00ed s&#8217;enfronta a nous desafiaments per a la seua superviv\u00e8ncia: la falta d&#8217;aigua, la falta de rendibilitat dels productes agr\u00edcoles o l&#8217;abs\u00e8ncia de relleu generacional.<\/p>\n<p>I \u00e9s que el camp fa un temps va perdre el seu atractiu per a molts joves, fins i tot per als que ho van mamar des de xicotets. Uns altres, en canvi, van decidir quedar-se i continuar el cam\u00ed dels seus pares i mares, conven\u00e7uts que al Camp d\u2019Elx li queda molt recorregut per fer.<\/p>\n<p>Durant segles, el nostre camp ens ha demostrat el seu gran poder d&#8217;adaptaci\u00f3 a situacions adverses i de generar oportunitats per al poble d\u2019Elx. Nosaltres tenim la nostra responsabilitat de mantenir-lo i no deixar-lo caure. Un repte que generaci\u00f3 rere generaci\u00f3 hem assumit, com Clara, Ram\u00f3n i Noelia, que un dia van decidir que havia arribat el moment de fer un pas avant i agafar el relleu.[\/vc_column_text][vc_column_text css=&#8221;.vc_custom_1679988192585{margin-top: 40px !important;}&#8221;]<\/p>\n<blockquote>\n<p><span style=\"font-size: 12pt;\"><strong>Clara, Ram\u00f3n y Noelia eligieron quedarse en el Camp d\u2019Elx, coger el testigo del legado familiar y darle un impulso: una plantaci\u00f3n de tomates, una vaquer\u00eda y un restaurante.<\/strong><\/span><\/p>\n<\/blockquote>\n<p>[\/vc_column_text][\/vc_column][\/vc_row][vc_row css=&#8221;.vc_custom_1679990709656{margin-top: 30px !important;margin-bottom: 30px !important;}&#8221;][vc_column][vc_video link=&#8221;https:\/\/youtu.be\/JqgiWv3Nuv4&#8243; align=&#8221;center&#8221;][\/vc_column][\/vc_row][vc_row css=&#8221;.vc_custom_1679988201790{margin-top: 30px !important;}&#8221;][vc_column width=&#8221;1\/3&#8243;][\/vc_column][vc_column width=&#8221;1\/3&#8243;][vc_single_image image=&#8221;244050&#8243; img_size=&#8221;medium&#8221; alignment=&#8221;center&#8221;][\/vc_column][vc_column width=&#8221;1\/3&#8243;][\/vc_column][\/vc_row]<\/p>\n<\/div>","protected":false},"excerpt":{"rendered":"<p>[vc_row full_width=&#8221;stretch_row_content_no_spaces&#8221; css=&#8221;.vc_custom_1663588492163{background-position: center !important;background-repeat: no-repeat !important;background-size: cover !important;}&#8221; el_class=&#8221;cuadrocabecerafoto&#8221;][vc_column][vc_single_image image=&#8221;244047&#8243; img_size=&#8221;full&#8221; alignment=&#8221;center&#8221; el_class=&#8221;cabecerasolofoto&#8221;][\/vc_column][\/vc_row][vc_row][vc_column][vc_column_text css=&#8221;.vc_custom_1679987615559{margin-top: 30px !important;}&#8221;]Un dels grans patrimonis d&#8217;Elx \u00e9s el seu camp. Milers d&#8217;hect\u00e0rees que envolten la [&hellip;]<\/p>\n","protected":false},"author":139,"featured_media":0,"parent":0,"menu_order":0,"comment_status":"closed","ping_status":"closed","template":"","meta":{"footnotes":""},"class_list":["post-244073","page","type-page","status-publish","hentry"],"_links":{"self":[{"href":"https:\/\/www.elche.es\/va\/wp-json\/wp\/v2\/pages\/244073","targetHints":{"allow":["GET"]}}],"collection":[{"href":"https:\/\/www.elche.es\/va\/wp-json\/wp\/v2\/pages"}],"about":[{"href":"https:\/\/www.elche.es\/va\/wp-json\/wp\/v2\/types\/page"}],"author":[{"embeddable":true,"href":"https:\/\/www.elche.es\/va\/wp-json\/wp\/v2\/users\/139"}],"replies":[{"embeddable":true,"href":"https:\/\/www.elche.es\/va\/wp-json\/wp\/v2\/comments?post=244073"}],"version-history":[{"count":0,"href":"https:\/\/www.elche.es\/va\/wp-json\/wp\/v2\/pages\/244073\/revisions"}],"wp:attachment":[{"href":"https:\/\/www.elche.es\/va\/wp-json\/wp\/v2\/media?parent=244073"}],"curies":[{"name":"wp","href":"https:\/\/api.w.org\/{rel}","templated":true}]}}